{"id":20988,"date":"2022-02-22T17:17:48","date_gmt":"2022-02-22T17:17:48","guid":{"rendered":"https:\/\/scar-id.com\/produto\/coa-two-cups-and-tray\/"},"modified":"2022-02-24T16:12:28","modified_gmt":"2022-02-24T16:12:28","slug":"coa-dois-copos-tabuleiro","status":"publish","type":"product","link":"https:\/\/scar-id.com\/pt-pt\/produto\/coa-dois-copos-tabuleiro\/","title":{"rendered":"Dois Copos e Tabuleiro"},"content":{"rendered":"<!DOCTYPE html PUBLIC \"-\/\/W3C\/\/DTD HTML 4.0 Transitional\/\/EN\" \"http:\/\/www.w3.org\/TR\/REC-html40\/loose.dtd\">\n<html><body><p><img fetchpriority=\"high\" decoding=\"async\" class=\"alignnone size-full wp-image-20939\" src=\"https:\/\/scar-id.com\/wp-content\/uploads\/2022\/02\/Tea-cup-coa-scar-id-1.jpg\" alt=\"\" width=\"1400\" height=\"1616\" srcset=\"https:\/\/scar-id.com\/wp-content\/uploads\/2022\/02\/Tea-cup-coa-scar-id-1.jpg 1400w, https:\/\/scar-id.com\/wp-content\/uploads\/2022\/02\/Tea-cup-coa-scar-id-1-260x300.jpg 260w, https:\/\/scar-id.com\/wp-content\/uploads\/2022\/02\/Tea-cup-coa-scar-id-1-887x1024.jpg 887w, https:\/\/scar-id.com\/wp-content\/uploads\/2022\/02\/Tea-cup-coa-scar-id-1-768x886.jpg 768w, https:\/\/scar-id.com\/wp-content\/uploads\/2022\/02\/Tea-cup-coa-scar-id-1-1331x1536.jpg 1331w, https:\/\/scar-id.com\/wp-content\/uploads\/2022\/02\/Tea-cup-coa-scar-id-1-324x374.jpg 324w, https:\/\/scar-id.com\/wp-content\/uploads\/2022\/02\/Tea-cup-coa-scar-id-1-416x480.jpg 416w\" sizes=\"(max-width: 1400px) 100vw, 1400px\" \/> <img decoding=\"async\" class=\"alignnone size-full wp-image-20941\" src=\"https:\/\/scar-id.com\/wp-content\/uploads\/2022\/02\/Tea-cup-coa-scar-id-2.jpg\" alt=\"\" width=\"1400\" height=\"1699\" srcset=\"https:\/\/scar-id.com\/wp-content\/uploads\/2022\/02\/Tea-cup-coa-scar-id-2.jpg 1400w, https:\/\/scar-id.com\/wp-content\/uploads\/2022\/02\/Tea-cup-coa-scar-id-2-247x300.jpg 247w, https:\/\/scar-id.com\/wp-content\/uploads\/2022\/02\/Tea-cup-coa-scar-id-2-844x1024.jpg 844w, https:\/\/scar-id.com\/wp-content\/uploads\/2022\/02\/Tea-cup-coa-scar-id-2-768x932.jpg 768w, https:\/\/scar-id.com\/wp-content\/uploads\/2022\/02\/Tea-cup-coa-scar-id-2-1266x1536.jpg 1266w, https:\/\/scar-id.com\/wp-content\/uploads\/2022\/02\/Tea-cup-coa-scar-id-2-324x393.jpg 324w, https:\/\/scar-id.com\/wp-content\/uploads\/2022\/02\/Tea-cup-coa-scar-id-2-416x505.jpg 416w\" sizes=\"(max-width: 1400px) 100vw, 1400px\" \/> <img decoding=\"async\" class=\"alignnone size-full wp-image-20943\" src=\"https:\/\/scar-id.com\/wp-content\/uploads\/2022\/02\/Tea-cup-coa-scar-id-3.jpg\" alt=\"\" width=\"1400\" height=\"1581\" srcset=\"https:\/\/scar-id.com\/wp-content\/uploads\/2022\/02\/Tea-cup-coa-scar-id-3.jpg 1400w, https:\/\/scar-id.com\/wp-content\/uploads\/2022\/02\/Tea-cup-coa-scar-id-3-266x300.jpg 266w, https:\/\/scar-id.com\/wp-content\/uploads\/2022\/02\/Tea-cup-coa-scar-id-3-907x1024.jpg 907w, https:\/\/scar-id.com\/wp-content\/uploads\/2022\/02\/Tea-cup-coa-scar-id-3-768x867.jpg 768w, https:\/\/scar-id.com\/wp-content\/uploads\/2022\/02\/Tea-cup-coa-scar-id-3-1360x1536.jpg 1360w, https:\/\/scar-id.com\/wp-content\/uploads\/2022\/02\/Tea-cup-coa-scar-id-3-324x366.jpg 324w, https:\/\/scar-id.com\/wp-content\/uploads\/2022\/02\/Tea-cup-coa-scar-id-3-416x470.jpg 416w\" sizes=\"(max-width: 1400px) 100vw, 1400px\" \/> <img loading=\"lazy\" decoding=\"async\" class=\"alignnone size-full wp-image-20945\" src=\"https:\/\/scar-id.com\/wp-content\/uploads\/2022\/02\/Tea-cup-coa-scar-id-4.jpg\" alt=\"\" width=\"1400\" height=\"1823\" srcset=\"https:\/\/scar-id.com\/wp-content\/uploads\/2022\/02\/Tea-cup-coa-scar-id-4.jpg 1400w, https:\/\/scar-id.com\/wp-content\/uploads\/2022\/02\/Tea-cup-coa-scar-id-4-230x300.jpg 230w, https:\/\/scar-id.com\/wp-content\/uploads\/2022\/02\/Tea-cup-coa-scar-id-4-786x1024.jpg 786w, https:\/\/scar-id.com\/wp-content\/uploads\/2022\/02\/Tea-cup-coa-scar-id-4-768x1000.jpg 768w, https:\/\/scar-id.com\/wp-content\/uploads\/2022\/02\/Tea-cup-coa-scar-id-4-1180x1536.jpg 1180w, https:\/\/scar-id.com\/wp-content\/uploads\/2022\/02\/Tea-cup-coa-scar-id-4-324x422.jpg 324w, https:\/\/scar-id.com\/wp-content\/uploads\/2022\/02\/Tea-cup-coa-scar-id-4-416x542.jpg 416w\" sizes=\"(max-width: 1400px) 100vw, 1400px\" \/> <img loading=\"lazy\" decoding=\"async\" class=\"alignnone size-full wp-image-20947\" src=\"https:\/\/scar-id.com\/wp-content\/uploads\/2022\/02\/Tea-cup-coa-scar-id-5.jpg\" alt=\"\" width=\"1400\" height=\"1569\" srcset=\"https:\/\/scar-id.com\/wp-content\/uploads\/2022\/02\/Tea-cup-coa-scar-id-5.jpg 1400w, https:\/\/scar-id.com\/wp-content\/uploads\/2022\/02\/Tea-cup-coa-scar-id-5-268x300.jpg 268w, https:\/\/scar-id.com\/wp-content\/uploads\/2022\/02\/Tea-cup-coa-scar-id-5-914x1024.jpg 914w, https:\/\/scar-id.com\/wp-content\/uploads\/2022\/02\/Tea-cup-coa-scar-id-5-768x861.jpg 768w, https:\/\/scar-id.com\/wp-content\/uploads\/2022\/02\/Tea-cup-coa-scar-id-5-1371x1536.jpg 1371w, https:\/\/scar-id.com\/wp-content\/uploads\/2022\/02\/Tea-cup-coa-scar-id-5-324x363.jpg 324w, https:\/\/scar-id.com\/wp-content\/uploads\/2022\/02\/Tea-cup-coa-scar-id-5-416x466.jpg 416w\" sizes=\"(max-width: 1400px) 100vw, 1400px\" \/><\/p>\n<\/body><\/html>\n","protected":false},"excerpt":{"rendered":"<h6><strong>Material: <\/strong><span style=\"font-size: 10.72px;\">Gr\u00e9s<\/span> + Vidrado Branco (dentro do tabuleiro)<\/h6>\n<h6><b>Dimens\u00f5es Tabuleiro: <\/b>24cm x 9cm x 3,5cm<\/h6>\n<h6><b>Dimens\u00f5es Copo: <\/b>8,5cm (height) x 6cm (wide)<\/h6>\n<h6><\/h6>\n<h6>As pe\u00e7as COA s\u00e3o \u00fanicas, desenhadas e produzidas, \u00e0 m\u00e3o, em Portugal<\/h6>\n<h6>dispon\u00edveis na scar-id store e em scar-id.com<\/h6>\n<h6>Para informa\u00e7\u00f5es e medidas, por favor contacte-nos<\/h6>\n<h6><a href=\"mailto:info@scar-id.com\">info@scar-id.com<\/a>\u00a0\/ (+351) 22\u00a0203 3087<\/h6>\n","protected":false},"featured_media":20950,"template":"","meta":{"_uag_custom_page_level_css":""},"product_brand":[],"product_cat":[139],"product_tag":[],"class_list":{"0":"post-20988","1":"product","2":"type-product","3":"status-publish","4":"has-post-thumbnail","6":"product_cat-coa","7":"pif-has-gallery","9":"first","10":"outofstock","11":"taxable","12":"shipping-taxable","13":"product-type-simple"},"aioseo_notices":[],"uagb_featured_image_src":{"full":["https:\/\/scar-id.com\/wp-content\/uploads\/2022\/02\/Tea-cup-coa-scar-id-mini-1.jpg",824,1138,false],"thumbnail":["https:\/\/scar-id.com\/wp-content\/uploads\/2022\/02\/Tea-cup-coa-scar-id-mini-1-150x150.jpg",150,150,true],"medium":["https:\/\/scar-id.com\/wp-content\/uploads\/2022\/02\/Tea-cup-coa-scar-id-mini-1-217x300.jpg",217,300,true],"medium_large":["https:\/\/scar-id.com\/wp-content\/uploads\/2022\/02\/Tea-cup-coa-scar-id-mini-1-768x1061.jpg",768,1061,true],"large":["https:\/\/scar-id.com\/wp-content\/uploads\/2022\/02\/Tea-cup-coa-scar-id-mini-1-741x1024.jpg",741,1024,true],"1536x1536":["https:\/\/scar-id.com\/wp-content\/uploads\/2022\/02\/Tea-cup-coa-scar-id-mini-1.jpg",824,1138,false],"2048x2048":["https:\/\/scar-id.com\/wp-content\/uploads\/2022\/02\/Tea-cup-coa-scar-id-mini-1.jpg",824,1138,false],"woocommerce_thumbnail":["https:\/\/scar-id.com\/wp-content\/uploads\/2022\/02\/Tea-cup-coa-scar-id-mini-1-324x447.jpg",324,447,true],"woocommerce_single":["https:\/\/scar-id.com\/wp-content\/uploads\/2022\/02\/Tea-cup-coa-scar-id-mini-1-416x575.jpg",416,575,true],"woocommerce_gallery_thumbnail":["https:\/\/scar-id.com\/wp-content\/uploads\/2022\/02\/Tea-cup-coa-scar-id-mini-1-100x100.jpg",100,100,true]},"uagb_author_info":{"display_name":"scar-id","author_link":"https:\/\/scar-id.com\/pt-pt\/author\/"},"uagb_comment_info":0,"uagb_excerpt":"Material: Gr\u00e9s + Vidrado Branco (dentro do tabuleiro) Dimens\u00f5es Tabuleiro: 24cm x 9cm x 3,5cm Dimens\u00f5es Copo: 8,5cm (height) x 6cm (wide) As pe\u00e7as COA s\u00e3o \u00fanicas, desenhadas e produzidas, \u00e0 m\u00e3o, em Portugal dispon\u00edveis na scar-id store e em scar-id.com Para informa\u00e7\u00f5es e medidas, por favor contacte-nos info@scar-id.com\u00a0\/ (+351) 22\u00a0203 3087","_links":{"self":[{"href":"https:\/\/scar-id.com\/pt-pt\/wp-json\/wp\/v2\/product\/20988","targetHints":{"allow":["GET"]}}],"collection":[{"href":"https:\/\/scar-id.com\/pt-pt\/wp-json\/wp\/v2\/product"}],"about":[{"href":"https:\/\/scar-id.com\/pt-pt\/wp-json\/wp\/v2\/types\/product"}],"wp:featuredmedia":[{"embeddable":true,"href":"https:\/\/scar-id.com\/pt-pt\/wp-json\/wp\/v2\/media\/20950"}],"wp:attachment":[{"href":"https:\/\/scar-id.com\/pt-pt\/wp-json\/wp\/v2\/media?parent=20988"}],"wp:term":[{"taxonomy":"product_brand","embeddable":true,"href":"https:\/\/scar-id.com\/pt-pt\/wp-json\/wp\/v2\/product_brand?post=20988"},{"taxonomy":"product_cat","embeddable":true,"href":"https:\/\/scar-id.com\/pt-pt\/wp-json\/wp\/v2\/product_cat?post=20988"},{"taxonomy":"product_tag","embeddable":true,"href":"https:\/\/scar-id.com\/pt-pt\/wp-json\/wp\/v2\/product_tag?post=20988"}],"curies":[{"name":"wp","href":"https:\/\/api.w.org\/{rel}","templated":true}]}}