{"id":20989,"date":"2022-02-22T17:17:50","date_gmt":"2022-02-22T17:17:50","guid":{"rendered":"https:\/\/scar-id.com\/produto\/coa-modulo\/"},"modified":"2022-02-24T16:11:18","modified_gmt":"2022-02-24T16:11:18","slug":"coa-modulo","status":"publish","type":"product","link":"https:\/\/scar-id.com\/pt-pt\/produto\/coa-modulo\/","title":{"rendered":"M\u00f3dulo"},"content":{"rendered":"<!DOCTYPE html PUBLIC \"-\/\/W3C\/\/DTD HTML 4.0 Transitional\/\/EN\" \"http:\/\/www.w3.org\/TR\/REC-html40\/loose.dtd\">\n<html><body><p><img fetchpriority=\"high\" decoding=\"async\" class=\"alignnone size-full wp-image-20927\" src=\"https:\/\/scar-id.com\/wp-content\/uploads\/2022\/02\/Modulo-coa-scar-id-1.jpg\" alt=\"\" width=\"1400\" height=\"2155\" srcset=\"https:\/\/scar-id.com\/wp-content\/uploads\/2022\/02\/Modulo-coa-scar-id-1.jpg 1400w, https:\/\/scar-id.com\/wp-content\/uploads\/2022\/02\/Modulo-coa-scar-id-1-195x300.jpg 195w, https:\/\/scar-id.com\/wp-content\/uploads\/2022\/02\/Modulo-coa-scar-id-1-665x1024.jpg 665w, https:\/\/scar-id.com\/wp-content\/uploads\/2022\/02\/Modulo-coa-scar-id-1-768x1182.jpg 768w, https:\/\/scar-id.com\/wp-content\/uploads\/2022\/02\/Modulo-coa-scar-id-1-998x1536.jpg 998w, https:\/\/scar-id.com\/wp-content\/uploads\/2022\/02\/Modulo-coa-scar-id-1-1330x2048.jpg 1330w, https:\/\/scar-id.com\/wp-content\/uploads\/2022\/02\/Modulo-coa-scar-id-1-324x499.jpg 324w, https:\/\/scar-id.com\/wp-content\/uploads\/2022\/02\/Modulo-coa-scar-id-1-416x640.jpg 416w\" sizes=\"(max-width: 1400px) 100vw, 1400px\" \/> <img decoding=\"async\" class=\"alignnone size-full wp-image-20929\" src=\"https:\/\/scar-id.com\/wp-content\/uploads\/2022\/02\/Modulo-coa-scar-id-2.jpg\" alt=\"\" width=\"1400\" height=\"2350\" srcset=\"https:\/\/scar-id.com\/wp-content\/uploads\/2022\/02\/Modulo-coa-scar-id-2.jpg 1400w, https:\/\/scar-id.com\/wp-content\/uploads\/2022\/02\/Modulo-coa-scar-id-2-179x300.jpg 179w, https:\/\/scar-id.com\/wp-content\/uploads\/2022\/02\/Modulo-coa-scar-id-2-610x1024.jpg 610w, https:\/\/scar-id.com\/wp-content\/uploads\/2022\/02\/Modulo-coa-scar-id-2-768x1289.jpg 768w, https:\/\/scar-id.com\/wp-content\/uploads\/2022\/02\/Modulo-coa-scar-id-2-915x1536.jpg 915w, https:\/\/scar-id.com\/wp-content\/uploads\/2022\/02\/Modulo-coa-scar-id-2-1220x2048.jpg 1220w, https:\/\/scar-id.com\/wp-content\/uploads\/2022\/02\/Modulo-coa-scar-id-2-324x544.jpg 324w, https:\/\/scar-id.com\/wp-content\/uploads\/2022\/02\/Modulo-coa-scar-id-2-416x698.jpg 416w\" sizes=\"(max-width: 1400px) 100vw, 1400px\" \/> <img decoding=\"async\" class=\"alignnone size-full wp-image-20931\" src=\"https:\/\/scar-id.com\/wp-content\/uploads\/2022\/02\/Modulo-coa-scar-id-3.jpg\" alt=\"\" width=\"1400\" height=\"2100\" srcset=\"https:\/\/scar-id.com\/wp-content\/uploads\/2022\/02\/Modulo-coa-scar-id-3.jpg 1400w, https:\/\/scar-id.com\/wp-content\/uploads\/2022\/02\/Modulo-coa-scar-id-3-200x300.jpg 200w, https:\/\/scar-id.com\/wp-content\/uploads\/2022\/02\/Modulo-coa-scar-id-3-683x1024.jpg 683w, https:\/\/scar-id.com\/wp-content\/uploads\/2022\/02\/Modulo-coa-scar-id-3-768x1152.jpg 768w, https:\/\/scar-id.com\/wp-content\/uploads\/2022\/02\/Modulo-coa-scar-id-3-1024x1536.jpg 1024w, https:\/\/scar-id.com\/wp-content\/uploads\/2022\/02\/Modulo-coa-scar-id-3-1365x2048.jpg 1365w, https:\/\/scar-id.com\/wp-content\/uploads\/2022\/02\/Modulo-coa-scar-id-3-324x486.jpg 324w, https:\/\/scar-id.com\/wp-content\/uploads\/2022\/02\/Modulo-coa-scar-id-3-416x624.jpg 416w\" sizes=\"(max-width: 1400px) 100vw, 1400px\" \/> <img loading=\"lazy\" decoding=\"async\" class=\"alignnone size-full wp-image-20933\" src=\"https:\/\/scar-id.com\/wp-content\/uploads\/2022\/02\/Modulo-coa-scar-id-4.jpg\" alt=\"\" width=\"1400\" height=\"1740\" srcset=\"https:\/\/scar-id.com\/wp-content\/uploads\/2022\/02\/Modulo-coa-scar-id-4.jpg 1400w, https:\/\/scar-id.com\/wp-content\/uploads\/2022\/02\/Modulo-coa-scar-id-4-241x300.jpg 241w, https:\/\/scar-id.com\/wp-content\/uploads\/2022\/02\/Modulo-coa-scar-id-4-824x1024.jpg 824w, https:\/\/scar-id.com\/wp-content\/uploads\/2022\/02\/Modulo-coa-scar-id-4-768x955.jpg 768w, https:\/\/scar-id.com\/wp-content\/uploads\/2022\/02\/Modulo-coa-scar-id-4-1236x1536.jpg 1236w, https:\/\/scar-id.com\/wp-content\/uploads\/2022\/02\/Modulo-coa-scar-id-4-324x403.jpg 324w, https:\/\/scar-id.com\/wp-content\/uploads\/2022\/02\/Modulo-coa-scar-id-4-416x517.jpg 416w\" sizes=\"(max-width: 1400px) 100vw, 1400px\" \/> <img loading=\"lazy\" decoding=\"async\" class=\"alignnone size-full wp-image-20935\" src=\"https:\/\/scar-id.com\/wp-content\/uploads\/2022\/02\/Modulo-coa-scar-id-5.jpg\" alt=\"\" width=\"1400\" height=\"1852\" srcset=\"https:\/\/scar-id.com\/wp-content\/uploads\/2022\/02\/Modulo-coa-scar-id-5.jpg 1400w, https:\/\/scar-id.com\/wp-content\/uploads\/2022\/02\/Modulo-coa-scar-id-5-227x300.jpg 227w, https:\/\/scar-id.com\/wp-content\/uploads\/2022\/02\/Modulo-coa-scar-id-5-774x1024.jpg 774w, https:\/\/scar-id.com\/wp-content\/uploads\/2022\/02\/Modulo-coa-scar-id-5-768x1016.jpg 768w, https:\/\/scar-id.com\/wp-content\/uploads\/2022\/02\/Modulo-coa-scar-id-5-1161x1536.jpg 1161w, https:\/\/scar-id.com\/wp-content\/uploads\/2022\/02\/Modulo-coa-scar-id-5-324x429.jpg 324w, https:\/\/scar-id.com\/wp-content\/uploads\/2022\/02\/Modulo-coa-scar-id-5-416x550.jpg 416w\" sizes=\"(max-width: 1400px) 100vw, 1400px\" \/> <img loading=\"lazy\" decoding=\"async\" class=\"alignnone size-full wp-image-20937\" src=\"https:\/\/scar-id.com\/wp-content\/uploads\/2022\/02\/Modulo-coa-scar-id-6.jpg\" alt=\"\" width=\"1400\" height=\"2100\" srcset=\"https:\/\/scar-id.com\/wp-content\/uploads\/2022\/02\/Modulo-coa-scar-id-6.jpg 1400w, https:\/\/scar-id.com\/wp-content\/uploads\/2022\/02\/Modulo-coa-scar-id-6-200x300.jpg 200w, https:\/\/scar-id.com\/wp-content\/uploads\/2022\/02\/Modulo-coa-scar-id-6-683x1024.jpg 683w, https:\/\/scar-id.com\/wp-content\/uploads\/2022\/02\/Modulo-coa-scar-id-6-768x1152.jpg 768w, https:\/\/scar-id.com\/wp-content\/uploads\/2022\/02\/Modulo-coa-scar-id-6-1024x1536.jpg 1024w, https:\/\/scar-id.com\/wp-content\/uploads\/2022\/02\/Modulo-coa-scar-id-6-1365x2048.jpg 1365w, https:\/\/scar-id.com\/wp-content\/uploads\/2022\/02\/Modulo-coa-scar-id-6-324x486.jpg 324w, https:\/\/scar-id.com\/wp-content\/uploads\/2022\/02\/Modulo-coa-scar-id-6-416x624.jpg 416w\" sizes=\"(max-width: 1400px) 100vw, 1400px\" \/><\/p>\n<\/body><\/html>\n","protected":false},"excerpt":{"rendered":"<h6><strong>Material: <\/strong><span style=\"font-size: 10.72px;\">Gr\u00e9s<\/span><\/h6>\n<h6><b>Dimens\u00f5es: <\/b>20cm (<span style=\"font-size: 10.72px;\">di\u00e2metro<\/span>) x 115cm (altura)<\/h6>\n<h6><\/h6>\n<h6>As pe\u00e7as COA s\u00e3o \u00fanicas, desenhadas e produzidas, \u00e0 m\u00e3o, em Portugal<\/h6>\n<h6>dispon\u00edveis na scar-id store e em scar-id.com<\/h6>\n<h6>Para informa\u00e7\u00f5es e medidas, por favor contacte-nos<\/h6>\n<h6><a href=\"mailto:info@scar-id.com\">info@scar-id.com<\/a>\u00a0\/ (+351) 22\u00a0203 3087<\/h6>\n","protected":false},"featured_media":20924,"template":"","meta":{"_uag_custom_page_level_css":""},"product_brand":[],"product_cat":[139],"product_tag":[],"class_list":{"0":"post-20989","1":"product","2":"type-product","3":"status-publish","4":"has-post-thumbnail","6":"product_cat-coa","7":"pif-has-gallery","9":"first","10":"outofstock","11":"taxable","12":"shipping-taxable","13":"purchasable","14":"product-type-simple"},"aioseo_notices":[],"uagb_featured_image_src":{"full":["https:\/\/scar-id.com\/wp-content\/uploads\/2022\/02\/Modulo-coa-scar-id-mini.jpg",824,1138,false],"thumbnail":["https:\/\/scar-id.com\/wp-content\/uploads\/2022\/02\/Modulo-coa-scar-id-mini-150x150.jpg",150,150,true],"medium":["https:\/\/scar-id.com\/wp-content\/uploads\/2022\/02\/Modulo-coa-scar-id-mini-217x300.jpg",217,300,true],"medium_large":["https:\/\/scar-id.com\/wp-content\/uploads\/2022\/02\/Modulo-coa-scar-id-mini-768x1061.jpg",768,1061,true],"large":["https:\/\/scar-id.com\/wp-content\/uploads\/2022\/02\/Modulo-coa-scar-id-mini-741x1024.jpg",741,1024,true],"1536x1536":["https:\/\/scar-id.com\/wp-content\/uploads\/2022\/02\/Modulo-coa-scar-id-mini.jpg",824,1138,false],"2048x2048":["https:\/\/scar-id.com\/wp-content\/uploads\/2022\/02\/Modulo-coa-scar-id-mini.jpg",824,1138,false],"woocommerce_thumbnail":["https:\/\/scar-id.com\/wp-content\/uploads\/2022\/02\/Modulo-coa-scar-id-mini-324x447.jpg",324,447,true],"woocommerce_single":["https:\/\/scar-id.com\/wp-content\/uploads\/2022\/02\/Modulo-coa-scar-id-mini-416x575.jpg",416,575,true],"woocommerce_gallery_thumbnail":["https:\/\/scar-id.com\/wp-content\/uploads\/2022\/02\/Modulo-coa-scar-id-mini-100x100.jpg",100,100,true]},"uagb_author_info":{"display_name":"scar-id","author_link":"https:\/\/scar-id.com\/pt-pt\/author\/"},"uagb_comment_info":0,"uagb_excerpt":"Material: Gr\u00e9s Dimens\u00f5es: 20cm (di\u00e2metro) x 115cm (altura) As pe\u00e7as COA s\u00e3o \u00fanicas, desenhadas e produzidas, \u00e0 m\u00e3o, em Portugal dispon\u00edveis na scar-id store e em scar-id.com Para informa\u00e7\u00f5es e medidas, por favor contacte-nos info@scar-id.com\u00a0\/ (+351) 22\u00a0203 3087","_links":{"self":[{"href":"https:\/\/scar-id.com\/pt-pt\/wp-json\/wp\/v2\/product\/20989","targetHints":{"allow":["GET"]}}],"collection":[{"href":"https:\/\/scar-id.com\/pt-pt\/wp-json\/wp\/v2\/product"}],"about":[{"href":"https:\/\/scar-id.com\/pt-pt\/wp-json\/wp\/v2\/types\/product"}],"wp:featuredmedia":[{"embeddable":true,"href":"https:\/\/scar-id.com\/pt-pt\/wp-json\/wp\/v2\/media\/20924"}],"wp:attachment":[{"href":"https:\/\/scar-id.com\/pt-pt\/wp-json\/wp\/v2\/media?parent=20989"}],"wp:term":[{"taxonomy":"product_brand","embeddable":true,"href":"https:\/\/scar-id.com\/pt-pt\/wp-json\/wp\/v2\/product_brand?post=20989"},{"taxonomy":"product_cat","embeddable":true,"href":"https:\/\/scar-id.com\/pt-pt\/wp-json\/wp\/v2\/product_cat?post=20989"},{"taxonomy":"product_tag","embeddable":true,"href":"https:\/\/scar-id.com\/pt-pt\/wp-json\/wp\/v2\/product_tag?post=20989"}],"curies":[{"name":"wp","href":"https:\/\/api.w.org\/{rel}","templated":true}]}}