{"id":20990,"date":"2022-02-22T17:17:53","date_gmt":"2022-02-22T17:17:53","guid":{"rendered":"https:\/\/scar-id.com\/produto\/coa-flat-dish\/"},"modified":"2022-02-24T16:12:27","modified_gmt":"2022-02-24T16:12:27","slug":"coa-prato-plano","status":"publish","type":"product","link":"https:\/\/scar-id.com\/pt-pt\/produto\/coa-prato-plano\/","title":{"rendered":"Prato Plano"},"content":{"rendered":"<!DOCTYPE html PUBLIC \"-\/\/W3C\/\/DTD HTML 4.0 Transitional\/\/EN\" \"http:\/\/www.w3.org\/TR\/REC-html40\/loose.dtd\">\n<html><body><p><img fetchpriority=\"high\" decoding=\"async\" class=\"alignnone size-full wp-image-20917\" src=\"https:\/\/scar-id.com\/wp-content\/uploads\/2022\/02\/Flat-dish-coa-scar-id-2.jpg\" alt=\"\" width=\"1400\" height=\"1475\" srcset=\"https:\/\/scar-id.com\/wp-content\/uploads\/2022\/02\/Flat-dish-coa-scar-id-2.jpg 1400w, https:\/\/scar-id.com\/wp-content\/uploads\/2022\/02\/Flat-dish-coa-scar-id-2-285x300.jpg 285w, https:\/\/scar-id.com\/wp-content\/uploads\/2022\/02\/Flat-dish-coa-scar-id-2-972x1024.jpg 972w, https:\/\/scar-id.com\/wp-content\/uploads\/2022\/02\/Flat-dish-coa-scar-id-2-768x809.jpg 768w, https:\/\/scar-id.com\/wp-content\/uploads\/2022\/02\/Flat-dish-coa-scar-id-2-324x341.jpg 324w, https:\/\/scar-id.com\/wp-content\/uploads\/2022\/02\/Flat-dish-coa-scar-id-2-416x438.jpg 416w\" sizes=\"(max-width: 1400px) 100vw, 1400px\" \/><img decoding=\"async\" class=\"alignnone size-full wp-image-20915\" src=\"https:\/\/scar-id.com\/wp-content\/uploads\/2022\/02\/Flat-dish-coa-scar-id-1.jpg\" alt=\"\" width=\"1400\" height=\"1575\" srcset=\"https:\/\/scar-id.com\/wp-content\/uploads\/2022\/02\/Flat-dish-coa-scar-id-1.jpg 1400w, https:\/\/scar-id.com\/wp-content\/uploads\/2022\/02\/Flat-dish-coa-scar-id-1-267x300.jpg 267w, https:\/\/scar-id.com\/wp-content\/uploads\/2022\/02\/Flat-dish-coa-scar-id-1-910x1024.jpg 910w, https:\/\/scar-id.com\/wp-content\/uploads\/2022\/02\/Flat-dish-coa-scar-id-1-768x864.jpg 768w, https:\/\/scar-id.com\/wp-content\/uploads\/2022\/02\/Flat-dish-coa-scar-id-1-1365x1536.jpg 1365w, https:\/\/scar-id.com\/wp-content\/uploads\/2022\/02\/Flat-dish-coa-scar-id-1-324x365.jpg 324w, https:\/\/scar-id.com\/wp-content\/uploads\/2022\/02\/Flat-dish-coa-scar-id-1-416x468.jpg 416w\" sizes=\"(max-width: 1400px) 100vw, 1400px\" \/><\/p>\n<\/body><\/html>\n","protected":false},"excerpt":{"rendered":"<h6><strong>Material: <\/strong>Faian\u00e7a+ Vidrado Branco<\/h6>\n<h6><span style=\"font-size: 10.72px;\"><b>Di\u00e2metro<\/b><\/span><strong>: <\/strong>25 cm<\/h6>\n<h6><\/h6>\n<h6>As pe\u00e7as COA s\u00e3o \u00fanicas, desenhadas e produzidas, \u00e0 m\u00e3o, em Portugal<\/h6>\n<h6>dispon\u00edveis na scar-id store e em scar-id.com<\/h6>\n<h6>Para informa\u00e7\u00f5es e medidas, por favor contacte-nos<\/h6>\n<h6><a href=\"mailto:info@scar-id.com\">info@scar-id.com<\/a>\u00a0\/ (+351) 22\u00a0203 3087<\/h6>\n","protected":false},"featured_media":20920,"template":"","meta":{"_uag_custom_page_level_css":""},"product_brand":[],"product_cat":[139],"product_tag":[],"class_list":{"0":"post-20990","1":"product","2":"type-product","3":"status-publish","4":"has-post-thumbnail","6":"product_cat-coa","7":"pif-has-gallery","9":"first","10":"instock","11":"taxable","12":"shipping-taxable","13":"purchasable","14":"product-type-simple"},"aioseo_notices":[],"uagb_featured_image_src":{"full":["https:\/\/scar-id.com\/wp-content\/uploads\/2022\/02\/Flat-dish-coa-scar-id-mini-2.jpg",824,1138,false],"thumbnail":["https:\/\/scar-id.com\/wp-content\/uploads\/2022\/02\/Flat-dish-coa-scar-id-mini-2-150x150.jpg",150,150,true],"medium":["https:\/\/scar-id.com\/wp-content\/uploads\/2022\/02\/Flat-dish-coa-scar-id-mini-2-217x300.jpg",217,300,true],"medium_large":["https:\/\/scar-id.com\/wp-content\/uploads\/2022\/02\/Flat-dish-coa-scar-id-mini-2-768x1061.jpg",768,1061,true],"large":["https:\/\/scar-id.com\/wp-content\/uploads\/2022\/02\/Flat-dish-coa-scar-id-mini-2-741x1024.jpg",741,1024,true],"1536x1536":["https:\/\/scar-id.com\/wp-content\/uploads\/2022\/02\/Flat-dish-coa-scar-id-mini-2.jpg",824,1138,false],"2048x2048":["https:\/\/scar-id.com\/wp-content\/uploads\/2022\/02\/Flat-dish-coa-scar-id-mini-2.jpg",824,1138,false],"woocommerce_thumbnail":["https:\/\/scar-id.com\/wp-content\/uploads\/2022\/02\/Flat-dish-coa-scar-id-mini-2-324x447.jpg",324,447,true],"woocommerce_single":["https:\/\/scar-id.com\/wp-content\/uploads\/2022\/02\/Flat-dish-coa-scar-id-mini-2-416x575.jpg",416,575,true],"woocommerce_gallery_thumbnail":["https:\/\/scar-id.com\/wp-content\/uploads\/2022\/02\/Flat-dish-coa-scar-id-mini-2-100x100.jpg",100,100,true]},"uagb_author_info":{"display_name":"scar-id","author_link":"https:\/\/scar-id.com\/pt-pt\/author\/"},"uagb_comment_info":0,"uagb_excerpt":"Material: Faian\u00e7a+ Vidrado Branco Di\u00e2metro: 25 cm As pe\u00e7as COA s\u00e3o \u00fanicas, desenhadas e produzidas, \u00e0 m\u00e3o, em Portugal dispon\u00edveis na scar-id store e em scar-id.com Para informa\u00e7\u00f5es e medidas, por favor contacte-nos info@scar-id.com\u00a0\/ (+351) 22\u00a0203 3087","_links":{"self":[{"href":"https:\/\/scar-id.com\/pt-pt\/wp-json\/wp\/v2\/product\/20990","targetHints":{"allow":["GET"]}}],"collection":[{"href":"https:\/\/scar-id.com\/pt-pt\/wp-json\/wp\/v2\/product"}],"about":[{"href":"https:\/\/scar-id.com\/pt-pt\/wp-json\/wp\/v2\/types\/product"}],"wp:featuredmedia":[{"embeddable":true,"href":"https:\/\/scar-id.com\/pt-pt\/wp-json\/wp\/v2\/media\/20920"}],"wp:attachment":[{"href":"https:\/\/scar-id.com\/pt-pt\/wp-json\/wp\/v2\/media?parent=20990"}],"wp:term":[{"taxonomy":"product_brand","embeddable":true,"href":"https:\/\/scar-id.com\/pt-pt\/wp-json\/wp\/v2\/product_brand?post=20990"},{"taxonomy":"product_cat","embeddable":true,"href":"https:\/\/scar-id.com\/pt-pt\/wp-json\/wp\/v2\/product_cat?post=20990"},{"taxonomy":"product_tag","embeddable":true,"href":"https:\/\/scar-id.com\/pt-pt\/wp-json\/wp\/v2\/product_tag?post=20990"}],"curies":[{"name":"wp","href":"https:\/\/api.w.org\/{rel}","templated":true}]}}