{"id":21370,"date":"2022-04-16T10:06:39","date_gmt":"2022-04-16T10:06:39","guid":{"rendered":"https:\/\/scar-id.com\/produto\/tote-bag\/"},"modified":"2022-04-18T10:27:25","modified_gmt":"2022-04-18T10:27:25","slug":"tote-bag","status":"publish","type":"product","link":"https:\/\/scar-id.com\/pt-pt\/produto\/tote-bag\/","title":{"rendered":"Tote Bag"},"content":{"rendered":"<!DOCTYPE html PUBLIC \"-\/\/W3C\/\/DTD HTML 4.0 Transitional\/\/EN\" \"http:\/\/www.w3.org\/TR\/REC-html40\/loose.dtd\">\n<html><body><p><img fetchpriority=\"high\" decoding=\"async\" class=\"alignnone size-full wp-image-21248\" src=\"https:\/\/scar-id.com\/wp-content\/uploads\/2022\/04\/scar-id-vitor-dias-Tote-Bag.1.jpg\" alt=\"\" width=\"1400\" height=\"1800\" srcset=\"https:\/\/scar-id.com\/wp-content\/uploads\/2022\/04\/scar-id-vitor-dias-Tote-Bag.1.jpg 1400w, https:\/\/scar-id.com\/wp-content\/uploads\/2022\/04\/scar-id-vitor-dias-Tote-Bag.1-233x300.jpg 233w, https:\/\/scar-id.com\/wp-content\/uploads\/2022\/04\/scar-id-vitor-dias-Tote-Bag.1-796x1024.jpg 796w, https:\/\/scar-id.com\/wp-content\/uploads\/2022\/04\/scar-id-vitor-dias-Tote-Bag.1-768x987.jpg 768w, https:\/\/scar-id.com\/wp-content\/uploads\/2022\/04\/scar-id-vitor-dias-Tote-Bag.1-1195x1536.jpg 1195w, https:\/\/scar-id.com\/wp-content\/uploads\/2022\/04\/scar-id-vitor-dias-Tote-Bag.1-324x417.jpg 324w, https:\/\/scar-id.com\/wp-content\/uploads\/2022\/04\/scar-id-vitor-dias-Tote-Bag.1-416x535.jpg 416w\" sizes=\"(max-width: 1400px) 100vw, 1400px\" \/> <img decoding=\"async\" class=\"alignnone size-full wp-image-21250\" src=\"https:\/\/scar-id.com\/wp-content\/uploads\/2022\/04\/scar-id-vitor-dias-Tote-Bag.2.jpg\" alt=\"\" width=\"1400\" height=\"1800\" srcset=\"https:\/\/scar-id.com\/wp-content\/uploads\/2022\/04\/scar-id-vitor-dias-Tote-Bag.2.jpg 1400w, https:\/\/scar-id.com\/wp-content\/uploads\/2022\/04\/scar-id-vitor-dias-Tote-Bag.2-233x300.jpg 233w, https:\/\/scar-id.com\/wp-content\/uploads\/2022\/04\/scar-id-vitor-dias-Tote-Bag.2-796x1024.jpg 796w, https:\/\/scar-id.com\/wp-content\/uploads\/2022\/04\/scar-id-vitor-dias-Tote-Bag.2-768x987.jpg 768w, https:\/\/scar-id.com\/wp-content\/uploads\/2022\/04\/scar-id-vitor-dias-Tote-Bag.2-1195x1536.jpg 1195w, https:\/\/scar-id.com\/wp-content\/uploads\/2022\/04\/scar-id-vitor-dias-Tote-Bag.2-324x417.jpg 324w, https:\/\/scar-id.com\/wp-content\/uploads\/2022\/04\/scar-id-vitor-dias-Tote-Bag.2-416x535.jpg 416w\" sizes=\"(max-width: 1400px) 100vw, 1400px\" \/><\/p>\n<\/body><\/html>\n","protected":false},"excerpt":{"rendered":"<h6><strong>Descri\u00e7\u00e3o: <\/strong>Bolsa pequena; bordado \u00e0 m\u00e3o; al\u00e7a remov\u00edvel<\/h6>\n<h6><strong>Material: <\/strong>75% Algod\u00e3o Org\u00e2nico + 25% C\u00e2nhamo<\/h6>\n<h6><\/h6>\n<p>&nbsp;<\/p>\n<h6>A colec\u00e7\u00e3o<strong> SS22 de V\u00edtor Dias<\/strong> foi desenhada e produzida em Portugal<\/h6>\n<h6>Dispon\u00edvel na scar-id store e em scar-id.com<\/h6>\n<h6>Para informa\u00e7\u00f5es e medidas, por favor contacte-nos<\/h6>\n<h6><a href=\"mailto:info@scar-id.com\">info@scar-id.com<\/a>\u00a0\/ (+351) 22\u00a0203 3087<\/h6>\n","protected":false},"featured_media":21241,"template":"","meta":{"_uag_custom_page_level_css":""},"product_brand":[],"product_cat":[353],"product_tag":[],"class_list":{"0":"post-21370","1":"product","2":"type-product","3":"status-publish","4":"has-post-thumbnail","6":"product_cat-vitor-dias-en-pt-pt","8":"first","9":"instock","10":"sale","11":"taxable","12":"shipping-taxable","13":"purchasable","14":"product-type-simple"},"aioseo_notices":[],"uagb_featured_image_src":{"full":["https:\/\/scar-id.com\/wp-content\/uploads\/2022\/04\/scar-id-vitor-dias-Tote-Bag-mini.1.jpg",1400,1800,false],"thumbnail":["https:\/\/scar-id.com\/wp-content\/uploads\/2022\/04\/scar-id-vitor-dias-Tote-Bag-mini.1-150x150.jpg",150,150,true],"medium":["https:\/\/scar-id.com\/wp-content\/uploads\/2022\/04\/scar-id-vitor-dias-Tote-Bag-mini.1-233x300.jpg",233,300,true],"medium_large":["https:\/\/scar-id.com\/wp-content\/uploads\/2022\/04\/scar-id-vitor-dias-Tote-Bag-mini.1-768x987.jpg",768,987,true],"large":["https:\/\/scar-id.com\/wp-content\/uploads\/2022\/04\/scar-id-vitor-dias-Tote-Bag-mini.1-796x1024.jpg",796,1024,true],"1536x1536":["https:\/\/scar-id.com\/wp-content\/uploads\/2022\/04\/scar-id-vitor-dias-Tote-Bag-mini.1-1195x1536.jpg",1195,1536,true],"2048x2048":["https:\/\/scar-id.com\/wp-content\/uploads\/2022\/04\/scar-id-vitor-dias-Tote-Bag-mini.1.jpg",1400,1800,false],"woocommerce_thumbnail":["https:\/\/scar-id.com\/wp-content\/uploads\/2022\/04\/scar-id-vitor-dias-Tote-Bag-mini.1-324x417.jpg",324,417,true],"woocommerce_single":["https:\/\/scar-id.com\/wp-content\/uploads\/2022\/04\/scar-id-vitor-dias-Tote-Bag-mini.1-416x535.jpg",416,535,true],"woocommerce_gallery_thumbnail":["https:\/\/scar-id.com\/wp-content\/uploads\/2022\/04\/scar-id-vitor-dias-Tote-Bag-mini.1-100x100.jpg",100,100,true]},"uagb_author_info":{"display_name":"scar-id","author_link":"https:\/\/scar-id.com\/pt-pt\/author\/"},"uagb_comment_info":0,"uagb_excerpt":"Descri\u00e7\u00e3o: Bolsa pequena; bordado \u00e0 m\u00e3o; al\u00e7a remov\u00edvel Material: 75% Algod\u00e3o Org\u00e2nico + 25% C\u00e2nhamo &nbsp; A colec\u00e7\u00e3o SS22 de V\u00edtor Dias foi desenhada e produzida em Portugal Dispon\u00edvel na scar-id store e em scar-id.com Para informa\u00e7\u00f5es e medidas, por favor contacte-nos info@scar-id.com\u00a0\/ (+351) 22\u00a0203 3087","_links":{"self":[{"href":"https:\/\/scar-id.com\/pt-pt\/wp-json\/wp\/v2\/product\/21370","targetHints":{"allow":["GET"]}}],"collection":[{"href":"https:\/\/scar-id.com\/pt-pt\/wp-json\/wp\/v2\/product"}],"about":[{"href":"https:\/\/scar-id.com\/pt-pt\/wp-json\/wp\/v2\/types\/product"}],"wp:featuredmedia":[{"embeddable":true,"href":"https:\/\/scar-id.com\/pt-pt\/wp-json\/wp\/v2\/media\/21241"}],"wp:attachment":[{"href":"https:\/\/scar-id.com\/pt-pt\/wp-json\/wp\/v2\/media?parent=21370"}],"wp:term":[{"taxonomy":"product_brand","embeddable":true,"href":"https:\/\/scar-id.com\/pt-pt\/wp-json\/wp\/v2\/product_brand?post=21370"},{"taxonomy":"product_cat","embeddable":true,"href":"https:\/\/scar-id.com\/pt-pt\/wp-json\/wp\/v2\/product_cat?post=21370"},{"taxonomy":"product_tag","embeddable":true,"href":"https:\/\/scar-id.com\/pt-pt\/wp-json\/wp\/v2\/product_tag?post=21370"}],"curies":[{"name":"wp","href":"https:\/\/api.w.org\/{rel}","templated":true}]}}