{"id":21385,"date":"2022-04-16T10:05:58","date_gmt":"2022-04-16T10:05:58","guid":{"rendered":"https:\/\/scar-id.com\/produto\/printed-loose-jumpsuit\/"},"modified":"2022-04-18T10:25:25","modified_gmt":"2022-04-18T10:25:25","slug":"macacao-print","status":"publish","type":"product","link":"https:\/\/scar-id.com\/pt-pt\/produto\/macacao-print\/","title":{"rendered":"Macac\u00e3o Print"},"content":{"rendered":"<!DOCTYPE html PUBLIC \"-\/\/W3C\/\/DTD HTML 4.0 Transitional\/\/EN\" \"http:\/\/www.w3.org\/TR\/REC-html40\/loose.dtd\">\n<html><body><p><img fetchpriority=\"high\" decoding=\"async\" class=\"alignnone size-full wp-image-21365\" src=\"https:\/\/scar-id.com\/wp-content\/uploads\/2022\/04\/scar-id-vitor-dias-Printed-Loose-Jumpsuit.3.jpg\" alt=\"\" width=\"1400\" height=\"2100\" srcset=\"https:\/\/scar-id.com\/wp-content\/uploads\/2022\/04\/scar-id-vitor-dias-Printed-Loose-Jumpsuit.3.jpg 1400w, https:\/\/scar-id.com\/wp-content\/uploads\/2022\/04\/scar-id-vitor-dias-Printed-Loose-Jumpsuit.3-200x300.jpg 200w, https:\/\/scar-id.com\/wp-content\/uploads\/2022\/04\/scar-id-vitor-dias-Printed-Loose-Jumpsuit.3-683x1024.jpg 683w, https:\/\/scar-id.com\/wp-content\/uploads\/2022\/04\/scar-id-vitor-dias-Printed-Loose-Jumpsuit.3-768x1152.jpg 768w, https:\/\/scar-id.com\/wp-content\/uploads\/2022\/04\/scar-id-vitor-dias-Printed-Loose-Jumpsuit.3-1024x1536.jpg 1024w, https:\/\/scar-id.com\/wp-content\/uploads\/2022\/04\/scar-id-vitor-dias-Printed-Loose-Jumpsuit.3-1365x2048.jpg 1365w, https:\/\/scar-id.com\/wp-content\/uploads\/2022\/04\/scar-id-vitor-dias-Printed-Loose-Jumpsuit.3-324x486.jpg 324w, https:\/\/scar-id.com\/wp-content\/uploads\/2022\/04\/scar-id-vitor-dias-Printed-Loose-Jumpsuit.3-416x624.jpg 416w\" sizes=\"(max-width: 1400px) 100vw, 1400px\" \/><img decoding=\"async\" class=\"alignnone size-full wp-image-21361\" src=\"https:\/\/scar-id.com\/wp-content\/uploads\/2022\/04\/scar-id-vitor-dias-Printed-Loose-Jumpsuit.1.jpg\" alt=\"\" width=\"1400\" height=\"1800\" srcset=\"https:\/\/scar-id.com\/wp-content\/uploads\/2022\/04\/scar-id-vitor-dias-Printed-Loose-Jumpsuit.1.jpg 1400w, https:\/\/scar-id.com\/wp-content\/uploads\/2022\/04\/scar-id-vitor-dias-Printed-Loose-Jumpsuit.1-233x300.jpg 233w, https:\/\/scar-id.com\/wp-content\/uploads\/2022\/04\/scar-id-vitor-dias-Printed-Loose-Jumpsuit.1-796x1024.jpg 796w, https:\/\/scar-id.com\/wp-content\/uploads\/2022\/04\/scar-id-vitor-dias-Printed-Loose-Jumpsuit.1-768x987.jpg 768w, https:\/\/scar-id.com\/wp-content\/uploads\/2022\/04\/scar-id-vitor-dias-Printed-Loose-Jumpsuit.1-1195x1536.jpg 1195w, https:\/\/scar-id.com\/wp-content\/uploads\/2022\/04\/scar-id-vitor-dias-Printed-Loose-Jumpsuit.1-324x417.jpg 324w, https:\/\/scar-id.com\/wp-content\/uploads\/2022\/04\/scar-id-vitor-dias-Printed-Loose-Jumpsuit.1-416x535.jpg 416w\" sizes=\"(max-width: 1400px) 100vw, 1400px\" \/> <img decoding=\"async\" class=\"alignnone size-full wp-image-21363\" src=\"https:\/\/scar-id.com\/wp-content\/uploads\/2022\/04\/scar-id-vitor-dias-Printed-Loose-Jumpsuit.2.jpg\" alt=\"\" width=\"1400\" height=\"1800\" srcset=\"https:\/\/scar-id.com\/wp-content\/uploads\/2022\/04\/scar-id-vitor-dias-Printed-Loose-Jumpsuit.2.jpg 1400w, https:\/\/scar-id.com\/wp-content\/uploads\/2022\/04\/scar-id-vitor-dias-Printed-Loose-Jumpsuit.2-233x300.jpg 233w, https:\/\/scar-id.com\/wp-content\/uploads\/2022\/04\/scar-id-vitor-dias-Printed-Loose-Jumpsuit.2-796x1024.jpg 796w, https:\/\/scar-id.com\/wp-content\/uploads\/2022\/04\/scar-id-vitor-dias-Printed-Loose-Jumpsuit.2-768x987.jpg 768w, https:\/\/scar-id.com\/wp-content\/uploads\/2022\/04\/scar-id-vitor-dias-Printed-Loose-Jumpsuit.2-1195x1536.jpg 1195w, https:\/\/scar-id.com\/wp-content\/uploads\/2022\/04\/scar-id-vitor-dias-Printed-Loose-Jumpsuit.2-324x417.jpg 324w, https:\/\/scar-id.com\/wp-content\/uploads\/2022\/04\/scar-id-vitor-dias-Printed-Loose-Jumpsuit.2-416x535.jpg 416w\" sizes=\"(max-width: 1400px) 100vw, 1400px\" \/> <img loading=\"lazy\" decoding=\"async\" class=\"alignnone size-full wp-image-21367\" src=\"https:\/\/scar-id.com\/wp-content\/uploads\/2022\/04\/scar-id-vitor-dias-Printed-Loose-Jumpsuit.4.jpg\" alt=\"\" width=\"1400\" height=\"2100\" srcset=\"https:\/\/scar-id.com\/wp-content\/uploads\/2022\/04\/scar-id-vitor-dias-Printed-Loose-Jumpsuit.4.jpg 1400w, https:\/\/scar-id.com\/wp-content\/uploads\/2022\/04\/scar-id-vitor-dias-Printed-Loose-Jumpsuit.4-200x300.jpg 200w, https:\/\/scar-id.com\/wp-content\/uploads\/2022\/04\/scar-id-vitor-dias-Printed-Loose-Jumpsuit.4-683x1024.jpg 683w, https:\/\/scar-id.com\/wp-content\/uploads\/2022\/04\/scar-id-vitor-dias-Printed-Loose-Jumpsuit.4-768x1152.jpg 768w, https:\/\/scar-id.com\/wp-content\/uploads\/2022\/04\/scar-id-vitor-dias-Printed-Loose-Jumpsuit.4-1024x1536.jpg 1024w, https:\/\/scar-id.com\/wp-content\/uploads\/2022\/04\/scar-id-vitor-dias-Printed-Loose-Jumpsuit.4-1365x2048.jpg 1365w, https:\/\/scar-id.com\/wp-content\/uploads\/2022\/04\/scar-id-vitor-dias-Printed-Loose-Jumpsuit.4-324x486.jpg 324w, https:\/\/scar-id.com\/wp-content\/uploads\/2022\/04\/scar-id-vitor-dias-Printed-Loose-Jumpsuit.4-416x624.jpg 416w\" sizes=\"(max-width: 1400px) 100vw, 1400px\" \/><\/p>\n<\/body><\/html>\n","protected":false},"excerpt":{"rendered":"<h6><strong>Descri\u00e7\u00e3o: <\/strong>Macac\u00e3o largo com print; cinto e al\u00e7as ajust\u00e1veis<\/h6>\n<h6><strong>Material: <\/strong>100% Liocel<\/h6>\n<h6><strong>Tamanho:<\/strong> S\/M<\/h6>\n<p>&nbsp;<\/p>\n<h6>A colec\u00e7\u00e3o<strong> SS22 de V\u00edtor Dias<\/strong> foi desenhada e produzida em Portugal<\/h6>\n<h6>Dispon\u00edvel na scar-id store e em scar-id.com<\/h6>\n<h6>Para informa\u00e7\u00f5es e medidas, por favor contacte-nos<\/h6>\n<h6><a href=\"mailto:info@scar-id.com\">info@scar-id.com<\/a>\u00a0\/ (+351) 22\u00a0203 3087<\/h6>\n<h6><\/h6>\n<h6><\/h6>\n<h6><\/h6>\n<h6><\/h6>\n<h6><\/h6>\n","protected":false},"featured_media":21233,"template":"","meta":{"_uag_custom_page_level_css":""},"product_brand":[],"product_cat":[353],"product_tag":[],"class_list":{"0":"post-21385","1":"product","2":"type-product","3":"status-publish","4":"has-post-thumbnail","6":"product_cat-vitor-dias-en-pt-pt","7":"pif-has-gallery","9":"first","10":"instock","11":"sale","12":"taxable","13":"shipping-taxable","14":"purchasable","15":"product-type-simple"},"aioseo_notices":[],"uagb_featured_image_src":{"full":["https:\/\/scar-id.com\/wp-content\/uploads\/2022\/04\/scar-id-vitor-dias-Printed-Loose-Jumpsuit-mini.jpg",824,1138,false],"thumbnail":["https:\/\/scar-id.com\/wp-content\/uploads\/2022\/04\/scar-id-vitor-dias-Printed-Loose-Jumpsuit-mini-150x150.jpg",150,150,true],"medium":["https:\/\/scar-id.com\/wp-content\/uploads\/2022\/04\/scar-id-vitor-dias-Printed-Loose-Jumpsuit-mini-217x300.jpg",217,300,true],"medium_large":["https:\/\/scar-id.com\/wp-content\/uploads\/2022\/04\/scar-id-vitor-dias-Printed-Loose-Jumpsuit-mini-768x1061.jpg",768,1061,true],"large":["https:\/\/scar-id.com\/wp-content\/uploads\/2022\/04\/scar-id-vitor-dias-Printed-Loose-Jumpsuit-mini-741x1024.jpg",741,1024,true],"1536x1536":["https:\/\/scar-id.com\/wp-content\/uploads\/2022\/04\/scar-id-vitor-dias-Printed-Loose-Jumpsuit-mini.jpg",824,1138,false],"2048x2048":["https:\/\/scar-id.com\/wp-content\/uploads\/2022\/04\/scar-id-vitor-dias-Printed-Loose-Jumpsuit-mini.jpg",824,1138,false],"woocommerce_thumbnail":["https:\/\/scar-id.com\/wp-content\/uploads\/2022\/04\/scar-id-vitor-dias-Printed-Loose-Jumpsuit-mini-324x447.jpg",324,447,true],"woocommerce_single":["https:\/\/scar-id.com\/wp-content\/uploads\/2022\/04\/scar-id-vitor-dias-Printed-Loose-Jumpsuit-mini-416x575.jpg",416,575,true],"woocommerce_gallery_thumbnail":["https:\/\/scar-id.com\/wp-content\/uploads\/2022\/04\/scar-id-vitor-dias-Printed-Loose-Jumpsuit-mini-100x100.jpg",100,100,true]},"uagb_author_info":{"display_name":"scar-id","author_link":"https:\/\/scar-id.com\/pt-pt\/author\/"},"uagb_comment_info":0,"uagb_excerpt":"Descri\u00e7\u00e3o: Macac\u00e3o largo com print; cinto e al\u00e7as ajust\u00e1veis Material: 100% Liocel Tamanho: S\/M &nbsp; A colec\u00e7\u00e3o SS22 de V\u00edtor Dias foi desenhada e produzida em Portugal Dispon\u00edvel na scar-id store e em scar-id.com Para informa\u00e7\u00f5es e medidas, por favor contacte-nos info@scar-id.com\u00a0\/ (+351) 22\u00a0203 3087","_links":{"self":[{"href":"https:\/\/scar-id.com\/pt-pt\/wp-json\/wp\/v2\/product\/21385","targetHints":{"allow":["GET"]}}],"collection":[{"href":"https:\/\/scar-id.com\/pt-pt\/wp-json\/wp\/v2\/product"}],"about":[{"href":"https:\/\/scar-id.com\/pt-pt\/wp-json\/wp\/v2\/types\/product"}],"wp:featuredmedia":[{"embeddable":true,"href":"https:\/\/scar-id.com\/pt-pt\/wp-json\/wp\/v2\/media\/21233"}],"wp:attachment":[{"href":"https:\/\/scar-id.com\/pt-pt\/wp-json\/wp\/v2\/media?parent=21385"}],"wp:term":[{"taxonomy":"product_brand","embeddable":true,"href":"https:\/\/scar-id.com\/pt-pt\/wp-json\/wp\/v2\/product_brand?post=21385"},{"taxonomy":"product_cat","embeddable":true,"href":"https:\/\/scar-id.com\/pt-pt\/wp-json\/wp\/v2\/product_cat?post=21385"},{"taxonomy":"product_tag","embeddable":true,"href":"https:\/\/scar-id.com\/pt-pt\/wp-json\/wp\/v2\/product_tag?post=21385"}],"curies":[{"name":"wp","href":"https:\/\/api.w.org\/{rel}","templated":true}]}}