{"id":22117,"date":"2022-09-14T14:13:56","date_gmt":"2022-09-14T14:13:56","guid":{"rendered":"https:\/\/scar-id.com\/?post_type=product&#038;p=22117"},"modified":"2022-09-14T14:28:27","modified_gmt":"2022-09-14T14:28:27","slug":"colar-azul-em-feltro","status":"publish","type":"product","link":"https:\/\/scar-id.com\/pt-pt\/produto\/colar-azul-em-feltro\/","title":{"rendered":"Colar Azul em Feltro"},"content":{"rendered":"<!DOCTYPE html PUBLIC \"-\/\/W3C\/\/DTD HTML 4.0 Transitional\/\/EN\" \"http:\/\/www.w3.org\/TR\/REC-html40\/loose.dtd\">\n<html><body><p><img fetchpriority=\"high\" decoding=\"async\" class=\"size-full wp-image-22119\" src=\"https:\/\/scar-id.com\/wp-content\/uploads\/2022\/09\/scar-id-teresa-gil-blue-felt-necklace.jpg\" alt=\"\" width=\"1400\" height=\"1861\" srcset=\"https:\/\/scar-id.com\/wp-content\/uploads\/2022\/09\/scar-id-teresa-gil-blue-felt-necklace.jpg 1400w, https:\/\/scar-id.com\/wp-content\/uploads\/2022\/09\/scar-id-teresa-gil-blue-felt-necklace-226x300.jpg 226w, https:\/\/scar-id.com\/wp-content\/uploads\/2022\/09\/scar-id-teresa-gil-blue-felt-necklace-770x1024.jpg 770w, https:\/\/scar-id.com\/wp-content\/uploads\/2022\/09\/scar-id-teresa-gil-blue-felt-necklace-768x1021.jpg 768w, https:\/\/scar-id.com\/wp-content\/uploads\/2022\/09\/scar-id-teresa-gil-blue-felt-necklace-1156x1536.jpg 1156w, https:\/\/scar-id.com\/wp-content\/uploads\/2022\/09\/scar-id-teresa-gil-blue-felt-necklace-324x431.jpg 324w, https:\/\/scar-id.com\/wp-content\/uploads\/2022\/09\/scar-id-teresa-gil-blue-felt-necklace-416x553.jpg 416w\" sizes=\"(max-width: 1400px) 100vw, 1400px\" \/><\/p>\n<\/body><\/html>\n","protected":false},"excerpt":{"rendered":"<h5><strong>Material:<\/strong> Feltro<\/h5>\n<h5><strong>Detalhe:<\/strong> O colar tem um \u00edman para abrir<\/h5>\n<h5><span style=\"font-size: 13.28px;\"><b>Produ\u00e7\u00e3o<\/b><\/span><strong>:<\/strong> Feito \u00e0 m\u00e3o<\/h5>\n<h5><\/h5>\n<h5><\/h5>\n<h5>As pe\u00e7as de joalharia de Teresa Gil s\u00e3o desenhadas e produzidas em Portugal<\/h5>\n<h5>Dispon\u00edveis em exclusividade na scar-id store e em scar-id.com<\/h5>\n<h5>Para informa\u00e7\u00f5es e medidas, por favor contacte-nos<\/h5>\n<h5><a href=\"mailto:info@scar-id.com\">info@scar-id.com<\/a>\u00a0\/ (+351) 22\u00a0203 3087<\/h5>\n","protected":false},"featured_media":22121,"template":"","meta":{"_uag_custom_page_level_css":""},"product_brand":[],"product_cat":[174],"product_tag":[],"class_list":{"0":"post-22117","1":"product","2":"type-product","3":"status-publish","4":"has-post-thumbnail","6":"product_cat-teresa-gil","8":"first","9":"outofstock","10":"taxable","11":"shipping-taxable","12":"product-type-simple"},"aioseo_notices":[],"uagb_featured_image_src":{"full":["https:\/\/scar-id.com\/wp-content\/uploads\/2022\/09\/scar-id-teresa-gil-blue-felt-necklace-mini.jpg",824,1138,false],"thumbnail":["https:\/\/scar-id.com\/wp-content\/uploads\/2022\/09\/scar-id-teresa-gil-blue-felt-necklace-mini-150x150.jpg",150,150,true],"medium":["https:\/\/scar-id.com\/wp-content\/uploads\/2022\/09\/scar-id-teresa-gil-blue-felt-necklace-mini-217x300.jpg",217,300,true],"medium_large":["https:\/\/scar-id.com\/wp-content\/uploads\/2022\/09\/scar-id-teresa-gil-blue-felt-necklace-mini-768x1061.jpg",768,1061,true],"large":["https:\/\/scar-id.com\/wp-content\/uploads\/2022\/09\/scar-id-teresa-gil-blue-felt-necklace-mini-741x1024.jpg",741,1024,true],"1536x1536":["https:\/\/scar-id.com\/wp-content\/uploads\/2022\/09\/scar-id-teresa-gil-blue-felt-necklace-mini.jpg",824,1138,false],"2048x2048":["https:\/\/scar-id.com\/wp-content\/uploads\/2022\/09\/scar-id-teresa-gil-blue-felt-necklace-mini.jpg",824,1138,false],"woocommerce_thumbnail":["https:\/\/scar-id.com\/wp-content\/uploads\/2022\/09\/scar-id-teresa-gil-blue-felt-necklace-mini-324x447.jpg",324,447,true],"woocommerce_single":["https:\/\/scar-id.com\/wp-content\/uploads\/2022\/09\/scar-id-teresa-gil-blue-felt-necklace-mini-416x575.jpg",416,575,true],"woocommerce_gallery_thumbnail":["https:\/\/scar-id.com\/wp-content\/uploads\/2022\/09\/scar-id-teresa-gil-blue-felt-necklace-mini-100x100.jpg",100,100,true]},"uagb_author_info":{"display_name":"scar-id","author_link":"https:\/\/scar-id.com\/pt-pt\/author\/"},"uagb_comment_info":0,"uagb_excerpt":"Material: Feltro Detalhe: O colar tem um \u00edman para abrir Produ\u00e7\u00e3o: Feito \u00e0 m\u00e3o As pe\u00e7as de joalharia de Teresa Gil s\u00e3o desenhadas e produzidas em Portugal Dispon\u00edveis em exclusividade na scar-id store e em scar-id.com Para informa\u00e7\u00f5es e medidas, por favor contacte-nos info@scar-id.com\u00a0\/ (+351) 22\u00a0203 3087","_links":{"self":[{"href":"https:\/\/scar-id.com\/pt-pt\/wp-json\/wp\/v2\/product\/22117","targetHints":{"allow":["GET"]}}],"collection":[{"href":"https:\/\/scar-id.com\/pt-pt\/wp-json\/wp\/v2\/product"}],"about":[{"href":"https:\/\/scar-id.com\/pt-pt\/wp-json\/wp\/v2\/types\/product"}],"wp:featuredmedia":[{"embeddable":true,"href":"https:\/\/scar-id.com\/pt-pt\/wp-json\/wp\/v2\/media\/22121"}],"wp:attachment":[{"href":"https:\/\/scar-id.com\/pt-pt\/wp-json\/wp\/v2\/media?parent=22117"}],"wp:term":[{"taxonomy":"product_brand","embeddable":true,"href":"https:\/\/scar-id.com\/pt-pt\/wp-json\/wp\/v2\/product_brand?post=22117"},{"taxonomy":"product_cat","embeddable":true,"href":"https:\/\/scar-id.com\/pt-pt\/wp-json\/wp\/v2\/product_cat?post=22117"},{"taxonomy":"product_tag","embeddable":true,"href":"https:\/\/scar-id.com\/pt-pt\/wp-json\/wp\/v2\/product_tag?post=22117"}],"curies":[{"name":"wp","href":"https:\/\/api.w.org\/{rel}","templated":true}]}}