{"id":22319,"date":"2022-09-16T11:19:53","date_gmt":"2022-09-16T11:19:53","guid":{"rendered":"https:\/\/scar-id.com\/produto\/brown-oversize-blazer\/"},"modified":"2022-09-17T14:39:29","modified_gmt":"2022-09-17T14:39:29","slug":"brown-oversize-blazer","status":"publish","type":"product","link":"https:\/\/scar-id.com\/pt-pt\/produto\/brown-oversize-blazer\/","title":{"rendered":"Blazer Oversize"},"content":{"rendered":"<!DOCTYPE html PUBLIC \"-\/\/W3C\/\/DTD HTML 4.0 Transitional\/\/EN\" \"http:\/\/www.w3.org\/TR\/REC-html40\/loose.dtd\">\n<html><body><p><img fetchpriority=\"high\" decoding=\"async\" class=\"alignnone size-full wp-image-22287\" src=\"https:\/\/scar-id.com\/wp-content\/uploads\/2022\/09\/scar-id-vitor-dias-Unissex-Oversie-Blazer.jpg\" alt=\"\" width=\"1400\" height=\"2100\" srcset=\"https:\/\/scar-id.com\/wp-content\/uploads\/2022\/09\/scar-id-vitor-dias-Unissex-Oversie-Blazer.jpg 1400w, https:\/\/scar-id.com\/wp-content\/uploads\/2022\/09\/scar-id-vitor-dias-Unissex-Oversie-Blazer-200x300.jpg 200w, https:\/\/scar-id.com\/wp-content\/uploads\/2022\/09\/scar-id-vitor-dias-Unissex-Oversie-Blazer-683x1024.jpg 683w, https:\/\/scar-id.com\/wp-content\/uploads\/2022\/09\/scar-id-vitor-dias-Unissex-Oversie-Blazer-768x1152.jpg 768w, https:\/\/scar-id.com\/wp-content\/uploads\/2022\/09\/scar-id-vitor-dias-Unissex-Oversie-Blazer-1024x1536.jpg 1024w, https:\/\/scar-id.com\/wp-content\/uploads\/2022\/09\/scar-id-vitor-dias-Unissex-Oversie-Blazer-1365x2048.jpg 1365w, https:\/\/scar-id.com\/wp-content\/uploads\/2022\/09\/scar-id-vitor-dias-Unissex-Oversie-Blazer-324x486.jpg 324w, https:\/\/scar-id.com\/wp-content\/uploads\/2022\/09\/scar-id-vitor-dias-Unissex-Oversie-Blazer-416x624.jpg 416w\" sizes=\"(max-width: 1400px) 100vw, 1400px\" \/><\/p>\n<\/body><\/html>\n","protected":false},"excerpt":{"rendered":"<h6><strong>Material: <\/strong>100% Algod\u00e3o<\/h6>\n<h6><strong>Tamanho:<\/strong> S\/M<\/h6>\n<p>&nbsp;<\/p>\n<h6>A colec\u00e7\u00e3o de <strong>V\u00edtor Dias<\/strong> foi desenhada e produzida em Portugal<\/h6>\n<h6>Dispon\u00edvel na scar-id store e em scar-id.com<\/h6>\n<h6>Para informa\u00e7\u00f5es e medidas, por favor contacte-nos<\/h6>\n<h6><a href=\"mailto:info@scar-id.com\">info@scar-id.com<\/a>\u00a0\/ (+351) 22\u00a0203 3087<\/h6>\n","protected":false},"featured_media":22290,"template":"","meta":{"_uag_custom_page_level_css":""},"product_brand":[],"product_cat":[353],"product_tag":[],"class_list":{"0":"post-22319","1":"product","2":"type-product","3":"status-publish","4":"has-post-thumbnail","6":"product_cat-vitor-dias-en-pt-pt","8":"first","9":"instock","10":"sale","11":"taxable","12":"shipping-taxable","13":"purchasable","14":"product-type-simple"},"aioseo_notices":[],"uagb_featured_image_src":{"full":["https:\/\/scar-id.com\/wp-content\/uploads\/2022\/09\/scar-id-vitor-dias-Unissex-Oversie-Blazer-1.jpg",824,1138,false],"thumbnail":["https:\/\/scar-id.com\/wp-content\/uploads\/2022\/09\/scar-id-vitor-dias-Unissex-Oversie-Blazer-1-150x150.jpg",150,150,true],"medium":["https:\/\/scar-id.com\/wp-content\/uploads\/2022\/09\/scar-id-vitor-dias-Unissex-Oversie-Blazer-1-217x300.jpg",217,300,true],"medium_large":["https:\/\/scar-id.com\/wp-content\/uploads\/2022\/09\/scar-id-vitor-dias-Unissex-Oversie-Blazer-1-768x1061.jpg",768,1061,true],"large":["https:\/\/scar-id.com\/wp-content\/uploads\/2022\/09\/scar-id-vitor-dias-Unissex-Oversie-Blazer-1-741x1024.jpg",741,1024,true],"1536x1536":["https:\/\/scar-id.com\/wp-content\/uploads\/2022\/09\/scar-id-vitor-dias-Unissex-Oversie-Blazer-1.jpg",824,1138,false],"2048x2048":["https:\/\/scar-id.com\/wp-content\/uploads\/2022\/09\/scar-id-vitor-dias-Unissex-Oversie-Blazer-1.jpg",824,1138,false],"woocommerce_thumbnail":["https:\/\/scar-id.com\/wp-content\/uploads\/2022\/09\/scar-id-vitor-dias-Unissex-Oversie-Blazer-1-324x447.jpg",324,447,true],"woocommerce_single":["https:\/\/scar-id.com\/wp-content\/uploads\/2022\/09\/scar-id-vitor-dias-Unissex-Oversie-Blazer-1-416x575.jpg",416,575,true],"woocommerce_gallery_thumbnail":["https:\/\/scar-id.com\/wp-content\/uploads\/2022\/09\/scar-id-vitor-dias-Unissex-Oversie-Blazer-1-100x100.jpg",100,100,true]},"uagb_author_info":{"display_name":"scar-id","author_link":"https:\/\/scar-id.com\/pt-pt\/author\/"},"uagb_comment_info":0,"uagb_excerpt":"Material: 100% Algod\u00e3o Tamanho: S\/M &nbsp; A colec\u00e7\u00e3o de V\u00edtor Dias foi desenhada e produzida em Portugal Dispon\u00edvel na scar-id store e em scar-id.com Para informa\u00e7\u00f5es e medidas, por favor contacte-nos info@scar-id.com\u00a0\/ (+351) 22\u00a0203 3087","_links":{"self":[{"href":"https:\/\/scar-id.com\/pt-pt\/wp-json\/wp\/v2\/product\/22319","targetHints":{"allow":["GET"]}}],"collection":[{"href":"https:\/\/scar-id.com\/pt-pt\/wp-json\/wp\/v2\/product"}],"about":[{"href":"https:\/\/scar-id.com\/pt-pt\/wp-json\/wp\/v2\/types\/product"}],"wp:featuredmedia":[{"embeddable":true,"href":"https:\/\/scar-id.com\/pt-pt\/wp-json\/wp\/v2\/media\/22290"}],"wp:attachment":[{"href":"https:\/\/scar-id.com\/pt-pt\/wp-json\/wp\/v2\/media?parent=22319"}],"wp:term":[{"taxonomy":"product_brand","embeddable":true,"href":"https:\/\/scar-id.com\/pt-pt\/wp-json\/wp\/v2\/product_brand?post=22319"},{"taxonomy":"product_cat","embeddable":true,"href":"https:\/\/scar-id.com\/pt-pt\/wp-json\/wp\/v2\/product_cat?post=22319"},{"taxonomy":"product_tag","embeddable":true,"href":"https:\/\/scar-id.com\/pt-pt\/wp-json\/wp\/v2\/product_tag?post=22319"}],"curies":[{"name":"wp","href":"https:\/\/api.w.org\/{rel}","templated":true}]}}