{"id":22423,"date":"2022-09-23T10:40:31","date_gmt":"2022-09-23T10:40:31","guid":{"rendered":"https:\/\/scar-id.com\/produto\/oriental-coral\/"},"modified":"2022-09-23T16:10:57","modified_gmt":"2022-09-23T16:10:57","slug":"oriental-coral","status":"publish","type":"product","link":"https:\/\/scar-id.com\/pt-pt\/produto\/oriental-coral\/","title":{"rendered":"Camisa Oriental Coral"},"content":{"rendered":"<!DOCTYPE html PUBLIC \"-\/\/W3C\/\/DTD HTML 4.0 Transitional\/\/EN\" \"http:\/\/www.w3.org\/TR\/REC-html40\/loose.dtd\">\n<html><body><p><img fetchpriority=\"high\" decoding=\"async\" class=\"alignnone size-full wp-image-22393\" src=\"https:\/\/scar-id.com\/wp-content\/uploads\/2022\/09\/Oriental-coral-shirt-miss-juggles-scar-id-2.jpg\" alt=\"\" width=\"1400\" height=\"935\" srcset=\"https:\/\/scar-id.com\/wp-content\/uploads\/2022\/09\/Oriental-coral-shirt-miss-juggles-scar-id-2.jpg 1400w, https:\/\/scar-id.com\/wp-content\/uploads\/2022\/09\/Oriental-coral-shirt-miss-juggles-scar-id-2-300x200.jpg 300w, https:\/\/scar-id.com\/wp-content\/uploads\/2022\/09\/Oriental-coral-shirt-miss-juggles-scar-id-2-1024x684.jpg 1024w, https:\/\/scar-id.com\/wp-content\/uploads\/2022\/09\/Oriental-coral-shirt-miss-juggles-scar-id-2-768x513.jpg 768w, https:\/\/scar-id.com\/wp-content\/uploads\/2022\/09\/Oriental-coral-shirt-miss-juggles-scar-id-2-324x216.jpg 324w, https:\/\/scar-id.com\/wp-content\/uploads\/2022\/09\/Oriental-coral-shirt-miss-juggles-scar-id-2-416x278.jpg 416w\" sizes=\"(max-width: 1400px) 100vw, 1400px\" \/><img decoding=\"async\" class=\"alignnone size-full wp-image-22389\" src=\"https:\/\/scar-id.com\/wp-content\/uploads\/2022\/09\/Oriental-coral-shirt-miss-juggles-scar-id-1.jpg\" alt=\"\" width=\"1400\" height=\"2097\" srcset=\"https:\/\/scar-id.com\/wp-content\/uploads\/2022\/09\/Oriental-coral-shirt-miss-juggles-scar-id-1.jpg 1400w, https:\/\/scar-id.com\/wp-content\/uploads\/2022\/09\/Oriental-coral-shirt-miss-juggles-scar-id-1-200x300.jpg 200w, https:\/\/scar-id.com\/wp-content\/uploads\/2022\/09\/Oriental-coral-shirt-miss-juggles-scar-id-1-684x1024.jpg 684w, https:\/\/scar-id.com\/wp-content\/uploads\/2022\/09\/Oriental-coral-shirt-miss-juggles-scar-id-1-768x1150.jpg 768w, https:\/\/scar-id.com\/wp-content\/uploads\/2022\/09\/Oriental-coral-shirt-miss-juggles-scar-id-1-1025x1536.jpg 1025w, https:\/\/scar-id.com\/wp-content\/uploads\/2022\/09\/Oriental-coral-shirt-miss-juggles-scar-id-1-1367x2048.jpg 1367w, https:\/\/scar-id.com\/wp-content\/uploads\/2022\/09\/Oriental-coral-shirt-miss-juggles-scar-id-1-324x485.jpg 324w, https:\/\/scar-id.com\/wp-content\/uploads\/2022\/09\/Oriental-coral-shirt-miss-juggles-scar-id-1-416x623.jpg 416w\" sizes=\"(max-width: 1400px) 100vw, 1400px\" \/><\/p>\n<\/body><\/html>\n","protected":false},"excerpt":{"rendered":"<h6><strong>Material: <\/strong>100% Tencel<\/h6>\n<h6><strong>Cor:<\/strong> Off White<\/h6>\n<h6><strong>Tamanho:<\/strong> S\/M (S) and M\/L (L)<\/h6>\n<p>&nbsp;<\/p>\n<p>&nbsp;<\/p>\n<h6>As colec\u00e7\u00f5es <strong>Miss Juggles<\/strong> s\u00e3o desenhadas e produzidas em Portugal<\/h6>\n<h6>Dispon\u00edveis na scar-id store e emscar-id.com<\/h6>\n<h6>Para informa\u00e7\u00f5es e tamanhos, p.f. contacte-nos:<\/h6>\n<h6><a href=\"mailto:info@scar-id.com\">info@scar-id.com<\/a>\u00a0\/ (+351) 22\u00a0203 3087<\/h6>\n","protected":false},"featured_media":22420,"template":"","meta":{"_uag_custom_page_level_css":""},"product_brand":[],"product_cat":[378],"product_tag":[],"class_list":{"0":"post-22423","1":"product","2":"type-product","3":"status-publish","4":"has-post-thumbnail","6":"product_cat-miss-juggles-pt","7":"pa_tamanho-l","8":"pa_tamanho-s","9":"pif-has-gallery","11":"first","12":"outofstock","13":"taxable","14":"shipping-taxable","15":"product-type-simple"},"aioseo_notices":[],"uagb_featured_image_src":{"full":["https:\/\/scar-id.com\/wp-content\/uploads\/2022\/09\/Oriental-coral-shirt-miss-juggles-scar-id-mini-1-1.jpg",824,1138,false],"thumbnail":["https:\/\/scar-id.com\/wp-content\/uploads\/2022\/09\/Oriental-coral-shirt-miss-juggles-scar-id-mini-1-1-150x150.jpg",150,150,true],"medium":["https:\/\/scar-id.com\/wp-content\/uploads\/2022\/09\/Oriental-coral-shirt-miss-juggles-scar-id-mini-1-1-217x300.jpg",217,300,true],"medium_large":["https:\/\/scar-id.com\/wp-content\/uploads\/2022\/09\/Oriental-coral-shirt-miss-juggles-scar-id-mini-1-1-768x1061.jpg",768,1061,true],"large":["https:\/\/scar-id.com\/wp-content\/uploads\/2022\/09\/Oriental-coral-shirt-miss-juggles-scar-id-mini-1-1-741x1024.jpg",741,1024,true],"1536x1536":["https:\/\/scar-id.com\/wp-content\/uploads\/2022\/09\/Oriental-coral-shirt-miss-juggles-scar-id-mini-1-1.jpg",824,1138,false],"2048x2048":["https:\/\/scar-id.com\/wp-content\/uploads\/2022\/09\/Oriental-coral-shirt-miss-juggles-scar-id-mini-1-1.jpg",824,1138,false],"woocommerce_thumbnail":["https:\/\/scar-id.com\/wp-content\/uploads\/2022\/09\/Oriental-coral-shirt-miss-juggles-scar-id-mini-1-1-324x447.jpg",324,447,true],"woocommerce_single":["https:\/\/scar-id.com\/wp-content\/uploads\/2022\/09\/Oriental-coral-shirt-miss-juggles-scar-id-mini-1-1-416x575.jpg",416,575,true],"woocommerce_gallery_thumbnail":["https:\/\/scar-id.com\/wp-content\/uploads\/2022\/09\/Oriental-coral-shirt-miss-juggles-scar-id-mini-1-1-100x100.jpg",100,100,true]},"uagb_author_info":{"display_name":"scar-id","author_link":"https:\/\/scar-id.com\/pt-pt\/author\/"},"uagb_comment_info":0,"uagb_excerpt":"Material: 100% Tencel Cor: Off White Tamanho: S\/M (S) and M\/L (L) &nbsp; &nbsp; As colec\u00e7\u00f5es Miss Juggles s\u00e3o desenhadas e produzidas em Portugal Dispon\u00edveis na scar-id store e emscar-id.com Para informa\u00e7\u00f5es e tamanhos, p.f. contacte-nos: info@scar-id.com\u00a0\/ (+351) 22\u00a0203 3087","_links":{"self":[{"href":"https:\/\/scar-id.com\/pt-pt\/wp-json\/wp\/v2\/product\/22423","targetHints":{"allow":["GET"]}}],"collection":[{"href":"https:\/\/scar-id.com\/pt-pt\/wp-json\/wp\/v2\/product"}],"about":[{"href":"https:\/\/scar-id.com\/pt-pt\/wp-json\/wp\/v2\/types\/product"}],"wp:featuredmedia":[{"embeddable":true,"href":"https:\/\/scar-id.com\/pt-pt\/wp-json\/wp\/v2\/media\/22420"}],"wp:attachment":[{"href":"https:\/\/scar-id.com\/pt-pt\/wp-json\/wp\/v2\/media?parent=22423"}],"wp:term":[{"taxonomy":"product_brand","embeddable":true,"href":"https:\/\/scar-id.com\/pt-pt\/wp-json\/wp\/v2\/product_brand?post=22423"},{"taxonomy":"product_cat","embeddable":true,"href":"https:\/\/scar-id.com\/pt-pt\/wp-json\/wp\/v2\/product_cat?post=22423"},{"taxonomy":"product_tag","embeddable":true,"href":"https:\/\/scar-id.com\/pt-pt\/wp-json\/wp\/v2\/product_tag?post=22423"}],"curies":[{"name":"wp","href":"https:\/\/api.w.org\/{rel}","templated":true}]}}