{"id":22561,"date":"2022-11-01T11:01:20","date_gmt":"2022-11-01T11:01:20","guid":{"rendered":"https:\/\/scar-id.com\/produto\/ater-raw-jar-2\/"},"modified":"2022-11-01T14:54:58","modified_gmt":"2022-11-01T14:54:58","slug":"ater-raw-jar-2","status":"publish","type":"product","link":"https:\/\/scar-id.com\/pt-pt\/produto\/ater-raw-jar-2\/","title":{"rendered":"Jarra Cru ATER"},"content":{"rendered":"<!DOCTYPE html PUBLIC \"-\/\/W3C\/\/DTD HTML 4.0 Transitional\/\/EN\" \"http:\/\/www.w3.org\/TR\/REC-html40\/loose.dtd\">\n<html><body><p><img fetchpriority=\"high\" decoding=\"async\" class=\"alignnone size-full wp-image-22536\" src=\"https:\/\/scar-id.com\/wp-content\/uploads\/2022\/11\/scar-id-ater-raw-jar-1.jpg\" alt=\"\" width=\"1400\" height=\"1867\" srcset=\"https:\/\/scar-id.com\/wp-content\/uploads\/2022\/11\/scar-id-ater-raw-jar-1.jpg 1400w, https:\/\/scar-id.com\/wp-content\/uploads\/2022\/11\/scar-id-ater-raw-jar-1-225x300.jpg 225w, https:\/\/scar-id.com\/wp-content\/uploads\/2022\/11\/scar-id-ater-raw-jar-1-768x1024.jpg 768w, https:\/\/scar-id.com\/wp-content\/uploads\/2022\/11\/scar-id-ater-raw-jar-1-1152x1536.jpg 1152w, https:\/\/scar-id.com\/wp-content\/uploads\/2022\/11\/scar-id-ater-raw-jar-1-324x432.jpg 324w, https:\/\/scar-id.com\/wp-content\/uploads\/2022\/11\/scar-id-ater-raw-jar-1-416x555.jpg 416w\" sizes=\"(max-width: 1400px) 100vw, 1400px\" \/> <img decoding=\"async\" class=\"alignnone size-full wp-image-22538\" src=\"https:\/\/scar-id.com\/wp-content\/uploads\/2022\/11\/scar-id-ater-raw-jar-2.jpg\" alt=\"\" width=\"1400\" height=\"1867\" srcset=\"https:\/\/scar-id.com\/wp-content\/uploads\/2022\/11\/scar-id-ater-raw-jar-2.jpg 1400w, https:\/\/scar-id.com\/wp-content\/uploads\/2022\/11\/scar-id-ater-raw-jar-2-225x300.jpg 225w, https:\/\/scar-id.com\/wp-content\/uploads\/2022\/11\/scar-id-ater-raw-jar-2-768x1024.jpg 768w, https:\/\/scar-id.com\/wp-content\/uploads\/2022\/11\/scar-id-ater-raw-jar-2-1152x1536.jpg 1152w, https:\/\/scar-id.com\/wp-content\/uploads\/2022\/11\/scar-id-ater-raw-jar-2-324x432.jpg 324w, https:\/\/scar-id.com\/wp-content\/uploads\/2022\/11\/scar-id-ater-raw-jar-2-416x555.jpg 416w\" sizes=\"(max-width: 1400px) 100vw, 1400px\" \/><\/p>\n<\/body><\/html>\n","protected":false},"excerpt":{"rendered":"<h6><strong>Material:<\/strong> Gr\u00e9s; vidrado transparente<\/h6>\n<h6><strong>Produ\u00e7\u00e3o:<\/strong> Feito \u00e0 m\u00e3o<\/h6>\n<h6><\/h6>\n<h6><\/h6>\n<p>&nbsp;<\/p>\n<h6>Dispon\u00edvel na scar-id store e em scar-id.com<\/h6>\n<h6>Para informa\u00e7\u00f5es, por favor contacte-nos<\/h6>\n<h6><a href=\"mailto:info@scar-id.com\">info@scar-id.com<\/a>\u00a0\/ (+351) 22\u00a0203 3087<\/h6>\n","protected":false},"featured_media":22541,"template":"","meta":{"_uag_custom_page_level_css":""},"product_brand":[],"product_cat":[356],"product_tag":[],"class_list":{"0":"post-22561","1":"product","2":"type-product","3":"status-publish","4":"has-post-thumbnail","6":"product_cat-ater-objects-pt","8":"first","9":"outofstock","10":"taxable","11":"shipping-taxable","12":"product-type-simple"},"aioseo_notices":[],"uagb_featured_image_src":{"full":["https:\/\/scar-id.com\/wp-content\/uploads\/2022\/11\/scar-id-ater-raw-jar-mini.jpg",824,1138,false],"thumbnail":["https:\/\/scar-id.com\/wp-content\/uploads\/2022\/11\/scar-id-ater-raw-jar-mini-150x150.jpg",150,150,true],"medium":["https:\/\/scar-id.com\/wp-content\/uploads\/2022\/11\/scar-id-ater-raw-jar-mini-217x300.jpg",217,300,true],"medium_large":["https:\/\/scar-id.com\/wp-content\/uploads\/2022\/11\/scar-id-ater-raw-jar-mini-768x1061.jpg",768,1061,true],"large":["https:\/\/scar-id.com\/wp-content\/uploads\/2022\/11\/scar-id-ater-raw-jar-mini-741x1024.jpg",741,1024,true],"1536x1536":["https:\/\/scar-id.com\/wp-content\/uploads\/2022\/11\/scar-id-ater-raw-jar-mini.jpg",824,1138,false],"2048x2048":["https:\/\/scar-id.com\/wp-content\/uploads\/2022\/11\/scar-id-ater-raw-jar-mini.jpg",824,1138,false],"woocommerce_thumbnail":["https:\/\/scar-id.com\/wp-content\/uploads\/2022\/11\/scar-id-ater-raw-jar-mini-324x447.jpg",324,447,true],"woocommerce_single":["https:\/\/scar-id.com\/wp-content\/uploads\/2022\/11\/scar-id-ater-raw-jar-mini-416x575.jpg",416,575,true],"woocommerce_gallery_thumbnail":["https:\/\/scar-id.com\/wp-content\/uploads\/2022\/11\/scar-id-ater-raw-jar-mini-100x100.jpg",100,100,true]},"uagb_author_info":{"display_name":"scar-id","author_link":"https:\/\/scar-id.com\/pt-pt\/author\/"},"uagb_comment_info":0,"uagb_excerpt":"Material: Gr\u00e9s; vidrado transparente Produ\u00e7\u00e3o: Feito \u00e0 m\u00e3o &nbsp; Dispon\u00edvel na scar-id store e em scar-id.com Para informa\u00e7\u00f5es, por favor contacte-nos info@scar-id.com\u00a0\/ (+351) 22\u00a0203 3087","_links":{"self":[{"href":"https:\/\/scar-id.com\/pt-pt\/wp-json\/wp\/v2\/product\/22561","targetHints":{"allow":["GET"]}}],"collection":[{"href":"https:\/\/scar-id.com\/pt-pt\/wp-json\/wp\/v2\/product"}],"about":[{"href":"https:\/\/scar-id.com\/pt-pt\/wp-json\/wp\/v2\/types\/product"}],"wp:featuredmedia":[{"embeddable":true,"href":"https:\/\/scar-id.com\/pt-pt\/wp-json\/wp\/v2\/media\/22541"}],"wp:attachment":[{"href":"https:\/\/scar-id.com\/pt-pt\/wp-json\/wp\/v2\/media?parent=22561"}],"wp:term":[{"taxonomy":"product_brand","embeddable":true,"href":"https:\/\/scar-id.com\/pt-pt\/wp-json\/wp\/v2\/product_brand?post=22561"},{"taxonomy":"product_cat","embeddable":true,"href":"https:\/\/scar-id.com\/pt-pt\/wp-json\/wp\/v2\/product_cat?post=22561"},{"taxonomy":"product_tag","embeddable":true,"href":"https:\/\/scar-id.com\/pt-pt\/wp-json\/wp\/v2\/product_tag?post=22561"}],"curies":[{"name":"wp","href":"https:\/\/api.w.org\/{rel}","templated":true}]}}