{"id":22562,"date":"2022-11-01T11:01:18","date_gmt":"2022-11-01T11:01:18","guid":{"rendered":"https:\/\/scar-id.com\/produto\/ater-grey-pitcher\/"},"modified":"2022-11-01T14:54:52","modified_gmt":"2022-11-01T14:54:52","slug":"ater-grey-pitcher","status":"publish","type":"product","link":"https:\/\/scar-id.com\/pt-pt\/produto\/ater-grey-pitcher\/","title":{"rendered":"C\u00e2ntaro Cinzento ATER"},"content":{"rendered":"<!DOCTYPE html PUBLIC \"-\/\/W3C\/\/DTD HTML 4.0 Transitional\/\/EN\" \"http:\/\/www.w3.org\/TR\/REC-html40\/loose.dtd\">\n<html><body><p><img fetchpriority=\"high\" decoding=\"async\" class=\"alignnone size-full wp-image-22489\" src=\"https:\/\/scar-id.com\/wp-content\/uploads\/2022\/11\/scar-id-ater-grey-pitcher-1.jpg\" alt=\"\" width=\"1400\" height=\"2080\" srcset=\"https:\/\/scar-id.com\/wp-content\/uploads\/2022\/11\/scar-id-ater-grey-pitcher-1.jpg 1400w, https:\/\/scar-id.com\/wp-content\/uploads\/2022\/11\/scar-id-ater-grey-pitcher-1-202x300.jpg 202w, https:\/\/scar-id.com\/wp-content\/uploads\/2022\/11\/scar-id-ater-grey-pitcher-1-689x1024.jpg 689w, https:\/\/scar-id.com\/wp-content\/uploads\/2022\/11\/scar-id-ater-grey-pitcher-1-768x1141.jpg 768w, https:\/\/scar-id.com\/wp-content\/uploads\/2022\/11\/scar-id-ater-grey-pitcher-1-1034x1536.jpg 1034w, https:\/\/scar-id.com\/wp-content\/uploads\/2022\/11\/scar-id-ater-grey-pitcher-1-1378x2048.jpg 1378w, https:\/\/scar-id.com\/wp-content\/uploads\/2022\/11\/scar-id-ater-grey-pitcher-1-324x481.jpg 324w, https:\/\/scar-id.com\/wp-content\/uploads\/2022\/11\/scar-id-ater-grey-pitcher-1-416x618.jpg 416w\" sizes=\"(max-width: 1400px) 100vw, 1400px\" \/> <img decoding=\"async\" class=\"alignnone size-full wp-image-22491\" src=\"https:\/\/scar-id.com\/wp-content\/uploads\/2022\/11\/scar-id-ater-grey-pitcher-2.jpg\" alt=\"\" width=\"1400\" height=\"2027\" srcset=\"https:\/\/scar-id.com\/wp-content\/uploads\/2022\/11\/scar-id-ater-grey-pitcher-2.jpg 1400w, https:\/\/scar-id.com\/wp-content\/uploads\/2022\/11\/scar-id-ater-grey-pitcher-2-207x300.jpg 207w, https:\/\/scar-id.com\/wp-content\/uploads\/2022\/11\/scar-id-ater-grey-pitcher-2-707x1024.jpg 707w, https:\/\/scar-id.com\/wp-content\/uploads\/2022\/11\/scar-id-ater-grey-pitcher-2-768x1112.jpg 768w, https:\/\/scar-id.com\/wp-content\/uploads\/2022\/11\/scar-id-ater-grey-pitcher-2-1061x1536.jpg 1061w, https:\/\/scar-id.com\/wp-content\/uploads\/2022\/11\/scar-id-ater-grey-pitcher-2-324x469.jpg 324w, https:\/\/scar-id.com\/wp-content\/uploads\/2022\/11\/scar-id-ater-grey-pitcher-2-416x602.jpg 416w\" sizes=\"(max-width: 1400px) 100vw, 1400px\" \/><\/p>\n<\/body><\/html>\n","protected":false},"excerpt":{"rendered":"<h6><strong>Material:<\/strong> Gr\u00e9s; interior com vidrado transparente<\/h6>\n<h6><strong>Produ\u00e7\u00e3o:<\/strong> Feito \u00e0 m\u00e3o<\/h6>\n<h6><\/h6>\n<h6><\/h6>\n<p>&nbsp;<\/p>\n<h6>Dispon\u00edvel na scar-id store e em scar-id.com<\/h6>\n<h6>Para informa\u00e7\u00f5es, por favor contacte-nos<\/h6>\n<h6><a href=\"mailto:info@scar-id.com\">info@scar-id.com<\/a>\u00a0\/ (+351) 22\u00a0203 3087<\/h6>\n","protected":false},"featured_media":22494,"template":"","meta":{"_uag_custom_page_level_css":""},"product_brand":[],"product_cat":[356],"product_tag":[],"class_list":{"0":"post-22562","1":"product","2":"type-product","3":"status-publish","4":"has-post-thumbnail","6":"product_cat-ater-objects-pt","8":"first","9":"instock","10":"taxable","11":"shipping-taxable","12":"purchasable","13":"product-type-simple"},"aioseo_notices":[],"uagb_featured_image_src":{"full":["https:\/\/scar-id.com\/wp-content\/uploads\/2022\/11\/scar-id-ater-grey-pitcher-mini1.jpg",824,1138,false],"thumbnail":["https:\/\/scar-id.com\/wp-content\/uploads\/2022\/11\/scar-id-ater-grey-pitcher-mini1-150x150.jpg",150,150,true],"medium":["https:\/\/scar-id.com\/wp-content\/uploads\/2022\/11\/scar-id-ater-grey-pitcher-mini1-217x300.jpg",217,300,true],"medium_large":["https:\/\/scar-id.com\/wp-content\/uploads\/2022\/11\/scar-id-ater-grey-pitcher-mini1-768x1061.jpg",768,1061,true],"large":["https:\/\/scar-id.com\/wp-content\/uploads\/2022\/11\/scar-id-ater-grey-pitcher-mini1-741x1024.jpg",741,1024,true],"1536x1536":["https:\/\/scar-id.com\/wp-content\/uploads\/2022\/11\/scar-id-ater-grey-pitcher-mini1.jpg",824,1138,false],"2048x2048":["https:\/\/scar-id.com\/wp-content\/uploads\/2022\/11\/scar-id-ater-grey-pitcher-mini1.jpg",824,1138,false],"woocommerce_thumbnail":["https:\/\/scar-id.com\/wp-content\/uploads\/2022\/11\/scar-id-ater-grey-pitcher-mini1-324x447.jpg",324,447,true],"woocommerce_single":["https:\/\/scar-id.com\/wp-content\/uploads\/2022\/11\/scar-id-ater-grey-pitcher-mini1-416x575.jpg",416,575,true],"woocommerce_gallery_thumbnail":["https:\/\/scar-id.com\/wp-content\/uploads\/2022\/11\/scar-id-ater-grey-pitcher-mini1-100x100.jpg",100,100,true]},"uagb_author_info":{"display_name":"scar-id","author_link":"https:\/\/scar-id.com\/pt-pt\/author\/"},"uagb_comment_info":0,"uagb_excerpt":"Material: Gr\u00e9s; interior com vidrado transparente Produ\u00e7\u00e3o: Feito \u00e0 m\u00e3o &nbsp; Dispon\u00edvel na scar-id store e em scar-id.com Para informa\u00e7\u00f5es, por favor contacte-nos info@scar-id.com\u00a0\/ (+351) 22\u00a0203 3087","_links":{"self":[{"href":"https:\/\/scar-id.com\/pt-pt\/wp-json\/wp\/v2\/product\/22562","targetHints":{"allow":["GET"]}}],"collection":[{"href":"https:\/\/scar-id.com\/pt-pt\/wp-json\/wp\/v2\/product"}],"about":[{"href":"https:\/\/scar-id.com\/pt-pt\/wp-json\/wp\/v2\/types\/product"}],"wp:featuredmedia":[{"embeddable":true,"href":"https:\/\/scar-id.com\/pt-pt\/wp-json\/wp\/v2\/media\/22494"}],"wp:attachment":[{"href":"https:\/\/scar-id.com\/pt-pt\/wp-json\/wp\/v2\/media?parent=22562"}],"wp:term":[{"taxonomy":"product_brand","embeddable":true,"href":"https:\/\/scar-id.com\/pt-pt\/wp-json\/wp\/v2\/product_brand?post=22562"},{"taxonomy":"product_cat","embeddable":true,"href":"https:\/\/scar-id.com\/pt-pt\/wp-json\/wp\/v2\/product_cat?post=22562"},{"taxonomy":"product_tag","embeddable":true,"href":"https:\/\/scar-id.com\/pt-pt\/wp-json\/wp\/v2\/product_tag?post=22562"}],"curies":[{"name":"wp","href":"https:\/\/api.w.org\/{rel}","templated":true}]}}