{"id":22947,"date":"2022-12-06T16:52:14","date_gmt":"2022-12-06T16:52:14","guid":{"rendered":"https:\/\/scar-id.com\/produto\/nyokito-dress\/"},"modified":"2022-12-06T18:09:10","modified_gmt":"2022-12-06T18:09:10","slug":"nyokito-dress","status":"publish","type":"product","link":"https:\/\/scar-id.com\/pt-pt\/produto\/nyokito-dress\/","title":{"rendered":"Vestido Nyokito"},"content":{"rendered":"<!DOCTYPE html PUBLIC \"-\/\/W3C\/\/DTD HTML 4.0 Transitional\/\/EN\" \"http:\/\/www.w3.org\/TR\/REC-html40\/loose.dtd\">\n<html><body><p><img fetchpriority=\"high\" decoding=\"async\" class=\"alignnone size-full wp-image-22936\" src=\"https:\/\/scar-id.com\/wp-content\/uploads\/2022\/12\/scar-id-obi-NYOKITO-dress-1-scaled.jpg\" alt=\"\" width=\"1707\" height=\"2560\"> <img decoding=\"async\" class=\"alignnone size-full wp-image-22938\" src=\"https:\/\/scar-id.com\/wp-content\/uploads\/2022\/12\/scar-id-obi-NYOKITO-dress-2-scaled.jpg\" alt=\"\" width=\"1707\" height=\"2560\" srcset=\"https:\/\/scar-id.com\/wp-content\/uploads\/2022\/12\/scar-id-obi-NYOKITO-dress-2-scaled.jpg 1707w, https:\/\/scar-id.com\/wp-content\/uploads\/2022\/12\/scar-id-obi-NYOKITO-dress-2-200x300.jpg 200w, https:\/\/scar-id.com\/wp-content\/uploads\/2022\/12\/scar-id-obi-NYOKITO-dress-2-683x1024.jpg 683w, https:\/\/scar-id.com\/wp-content\/uploads\/2022\/12\/scar-id-obi-NYOKITO-dress-2-768x1152.jpg 768w, https:\/\/scar-id.com\/wp-content\/uploads\/2022\/12\/scar-id-obi-NYOKITO-dress-2-1024x1536.jpg 1024w, https:\/\/scar-id.com\/wp-content\/uploads\/2022\/12\/scar-id-obi-NYOKITO-dress-2-1365x2048.jpg 1365w, https:\/\/scar-id.com\/wp-content\/uploads\/2022\/12\/scar-id-obi-NYOKITO-dress-2-324x486.jpg 324w, https:\/\/scar-id.com\/wp-content\/uploads\/2022\/12\/scar-id-obi-NYOKITO-dress-2-416x624.jpg 416w\" sizes=\"(max-width: 1707px) 100vw, 1707px\" \/> <img decoding=\"async\" class=\"alignnone size-full wp-image-22940\" src=\"https:\/\/scar-id.com\/wp-content\/uploads\/2022\/12\/scar-id-obi-NYOKITO-dress-3-scaled.jpg\" alt=\"\" width=\"1707\" height=\"2560\" srcset=\"https:\/\/scar-id.com\/wp-content\/uploads\/2022\/12\/scar-id-obi-NYOKITO-dress-3-scaled.jpg 1707w, https:\/\/scar-id.com\/wp-content\/uploads\/2022\/12\/scar-id-obi-NYOKITO-dress-3-200x300.jpg 200w, https:\/\/scar-id.com\/wp-content\/uploads\/2022\/12\/scar-id-obi-NYOKITO-dress-3-683x1024.jpg 683w, https:\/\/scar-id.com\/wp-content\/uploads\/2022\/12\/scar-id-obi-NYOKITO-dress-3-768x1152.jpg 768w, https:\/\/scar-id.com\/wp-content\/uploads\/2022\/12\/scar-id-obi-NYOKITO-dress-3-1024x1536.jpg 1024w, https:\/\/scar-id.com\/wp-content\/uploads\/2022\/12\/scar-id-obi-NYOKITO-dress-3-1365x2048.jpg 1365w, https:\/\/scar-id.com\/wp-content\/uploads\/2022\/12\/scar-id-obi-NYOKITO-dress-3-324x486.jpg 324w, https:\/\/scar-id.com\/wp-content\/uploads\/2022\/12\/scar-id-obi-NYOKITO-dress-3-416x624.jpg 416w\" sizes=\"(max-width: 1707px) 100vw, 1707px\" \/><\/p>\n<\/body><\/html>\n","protected":false},"excerpt":{"rendered":"<h6><strong>Descri\u00e7\u00e3o: <\/strong>Vestido straight-cut em crepe de l\u00e3 na cor bordeaux. \u00c9 um vestido minimalista de linhas direitas em material muito &#8220;clean&#8221;, com pormenor drapeado na lateral. Vestido &#8220;cocktail&#8221; para uma festa ou acessorizado com uma pe\u00e7a mais quente por dentro, para o dia a dia.<\/h6>\n<h6>Modelo straight-cut<br \/>\nDecote redondo, aperta nas costas com bot\u00e3o de madrep\u00e9rola<br \/>\nSem mangas<br \/>\nBolsos nas laterais<\/h6>\n<h6><strong>Material:<\/strong> 100% L\u00e3<\/h6>\n<h6><strong>Tamanho: <\/strong>\u00a0\u00danico<\/h6>\n<h6>Largura frente, abaixo da cava = 50 cm (circular = 100 cm)<br \/>\nComprimento = 110 cm<\/h6>\n<h6><\/h6>\n<p>&nbsp;<\/p>\n<h6>As pe\u00e7as OBI s\u00e3o<\/h6>\n<h6>Desenhadas e Produzidas em Portugal<\/h6>\n<h6>Para informa\u00e7\u00f5es e medidas p.f. contacte-nos<\/h6>\n<h6><a href=\"mailto:info@scar-id.com\">info@scar-id.com<\/a>\u00a0\/ (+351) 22\u00a0203 3087<\/h6>\n","protected":false},"featured_media":22943,"template":"","meta":{"_uag_custom_page_level_css":""},"product_brand":[],"product_cat":[161],"product_tag":[],"class_list":{"0":"post-22947","1":"product","2":"type-product","3":"status-publish","4":"has-post-thumbnail","6":"product_cat-obi","8":"first","9":"instock","10":"taxable","11":"shipping-taxable","12":"purchasable","13":"product-type-simple"},"aioseo_notices":[],"uagb_featured_image_src":{"full":["https:\/\/scar-id.com\/wp-content\/uploads\/2022\/12\/scar-id-obi-NYOKITO-dress.jpg",824,1138,false],"thumbnail":["https:\/\/scar-id.com\/wp-content\/uploads\/2022\/12\/scar-id-obi-NYOKITO-dress-150x150.jpg",150,150,true],"medium":["https:\/\/scar-id.com\/wp-content\/uploads\/2022\/12\/scar-id-obi-NYOKITO-dress-217x300.jpg",217,300,true],"medium_large":["https:\/\/scar-id.com\/wp-content\/uploads\/2022\/12\/scar-id-obi-NYOKITO-dress-768x1061.jpg",768,1061,true],"large":["https:\/\/scar-id.com\/wp-content\/uploads\/2022\/12\/scar-id-obi-NYOKITO-dress-741x1024.jpg",741,1024,true],"1536x1536":["https:\/\/scar-id.com\/wp-content\/uploads\/2022\/12\/scar-id-obi-NYOKITO-dress.jpg",824,1138,false],"2048x2048":["https:\/\/scar-id.com\/wp-content\/uploads\/2022\/12\/scar-id-obi-NYOKITO-dress.jpg",824,1138,false],"woocommerce_thumbnail":["https:\/\/scar-id.com\/wp-content\/uploads\/2022\/12\/scar-id-obi-NYOKITO-dress-324x447.jpg",324,447,true],"woocommerce_single":["https:\/\/scar-id.com\/wp-content\/uploads\/2022\/12\/scar-id-obi-NYOKITO-dress-416x575.jpg",416,575,true],"woocommerce_gallery_thumbnail":["https:\/\/scar-id.com\/wp-content\/uploads\/2022\/12\/scar-id-obi-NYOKITO-dress-100x100.jpg",100,100,true]},"uagb_author_info":{"display_name":"scar-id","author_link":"https:\/\/scar-id.com\/pt-pt\/author\/"},"uagb_comment_info":0,"uagb_excerpt":"Descri\u00e7\u00e3o: Vestido straight-cut em crepe de l\u00e3 na cor bordeaux. \u00c9 um vestido minimalista de linhas direitas em material muito \"clean\", com pormenor drapeado na lateral. Vestido \"cocktail\" para uma festa ou acessorizado com uma pe\u00e7a mais quente por dentro, para o dia a dia. Modelo straight-cut Decote redondo, aperta nas costas com bot\u00e3o de&hellip;","_links":{"self":[{"href":"https:\/\/scar-id.com\/pt-pt\/wp-json\/wp\/v2\/product\/22947","targetHints":{"allow":["GET"]}}],"collection":[{"href":"https:\/\/scar-id.com\/pt-pt\/wp-json\/wp\/v2\/product"}],"about":[{"href":"https:\/\/scar-id.com\/pt-pt\/wp-json\/wp\/v2\/types\/product"}],"wp:featuredmedia":[{"embeddable":true,"href":"https:\/\/scar-id.com\/pt-pt\/wp-json\/wp\/v2\/media\/22943"}],"wp:attachment":[{"href":"https:\/\/scar-id.com\/pt-pt\/wp-json\/wp\/v2\/media?parent=22947"}],"wp:term":[{"taxonomy":"product_brand","embeddable":true,"href":"https:\/\/scar-id.com\/pt-pt\/wp-json\/wp\/v2\/product_brand?post=22947"},{"taxonomy":"product_cat","embeddable":true,"href":"https:\/\/scar-id.com\/pt-pt\/wp-json\/wp\/v2\/product_cat?post=22947"},{"taxonomy":"product_tag","embeddable":true,"href":"https:\/\/scar-id.com\/pt-pt\/wp-json\/wp\/v2\/product_tag?post=22947"}],"curies":[{"name":"wp","href":"https:\/\/api.w.org\/{rel}","templated":true}]}}