{"id":22956,"date":"2022-11-29T16:24:25","date_gmt":"2022-11-29T16:24:25","guid":{"rendered":"https:\/\/scar-id.com\/produto\/tube-ring\/"},"modified":"2022-12-07T15:25:27","modified_gmt":"2022-12-07T15:25:27","slug":"tube-ring","status":"publish","type":"product","link":"https:\/\/scar-id.com\/pt-pt\/produto\/tube-ring\/","title":{"rendered":"Anel Tube"},"content":{"rendered":"<!DOCTYPE html PUBLIC \"-\/\/W3C\/\/DTD HTML 4.0 Transitional\/\/EN\" \"http:\/\/www.w3.org\/TR\/REC-html40\/loose.dtd\">\n<html><body><p><img fetchpriority=\"high\" decoding=\"async\" class=\"alignnone size-full wp-image-22670\" src=\"https:\/\/scar-id.com\/wp-content\/uploads\/2022\/11\/scar-id-lia-gonc%CC%A7alves-Tube-gold-ring.jpg\" alt=\"\" width=\"1400\" height=\"933\"><\/p>\n<\/body><\/html>\n","protected":false},"excerpt":{"rendered":"<h6><strong>Material:<\/strong> Borracha e Lat\u00e3o (acabamento dourado)<\/h6>\n<p>&nbsp;<\/p>\n<p>&nbsp;<\/p>\n<p>&nbsp;<\/p>\n<h6>As pe\u00e7as seleccionadas de Lia Gon\u00e7alves est\u00e3o dispon\u00edveis na scar-id store e em scar-id.com<\/h6>\n<h6>Desenhado e Prodzido em Portugal<\/h6>\n<h6>Para informa\u00e7\u00f5es e medidas, p.f. contacte-nos:<\/h6>\n<h6><a href=\"mailto:info@scar-id.com\">info@scar-id.com<\/a>\u00a0\/ (+351) 22\u00a0203 3087<\/h6>\n","protected":false},"featured_media":22673,"template":"","meta":{"_uag_custom_page_level_css":""},"product_brand":[],"product_cat":[155],"product_tag":[],"class_list":{"0":"post-22956","1":"product","2":"type-product","3":"status-publish","4":"has-post-thumbnail","6":"product_cat-lia-goncalves","8":"first","9":"instock","10":"taxable","11":"shipping-taxable","12":"purchasable","13":"product-type-simple"},"aioseo_notices":[],"uagb_featured_image_src":{"full":["https:\/\/scar-id.com\/wp-content\/uploads\/2022\/11\/scar-id-lia-gonc\u0327alves-Tube-gold-ring-1.jpg",824,1138,false],"thumbnail":["https:\/\/scar-id.com\/wp-content\/uploads\/2022\/11\/scar-id-lia-gonc\u0327alves-Tube-gold-ring-1-150x150.jpg",150,150,true],"medium":["https:\/\/scar-id.com\/wp-content\/uploads\/2022\/11\/scar-id-lia-gonc\u0327alves-Tube-gold-ring-1-217x300.jpg",217,300,true],"medium_large":["https:\/\/scar-id.com\/wp-content\/uploads\/2022\/11\/scar-id-lia-gonc\u0327alves-Tube-gold-ring-1-768x1061.jpg",768,1061,true],"large":["https:\/\/scar-id.com\/wp-content\/uploads\/2022\/11\/scar-id-lia-gonc\u0327alves-Tube-gold-ring-1-741x1024.jpg",741,1024,true],"1536x1536":["https:\/\/scar-id.com\/wp-content\/uploads\/2022\/11\/scar-id-lia-gonc\u0327alves-Tube-gold-ring-1.jpg",824,1138,false],"2048x2048":["https:\/\/scar-id.com\/wp-content\/uploads\/2022\/11\/scar-id-lia-gonc\u0327alves-Tube-gold-ring-1.jpg",824,1138,false],"woocommerce_thumbnail":["https:\/\/scar-id.com\/wp-content\/uploads\/2022\/11\/scar-id-lia-gonc\u0327alves-Tube-gold-ring-1-324x447.jpg",324,447,true],"woocommerce_single":["https:\/\/scar-id.com\/wp-content\/uploads\/2022\/11\/scar-id-lia-gonc\u0327alves-Tube-gold-ring-1-416x575.jpg",416,575,true],"woocommerce_gallery_thumbnail":["https:\/\/scar-id.com\/wp-content\/uploads\/2022\/11\/scar-id-lia-gonc\u0327alves-Tube-gold-ring-1-100x100.jpg",100,100,true]},"uagb_author_info":{"display_name":"scar-id","author_link":"https:\/\/scar-id.com\/pt-pt\/author\/"},"uagb_comment_info":0,"uagb_excerpt":"Material: Borracha e Lat\u00e3o (acabamento dourado) &nbsp; &nbsp; &nbsp; As pe\u00e7as seleccionadas de Lia Gon\u00e7alves est\u00e3o dispon\u00edveis na scar-id store e em scar-id.com Desenhado e Prodzido em Portugal Para informa\u00e7\u00f5es e medidas, p.f. contacte-nos: info@scar-id.com\u00a0\/ (+351) 22\u00a0203 3087","_links":{"self":[{"href":"https:\/\/scar-id.com\/pt-pt\/wp-json\/wp\/v2\/product\/22956","targetHints":{"allow":["GET"]}}],"collection":[{"href":"https:\/\/scar-id.com\/pt-pt\/wp-json\/wp\/v2\/product"}],"about":[{"href":"https:\/\/scar-id.com\/pt-pt\/wp-json\/wp\/v2\/types\/product"}],"wp:featuredmedia":[{"embeddable":true,"href":"https:\/\/scar-id.com\/pt-pt\/wp-json\/wp\/v2\/media\/22673"}],"wp:attachment":[{"href":"https:\/\/scar-id.com\/pt-pt\/wp-json\/wp\/v2\/media?parent=22956"}],"wp:term":[{"taxonomy":"product_brand","embeddable":true,"href":"https:\/\/scar-id.com\/pt-pt\/wp-json\/wp\/v2\/product_brand?post=22956"},{"taxonomy":"product_cat","embeddable":true,"href":"https:\/\/scar-id.com\/pt-pt\/wp-json\/wp\/v2\/product_cat?post=22956"},{"taxonomy":"product_tag","embeddable":true,"href":"https:\/\/scar-id.com\/pt-pt\/wp-json\/wp\/v2\/product_tag?post=22956"}],"curies":[{"name":"wp","href":"https:\/\/api.w.org\/{rel}","templated":true}]}}