{"id":23255,"date":"2022-12-19T11:29:45","date_gmt":"2022-12-19T11:29:45","guid":{"rendered":"https:\/\/scar-id.com\/produto\/mare-small-earrings\/"},"modified":"2022-12-19T12:53:09","modified_gmt":"2022-12-19T12:53:09","slug":"mare-small-earrings","status":"publish","type":"product","link":"https:\/\/scar-id.com\/pt-pt\/produto\/mare-small-earrings\/","title":{"rendered":"Brincos Pequenos Mar\u00e9"},"content":{"rendered":"<!DOCTYPE html PUBLIC \"-\/\/W3C\/\/DTD HTML 4.0 Transitional\/\/EN\" \"http:\/\/www.w3.org\/TR\/REC-html40\/loose.dtd\">\n<html><body><p><img fetchpriority=\"high\" decoding=\"async\" class=\"alignnone size-full wp-image-23195\" src=\"https:\/\/scar-id.com\/wp-content\/uploads\/2022\/12\/scar-id-catarina-camelo-mare-small-earrings-1.jpg\" alt=\"\" width=\"1400\" height=\"2098\" srcset=\"https:\/\/scar-id.com\/wp-content\/uploads\/2022\/12\/scar-id-catarina-camelo-mare-small-earrings-1.jpg 1400w, https:\/\/scar-id.com\/wp-content\/uploads\/2022\/12\/scar-id-catarina-camelo-mare-small-earrings-1-200x300.jpg 200w, https:\/\/scar-id.com\/wp-content\/uploads\/2022\/12\/scar-id-catarina-camelo-mare-small-earrings-1-683x1024.jpg 683w, https:\/\/scar-id.com\/wp-content\/uploads\/2022\/12\/scar-id-catarina-camelo-mare-small-earrings-1-768x1151.jpg 768w, https:\/\/scar-id.com\/wp-content\/uploads\/2022\/12\/scar-id-catarina-camelo-mare-small-earrings-1-1025x1536.jpg 1025w, https:\/\/scar-id.com\/wp-content\/uploads\/2022\/12\/scar-id-catarina-camelo-mare-small-earrings-1-1367x2048.jpg 1367w, https:\/\/scar-id.com\/wp-content\/uploads\/2022\/12\/scar-id-catarina-camelo-mare-small-earrings-1-324x486.jpg 324w, https:\/\/scar-id.com\/wp-content\/uploads\/2022\/12\/scar-id-catarina-camelo-mare-small-earrings-1-416x623.jpg 416w\" sizes=\"(max-width: 1400px) 100vw, 1400px\" \/> <img decoding=\"async\" class=\"alignnone size-full wp-image-23197\" src=\"https:\/\/scar-id.com\/wp-content\/uploads\/2022\/12\/scar-id-catarina-camelo-mare-small-earrings-2.jpg\" alt=\"\" width=\"1400\" height=\"1703\" srcset=\"https:\/\/scar-id.com\/wp-content\/uploads\/2022\/12\/scar-id-catarina-camelo-mare-small-earrings-2.jpg 1400w, https:\/\/scar-id.com\/wp-content\/uploads\/2022\/12\/scar-id-catarina-camelo-mare-small-earrings-2-247x300.jpg 247w, https:\/\/scar-id.com\/wp-content\/uploads\/2022\/12\/scar-id-catarina-camelo-mare-small-earrings-2-842x1024.jpg 842w, https:\/\/scar-id.com\/wp-content\/uploads\/2022\/12\/scar-id-catarina-camelo-mare-small-earrings-2-768x934.jpg 768w, https:\/\/scar-id.com\/wp-content\/uploads\/2022\/12\/scar-id-catarina-camelo-mare-small-earrings-2-1263x1536.jpg 1263w, https:\/\/scar-id.com\/wp-content\/uploads\/2022\/12\/scar-id-catarina-camelo-mare-small-earrings-2-324x394.jpg 324w, https:\/\/scar-id.com\/wp-content\/uploads\/2022\/12\/scar-id-catarina-camelo-mare-small-earrings-2-416x506.jpg 416w\" sizes=\"(max-width: 1400px) 100vw, 1400px\" \/><\/p>\n<\/body><\/html>\n","protected":false},"excerpt":{"rendered":"<h6><strong>Material:<\/strong> Lat\u00e3o com acabamento dourado polido<\/h6>\n<p>&nbsp;<\/p>\n<h6>Todas as pe\u00e7as de Catarina Camelo est\u00e3o dispon\u00edveis na SCAR-ID e em scar-id.com<\/h6>\n<h6>Desenhado e Produzido em Portugal<\/h6>\n<h6>Para informa\u00e7\u00f5es e medidas, p.f. contacte-nos:<\/h6>\n<h6><a href=\"mailto:info@scar-id.com\">info@scar-id.com<\/a>\u00a0\/ (+351) 22\u00a0203 3087<\/h6>\n","protected":false},"featured_media":23200,"template":"","meta":{"_uag_custom_page_level_css":""},"product_brand":[],"product_cat":[380],"product_tag":[],"class_list":{"0":"post-23255","1":"product","2":"type-product","3":"status-publish","4":"has-post-thumbnail","6":"product_cat-catarina-camelo-pt","8":"first","9":"outofstock","10":"taxable","11":"shipping-taxable","12":"purchasable","13":"product-type-simple"},"aioseo_notices":[],"uagb_featured_image_src":{"full":["https:\/\/scar-id.com\/wp-content\/uploads\/2022\/12\/scar-id-catarina-camelo-mare-small-earrings-mini.jpg",824,1138,false],"thumbnail":["https:\/\/scar-id.com\/wp-content\/uploads\/2022\/12\/scar-id-catarina-camelo-mare-small-earrings-mini-150x150.jpg",150,150,true],"medium":["https:\/\/scar-id.com\/wp-content\/uploads\/2022\/12\/scar-id-catarina-camelo-mare-small-earrings-mini-217x300.jpg",217,300,true],"medium_large":["https:\/\/scar-id.com\/wp-content\/uploads\/2022\/12\/scar-id-catarina-camelo-mare-small-earrings-mini-768x1061.jpg",768,1061,true],"large":["https:\/\/scar-id.com\/wp-content\/uploads\/2022\/12\/scar-id-catarina-camelo-mare-small-earrings-mini-741x1024.jpg",741,1024,true],"1536x1536":["https:\/\/scar-id.com\/wp-content\/uploads\/2022\/12\/scar-id-catarina-camelo-mare-small-earrings-mini.jpg",824,1138,false],"2048x2048":["https:\/\/scar-id.com\/wp-content\/uploads\/2022\/12\/scar-id-catarina-camelo-mare-small-earrings-mini.jpg",824,1138,false],"woocommerce_thumbnail":["https:\/\/scar-id.com\/wp-content\/uploads\/2022\/12\/scar-id-catarina-camelo-mare-small-earrings-mini-324x447.jpg",324,447,true],"woocommerce_single":["https:\/\/scar-id.com\/wp-content\/uploads\/2022\/12\/scar-id-catarina-camelo-mare-small-earrings-mini-416x575.jpg",416,575,true],"woocommerce_gallery_thumbnail":["https:\/\/scar-id.com\/wp-content\/uploads\/2022\/12\/scar-id-catarina-camelo-mare-small-earrings-mini-100x100.jpg",100,100,true]},"uagb_author_info":{"display_name":"scar-id","author_link":"https:\/\/scar-id.com\/pt-pt\/author\/"},"uagb_comment_info":0,"uagb_excerpt":"Material: Lat\u00e3o com acabamento dourado polido &nbsp; Todas as pe\u00e7as de Catarina Camelo est\u00e3o dispon\u00edveis na SCAR-ID e em scar-id.com Desenhado e Produzido em Portugal Para informa\u00e7\u00f5es e medidas, p.f. contacte-nos: info@scar-id.com\u00a0\/ (+351) 22\u00a0203 3087","_links":{"self":[{"href":"https:\/\/scar-id.com\/pt-pt\/wp-json\/wp\/v2\/product\/23255","targetHints":{"allow":["GET"]}}],"collection":[{"href":"https:\/\/scar-id.com\/pt-pt\/wp-json\/wp\/v2\/product"}],"about":[{"href":"https:\/\/scar-id.com\/pt-pt\/wp-json\/wp\/v2\/types\/product"}],"wp:featuredmedia":[{"embeddable":true,"href":"https:\/\/scar-id.com\/pt-pt\/wp-json\/wp\/v2\/media\/23200"}],"wp:attachment":[{"href":"https:\/\/scar-id.com\/pt-pt\/wp-json\/wp\/v2\/media?parent=23255"}],"wp:term":[{"taxonomy":"product_brand","embeddable":true,"href":"https:\/\/scar-id.com\/pt-pt\/wp-json\/wp\/v2\/product_brand?post=23255"},{"taxonomy":"product_cat","embeddable":true,"href":"https:\/\/scar-id.com\/pt-pt\/wp-json\/wp\/v2\/product_cat?post=23255"},{"taxonomy":"product_tag","embeddable":true,"href":"https:\/\/scar-id.com\/pt-pt\/wp-json\/wp\/v2\/product_tag?post=23255"}],"curies":[{"name":"wp","href":"https:\/\/api.w.org\/{rel}","templated":true}]}}