{"id":23551,"date":"2023-01-12T16:55:47","date_gmt":"2023-01-12T16:55:47","guid":{"rendered":"https:\/\/scar-id.com\/produto\/drop-mirror\/"},"modified":"2023-01-12T17:21:32","modified_gmt":"2023-01-12T17:21:32","slug":"drop-mirror","status":"publish","type":"product","link":"https:\/\/scar-id.com\/pt-pt\/produto\/drop-mirror\/","title":{"rendered":"Espelho Drop"},"content":{"rendered":"<!DOCTYPE html PUBLIC \"-\/\/W3C\/\/DTD HTML 4.0 Transitional\/\/EN\" \"http:\/\/www.w3.org\/TR\/REC-html40\/loose.dtd\">\n<html><body><p><img fetchpriority=\"high\" decoding=\"async\" class=\"alignnone size-full wp-image-23545\" src=\"https:\/\/scar-id.com\/wp-content\/uploads\/2023\/01\/oia-scar-id-drop-morror-1.jpg\" alt=\"\" width=\"1400\" height=\"1607\" srcset=\"https:\/\/scar-id.com\/wp-content\/uploads\/2023\/01\/oia-scar-id-drop-morror-1.jpg 1400w, https:\/\/scar-id.com\/wp-content\/uploads\/2023\/01\/oia-scar-id-drop-morror-1-261x300.jpg 261w, https:\/\/scar-id.com\/wp-content\/uploads\/2023\/01\/oia-scar-id-drop-morror-1-892x1024.jpg 892w, https:\/\/scar-id.com\/wp-content\/uploads\/2023\/01\/oia-scar-id-drop-morror-1-768x882.jpg 768w, https:\/\/scar-id.com\/wp-content\/uploads\/2023\/01\/oia-scar-id-drop-morror-1-1338x1536.jpg 1338w, https:\/\/scar-id.com\/wp-content\/uploads\/2023\/01\/oia-scar-id-drop-morror-1-324x372.jpg 324w, https:\/\/scar-id.com\/wp-content\/uploads\/2023\/01\/oia-scar-id-drop-morror-1-416x478.jpg 416w\" sizes=\"(max-width: 1400px) 100vw, 1400px\" \/><\/p>\n<\/body><\/html>\n","protected":false},"excerpt":{"rendered":"<h6><strong>Description: <\/strong>Drop \u00e9 um espelho que esconde 3 diferentes formas de uso: de pousar, de pendurar e de m\u00e3o. Equivale a aproximadamente 1 embalagem de detergente<\/h6>\n<h6><strong>Material: <\/strong>HDPE pl\u00e1stico reciclado<\/h6>\n<h6><strong>Cuidado: <\/strong>Limpar com um pano h\u00famido<\/h6>\n<h6><strong>Dimens\u00f5es<\/strong> 20 x 20 x 20cm<\/h6>\n<h6><strong>Peso: <\/strong>250gr<\/h6>\n<h6><\/h6>\n<p>&nbsp;<\/p>\n<p>&nbsp;<\/p>\n<h6><\/h6>\n<h6><\/h6>\n<h6>Os produtos Oi\u00e1 s\u00e3o<\/h6>\n<h6>Desenhados e Produzidos em Portugal e<\/h6>\n<h6>est\u00e3o dispon\u00edveis na scar-id e em scar-id.com<\/h6>\n<h6>Para informa\u00e7\u00f5es p.f. contacte-nos:<\/h6>\n<h6><a href=\"mailto:info@scar-id.com\">info@scar-id.com<\/a>\u00a0\/ (+351) 22\u00a0203 3087<\/h6>\n","protected":false},"featured_media":23512,"template":"","meta":{"_uag_custom_page_level_css":""},"product_brand":[],"product_cat":[384],"product_tag":[],"class_list":{"0":"post-23551","1":"product","2":"type-product","3":"status-publish","4":"has-post-thumbnail","6":"product_cat-oia-pt","8":"first","9":"instock","10":"taxable","11":"shipping-taxable","12":"purchasable","13":"product-type-simple"},"aioseo_notices":[],"uagb_featured_image_src":{"full":["https:\/\/scar-id.com\/wp-content\/uploads\/2023\/01\/oia-scar-id-drop-espelho-mirror-mini.jpg",824,1138,false],"thumbnail":["https:\/\/scar-id.com\/wp-content\/uploads\/2023\/01\/oia-scar-id-drop-espelho-mirror-mini-150x150.jpg",150,150,true],"medium":["https:\/\/scar-id.com\/wp-content\/uploads\/2023\/01\/oia-scar-id-drop-espelho-mirror-mini-217x300.jpg",217,300,true],"medium_large":["https:\/\/scar-id.com\/wp-content\/uploads\/2023\/01\/oia-scar-id-drop-espelho-mirror-mini-768x1061.jpg",768,1061,true],"large":["https:\/\/scar-id.com\/wp-content\/uploads\/2023\/01\/oia-scar-id-drop-espelho-mirror-mini-741x1024.jpg",741,1024,true],"1536x1536":["https:\/\/scar-id.com\/wp-content\/uploads\/2023\/01\/oia-scar-id-drop-espelho-mirror-mini.jpg",824,1138,false],"2048x2048":["https:\/\/scar-id.com\/wp-content\/uploads\/2023\/01\/oia-scar-id-drop-espelho-mirror-mini.jpg",824,1138,false],"woocommerce_thumbnail":["https:\/\/scar-id.com\/wp-content\/uploads\/2023\/01\/oia-scar-id-drop-espelho-mirror-mini-324x447.jpg",324,447,true],"woocommerce_single":["https:\/\/scar-id.com\/wp-content\/uploads\/2023\/01\/oia-scar-id-drop-espelho-mirror-mini-416x575.jpg",416,575,true],"woocommerce_gallery_thumbnail":["https:\/\/scar-id.com\/wp-content\/uploads\/2023\/01\/oia-scar-id-drop-espelho-mirror-mini-100x100.jpg",100,100,true]},"uagb_author_info":{"display_name":"scar-id","author_link":"https:\/\/scar-id.com\/pt-pt\/author\/"},"uagb_comment_info":0,"uagb_excerpt":"Description: Drop \u00e9 um espelho que esconde 3 diferentes formas de uso: de pousar, de pendurar e de m\u00e3o. Equivale a aproximadamente 1 embalagem de detergente Material: HDPE pl\u00e1stico reciclado Cuidado: Limpar com um pano h\u00famido Dimens\u00f5es 20 x 20 x 20cm Peso: 250gr &nbsp; &nbsp; Os produtos Oi\u00e1 s\u00e3o Desenhados e Produzidos em Portugal&hellip;","_links":{"self":[{"href":"https:\/\/scar-id.com\/pt-pt\/wp-json\/wp\/v2\/product\/23551","targetHints":{"allow":["GET"]}}],"collection":[{"href":"https:\/\/scar-id.com\/pt-pt\/wp-json\/wp\/v2\/product"}],"about":[{"href":"https:\/\/scar-id.com\/pt-pt\/wp-json\/wp\/v2\/types\/product"}],"wp:featuredmedia":[{"embeddable":true,"href":"https:\/\/scar-id.com\/pt-pt\/wp-json\/wp\/v2\/media\/23512"}],"wp:attachment":[{"href":"https:\/\/scar-id.com\/pt-pt\/wp-json\/wp\/v2\/media?parent=23551"}],"wp:term":[{"taxonomy":"product_brand","embeddable":true,"href":"https:\/\/scar-id.com\/pt-pt\/wp-json\/wp\/v2\/product_brand?post=23551"},{"taxonomy":"product_cat","embeddable":true,"href":"https:\/\/scar-id.com\/pt-pt\/wp-json\/wp\/v2\/product_cat?post=23551"},{"taxonomy":"product_tag","embeddable":true,"href":"https:\/\/scar-id.com\/pt-pt\/wp-json\/wp\/v2\/product_tag?post=23551"}],"curies":[{"name":"wp","href":"https:\/\/api.w.org\/{rel}","templated":true}]}}