{"id":23553,"date":"2023-01-12T15:55:49","date_gmt":"2023-01-12T15:55:49","guid":{"rendered":"https:\/\/scar-id.com\/produto\/tangram\/"},"modified":"2023-01-12T17:21:55","modified_gmt":"2023-01-12T17:21:55","slug":"tangram","status":"publish","type":"product","link":"https:\/\/scar-id.com\/pt-pt\/produto\/tangram\/","title":{"rendered":"Tangram"},"content":{"rendered":"<!DOCTYPE html PUBLIC \"-\/\/W3C\/\/DTD HTML 4.0 Transitional\/\/EN\" \"http:\/\/www.w3.org\/TR\/REC-html40\/loose.dtd\">\n<html><body><p><img fetchpriority=\"high\" decoding=\"async\" class=\"alignnone size-full wp-image-23537\" src=\"https:\/\/scar-id.com\/wp-content\/uploads\/2023\/01\/oia-scar-id-tangram-2.jpg\" alt=\"\" width=\"1400\" height=\"1400\" srcset=\"https:\/\/scar-id.com\/wp-content\/uploads\/2023\/01\/oia-scar-id-tangram-2.jpg 1400w, https:\/\/scar-id.com\/wp-content\/uploads\/2023\/01\/oia-scar-id-tangram-2-300x300.jpg 300w, https:\/\/scar-id.com\/wp-content\/uploads\/2023\/01\/oia-scar-id-tangram-2-1024x1024.jpg 1024w, https:\/\/scar-id.com\/wp-content\/uploads\/2023\/01\/oia-scar-id-tangram-2-150x150.jpg 150w, https:\/\/scar-id.com\/wp-content\/uploads\/2023\/01\/oia-scar-id-tangram-2-768x768.jpg 768w, https:\/\/scar-id.com\/wp-content\/uploads\/2023\/01\/oia-scar-id-tangram-2-324x324.jpg 324w, https:\/\/scar-id.com\/wp-content\/uploads\/2023\/01\/oia-scar-id-tangram-2-416x416.jpg 416w, https:\/\/scar-id.com\/wp-content\/uploads\/2023\/01\/oia-scar-id-tangram-2-100x100.jpg 100w\" sizes=\"(max-width: 1400px) 100vw, 1400px\" \/> <img decoding=\"async\" class=\"alignnone size-full wp-image-23539\" src=\"https:\/\/scar-id.com\/wp-content\/uploads\/2023\/01\/oia-scar-id-tangram-3.jpg\" alt=\"\" width=\"1400\" height=\"1400\" srcset=\"https:\/\/scar-id.com\/wp-content\/uploads\/2023\/01\/oia-scar-id-tangram-3.jpg 1400w, https:\/\/scar-id.com\/wp-content\/uploads\/2023\/01\/oia-scar-id-tangram-3-300x300.jpg 300w, https:\/\/scar-id.com\/wp-content\/uploads\/2023\/01\/oia-scar-id-tangram-3-1024x1024.jpg 1024w, https:\/\/scar-id.com\/wp-content\/uploads\/2023\/01\/oia-scar-id-tangram-3-150x150.jpg 150w, https:\/\/scar-id.com\/wp-content\/uploads\/2023\/01\/oia-scar-id-tangram-3-768x768.jpg 768w, https:\/\/scar-id.com\/wp-content\/uploads\/2023\/01\/oia-scar-id-tangram-3-324x324.jpg 324w, https:\/\/scar-id.com\/wp-content\/uploads\/2023\/01\/oia-scar-id-tangram-3-416x416.jpg 416w, https:\/\/scar-id.com\/wp-content\/uploads\/2023\/01\/oia-scar-id-tangram-3-100x100.jpg 100w\" sizes=\"(max-width: 1400px) 100vw, 1400px\" \/><img decoding=\"async\" class=\"alignnone size-full wp-image-23535\" src=\"https:\/\/scar-id.com\/wp-content\/uploads\/2023\/01\/oia-scar-id-tangram.jpg\" alt=\"\" width=\"1400\" height=\"1146\" srcset=\"https:\/\/scar-id.com\/wp-content\/uploads\/2023\/01\/oia-scar-id-tangram.jpg 1400w, https:\/\/scar-id.com\/wp-content\/uploads\/2023\/01\/oia-scar-id-tangram-300x246.jpg 300w, https:\/\/scar-id.com\/wp-content\/uploads\/2023\/01\/oia-scar-id-tangram-1024x838.jpg 1024w, https:\/\/scar-id.com\/wp-content\/uploads\/2023\/01\/oia-scar-id-tangram-768x629.jpg 768w, https:\/\/scar-id.com\/wp-content\/uploads\/2023\/01\/oia-scar-id-tangram-324x265.jpg 324w, https:\/\/scar-id.com\/wp-content\/uploads\/2023\/01\/oia-scar-id-tangram-416x341.jpg 416w\" sizes=\"(max-width: 1400px) 100vw, 1400px\" \/><\/p>\n<\/body><\/html>\n","protected":false},"excerpt":{"rendered":"<h6><strong>Description: <\/strong>O quebra-cabe\u00e7as chin\u00eas reinventado com cores vibrantes e texturas \u00fanicas. Um jogo l\u00fadico e divertido para toda a fam\u00edlia. Cada vers\u00e3o tem um tema ligado \u00e0 natureza e 4 figuras diferentes. As pe\u00e7as que comp\u00f5em o Tangram s\u00e3o feitas com pl\u00e1stico reciclado e a embalagem feita de cart\u00e3o e el\u00e1stico reaproveitados. equivale a 44 tampinhas<\/h6>\n<h6><strong>Material: <\/strong>HDPE pl\u00e1stico reciclado<\/h6>\n<h6><strong>Cuidado: <\/strong>Limpar com um pano h\u00famido<\/h6>\n<h6><strong>Dimens\u00f5es:<\/strong> 13 x 13 x 2 cm<\/h6>\n<h6><strong>Peso: <\/strong>91gr<\/h6>\n<h6><\/h6>\n<h6><\/h6>\n<h6><\/h6>\n<p>&nbsp;<\/p>\n<p>&nbsp;<\/p>\n<h6>Os produtos Oi\u00e1 s\u00e3o<\/h6>\n<h6>Desenhados e Produzidos em Portugal e<\/h6>\n<h6>est\u00e3o dispon\u00edveis na scar-id e em scar-id.com<\/h6>\n<h6>Para informa\u00e7\u00f5es p.f. contacte-nos:<\/h6>\n<h6><a href=\"mailto:info@scar-id.com\">info@scar-id.com<\/a>\u00a0\/ (+351) 22\u00a0203 3087<\/h6>\n","protected":false},"featured_media":23520,"template":"","meta":{"_uag_custom_page_level_css":""},"product_brand":[],"product_cat":[384],"product_tag":[],"class_list":{"0":"post-23553","1":"product","2":"type-product","3":"status-publish","4":"has-post-thumbnail","6":"product_cat-oia-pt","7":"pif-has-gallery","9":"first","10":"instock","11":"taxable","12":"shipping-taxable","13":"purchasable","14":"product-type-simple"},"aioseo_notices":[],"uagb_featured_image_src":{"full":["https:\/\/scar-id.com\/wp-content\/uploads\/2023\/01\/oia-scar-id-tamgram-mini.jpg",824,1138,false],"thumbnail":["https:\/\/scar-id.com\/wp-content\/uploads\/2023\/01\/oia-scar-id-tamgram-mini-150x150.jpg",150,150,true],"medium":["https:\/\/scar-id.com\/wp-content\/uploads\/2023\/01\/oia-scar-id-tamgram-mini-217x300.jpg",217,300,true],"medium_large":["https:\/\/scar-id.com\/wp-content\/uploads\/2023\/01\/oia-scar-id-tamgram-mini-768x1061.jpg",768,1061,true],"large":["https:\/\/scar-id.com\/wp-content\/uploads\/2023\/01\/oia-scar-id-tamgram-mini-741x1024.jpg",741,1024,true],"1536x1536":["https:\/\/scar-id.com\/wp-content\/uploads\/2023\/01\/oia-scar-id-tamgram-mini.jpg",824,1138,false],"2048x2048":["https:\/\/scar-id.com\/wp-content\/uploads\/2023\/01\/oia-scar-id-tamgram-mini.jpg",824,1138,false],"woocommerce_thumbnail":["https:\/\/scar-id.com\/wp-content\/uploads\/2023\/01\/oia-scar-id-tamgram-mini-324x447.jpg",324,447,true],"woocommerce_single":["https:\/\/scar-id.com\/wp-content\/uploads\/2023\/01\/oia-scar-id-tamgram-mini-416x575.jpg",416,575,true],"woocommerce_gallery_thumbnail":["https:\/\/scar-id.com\/wp-content\/uploads\/2023\/01\/oia-scar-id-tamgram-mini-100x100.jpg",100,100,true]},"uagb_author_info":{"display_name":"scar-id","author_link":"https:\/\/scar-id.com\/pt-pt\/author\/"},"uagb_comment_info":0,"uagb_excerpt":"Description: O quebra-cabe\u00e7as chin\u00eas reinventado com cores vibrantes e texturas \u00fanicas. Um jogo l\u00fadico e divertido para toda a fam\u00edlia. Cada vers\u00e3o tem um tema ligado \u00e0 natureza e 4 figuras diferentes. As pe\u00e7as que comp\u00f5em o Tangram s\u00e3o feitas com pl\u00e1stico reciclado e a embalagem feita de cart\u00e3o e el\u00e1stico reaproveitados. equivale a 44&hellip;","_links":{"self":[{"href":"https:\/\/scar-id.com\/pt-pt\/wp-json\/wp\/v2\/product\/23553","targetHints":{"allow":["GET"]}}],"collection":[{"href":"https:\/\/scar-id.com\/pt-pt\/wp-json\/wp\/v2\/product"}],"about":[{"href":"https:\/\/scar-id.com\/pt-pt\/wp-json\/wp\/v2\/types\/product"}],"wp:featuredmedia":[{"embeddable":true,"href":"https:\/\/scar-id.com\/pt-pt\/wp-json\/wp\/v2\/media\/23520"}],"wp:attachment":[{"href":"https:\/\/scar-id.com\/pt-pt\/wp-json\/wp\/v2\/media?parent=23553"}],"wp:term":[{"taxonomy":"product_brand","embeddable":true,"href":"https:\/\/scar-id.com\/pt-pt\/wp-json\/wp\/v2\/product_brand?post=23553"},{"taxonomy":"product_cat","embeddable":true,"href":"https:\/\/scar-id.com\/pt-pt\/wp-json\/wp\/v2\/product_cat?post=23553"},{"taxonomy":"product_tag","embeddable":true,"href":"https:\/\/scar-id.com\/pt-pt\/wp-json\/wp\/v2\/product_tag?post=23553"}],"curies":[{"name":"wp","href":"https:\/\/api.w.org\/{rel}","templated":true}]}}