{"id":23555,"date":"2023-01-12T15:55:46","date_gmt":"2023-01-12T15:55:46","guid":{"rendered":"https:\/\/scar-id.com\/produto\/small-hook\/"},"modified":"2023-01-12T17:22:16","modified_gmt":"2023-01-12T17:22:16","slug":"small-hook","status":"publish","type":"product","link":"https:\/\/scar-id.com\/pt-pt\/produto\/small-hook\/","title":{"rendered":"Hook Pequeno"},"content":{"rendered":"<!DOCTYPE html PUBLIC \"-\/\/W3C\/\/DTD HTML 4.0 Transitional\/\/EN\" \"http:\/\/www.w3.org\/TR\/REC-html40\/loose.dtd\">\n<html><body><p><img fetchpriority=\"high\" decoding=\"async\" class=\"alignnone size-full wp-image-23533\" src=\"https:\/\/scar-id.com\/wp-content\/uploads\/2023\/01\/oia-scar-id-hook-3.jpg\" alt=\"\" width=\"1400\" height=\"1400\" srcset=\"https:\/\/scar-id.com\/wp-content\/uploads\/2023\/01\/oia-scar-id-hook-3.jpg 1400w, https:\/\/scar-id.com\/wp-content\/uploads\/2023\/01\/oia-scar-id-hook-3-300x300.jpg 300w, https:\/\/scar-id.com\/wp-content\/uploads\/2023\/01\/oia-scar-id-hook-3-1024x1024.jpg 1024w, https:\/\/scar-id.com\/wp-content\/uploads\/2023\/01\/oia-scar-id-hook-3-150x150.jpg 150w, https:\/\/scar-id.com\/wp-content\/uploads\/2023\/01\/oia-scar-id-hook-3-768x768.jpg 768w, https:\/\/scar-id.com\/wp-content\/uploads\/2023\/01\/oia-scar-id-hook-3-324x324.jpg 324w, https:\/\/scar-id.com\/wp-content\/uploads\/2023\/01\/oia-scar-id-hook-3-416x416.jpg 416w, https:\/\/scar-id.com\/wp-content\/uploads\/2023\/01\/oia-scar-id-hook-3-100x100.jpg 100w\" sizes=\"(max-width: 1400px) 100vw, 1400px\" \/> <img decoding=\"async\" class=\"alignnone size-full wp-image-23531\" src=\"https:\/\/scar-id.com\/wp-content\/uploads\/2023\/01\/oia-scar-id-hook-2.jpg\" alt=\"\" width=\"1400\" height=\"1815\" srcset=\"https:\/\/scar-id.com\/wp-content\/uploads\/2023\/01\/oia-scar-id-hook-2.jpg 1400w, https:\/\/scar-id.com\/wp-content\/uploads\/2023\/01\/oia-scar-id-hook-2-231x300.jpg 231w, https:\/\/scar-id.com\/wp-content\/uploads\/2023\/01\/oia-scar-id-hook-2-790x1024.jpg 790w, https:\/\/scar-id.com\/wp-content\/uploads\/2023\/01\/oia-scar-id-hook-2-768x996.jpg 768w, https:\/\/scar-id.com\/wp-content\/uploads\/2023\/01\/oia-scar-id-hook-2-1185x1536.jpg 1185w, https:\/\/scar-id.com\/wp-content\/uploads\/2023\/01\/oia-scar-id-hook-2-324x420.jpg 324w, https:\/\/scar-id.com\/wp-content\/uploads\/2023\/01\/oia-scar-id-hook-2-416x539.jpg 416w\" sizes=\"(max-width: 1400px) 100vw, 1400px\" \/> <img decoding=\"async\" class=\"alignnone size-full wp-image-23529\" src=\"https:\/\/scar-id.com\/wp-content\/uploads\/2023\/01\/oia-scar-id-hook-1.jpg\" alt=\"\" width=\"1400\" height=\"1501\" srcset=\"https:\/\/scar-id.com\/wp-content\/uploads\/2023\/01\/oia-scar-id-hook-1.jpg 1400w, https:\/\/scar-id.com\/wp-content\/uploads\/2023\/01\/oia-scar-id-hook-1-280x300.jpg 280w, https:\/\/scar-id.com\/wp-content\/uploads\/2023\/01\/oia-scar-id-hook-1-955x1024.jpg 955w, https:\/\/scar-id.com\/wp-content\/uploads\/2023\/01\/oia-scar-id-hook-1-768x823.jpg 768w, https:\/\/scar-id.com\/wp-content\/uploads\/2023\/01\/oia-scar-id-hook-1-324x347.jpg 324w, https:\/\/scar-id.com\/wp-content\/uploads\/2023\/01\/oia-scar-id-hook-1-416x446.jpg 416w\" sizes=\"(max-width: 1400px) 100vw, 1400px\" \/><\/p>\n<\/body><\/html>\n","protected":false},"excerpt":{"rendered":"<h6><strong>Description: <\/strong>Hook \u00e9 um cabide feito com pl\u00e1stico reciclado capaz de transformar qualquer parede. Podem ser utilizados individualmente ou combinados. Equivalente a aproximadamente 1\/2 emabalgem de detergente.<\/h6>\n<h6><strong>Material: <\/strong>HDPE pl\u00e1stico reciclado<\/h6>\n<h6><strong>Cuidado: <\/strong>Limpar com um pano h\u00famido<\/h6>\n<h6><strong>Dimens\u00f5es:<\/strong> 6 x 6 x 4,5cm<\/h6>\n<h6><strong>Peso: <\/strong>50gr<\/h6>\n<h6><\/h6>\n<h6><\/h6>\n<h6><\/h6>\n<p>&nbsp;<\/p>\n<p>&nbsp;<\/p>\n<h6>Os produtos Oi\u00e1 s\u00e3o<\/h6>\n<h6>Desenhados e Produzidos em Portugal e<\/h6>\n<h6>est\u00e3o dispon\u00edveis na scar-id e em scar-id.com<\/h6>\n<h6>Para informa\u00e7\u00f5es p.f. contacte-nos:<\/h6>\n<h6><a href=\"mailto:info@scar-id.com\">info@scar-id.com<\/a>\u00a0\/ (+351) 22\u00a0203 3087<\/h6>\n","protected":false},"featured_media":23550,"template":"","meta":{"_uag_custom_page_level_css":""},"product_brand":[],"product_cat":[384],"product_tag":[],"class_list":{"0":"post-23555","1":"product","2":"type-product","3":"status-publish","4":"has-post-thumbnail","6":"product_cat-oia-pt","7":"pif-has-gallery","9":"first","10":"instock","11":"taxable","12":"shipping-taxable","13":"purchasable","14":"product-type-simple"},"aioseo_notices":[],"uagb_featured_image_src":{"full":["https:\/\/scar-id.com\/wp-content\/uploads\/2023\/01\/oia-scar-id-hook-mini-33-1.jpg",824,1138,false],"thumbnail":["https:\/\/scar-id.com\/wp-content\/uploads\/2023\/01\/oia-scar-id-hook-mini-33-1-150x150.jpg",150,150,true],"medium":["https:\/\/scar-id.com\/wp-content\/uploads\/2023\/01\/oia-scar-id-hook-mini-33-1-217x300.jpg",217,300,true],"medium_large":["https:\/\/scar-id.com\/wp-content\/uploads\/2023\/01\/oia-scar-id-hook-mini-33-1-768x1061.jpg",768,1061,true],"large":["https:\/\/scar-id.com\/wp-content\/uploads\/2023\/01\/oia-scar-id-hook-mini-33-1-741x1024.jpg",741,1024,true],"1536x1536":["https:\/\/scar-id.com\/wp-content\/uploads\/2023\/01\/oia-scar-id-hook-mini-33-1.jpg",824,1138,false],"2048x2048":["https:\/\/scar-id.com\/wp-content\/uploads\/2023\/01\/oia-scar-id-hook-mini-33-1.jpg",824,1138,false],"woocommerce_thumbnail":["https:\/\/scar-id.com\/wp-content\/uploads\/2023\/01\/oia-scar-id-hook-mini-33-1-324x447.jpg",324,447,true],"woocommerce_single":["https:\/\/scar-id.com\/wp-content\/uploads\/2023\/01\/oia-scar-id-hook-mini-33-1-416x575.jpg",416,575,true],"woocommerce_gallery_thumbnail":["https:\/\/scar-id.com\/wp-content\/uploads\/2023\/01\/oia-scar-id-hook-mini-33-1-100x100.jpg",100,100,true]},"uagb_author_info":{"display_name":"scar-id","author_link":"https:\/\/scar-id.com\/pt-pt\/author\/"},"uagb_comment_info":0,"uagb_excerpt":"Description: Hook \u00e9 um cabide feito com pl\u00e1stico reciclado capaz de transformar qualquer parede. Podem ser utilizados individualmente ou combinados. Equivalente a aproximadamente 1\/2 emabalgem de detergente. Material: HDPE pl\u00e1stico reciclado Cuidado: Limpar com um pano h\u00famido Dimens\u00f5es: 6 x 6 x 4,5cm Peso: 50gr &nbsp; &nbsp; Os produtos Oi\u00e1 s\u00e3o Desenhados e Produzidos em&hellip;","_links":{"self":[{"href":"https:\/\/scar-id.com\/pt-pt\/wp-json\/wp\/v2\/product\/23555","targetHints":{"allow":["GET"]}}],"collection":[{"href":"https:\/\/scar-id.com\/pt-pt\/wp-json\/wp\/v2\/product"}],"about":[{"href":"https:\/\/scar-id.com\/pt-pt\/wp-json\/wp\/v2\/types\/product"}],"wp:featuredmedia":[{"embeddable":true,"href":"https:\/\/scar-id.com\/pt-pt\/wp-json\/wp\/v2\/media\/23550"}],"wp:attachment":[{"href":"https:\/\/scar-id.com\/pt-pt\/wp-json\/wp\/v2\/media?parent=23555"}],"wp:term":[{"taxonomy":"product_brand","embeddable":true,"href":"https:\/\/scar-id.com\/pt-pt\/wp-json\/wp\/v2\/product_brand?post=23555"},{"taxonomy":"product_cat","embeddable":true,"href":"https:\/\/scar-id.com\/pt-pt\/wp-json\/wp\/v2\/product_cat?post=23555"},{"taxonomy":"product_tag","embeddable":true,"href":"https:\/\/scar-id.com\/pt-pt\/wp-json\/wp\/v2\/product_tag?post=23555"}],"curies":[{"name":"wp","href":"https:\/\/api.w.org\/{rel}","templated":true}]}}