{"id":23675,"date":"2023-04-06T14:11:39","date_gmt":"2023-04-06T14:11:39","guid":{"rendered":"https:\/\/scar-id.com\/produto\/pega-hook\/"},"modified":"2023-04-06T16:17:49","modified_gmt":"2023-04-06T16:17:49","slug":"pega-hook","status":"publish","type":"product","link":"https:\/\/scar-id.com\/pt-pt\/produto\/pega-hook\/","title":{"rendered":"Cabibe de Parede Pega"},"content":{"rendered":"<!DOCTYPE html PUBLIC \"-\/\/W3C\/\/DTD HTML 4.0 Transitional\/\/EN\" \"http:\/\/www.w3.org\/TR\/REC-html40\/loose.dtd\">\n<html><body><p><img fetchpriority=\"high\" decoding=\"async\" class=\"alignnone size-full wp-image-23652\" src=\"https:\/\/scar-id.com\/wp-content\/uploads\/2023\/04\/scar-id-galula-pega-dark-cork-hook-1.jpg\" alt=\"\" width=\"1400\" height=\"933\" srcset=\"https:\/\/scar-id.com\/wp-content\/uploads\/2023\/04\/scar-id-galula-pega-dark-cork-hook-1.jpg 1400w, https:\/\/scar-id.com\/wp-content\/uploads\/2023\/04\/scar-id-galula-pega-dark-cork-hook-1-300x200.jpg 300w, https:\/\/scar-id.com\/wp-content\/uploads\/2023\/04\/scar-id-galula-pega-dark-cork-hook-1-1024x682.jpg 1024w, https:\/\/scar-id.com\/wp-content\/uploads\/2023\/04\/scar-id-galula-pega-dark-cork-hook-1-768x512.jpg 768w, https:\/\/scar-id.com\/wp-content\/uploads\/2023\/04\/scar-id-galula-pega-dark-cork-hook-1-324x216.jpg 324w, https:\/\/scar-id.com\/wp-content\/uploads\/2023\/04\/scar-id-galula-pega-dark-cork-hook-1-416x277.jpg 416w\" sizes=\"(max-width: 1400px) 100vw, 1400px\" \/> <img decoding=\"async\" class=\"alignnone size-full wp-image-23654\" src=\"https:\/\/scar-id.com\/wp-content\/uploads\/2023\/04\/scar-id-galula-pega-dark-cork-hook-2.jpg\" alt=\"\" width=\"1400\" height=\"933\" srcset=\"https:\/\/scar-id.com\/wp-content\/uploads\/2023\/04\/scar-id-galula-pega-dark-cork-hook-2.jpg 1400w, https:\/\/scar-id.com\/wp-content\/uploads\/2023\/04\/scar-id-galula-pega-dark-cork-hook-2-300x200.jpg 300w, https:\/\/scar-id.com\/wp-content\/uploads\/2023\/04\/scar-id-galula-pega-dark-cork-hook-2-1024x682.jpg 1024w, https:\/\/scar-id.com\/wp-content\/uploads\/2023\/04\/scar-id-galula-pega-dark-cork-hook-2-768x512.jpg 768w, https:\/\/scar-id.com\/wp-content\/uploads\/2023\/04\/scar-id-galula-pega-dark-cork-hook-2-324x216.jpg 324w, https:\/\/scar-id.com\/wp-content\/uploads\/2023\/04\/scar-id-galula-pega-dark-cork-hook-2-416x277.jpg 416w\" sizes=\"(max-width: 1400px) 100vw, 1400px\" \/> <img decoding=\"async\" class=\"alignnone size-full wp-image-23656\" src=\"https:\/\/scar-id.com\/wp-content\/uploads\/2023\/04\/scar-id-galula-pega-dark-cork-hook-3.jpg\" alt=\"\" width=\"1400\" height=\"933\" srcset=\"https:\/\/scar-id.com\/wp-content\/uploads\/2023\/04\/scar-id-galula-pega-dark-cork-hook-3.jpg 1400w, https:\/\/scar-id.com\/wp-content\/uploads\/2023\/04\/scar-id-galula-pega-dark-cork-hook-3-300x200.jpg 300w, https:\/\/scar-id.com\/wp-content\/uploads\/2023\/04\/scar-id-galula-pega-dark-cork-hook-3-1024x682.jpg 1024w, https:\/\/scar-id.com\/wp-content\/uploads\/2023\/04\/scar-id-galula-pega-dark-cork-hook-3-768x512.jpg 768w, https:\/\/scar-id.com\/wp-content\/uploads\/2023\/04\/scar-id-galula-pega-dark-cork-hook-3-324x216.jpg 324w, https:\/\/scar-id.com\/wp-content\/uploads\/2023\/04\/scar-id-galula-pega-dark-cork-hook-3-416x277.jpg 416w\" sizes=\"(max-width: 1400px) 100vw, 1400px\" \/> <img loading=\"lazy\" decoding=\"async\" class=\"alignnone size-full wp-image-23658\" src=\"https:\/\/scar-id.com\/wp-content\/uploads\/2023\/04\/scar-id-galula-pega-light-cork-hook-1.jpg\" alt=\"\" width=\"1400\" height=\"933\" srcset=\"https:\/\/scar-id.com\/wp-content\/uploads\/2023\/04\/scar-id-galula-pega-light-cork-hook-1.jpg 1400w, https:\/\/scar-id.com\/wp-content\/uploads\/2023\/04\/scar-id-galula-pega-light-cork-hook-1-300x200.jpg 300w, https:\/\/scar-id.com\/wp-content\/uploads\/2023\/04\/scar-id-galula-pega-light-cork-hook-1-1024x682.jpg 1024w, https:\/\/scar-id.com\/wp-content\/uploads\/2023\/04\/scar-id-galula-pega-light-cork-hook-1-768x512.jpg 768w, https:\/\/scar-id.com\/wp-content\/uploads\/2023\/04\/scar-id-galula-pega-light-cork-hook-1-324x216.jpg 324w, https:\/\/scar-id.com\/wp-content\/uploads\/2023\/04\/scar-id-galula-pega-light-cork-hook-1-416x277.jpg 416w\" sizes=\"(max-width: 1400px) 100vw, 1400px\" \/> <img loading=\"lazy\" decoding=\"async\" class=\"alignnone size-full wp-image-23660\" src=\"https:\/\/scar-id.com\/wp-content\/uploads\/2023\/04\/scar-id-galula-pega-light-cork-hook-2.jpg\" alt=\"\" width=\"1400\" height=\"2100\" srcset=\"https:\/\/scar-id.com\/wp-content\/uploads\/2023\/04\/scar-id-galula-pega-light-cork-hook-2.jpg 1400w, https:\/\/scar-id.com\/wp-content\/uploads\/2023\/04\/scar-id-galula-pega-light-cork-hook-2-200x300.jpg 200w, https:\/\/scar-id.com\/wp-content\/uploads\/2023\/04\/scar-id-galula-pega-light-cork-hook-2-683x1024.jpg 683w, https:\/\/scar-id.com\/wp-content\/uploads\/2023\/04\/scar-id-galula-pega-light-cork-hook-2-768x1152.jpg 768w, https:\/\/scar-id.com\/wp-content\/uploads\/2023\/04\/scar-id-galula-pega-light-cork-hook-2-1024x1536.jpg 1024w, https:\/\/scar-id.com\/wp-content\/uploads\/2023\/04\/scar-id-galula-pega-light-cork-hook-2-1365x2048.jpg 1365w, https:\/\/scar-id.com\/wp-content\/uploads\/2023\/04\/scar-id-galula-pega-light-cork-hook-2-324x486.jpg 324w, https:\/\/scar-id.com\/wp-content\/uploads\/2023\/04\/scar-id-galula-pega-light-cork-hook-2-416x624.jpg 416w\" sizes=\"(max-width: 1400px) 100vw, 1400px\" \/><\/p>\n<\/body><\/html>\n","protected":false},"excerpt":{"rendered":"<h6><strong>Material:<\/strong> Corti\u00e7a s\u00f3lida (parafusis inclu\u00eddos)<\/h6>\n<h6><strong>Cor: <\/strong>Corti\u00e7a clara \/ Corti\u00e7a escura<\/h6>\n<h6><strong>Dimens\u00f5es:<\/strong> L: 7 x P: 7 x H: 7 cm<\/h6>\n<h6><\/h6>\n<p>&nbsp;<\/p>\n<h6>Todas as pe\u00e7as de Galula s\u00e3o<\/h6>\n<h6>Desenhadas e produzidas em Portugal<\/h6>\n<h6>Para mais informa\u00e7\u00f5es e medidas, p.f. contacte-nos:<\/h6>\n<h6><a href=\"mailto:info@scar-id.com\">info@scar-id.com<\/a>\u00a0\/ (+351) 22\u00a0203 3087<\/h6>\n","protected":false},"featured_media":23663,"template":"","meta":{"_uag_custom_page_level_css":""},"product_brand":[],"product_cat":[148],"product_tag":[],"class_list":{"0":"post-23675","1":"product","2":"type-product","3":"status-publish","4":"has-post-thumbnail","6":"product_cat-galula","8":"first","9":"instock","10":"taxable","11":"shipping-taxable","12":"purchasable","13":"product-type-simple"},"aioseo_notices":[],"uagb_featured_image_src":{"full":["https:\/\/scar-id.com\/wp-content\/uploads\/2023\/04\/scar-id-galula-pega-light-cork-hook-1-1.jpg",824,1138,false],"thumbnail":["https:\/\/scar-id.com\/wp-content\/uploads\/2023\/04\/scar-id-galula-pega-light-cork-hook-1-1-150x150.jpg",150,150,true],"medium":["https:\/\/scar-id.com\/wp-content\/uploads\/2023\/04\/scar-id-galula-pega-light-cork-hook-1-1-217x300.jpg",217,300,true],"medium_large":["https:\/\/scar-id.com\/wp-content\/uploads\/2023\/04\/scar-id-galula-pega-light-cork-hook-1-1-768x1061.jpg",768,1061,true],"large":["https:\/\/scar-id.com\/wp-content\/uploads\/2023\/04\/scar-id-galula-pega-light-cork-hook-1-1-741x1024.jpg",741,1024,true],"1536x1536":["https:\/\/scar-id.com\/wp-content\/uploads\/2023\/04\/scar-id-galula-pega-light-cork-hook-1-1.jpg",824,1138,false],"2048x2048":["https:\/\/scar-id.com\/wp-content\/uploads\/2023\/04\/scar-id-galula-pega-light-cork-hook-1-1.jpg",824,1138,false],"woocommerce_thumbnail":["https:\/\/scar-id.com\/wp-content\/uploads\/2023\/04\/scar-id-galula-pega-light-cork-hook-1-1-324x447.jpg",324,447,true],"woocommerce_single":["https:\/\/scar-id.com\/wp-content\/uploads\/2023\/04\/scar-id-galula-pega-light-cork-hook-1-1-416x575.jpg",416,575,true],"woocommerce_gallery_thumbnail":["https:\/\/scar-id.com\/wp-content\/uploads\/2023\/04\/scar-id-galula-pega-light-cork-hook-1-1-100x100.jpg",100,100,true]},"uagb_author_info":{"display_name":"scar-id","author_link":"https:\/\/scar-id.com\/pt-pt\/author\/"},"uagb_comment_info":0,"uagb_excerpt":"Material: Corti\u00e7a s\u00f3lida (parafusis inclu\u00eddos) Cor: Corti\u00e7a clara \/ Corti\u00e7a escura Dimens\u00f5es: L: 7 x P: 7 x H: 7 cm &nbsp; Todas as pe\u00e7as de Galula s\u00e3o Desenhadas e produzidas em Portugal Para mais informa\u00e7\u00f5es e medidas, p.f. contacte-nos: info@scar-id.com\u00a0\/ (+351) 22\u00a0203 3087","_links":{"self":[{"href":"https:\/\/scar-id.com\/pt-pt\/wp-json\/wp\/v2\/product\/23675","targetHints":{"allow":["GET"]}}],"collection":[{"href":"https:\/\/scar-id.com\/pt-pt\/wp-json\/wp\/v2\/product"}],"about":[{"href":"https:\/\/scar-id.com\/pt-pt\/wp-json\/wp\/v2\/types\/product"}],"wp:featuredmedia":[{"embeddable":true,"href":"https:\/\/scar-id.com\/pt-pt\/wp-json\/wp\/v2\/media\/23663"}],"wp:attachment":[{"href":"https:\/\/scar-id.com\/pt-pt\/wp-json\/wp\/v2\/media?parent=23675"}],"wp:term":[{"taxonomy":"product_brand","embeddable":true,"href":"https:\/\/scar-id.com\/pt-pt\/wp-json\/wp\/v2\/product_brand?post=23675"},{"taxonomy":"product_cat","embeddable":true,"href":"https:\/\/scar-id.com\/pt-pt\/wp-json\/wp\/v2\/product_cat?post=23675"},{"taxonomy":"product_tag","embeddable":true,"href":"https:\/\/scar-id.com\/pt-pt\/wp-json\/wp\/v2\/product_tag?post=23675"}],"curies":[{"name":"wp","href":"https:\/\/api.w.org\/{rel}","templated":true}]}}