{"id":23676,"date":"2023-04-06T14:11:43","date_gmt":"2023-04-06T14:11:43","guid":{"rendered":"https:\/\/scar-id.com\/produto\/vinco-floating-shelf\/"},"modified":"2023-04-06T16:31:45","modified_gmt":"2023-04-06T16:31:45","slug":"vinco-floating-shelf","status":"publish","type":"product","link":"https:\/\/scar-id.com\/pt-pt\/produto\/vinco-floating-shelf\/","title":{"rendered":"Prateleira Flutuante Vinco"},"content":{"rendered":"<!DOCTYPE html PUBLIC \"-\/\/W3C\/\/DTD HTML 4.0 Transitional\/\/EN\" \"http:\/\/www.w3.org\/TR\/REC-html40\/loose.dtd\">\n<html><body><p><img fetchpriority=\"high\" decoding=\"async\" class=\"alignnone size-full wp-image-23628\" src=\"https:\/\/scar-id.com\/wp-content\/uploads\/2023\/04\/scar-id-galula-vinco-floating-shelf-1.jpg\" alt=\"\" width=\"1400\" height=\"933\" srcset=\"https:\/\/scar-id.com\/wp-content\/uploads\/2023\/04\/scar-id-galula-vinco-floating-shelf-1.jpg 1400w, https:\/\/scar-id.com\/wp-content\/uploads\/2023\/04\/scar-id-galula-vinco-floating-shelf-1-300x200.jpg 300w, https:\/\/scar-id.com\/wp-content\/uploads\/2023\/04\/scar-id-galula-vinco-floating-shelf-1-1024x682.jpg 1024w, https:\/\/scar-id.com\/wp-content\/uploads\/2023\/04\/scar-id-galula-vinco-floating-shelf-1-768x512.jpg 768w, https:\/\/scar-id.com\/wp-content\/uploads\/2023\/04\/scar-id-galula-vinco-floating-shelf-1-324x216.jpg 324w, https:\/\/scar-id.com\/wp-content\/uploads\/2023\/04\/scar-id-galula-vinco-floating-shelf-1-416x277.jpg 416w\" sizes=\"(max-width: 1400px) 100vw, 1400px\" \/> <img decoding=\"async\" class=\"alignnone size-full wp-image-23630\" src=\"https:\/\/scar-id.com\/wp-content\/uploads\/2023\/04\/scar-id-galula-vinco-floating-shelf-2.jpg\" alt=\"\" width=\"1400\" height=\"933\" srcset=\"https:\/\/scar-id.com\/wp-content\/uploads\/2023\/04\/scar-id-galula-vinco-floating-shelf-2.jpg 1400w, https:\/\/scar-id.com\/wp-content\/uploads\/2023\/04\/scar-id-galula-vinco-floating-shelf-2-300x200.jpg 300w, https:\/\/scar-id.com\/wp-content\/uploads\/2023\/04\/scar-id-galula-vinco-floating-shelf-2-1024x682.jpg 1024w, https:\/\/scar-id.com\/wp-content\/uploads\/2023\/04\/scar-id-galula-vinco-floating-shelf-2-768x512.jpg 768w, https:\/\/scar-id.com\/wp-content\/uploads\/2023\/04\/scar-id-galula-vinco-floating-shelf-2-324x216.jpg 324w, https:\/\/scar-id.com\/wp-content\/uploads\/2023\/04\/scar-id-galula-vinco-floating-shelf-2-416x277.jpg 416w\" sizes=\"(max-width: 1400px) 100vw, 1400px\" \/> <img decoding=\"async\" class=\"alignnone size-full wp-image-23632\" src=\"https:\/\/scar-id.com\/wp-content\/uploads\/2023\/04\/scar-id-galula-vinco-floating-shelf-3.jpg\" alt=\"\" width=\"1400\" height=\"933\" srcset=\"https:\/\/scar-id.com\/wp-content\/uploads\/2023\/04\/scar-id-galula-vinco-floating-shelf-3.jpg 1400w, https:\/\/scar-id.com\/wp-content\/uploads\/2023\/04\/scar-id-galula-vinco-floating-shelf-3-300x200.jpg 300w, https:\/\/scar-id.com\/wp-content\/uploads\/2023\/04\/scar-id-galula-vinco-floating-shelf-3-1024x682.jpg 1024w, https:\/\/scar-id.com\/wp-content\/uploads\/2023\/04\/scar-id-galula-vinco-floating-shelf-3-768x512.jpg 768w, https:\/\/scar-id.com\/wp-content\/uploads\/2023\/04\/scar-id-galula-vinco-floating-shelf-3-324x216.jpg 324w, https:\/\/scar-id.com\/wp-content\/uploads\/2023\/04\/scar-id-galula-vinco-floating-shelf-3-416x277.jpg 416w\" sizes=\"(max-width: 1400px) 100vw, 1400px\" \/> <img loading=\"lazy\" decoding=\"async\" class=\"alignnone size-full wp-image-23642\" src=\"https:\/\/scar-id.com\/wp-content\/uploads\/2023\/04\/scar-id-galula-vinco-shelf-red.jpg\" alt=\"\" width=\"1400\" height=\"933\" srcset=\"https:\/\/scar-id.com\/wp-content\/uploads\/2023\/04\/scar-id-galula-vinco-shelf-red.jpg 1400w, https:\/\/scar-id.com\/wp-content\/uploads\/2023\/04\/scar-id-galula-vinco-shelf-red-300x200.jpg 300w, https:\/\/scar-id.com\/wp-content\/uploads\/2023\/04\/scar-id-galula-vinco-shelf-red-1024x682.jpg 1024w, https:\/\/scar-id.com\/wp-content\/uploads\/2023\/04\/scar-id-galula-vinco-shelf-red-768x512.jpg 768w, https:\/\/scar-id.com\/wp-content\/uploads\/2023\/04\/scar-id-galula-vinco-shelf-red-324x216.jpg 324w, https:\/\/scar-id.com\/wp-content\/uploads\/2023\/04\/scar-id-galula-vinco-shelf-red-416x277.jpg 416w\" sizes=\"(max-width: 1400px) 100vw, 1400px\" \/> <img loading=\"lazy\" decoding=\"async\" class=\"alignnone size-full wp-image-23634\" src=\"https:\/\/scar-id.com\/wp-content\/uploads\/2023\/04\/scar-id-galula-vinco-shelf-black.jpg\" alt=\"\" width=\"1400\" height=\"933\" srcset=\"https:\/\/scar-id.com\/wp-content\/uploads\/2023\/04\/scar-id-galula-vinco-shelf-black.jpg 1400w, https:\/\/scar-id.com\/wp-content\/uploads\/2023\/04\/scar-id-galula-vinco-shelf-black-300x200.jpg 300w, https:\/\/scar-id.com\/wp-content\/uploads\/2023\/04\/scar-id-galula-vinco-shelf-black-1024x682.jpg 1024w, https:\/\/scar-id.com\/wp-content\/uploads\/2023\/04\/scar-id-galula-vinco-shelf-black-768x512.jpg 768w, https:\/\/scar-id.com\/wp-content\/uploads\/2023\/04\/scar-id-galula-vinco-shelf-black-324x216.jpg 324w, https:\/\/scar-id.com\/wp-content\/uploads\/2023\/04\/scar-id-galula-vinco-shelf-black-416x277.jpg 416w\" sizes=\"(max-width: 1400px) 100vw, 1400px\" \/> <img loading=\"lazy\" decoding=\"async\" class=\"alignnone size-full wp-image-23646\" src=\"https:\/\/scar-id.com\/wp-content\/uploads\/2023\/04\/scar-id-galula-vinco-shelf-white.jpg\" alt=\"\" width=\"1400\" height=\"934\" srcset=\"https:\/\/scar-id.com\/wp-content\/uploads\/2023\/04\/scar-id-galula-vinco-shelf-white.jpg 1400w, https:\/\/scar-id.com\/wp-content\/uploads\/2023\/04\/scar-id-galula-vinco-shelf-white-300x200.jpg 300w, https:\/\/scar-id.com\/wp-content\/uploads\/2023\/04\/scar-id-galula-vinco-shelf-white-1024x683.jpg 1024w, https:\/\/scar-id.com\/wp-content\/uploads\/2023\/04\/scar-id-galula-vinco-shelf-white-768x512.jpg 768w, https:\/\/scar-id.com\/wp-content\/uploads\/2023\/04\/scar-id-galula-vinco-shelf-white-324x216.jpg 324w, https:\/\/scar-id.com\/wp-content\/uploads\/2023\/04\/scar-id-galula-vinco-shelf-white-416x278.jpg 416w\" sizes=\"(max-width: 1400px) 100vw, 1400px\" \/> <img loading=\"lazy\" decoding=\"async\" class=\"alignnone size-full wp-image-23638\" src=\"https:\/\/scar-id.com\/wp-content\/uploads\/2023\/04\/scar-id-galula-vinco-shelf-grey.jpg\" alt=\"\" width=\"1400\" height=\"933\" srcset=\"https:\/\/scar-id.com\/wp-content\/uploads\/2023\/04\/scar-id-galula-vinco-shelf-grey.jpg 1400w, https:\/\/scar-id.com\/wp-content\/uploads\/2023\/04\/scar-id-galula-vinco-shelf-grey-300x200.jpg 300w, https:\/\/scar-id.com\/wp-content\/uploads\/2023\/04\/scar-id-galula-vinco-shelf-grey-1024x682.jpg 1024w, https:\/\/scar-id.com\/wp-content\/uploads\/2023\/04\/scar-id-galula-vinco-shelf-grey-768x512.jpg 768w, https:\/\/scar-id.com\/wp-content\/uploads\/2023\/04\/scar-id-galula-vinco-shelf-grey-324x216.jpg 324w, https:\/\/scar-id.com\/wp-content\/uploads\/2023\/04\/scar-id-galula-vinco-shelf-grey-416x277.jpg 416w\" sizes=\"(max-width: 1400px) 100vw, 1400px\" \/> <img loading=\"lazy\" decoding=\"async\" class=\"alignnone size-full wp-image-23636\" src=\"https:\/\/scar-id.com\/wp-content\/uploads\/2023\/04\/scar-id-galula-vinco-shelf-green.jpg\" alt=\"\" width=\"1400\" height=\"933\" srcset=\"https:\/\/scar-id.com\/wp-content\/uploads\/2023\/04\/scar-id-galula-vinco-shelf-green.jpg 1400w, https:\/\/scar-id.com\/wp-content\/uploads\/2023\/04\/scar-id-galula-vinco-shelf-green-300x200.jpg 300w, https:\/\/scar-id.com\/wp-content\/uploads\/2023\/04\/scar-id-galula-vinco-shelf-green-1024x682.jpg 1024w, https:\/\/scar-id.com\/wp-content\/uploads\/2023\/04\/scar-id-galula-vinco-shelf-green-768x512.jpg 768w, https:\/\/scar-id.com\/wp-content\/uploads\/2023\/04\/scar-id-galula-vinco-shelf-green-324x216.jpg 324w, https:\/\/scar-id.com\/wp-content\/uploads\/2023\/04\/scar-id-galula-vinco-shelf-green-416x277.jpg 416w\" sizes=\"(max-width: 1400px) 100vw, 1400px\" \/> <img loading=\"lazy\" decoding=\"async\" class=\"alignnone size-full wp-image-23644\" src=\"https:\/\/scar-id.com\/wp-content\/uploads\/2023\/04\/scar-id-galula-vinco-shelf-white-1.jpg\" alt=\"\" width=\"1400\" height=\"933\" srcset=\"https:\/\/scar-id.com\/wp-content\/uploads\/2023\/04\/scar-id-galula-vinco-shelf-white-1.jpg 1400w, https:\/\/scar-id.com\/wp-content\/uploads\/2023\/04\/scar-id-galula-vinco-shelf-white-1-300x200.jpg 300w, https:\/\/scar-id.com\/wp-content\/uploads\/2023\/04\/scar-id-galula-vinco-shelf-white-1-1024x682.jpg 1024w, https:\/\/scar-id.com\/wp-content\/uploads\/2023\/04\/scar-id-galula-vinco-shelf-white-1-768x512.jpg 768w, https:\/\/scar-id.com\/wp-content\/uploads\/2023\/04\/scar-id-galula-vinco-shelf-white-1-324x216.jpg 324w, https:\/\/scar-id.com\/wp-content\/uploads\/2023\/04\/scar-id-galula-vinco-shelf-white-1-416x277.jpg 416w\" sizes=\"(max-width: 1400px) 100vw, 1400px\" \/><\/p>\n<\/body><\/html>\n","protected":false},"excerpt":{"rendered":"<h6><strong>Material:<\/strong> A\u00e7o revestido a p\u00f3<\/h6>\n<h6><strong>Cor:<\/strong> Preto \/ Branco \/ Cinzento \/ Vermelho \/ Verde Menta<\/h6>\n<h6><strong>Dimens\u00f5es:<\/strong> L: 25 x W: 16,5 x H: 10,5 cm<\/h6>\n<p>&nbsp;<\/p>\n<p>&nbsp;<\/p>\n<h6>Todas as pe\u00e7as de Galula s\u00e3o<\/h6>\n<h6>Desenhadas e produzidas em Portugal<\/h6>\n<h6>Para mais informa\u00e7\u00f5es e medidas, p.f. contacte-nos:<\/h6>\n<h6><a href=\"mailto:info@scar-id.com\">info@scar-id.com<\/a>\u00a0\/ (+351) 22\u00a0203 3087<\/h6>\n","protected":false},"featured_media":23651,"template":"","meta":{"_uag_custom_page_level_css":""},"product_brand":[],"product_cat":[148],"product_tag":[],"class_list":{"0":"post-23676","1":"product","2":"type-product","3":"status-publish","4":"has-post-thumbnail","6":"product_cat-galula","7":"pa_cor-branco","8":"pa_cor-green-pt-pt","9":"pa_cor-grey-pt-pt","10":"pa_cor-preto","11":"pa_cor-red-pt-pt","13":"first","14":"instock","15":"taxable","16":"shipping-taxable","17":"purchasable","18":"product-type-variable"},"aioseo_notices":[],"uagb_featured_image_src":{"full":["https:\/\/scar-id.com\/wp-content\/uploads\/2023\/04\/scar-id-galula-vinco-shelf-red-2.jpg",824,1138,false],"thumbnail":["https:\/\/scar-id.com\/wp-content\/uploads\/2023\/04\/scar-id-galula-vinco-shelf-red-2-150x150.jpg",150,150,true],"medium":["https:\/\/scar-id.com\/wp-content\/uploads\/2023\/04\/scar-id-galula-vinco-shelf-red-2-217x300.jpg",217,300,true],"medium_large":["https:\/\/scar-id.com\/wp-content\/uploads\/2023\/04\/scar-id-galula-vinco-shelf-red-2-768x1061.jpg",768,1061,true],"large":["https:\/\/scar-id.com\/wp-content\/uploads\/2023\/04\/scar-id-galula-vinco-shelf-red-2-741x1024.jpg",741,1024,true],"1536x1536":["https:\/\/scar-id.com\/wp-content\/uploads\/2023\/04\/scar-id-galula-vinco-shelf-red-2.jpg",824,1138,false],"2048x2048":["https:\/\/scar-id.com\/wp-content\/uploads\/2023\/04\/scar-id-galula-vinco-shelf-red-2.jpg",824,1138,false],"woocommerce_thumbnail":["https:\/\/scar-id.com\/wp-content\/uploads\/2023\/04\/scar-id-galula-vinco-shelf-red-2-324x447.jpg",324,447,true],"woocommerce_single":["https:\/\/scar-id.com\/wp-content\/uploads\/2023\/04\/scar-id-galula-vinco-shelf-red-2-416x575.jpg",416,575,true],"woocommerce_gallery_thumbnail":["https:\/\/scar-id.com\/wp-content\/uploads\/2023\/04\/scar-id-galula-vinco-shelf-red-2-100x100.jpg",100,100,true]},"uagb_author_info":{"display_name":"scar-id","author_link":"https:\/\/scar-id.com\/pt-pt\/author\/"},"uagb_comment_info":0,"uagb_excerpt":"Material: A\u00e7o revestido a p\u00f3 Cor: Preto \/ Branco \/ Cinzento \/ Vermelho \/ Verde Menta Dimens\u00f5es: L: 25 x W: 16,5 x H: 10,5 cm &nbsp; &nbsp; Todas as pe\u00e7as de Galula s\u00e3o Desenhadas e produzidas em Portugal Para mais informa\u00e7\u00f5es e medidas, p.f. contacte-nos: info@scar-id.com\u00a0\/ (+351) 22\u00a0203 3087","_links":{"self":[{"href":"https:\/\/scar-id.com\/pt-pt\/wp-json\/wp\/v2\/product\/23676","targetHints":{"allow":["GET"]}}],"collection":[{"href":"https:\/\/scar-id.com\/pt-pt\/wp-json\/wp\/v2\/product"}],"about":[{"href":"https:\/\/scar-id.com\/pt-pt\/wp-json\/wp\/v2\/types\/product"}],"wp:featuredmedia":[{"embeddable":true,"href":"https:\/\/scar-id.com\/pt-pt\/wp-json\/wp\/v2\/media\/23651"}],"wp:attachment":[{"href":"https:\/\/scar-id.com\/pt-pt\/wp-json\/wp\/v2\/media?parent=23676"}],"wp:term":[{"taxonomy":"product_brand","embeddable":true,"href":"https:\/\/scar-id.com\/pt-pt\/wp-json\/wp\/v2\/product_brand?post=23676"},{"taxonomy":"product_cat","embeddable":true,"href":"https:\/\/scar-id.com\/pt-pt\/wp-json\/wp\/v2\/product_cat?post=23676"},{"taxonomy":"product_tag","embeddable":true,"href":"https:\/\/scar-id.com\/pt-pt\/wp-json\/wp\/v2\/product_tag?post=23676"}],"curies":[{"name":"wp","href":"https:\/\/api.w.org\/{rel}","templated":true}]}}