{"id":23685,"date":"2023-04-06T14:11:55","date_gmt":"2023-04-06T14:11:55","guid":{"rendered":"https:\/\/scar-id.com\/produto\/pirueta-stool-table\/"},"modified":"2023-04-06T16:40:19","modified_gmt":"2023-04-06T16:40:19","slug":"pirueta-stool-table","status":"publish","type":"product","link":"https:\/\/scar-id.com\/pt-pt\/produto\/pirueta-stool-table\/","title":{"rendered":"Pirueta Stool-Table"},"content":{"rendered":"<!DOCTYPE html PUBLIC \"-\/\/W3C\/\/DTD HTML 4.0 Transitional\/\/EN\" \"http:\/\/www.w3.org\/TR\/REC-html40\/loose.dtd\">\n<html><body><p><img fetchpriority=\"high\" decoding=\"async\" class=\"alignnone size-full wp-image-23612\" src=\"https:\/\/scar-id.com\/wp-content\/uploads\/2023\/04\/scar-id-galula-pirueta-cork-stool-table-1-2.jpg\" alt=\"\" width=\"1400\" height=\"933\" srcset=\"https:\/\/scar-id.com\/wp-content\/uploads\/2023\/04\/scar-id-galula-pirueta-cork-stool-table-1-2.jpg 1400w, https:\/\/scar-id.com\/wp-content\/uploads\/2023\/04\/scar-id-galula-pirueta-cork-stool-table-1-2-300x200.jpg 300w, https:\/\/scar-id.com\/wp-content\/uploads\/2023\/04\/scar-id-galula-pirueta-cork-stool-table-1-2-1024x682.jpg 1024w, https:\/\/scar-id.com\/wp-content\/uploads\/2023\/04\/scar-id-galula-pirueta-cork-stool-table-1-2-768x512.jpg 768w, https:\/\/scar-id.com\/wp-content\/uploads\/2023\/04\/scar-id-galula-pirueta-cork-stool-table-1-2-324x216.jpg 324w, https:\/\/scar-id.com\/wp-content\/uploads\/2023\/04\/scar-id-galula-pirueta-cork-stool-table-1-2-416x277.jpg 416w\" sizes=\"(max-width: 1400px) 100vw, 1400px\" \/> <img decoding=\"async\" class=\"alignnone size-full wp-image-23614\" src=\"https:\/\/scar-id.com\/wp-content\/uploads\/2023\/04\/scar-id-galula-pirueta-cork-stool-table-1-4.jpg\" alt=\"\" width=\"1400\" height=\"933\" srcset=\"https:\/\/scar-id.com\/wp-content\/uploads\/2023\/04\/scar-id-galula-pirueta-cork-stool-table-1-4.jpg 1400w, https:\/\/scar-id.com\/wp-content\/uploads\/2023\/04\/scar-id-galula-pirueta-cork-stool-table-1-4-300x200.jpg 300w, https:\/\/scar-id.com\/wp-content\/uploads\/2023\/04\/scar-id-galula-pirueta-cork-stool-table-1-4-1024x682.jpg 1024w, https:\/\/scar-id.com\/wp-content\/uploads\/2023\/04\/scar-id-galula-pirueta-cork-stool-table-1-4-768x512.jpg 768w, https:\/\/scar-id.com\/wp-content\/uploads\/2023\/04\/scar-id-galula-pirueta-cork-stool-table-1-4-324x216.jpg 324w, https:\/\/scar-id.com\/wp-content\/uploads\/2023\/04\/scar-id-galula-pirueta-cork-stool-table-1-4-416x277.jpg 416w\" sizes=\"(max-width: 1400px) 100vw, 1400px\" \/> <img decoding=\"async\" class=\"alignnone size-full wp-image-23616\" src=\"https:\/\/scar-id.com\/wp-content\/uploads\/2023\/04\/scar-id-galula-pirueta-cork-stool-table-1-5.jpg\" alt=\"\" width=\"1400\" height=\"933\" srcset=\"https:\/\/scar-id.com\/wp-content\/uploads\/2023\/04\/scar-id-galula-pirueta-cork-stool-table-1-5.jpg 1400w, https:\/\/scar-id.com\/wp-content\/uploads\/2023\/04\/scar-id-galula-pirueta-cork-stool-table-1-5-300x200.jpg 300w, https:\/\/scar-id.com\/wp-content\/uploads\/2023\/04\/scar-id-galula-pirueta-cork-stool-table-1-5-1024x682.jpg 1024w, https:\/\/scar-id.com\/wp-content\/uploads\/2023\/04\/scar-id-galula-pirueta-cork-stool-table-1-5-768x512.jpg 768w, https:\/\/scar-id.com\/wp-content\/uploads\/2023\/04\/scar-id-galula-pirueta-cork-stool-table-1-5-324x216.jpg 324w, https:\/\/scar-id.com\/wp-content\/uploads\/2023\/04\/scar-id-galula-pirueta-cork-stool-table-1-5-416x277.jpg 416w\" sizes=\"(max-width: 1400px) 100vw, 1400px\" \/><\/p>\n<\/body><\/html>\n","protected":false},"excerpt":{"rendered":"<h6><strong>Material:<\/strong> Corti\u00e7a s\u00f3lida<\/h6>\n<h6><strong>Cor:<\/strong> Corti\u00e7a clara<\/h6>\n<h6><strong>Dimens\u00f5es:<\/strong> \u00d8: 32 cm x H: 38 cm<\/h6>\n<h6><\/h6>\n<h6><\/h6>\n<p>&nbsp;<\/p>\n<h6>All Galula selected pieces are<\/h6>\n<h6>Designed and Made in Portugal<\/h6>\n<h6>For information and measures don\u00b4t hesitate to contact us<\/h6>\n<h6><a href=\"mailto:info@scar-id.com\">info@scar-id.com<\/a>\u00a0\/ (+351) 22\u00a0203 3087<\/h6>\n","protected":false},"featured_media":23619,"template":"","meta":{"_uag_custom_page_level_css":""},"product_brand":[],"product_cat":[148],"product_tag":[],"class_list":{"0":"post-23685","1":"product","2":"type-product","3":"status-publish","4":"has-post-thumbnail","6":"product_cat-galula","8":"first","9":"instock","10":"taxable","11":"shipping-taxable","12":"purchasable","13":"product-type-simple"},"aioseo_notices":[],"uagb_featured_image_src":{"full":["https:\/\/scar-id.com\/wp-content\/uploads\/2023\/04\/scar-id-galula-pirueta-cork-stool-table-1-2-1.jpg",824,1138,false],"thumbnail":["https:\/\/scar-id.com\/wp-content\/uploads\/2023\/04\/scar-id-galula-pirueta-cork-stool-table-1-2-1-150x150.jpg",150,150,true],"medium":["https:\/\/scar-id.com\/wp-content\/uploads\/2023\/04\/scar-id-galula-pirueta-cork-stool-table-1-2-1-217x300.jpg",217,300,true],"medium_large":["https:\/\/scar-id.com\/wp-content\/uploads\/2023\/04\/scar-id-galula-pirueta-cork-stool-table-1-2-1-768x1061.jpg",768,1061,true],"large":["https:\/\/scar-id.com\/wp-content\/uploads\/2023\/04\/scar-id-galula-pirueta-cork-stool-table-1-2-1-741x1024.jpg",741,1024,true],"1536x1536":["https:\/\/scar-id.com\/wp-content\/uploads\/2023\/04\/scar-id-galula-pirueta-cork-stool-table-1-2-1.jpg",824,1138,false],"2048x2048":["https:\/\/scar-id.com\/wp-content\/uploads\/2023\/04\/scar-id-galula-pirueta-cork-stool-table-1-2-1.jpg",824,1138,false],"woocommerce_thumbnail":["https:\/\/scar-id.com\/wp-content\/uploads\/2023\/04\/scar-id-galula-pirueta-cork-stool-table-1-2-1-324x447.jpg",324,447,true],"woocommerce_single":["https:\/\/scar-id.com\/wp-content\/uploads\/2023\/04\/scar-id-galula-pirueta-cork-stool-table-1-2-1-416x575.jpg",416,575,true],"woocommerce_gallery_thumbnail":["https:\/\/scar-id.com\/wp-content\/uploads\/2023\/04\/scar-id-galula-pirueta-cork-stool-table-1-2-1-100x100.jpg",100,100,true]},"uagb_author_info":{"display_name":"scar-id","author_link":"https:\/\/scar-id.com\/pt-pt\/author\/"},"uagb_comment_info":0,"uagb_excerpt":"Material: Corti\u00e7a s\u00f3lida Cor: Corti\u00e7a clara Dimens\u00f5es: \u00d8: 32 cm x H: 38 cm &nbsp; All Galula selected pieces are Designed and Made in Portugal For information and measures don\u00b4t hesitate to contact us info@scar-id.com\u00a0\/ (+351) 22\u00a0203 3087","_links":{"self":[{"href":"https:\/\/scar-id.com\/pt-pt\/wp-json\/wp\/v2\/product\/23685","targetHints":{"allow":["GET"]}}],"collection":[{"href":"https:\/\/scar-id.com\/pt-pt\/wp-json\/wp\/v2\/product"}],"about":[{"href":"https:\/\/scar-id.com\/pt-pt\/wp-json\/wp\/v2\/types\/product"}],"wp:featuredmedia":[{"embeddable":true,"href":"https:\/\/scar-id.com\/pt-pt\/wp-json\/wp\/v2\/media\/23619"}],"wp:attachment":[{"href":"https:\/\/scar-id.com\/pt-pt\/wp-json\/wp\/v2\/media?parent=23685"}],"wp:term":[{"taxonomy":"product_brand","embeddable":true,"href":"https:\/\/scar-id.com\/pt-pt\/wp-json\/wp\/v2\/product_brand?post=23685"},{"taxonomy":"product_cat","embeddable":true,"href":"https:\/\/scar-id.com\/pt-pt\/wp-json\/wp\/v2\/product_cat?post=23685"},{"taxonomy":"product_tag","embeddable":true,"href":"https:\/\/scar-id.com\/pt-pt\/wp-json\/wp\/v2\/product_tag?post=23685"}],"curies":[{"name":"wp","href":"https:\/\/api.w.org\/{rel}","templated":true}]}}