{"id":23687,"date":"2023-04-06T15:24:27","date_gmt":"2023-04-06T15:24:27","guid":{"rendered":"https:\/\/scar-id.com\/produto\/ado-pendant-lamp\/"},"modified":"2023-04-06T16:27:33","modified_gmt":"2023-04-06T16:27:33","slug":"ado-pendant-lamp","status":"publish","type":"product","link":"https:\/\/scar-id.com\/pt-pt\/produto\/ado-pendant-lamp\/","title":{"rendered":"Candeeiro Ado"},"content":{"rendered":"<!DOCTYPE html PUBLIC \"-\/\/W3C\/\/DTD HTML 4.0 Transitional\/\/EN\" \"http:\/\/www.w3.org\/TR\/REC-html40\/loose.dtd\">\n<html><body><p><img fetchpriority=\"high\" decoding=\"async\" class=\"alignnone size-full wp-image-23594\" src=\"https:\/\/scar-id.com\/wp-content\/uploads\/2023\/04\/scar-id-galula-ado-cork-lamp-1-2.jpg\" alt=\"\" width=\"1400\" height=\"933\" srcset=\"https:\/\/scar-id.com\/wp-content\/uploads\/2023\/04\/scar-id-galula-ado-cork-lamp-1-2.jpg 1400w, https:\/\/scar-id.com\/wp-content\/uploads\/2023\/04\/scar-id-galula-ado-cork-lamp-1-2-300x200.jpg 300w, https:\/\/scar-id.com\/wp-content\/uploads\/2023\/04\/scar-id-galula-ado-cork-lamp-1-2-1024x682.jpg 1024w, https:\/\/scar-id.com\/wp-content\/uploads\/2023\/04\/scar-id-galula-ado-cork-lamp-1-2-768x512.jpg 768w, https:\/\/scar-id.com\/wp-content\/uploads\/2023\/04\/scar-id-galula-ado-cork-lamp-1-2-324x216.jpg 324w, https:\/\/scar-id.com\/wp-content\/uploads\/2023\/04\/scar-id-galula-ado-cork-lamp-1-2-416x277.jpg 416w\" sizes=\"(max-width: 1400px) 100vw, 1400px\" \/><img decoding=\"async\" class=\"alignnone size-full wp-image-23592\" src=\"https:\/\/scar-id.com\/wp-content\/uploads\/2023\/04\/scar-id-galula-ado-cork-lamp-2-3.jpg\" alt=\"\" width=\"1400\" height=\"2100\" srcset=\"https:\/\/scar-id.com\/wp-content\/uploads\/2023\/04\/scar-id-galula-ado-cork-lamp-2-3.jpg 1400w, https:\/\/scar-id.com\/wp-content\/uploads\/2023\/04\/scar-id-galula-ado-cork-lamp-2-3-200x300.jpg 200w, https:\/\/scar-id.com\/wp-content\/uploads\/2023\/04\/scar-id-galula-ado-cork-lamp-2-3-683x1024.jpg 683w, https:\/\/scar-id.com\/wp-content\/uploads\/2023\/04\/scar-id-galula-ado-cork-lamp-2-3-768x1152.jpg 768w, https:\/\/scar-id.com\/wp-content\/uploads\/2023\/04\/scar-id-galula-ado-cork-lamp-2-3-1024x1536.jpg 1024w, https:\/\/scar-id.com\/wp-content\/uploads\/2023\/04\/scar-id-galula-ado-cork-lamp-2-3-1365x2048.jpg 1365w, https:\/\/scar-id.com\/wp-content\/uploads\/2023\/04\/scar-id-galula-ado-cork-lamp-2-3-324x486.jpg 324w, https:\/\/scar-id.com\/wp-content\/uploads\/2023\/04\/scar-id-galula-ado-cork-lamp-2-3-416x624.jpg 416w\" sizes=\"(max-width: 1400px) 100vw, 1400px\" \/> <img decoding=\"async\" class=\"alignnone size-full wp-image-23596\" src=\"https:\/\/scar-id.com\/wp-content\/uploads\/2023\/04\/scar-id-galula-ado-cork-lamp-1-4.jpg\" alt=\"\" width=\"1400\" height=\"2100\" srcset=\"https:\/\/scar-id.com\/wp-content\/uploads\/2023\/04\/scar-id-galula-ado-cork-lamp-1-4.jpg 1400w, https:\/\/scar-id.com\/wp-content\/uploads\/2023\/04\/scar-id-galula-ado-cork-lamp-1-4-200x300.jpg 200w, https:\/\/scar-id.com\/wp-content\/uploads\/2023\/04\/scar-id-galula-ado-cork-lamp-1-4-683x1024.jpg 683w, https:\/\/scar-id.com\/wp-content\/uploads\/2023\/04\/scar-id-galula-ado-cork-lamp-1-4-768x1152.jpg 768w, https:\/\/scar-id.com\/wp-content\/uploads\/2023\/04\/scar-id-galula-ado-cork-lamp-1-4-1024x1536.jpg 1024w, https:\/\/scar-id.com\/wp-content\/uploads\/2023\/04\/scar-id-galula-ado-cork-lamp-1-4-1365x2048.jpg 1365w, https:\/\/scar-id.com\/wp-content\/uploads\/2023\/04\/scar-id-galula-ado-cork-lamp-1-4-324x486.jpg 324w, https:\/\/scar-id.com\/wp-content\/uploads\/2023\/04\/scar-id-galula-ado-cork-lamp-1-4-416x624.jpg 416w\" sizes=\"(max-width: 1400px) 100vw, 1400px\" \/> <img loading=\"lazy\" decoding=\"async\" class=\"alignnone size-full wp-image-23598\" src=\"https:\/\/scar-id.com\/wp-content\/uploads\/2023\/04\/scar-id-galula-ado-cork-lamp-2-10.jpg\" alt=\"\" width=\"1400\" height=\"2101\" srcset=\"https:\/\/scar-id.com\/wp-content\/uploads\/2023\/04\/scar-id-galula-ado-cork-lamp-2-10.jpg 1400w, https:\/\/scar-id.com\/wp-content\/uploads\/2023\/04\/scar-id-galula-ado-cork-lamp-2-10-200x300.jpg 200w, https:\/\/scar-id.com\/wp-content\/uploads\/2023\/04\/scar-id-galula-ado-cork-lamp-2-10-682x1024.jpg 682w, https:\/\/scar-id.com\/wp-content\/uploads\/2023\/04\/scar-id-galula-ado-cork-lamp-2-10-768x1153.jpg 768w, https:\/\/scar-id.com\/wp-content\/uploads\/2023\/04\/scar-id-galula-ado-cork-lamp-2-10-1024x1536.jpg 1024w, https:\/\/scar-id.com\/wp-content\/uploads\/2023\/04\/scar-id-galula-ado-cork-lamp-2-10-1365x2048.jpg 1365w, https:\/\/scar-id.com\/wp-content\/uploads\/2023\/04\/scar-id-galula-ado-cork-lamp-2-10-324x486.jpg 324w, https:\/\/scar-id.com\/wp-content\/uploads\/2023\/04\/scar-id-galula-ado-cork-lamp-2-10-416x624.jpg 416w\" sizes=\"(max-width: 1400px) 100vw, 1400px\" \/><\/p>\n<\/body><\/html>\n","protected":false},"excerpt":{"rendered":"<h6><strong>Material:<\/strong> Corti\u00e7a s\u00f3lida, cabo el\u00e9ctrico textil<\/h6>\n<h6><strong>Cor:<\/strong> Corti\u00e7a clara, cabo preto<\/h6>\n<h6><strong>Dimens\u00f5es:<\/strong> <a href=\"https:\/\/pt.wikipedia.org\/wiki\/%C3%98\">\u00d8<\/a>11,5 x H: 12 cm<\/h6>\n<h6><strong>Suporte tecto:<\/strong> Cor preto, 12cm diametro<\/h6>\n<p>&nbsp;<\/p>\n<p>&nbsp;<\/p>\n<h6>Todas as pe\u00e7as de Galula s\u00e3o<\/h6>\n<h6>Desenhadas e produzidas em Portugal<\/h6>\n<h6>Para mais informa\u00e7\u00f5es e medidas, p.f. contacte-nos:<\/h6>\n<h6><a href=\"mailto:info@scar-id.com\">info@scar-id.com<\/a>\u00a0\/ (+351) 22\u00a0203 3087<\/h6>\n","protected":false},"featured_media":23601,"template":"","meta":{"_uag_custom_page_level_css":""},"product_brand":[],"product_cat":[148],"product_tag":[],"class_list":{"0":"post-23687","1":"product","2":"type-product","3":"status-publish","4":"has-post-thumbnail","6":"product_cat-galula","8":"first","9":"instock","10":"taxable","11":"shipping-taxable","12":"purchasable","13":"product-type-simple"},"aioseo_notices":[],"uagb_featured_image_src":{"full":["https:\/\/scar-id.com\/wp-content\/uploads\/2023\/04\/scar-id-galula-ado-cork-lamp-1-2-1.jpg",824,1138,false],"thumbnail":["https:\/\/scar-id.com\/wp-content\/uploads\/2023\/04\/scar-id-galula-ado-cork-lamp-1-2-1-150x150.jpg",150,150,true],"medium":["https:\/\/scar-id.com\/wp-content\/uploads\/2023\/04\/scar-id-galula-ado-cork-lamp-1-2-1-217x300.jpg",217,300,true],"medium_large":["https:\/\/scar-id.com\/wp-content\/uploads\/2023\/04\/scar-id-galula-ado-cork-lamp-1-2-1-768x1061.jpg",768,1061,true],"large":["https:\/\/scar-id.com\/wp-content\/uploads\/2023\/04\/scar-id-galula-ado-cork-lamp-1-2-1-741x1024.jpg",741,1024,true],"1536x1536":["https:\/\/scar-id.com\/wp-content\/uploads\/2023\/04\/scar-id-galula-ado-cork-lamp-1-2-1.jpg",824,1138,false],"2048x2048":["https:\/\/scar-id.com\/wp-content\/uploads\/2023\/04\/scar-id-galula-ado-cork-lamp-1-2-1.jpg",824,1138,false],"woocommerce_thumbnail":["https:\/\/scar-id.com\/wp-content\/uploads\/2023\/04\/scar-id-galula-ado-cork-lamp-1-2-1-324x447.jpg",324,447,true],"woocommerce_single":["https:\/\/scar-id.com\/wp-content\/uploads\/2023\/04\/scar-id-galula-ado-cork-lamp-1-2-1-416x575.jpg",416,575,true],"woocommerce_gallery_thumbnail":["https:\/\/scar-id.com\/wp-content\/uploads\/2023\/04\/scar-id-galula-ado-cork-lamp-1-2-1-100x100.jpg",100,100,true]},"uagb_author_info":{"display_name":"scar-id","author_link":"https:\/\/scar-id.com\/pt-pt\/author\/"},"uagb_comment_info":0,"uagb_excerpt":"Material: Corti\u00e7a s\u00f3lida, cabo el\u00e9ctrico textil Cor: Corti\u00e7a clara, cabo preto Dimens\u00f5es: \u00d811,5 x H: 12 cm Suporte tecto: Cor preto, 12cm diametro &nbsp; &nbsp; Todas as pe\u00e7as de Galula s\u00e3o Desenhadas e produzidas em Portugal Para mais informa\u00e7\u00f5es e medidas, p.f. contacte-nos: info@scar-id.com\u00a0\/ (+351) 22\u00a0203 3087","_links":{"self":[{"href":"https:\/\/scar-id.com\/pt-pt\/wp-json\/wp\/v2\/product\/23687","targetHints":{"allow":["GET"]}}],"collection":[{"href":"https:\/\/scar-id.com\/pt-pt\/wp-json\/wp\/v2\/product"}],"about":[{"href":"https:\/\/scar-id.com\/pt-pt\/wp-json\/wp\/v2\/types\/product"}],"wp:featuredmedia":[{"embeddable":true,"href":"https:\/\/scar-id.com\/pt-pt\/wp-json\/wp\/v2\/media\/23601"}],"wp:attachment":[{"href":"https:\/\/scar-id.com\/pt-pt\/wp-json\/wp\/v2\/media?parent=23687"}],"wp:term":[{"taxonomy":"product_brand","embeddable":true,"href":"https:\/\/scar-id.com\/pt-pt\/wp-json\/wp\/v2\/product_brand?post=23687"},{"taxonomy":"product_cat","embeddable":true,"href":"https:\/\/scar-id.com\/pt-pt\/wp-json\/wp\/v2\/product_cat?post=23687"},{"taxonomy":"product_tag","embeddable":true,"href":"https:\/\/scar-id.com\/pt-pt\/wp-json\/wp\/v2\/product_tag?post=23687"}],"curies":[{"name":"wp","href":"https:\/\/api.w.org\/{rel}","templated":true}]}}