{"id":23975,"date":"2023-04-10T09:56:42","date_gmt":"2023-04-10T09:56:42","guid":{"rendered":"https:\/\/scar-id.com\/produto\/emilia-dress\/"},"modified":"2023-04-25T14:58:51","modified_gmt":"2023-04-25T14:58:51","slug":"emilia-dress","status":"publish","type":"product","link":"https:\/\/scar-id.com\/pt-pt\/produto\/emilia-dress\/","title":{"rendered":"Vestido Em\u00edlia"},"content":{"rendered":"<!DOCTYPE html PUBLIC \"-\/\/W3C\/\/DTD HTML 4.0 Transitional\/\/EN\" \"http:\/\/www.w3.org\/TR\/REC-html40\/loose.dtd\">\n<html><body><p><img fetchpriority=\"high\" decoding=\"async\" class=\"alignnone size-full wp-image-23726\" src=\"https:\/\/scar-id.com\/wp-content\/uploads\/2023\/04\/scar-id-pera-lima-emilia-dress-1-1.jpg\" alt=\"\" width=\"1400\" height=\"2100\" srcset=\"https:\/\/scar-id.com\/wp-content\/uploads\/2023\/04\/scar-id-pera-lima-emilia-dress-1-1.jpg 1400w, https:\/\/scar-id.com\/wp-content\/uploads\/2023\/04\/scar-id-pera-lima-emilia-dress-1-1-200x300.jpg 200w, https:\/\/scar-id.com\/wp-content\/uploads\/2023\/04\/scar-id-pera-lima-emilia-dress-1-1-683x1024.jpg 683w, https:\/\/scar-id.com\/wp-content\/uploads\/2023\/04\/scar-id-pera-lima-emilia-dress-1-1-768x1152.jpg 768w, https:\/\/scar-id.com\/wp-content\/uploads\/2023\/04\/scar-id-pera-lima-emilia-dress-1-1-1024x1536.jpg 1024w, https:\/\/scar-id.com\/wp-content\/uploads\/2023\/04\/scar-id-pera-lima-emilia-dress-1-1-1365x2048.jpg 1365w, https:\/\/scar-id.com\/wp-content\/uploads\/2023\/04\/scar-id-pera-lima-emilia-dress-1-1-324x486.jpg 324w, https:\/\/scar-id.com\/wp-content\/uploads\/2023\/04\/scar-id-pera-lima-emilia-dress-1-1-416x624.jpg 416w\" sizes=\"(max-width: 1400px) 100vw, 1400px\" \/> <img decoding=\"async\" class=\"alignnone size-full wp-image-23728\" src=\"https:\/\/scar-id.com\/wp-content\/uploads\/2023\/04\/scar-id-pera-lima-emilia-dress-3.jpg\" alt=\"\" width=\"1400\" height=\"2100\" srcset=\"https:\/\/scar-id.com\/wp-content\/uploads\/2023\/04\/scar-id-pera-lima-emilia-dress-3.jpg 1400w, https:\/\/scar-id.com\/wp-content\/uploads\/2023\/04\/scar-id-pera-lima-emilia-dress-3-200x300.jpg 200w, https:\/\/scar-id.com\/wp-content\/uploads\/2023\/04\/scar-id-pera-lima-emilia-dress-3-683x1024.jpg 683w, https:\/\/scar-id.com\/wp-content\/uploads\/2023\/04\/scar-id-pera-lima-emilia-dress-3-768x1152.jpg 768w, https:\/\/scar-id.com\/wp-content\/uploads\/2023\/04\/scar-id-pera-lima-emilia-dress-3-1024x1536.jpg 1024w, https:\/\/scar-id.com\/wp-content\/uploads\/2023\/04\/scar-id-pera-lima-emilia-dress-3-1365x2048.jpg 1365w, https:\/\/scar-id.com\/wp-content\/uploads\/2023\/04\/scar-id-pera-lima-emilia-dress-3-324x486.jpg 324w, https:\/\/scar-id.com\/wp-content\/uploads\/2023\/04\/scar-id-pera-lima-emilia-dress-3-416x624.jpg 416w\" sizes=\"(max-width: 1400px) 100vw, 1400px\" \/> <img decoding=\"async\" class=\"alignnone size-full wp-image-23730\" src=\"https:\/\/scar-id.com\/wp-content\/uploads\/2023\/04\/scar-id-pera-lima-emilia-dress-4.jpg\" alt=\"\" width=\"1400\" height=\"2100\" srcset=\"https:\/\/scar-id.com\/wp-content\/uploads\/2023\/04\/scar-id-pera-lima-emilia-dress-4.jpg 1400w, https:\/\/scar-id.com\/wp-content\/uploads\/2023\/04\/scar-id-pera-lima-emilia-dress-4-200x300.jpg 200w, https:\/\/scar-id.com\/wp-content\/uploads\/2023\/04\/scar-id-pera-lima-emilia-dress-4-683x1024.jpg 683w, https:\/\/scar-id.com\/wp-content\/uploads\/2023\/04\/scar-id-pera-lima-emilia-dress-4-768x1152.jpg 768w, https:\/\/scar-id.com\/wp-content\/uploads\/2023\/04\/scar-id-pera-lima-emilia-dress-4-1024x1536.jpg 1024w, https:\/\/scar-id.com\/wp-content\/uploads\/2023\/04\/scar-id-pera-lima-emilia-dress-4-1365x2048.jpg 1365w, https:\/\/scar-id.com\/wp-content\/uploads\/2023\/04\/scar-id-pera-lima-emilia-dress-4-324x486.jpg 324w, https:\/\/scar-id.com\/wp-content\/uploads\/2023\/04\/scar-id-pera-lima-emilia-dress-4-416x624.jpg 416w\" sizes=\"(max-width: 1400px) 100vw, 1400px\" \/> <img loading=\"lazy\" decoding=\"async\" class=\"alignnone size-full wp-image-23732\" src=\"https:\/\/scar-id.com\/wp-content\/uploads\/2023\/04\/scar-id-pera-lima-emilia-dress-2-1.jpg\" alt=\"\" width=\"1400\" height=\"2100\" srcset=\"https:\/\/scar-id.com\/wp-content\/uploads\/2023\/04\/scar-id-pera-lima-emilia-dress-2-1.jpg 1400w, https:\/\/scar-id.com\/wp-content\/uploads\/2023\/04\/scar-id-pera-lima-emilia-dress-2-1-200x300.jpg 200w, https:\/\/scar-id.com\/wp-content\/uploads\/2023\/04\/scar-id-pera-lima-emilia-dress-2-1-683x1024.jpg 683w, https:\/\/scar-id.com\/wp-content\/uploads\/2023\/04\/scar-id-pera-lima-emilia-dress-2-1-768x1152.jpg 768w, https:\/\/scar-id.com\/wp-content\/uploads\/2023\/04\/scar-id-pera-lima-emilia-dress-2-1-1024x1536.jpg 1024w, https:\/\/scar-id.com\/wp-content\/uploads\/2023\/04\/scar-id-pera-lima-emilia-dress-2-1-1365x2048.jpg 1365w, https:\/\/scar-id.com\/wp-content\/uploads\/2023\/04\/scar-id-pera-lima-emilia-dress-2-1-324x486.jpg 324w, https:\/\/scar-id.com\/wp-content\/uploads\/2023\/04\/scar-id-pera-lima-emilia-dress-2-1-416x624.jpg 416w\" sizes=\"(max-width: 1400px) 100vw, 1400px\" \/><\/p>\n<\/body><\/html>\n","protected":false},"excerpt":{"rendered":"<h6><strong>Descri\u00e7\u00e3o: <\/strong>Vestido em popeline com mangas bal\u00e3o; bot\u00f5es; cinto destac\u00e1vel<\/h6>\n<h6><strong>Material:<\/strong> 55% Algod\u00e3o + 45% Linho<\/h6>\n<h6><strong>Altura:<\/strong> 127 cm<\/h6>\n<h6><strong>Busto:<\/strong> 100 cm<\/h6>\n<h6><strong>Comprimento manga: <\/strong>47 cm<\/h6>\n<h6><\/h6>\n<p>&nbsp;<\/p>\n<p>&nbsp;<\/p>\n<h6><\/h6>\n<h6>Todas as pe\u00e7as seleccionadas de Pera Lima s\u00e3o<\/h6>\n<h6>Desenhadas e prodzudas em Portugal<\/h6>\n<h6>Para mais informa\u00e7\u00f5es, p.f. contacte-nos:<\/h6>\n<h6><a href=\"mailto:info@scar-id.com\">info@scar-id.com<\/a>\u00a0\/ (+351) 22\u00a0203 3087<\/h6>\n","protected":false},"featured_media":23839,"template":"","meta":{"_uag_custom_page_level_css":""},"product_brand":[],"product_cat":[382],"product_tag":[],"class_list":{"0":"post-23975","1":"product","2":"type-product","3":"status-publish","4":"has-post-thumbnail","6":"product_cat-pera-lima-pt","7":"pif-has-gallery","9":"first","10":"instock","11":"taxable","12":"shipping-taxable","13":"purchasable","14":"product-type-simple"},"aioseo_notices":[],"uagb_featured_image_src":{"full":["https:\/\/scar-id.com\/wp-content\/uploads\/2023\/04\/scar-id-pera-lima-mini-emilia-dress-1-1.jpg",824,1138,false],"thumbnail":["https:\/\/scar-id.com\/wp-content\/uploads\/2023\/04\/scar-id-pera-lima-mini-emilia-dress-1-1-150x150.jpg",150,150,true],"medium":["https:\/\/scar-id.com\/wp-content\/uploads\/2023\/04\/scar-id-pera-lima-mini-emilia-dress-1-1-217x300.jpg",217,300,true],"medium_large":["https:\/\/scar-id.com\/wp-content\/uploads\/2023\/04\/scar-id-pera-lima-mini-emilia-dress-1-1-768x1061.jpg",768,1061,true],"large":["https:\/\/scar-id.com\/wp-content\/uploads\/2023\/04\/scar-id-pera-lima-mini-emilia-dress-1-1-741x1024.jpg",741,1024,true],"1536x1536":["https:\/\/scar-id.com\/wp-content\/uploads\/2023\/04\/scar-id-pera-lima-mini-emilia-dress-1-1.jpg",824,1138,false],"2048x2048":["https:\/\/scar-id.com\/wp-content\/uploads\/2023\/04\/scar-id-pera-lima-mini-emilia-dress-1-1.jpg",824,1138,false],"woocommerce_thumbnail":["https:\/\/scar-id.com\/wp-content\/uploads\/2023\/04\/scar-id-pera-lima-mini-emilia-dress-1-1-324x447.jpg",324,447,true],"woocommerce_single":["https:\/\/scar-id.com\/wp-content\/uploads\/2023\/04\/scar-id-pera-lima-mini-emilia-dress-1-1-416x575.jpg",416,575,true],"woocommerce_gallery_thumbnail":["https:\/\/scar-id.com\/wp-content\/uploads\/2023\/04\/scar-id-pera-lima-mini-emilia-dress-1-1-100x100.jpg",100,100,true]},"uagb_author_info":{"display_name":"scar-id","author_link":"https:\/\/scar-id.com\/pt-pt\/author\/"},"uagb_comment_info":0,"uagb_excerpt":"Descri\u00e7\u00e3o: Vestido em popeline com mangas bal\u00e3o; bot\u00f5es; cinto destac\u00e1vel Material: 55% Algod\u00e3o + 45% Linho Altura: 127 cm Busto: 100 cm Comprimento manga: 47 cm &nbsp; &nbsp; Todas as pe\u00e7as seleccionadas de Pera Lima s\u00e3o Desenhadas e prodzudas em Portugal Para mais informa\u00e7\u00f5es, p.f. contacte-nos: info@scar-id.com\u00a0\/ (+351) 22\u00a0203 3087","_links":{"self":[{"href":"https:\/\/scar-id.com\/pt-pt\/wp-json\/wp\/v2\/product\/23975","targetHints":{"allow":["GET"]}}],"collection":[{"href":"https:\/\/scar-id.com\/pt-pt\/wp-json\/wp\/v2\/product"}],"about":[{"href":"https:\/\/scar-id.com\/pt-pt\/wp-json\/wp\/v2\/types\/product"}],"wp:featuredmedia":[{"embeddable":true,"href":"https:\/\/scar-id.com\/pt-pt\/wp-json\/wp\/v2\/media\/23839"}],"wp:attachment":[{"href":"https:\/\/scar-id.com\/pt-pt\/wp-json\/wp\/v2\/media?parent=23975"}],"wp:term":[{"taxonomy":"product_brand","embeddable":true,"href":"https:\/\/scar-id.com\/pt-pt\/wp-json\/wp\/v2\/product_brand?post=23975"},{"taxonomy":"product_cat","embeddable":true,"href":"https:\/\/scar-id.com\/pt-pt\/wp-json\/wp\/v2\/product_cat?post=23975"},{"taxonomy":"product_tag","embeddable":true,"href":"https:\/\/scar-id.com\/pt-pt\/wp-json\/wp\/v2\/product_tag?post=23975"}],"curies":[{"name":"wp","href":"https:\/\/api.w.org\/{rel}","templated":true}]}}