{"id":24734,"date":"2023-05-29T17:07:28","date_gmt":"2023-05-29T17:07:28","guid":{"rendered":"https:\/\/scar-id.com\/produto\/green-lago-necklace\/"},"modified":"2025-01-18T15:47:47","modified_gmt":"2025-01-18T15:47:47","slug":"green-lago-necklace","status":"publish","type":"product","link":"https:\/\/scar-id.com\/pt-pt\/produto\/green-lago-necklace\/","title":{"rendered":"Green Lago Necklace"},"content":{"rendered":"<!DOCTYPE html PUBLIC \"-\/\/W3C\/\/DTD HTML 4.0 Transitional\/\/EN\" \"http:\/\/www.w3.org\/TR\/REC-html40\/loose.dtd\">\n<html><body><p><img fetchpriority=\"high\" decoding=\"async\" class=\"alignnone size-full wp-image-24613\" src=\"https:\/\/scar-id.com\/wp-content\/uploads\/2023\/05\/scar-id-mi-mitrika-green-lago-necklace-1.jpg\" alt=\"\" width=\"1400\" height=\"1400\" srcset=\"https:\/\/scar-id.com\/wp-content\/uploads\/2023\/05\/scar-id-mi-mitrika-green-lago-necklace-1.jpg 1400w, https:\/\/scar-id.com\/wp-content\/uploads\/2023\/05\/scar-id-mi-mitrika-green-lago-necklace-1-300x300.jpg 300w, https:\/\/scar-id.com\/wp-content\/uploads\/2023\/05\/scar-id-mi-mitrika-green-lago-necklace-1-1024x1024.jpg 1024w, https:\/\/scar-id.com\/wp-content\/uploads\/2023\/05\/scar-id-mi-mitrika-green-lago-necklace-1-150x150.jpg 150w, https:\/\/scar-id.com\/wp-content\/uploads\/2023\/05\/scar-id-mi-mitrika-green-lago-necklace-1-768x768.jpg 768w, https:\/\/scar-id.com\/wp-content\/uploads\/2023\/05\/scar-id-mi-mitrika-green-lago-necklace-1-324x324.jpg 324w, https:\/\/scar-id.com\/wp-content\/uploads\/2023\/05\/scar-id-mi-mitrika-green-lago-necklace-1-416x416.jpg 416w, https:\/\/scar-id.com\/wp-content\/uploads\/2023\/05\/scar-id-mi-mitrika-green-lago-necklace-1-100x100.jpg 100w\" sizes=\"(max-width: 1400px) 100vw, 1400px\" \/> <img decoding=\"async\" class=\"alignnone size-full wp-image-24615\" src=\"https:\/\/scar-id.com\/wp-content\/uploads\/2023\/05\/scar-id-mi-mitrika-green-lago-necklace-2.jpg\" alt=\"\" width=\"1400\" height=\"1400\" srcset=\"https:\/\/scar-id.com\/wp-content\/uploads\/2023\/05\/scar-id-mi-mitrika-green-lago-necklace-2.jpg 1400w, https:\/\/scar-id.com\/wp-content\/uploads\/2023\/05\/scar-id-mi-mitrika-green-lago-necklace-2-300x300.jpg 300w, https:\/\/scar-id.com\/wp-content\/uploads\/2023\/05\/scar-id-mi-mitrika-green-lago-necklace-2-1024x1024.jpg 1024w, https:\/\/scar-id.com\/wp-content\/uploads\/2023\/05\/scar-id-mi-mitrika-green-lago-necklace-2-150x150.jpg 150w, https:\/\/scar-id.com\/wp-content\/uploads\/2023\/05\/scar-id-mi-mitrika-green-lago-necklace-2-768x768.jpg 768w, https:\/\/scar-id.com\/wp-content\/uploads\/2023\/05\/scar-id-mi-mitrika-green-lago-necklace-2-324x324.jpg 324w, https:\/\/scar-id.com\/wp-content\/uploads\/2023\/05\/scar-id-mi-mitrika-green-lago-necklace-2-416x416.jpg 416w, https:\/\/scar-id.com\/wp-content\/uploads\/2023\/05\/scar-id-mi-mitrika-green-lago-necklace-2-100x100.jpg 100w\" sizes=\"(max-width: 1400px) 100vw, 1400px\" \/><\/p>\n<\/body><\/html>\n","protected":false},"excerpt":{"rendered":"<h5><strong>Material:<\/strong> Algod\u00e3o<\/h5>\n<h5><strong>Detalhe:<\/strong> Fecho com mola<\/h5>\n<h5><strong>Produ\u00e7\u00e3o:<\/strong> Feito \u00e0 m\u00e3o<\/h5>\n<h6><strong>Tempo de produ\u00e7\u00e3o:<\/strong> 7 dias<\/h6>\n<p>&nbsp;<\/p>\n<p>&nbsp;<\/p>\n<h5><\/h5>\n<h5>As pe\u00e7as de joalharia de Mi Mitrika s\u00e3o Desenhadas e Produzidas em Portugal<\/h5>\n<h5>Dispon\u00edveis na scar-id store e emscar-id.com<\/h5>\n<h5>Para informa\u00e7\u00f5es e medidas, por favor contacte-nos:<\/h5>\n<h5><a href=\"mailto:info@scar-id.com\">info@scar-id.com<\/a>\u00a0\/ (+351) 22\u00a0203 3087<\/h5>\n","protected":false},"featured_media":24618,"template":"","meta":{"_uag_custom_page_level_css":""},"product_brand":[],"product_cat":[370],"product_tag":[],"class_list":{"0":"post-24734","1":"product","2":"type-product","3":"status-publish","4":"has-post-thumbnail","6":"product_cat-mi-mitika-en-pt-pt","8":"first","9":"instock","10":"taxable","11":"shipping-taxable","12":"purchasable","13":"product-type-simple"},"aioseo_notices":[],"uagb_featured_image_src":{"full":["https:\/\/scar-id.com\/wp-content\/uploads\/2023\/05\/scar-id-mi-mitrika-green-lago-necklace-mini.jpg",824,1138,false],"thumbnail":["https:\/\/scar-id.com\/wp-content\/uploads\/2023\/05\/scar-id-mi-mitrika-green-lago-necklace-mini-150x150.jpg",150,150,true],"medium":["https:\/\/scar-id.com\/wp-content\/uploads\/2023\/05\/scar-id-mi-mitrika-green-lago-necklace-mini-217x300.jpg",217,300,true],"medium_large":["https:\/\/scar-id.com\/wp-content\/uploads\/2023\/05\/scar-id-mi-mitrika-green-lago-necklace-mini-768x1061.jpg",768,1061,true],"large":["https:\/\/scar-id.com\/wp-content\/uploads\/2023\/05\/scar-id-mi-mitrika-green-lago-necklace-mini-741x1024.jpg",741,1024,true],"1536x1536":["https:\/\/scar-id.com\/wp-content\/uploads\/2023\/05\/scar-id-mi-mitrika-green-lago-necklace-mini.jpg",824,1138,false],"2048x2048":["https:\/\/scar-id.com\/wp-content\/uploads\/2023\/05\/scar-id-mi-mitrika-green-lago-necklace-mini.jpg",824,1138,false],"woocommerce_thumbnail":["https:\/\/scar-id.com\/wp-content\/uploads\/2023\/05\/scar-id-mi-mitrika-green-lago-necklace-mini-324x447.jpg",324,447,true],"woocommerce_single":["https:\/\/scar-id.com\/wp-content\/uploads\/2023\/05\/scar-id-mi-mitrika-green-lago-necklace-mini-416x575.jpg",416,575,true],"woocommerce_gallery_thumbnail":["https:\/\/scar-id.com\/wp-content\/uploads\/2023\/05\/scar-id-mi-mitrika-green-lago-necklace-mini-100x100.jpg",100,100,true]},"uagb_author_info":{"display_name":"scar-id","author_link":"https:\/\/scar-id.com\/pt-pt\/author\/"},"uagb_comment_info":0,"uagb_excerpt":"Material: Algod\u00e3o Detalhe: Fecho com mola Produ\u00e7\u00e3o: Feito \u00e0 m\u00e3o Tempo de produ\u00e7\u00e3o: 7 dias &nbsp; &nbsp; As pe\u00e7as de joalharia de Mi Mitrika s\u00e3o Desenhadas e Produzidas em Portugal Dispon\u00edveis na scar-id store e emscar-id.com Para informa\u00e7\u00f5es e medidas, por favor contacte-nos: info@scar-id.com\u00a0\/ (+351) 22\u00a0203 3087","_links":{"self":[{"href":"https:\/\/scar-id.com\/pt-pt\/wp-json\/wp\/v2\/product\/24734","targetHints":{"allow":["GET"]}}],"collection":[{"href":"https:\/\/scar-id.com\/pt-pt\/wp-json\/wp\/v2\/product"}],"about":[{"href":"https:\/\/scar-id.com\/pt-pt\/wp-json\/wp\/v2\/types\/product"}],"wp:featuredmedia":[{"embeddable":true,"href":"https:\/\/scar-id.com\/pt-pt\/wp-json\/wp\/v2\/media\/24618"}],"wp:attachment":[{"href":"https:\/\/scar-id.com\/pt-pt\/wp-json\/wp\/v2\/media?parent=24734"}],"wp:term":[{"taxonomy":"product_brand","embeddable":true,"href":"https:\/\/scar-id.com\/pt-pt\/wp-json\/wp\/v2\/product_brand?post=24734"},{"taxonomy":"product_cat","embeddable":true,"href":"https:\/\/scar-id.com\/pt-pt\/wp-json\/wp\/v2\/product_cat?post=24734"},{"taxonomy":"product_tag","embeddable":true,"href":"https:\/\/scar-id.com\/pt-pt\/wp-json\/wp\/v2\/product_tag?post=24734"}],"curies":[{"name":"wp","href":"https:\/\/api.w.org\/{rel}","templated":true}]}}