{"id":24867,"date":"2023-06-16T15:32:48","date_gmt":"2023-06-16T15:32:48","guid":{"rendered":"https:\/\/scar-id.com\/produto\/necklace-copy-3\/"},"modified":"2023-06-19T11:09:13","modified_gmt":"2023-06-19T11:09:13","slug":"necklace-copy-3","status":"publish","type":"product","link":"https:\/\/scar-id.com\/pt-pt\/produto\/necklace-copy-3\/","title":{"rendered":"Colar Cascata Colorido"},"content":{"rendered":"<!DOCTYPE html PUBLIC \"-\/\/W3C\/\/DTD HTML 4.0 Transitional\/\/EN\" \"http:\/\/www.w3.org\/TR\/REC-html40\/loose.dtd\">\n<html><body><p><img fetchpriority=\"high\" decoding=\"async\" class=\"alignnone size-full wp-image-24825\" src=\"https:\/\/scar-id.com\/wp-content\/uploads\/2023\/06\/scar-id-wek-cascade-coloured-necklace.jpg\" alt=\"\" width=\"1400\" height=\"1400\" srcset=\"https:\/\/scar-id.com\/wp-content\/uploads\/2023\/06\/scar-id-wek-cascade-coloured-necklace.jpg 1400w, https:\/\/scar-id.com\/wp-content\/uploads\/2023\/06\/scar-id-wek-cascade-coloured-necklace-300x300.jpg 300w, https:\/\/scar-id.com\/wp-content\/uploads\/2023\/06\/scar-id-wek-cascade-coloured-necklace-1024x1024.jpg 1024w, https:\/\/scar-id.com\/wp-content\/uploads\/2023\/06\/scar-id-wek-cascade-coloured-necklace-150x150.jpg 150w, https:\/\/scar-id.com\/wp-content\/uploads\/2023\/06\/scar-id-wek-cascade-coloured-necklace-768x768.jpg 768w, https:\/\/scar-id.com\/wp-content\/uploads\/2023\/06\/scar-id-wek-cascade-coloured-necklace-324x324.jpg 324w, https:\/\/scar-id.com\/wp-content\/uploads\/2023\/06\/scar-id-wek-cascade-coloured-necklace-416x416.jpg 416w, https:\/\/scar-id.com\/wp-content\/uploads\/2023\/06\/scar-id-wek-cascade-coloured-necklace-100x100.jpg 100w\" sizes=\"(max-width: 1400px) 100vw, 1400px\" \/><\/p>\n<\/body><\/html>\n","protected":false},"excerpt":{"rendered":"<h6><strong>Fecho:<\/strong> 3D Printed PLA Azul<\/h6>\n<h6><strong>Fio:<\/strong> PVC Colorido<\/h6>\n<h6><strong>Tempo de produ\u00e7\u00e3o:<\/strong> 7 dias<\/h6>\n<h6><\/h6>\n<p>&nbsp;<\/p>\n<p>&nbsp;<\/p>\n<h6>As pe\u00e7as seleccionadas de WEK s\u00e3o Desenhadas e Produzidas em Portugal<\/h6>\n<h6>Dispon\u00edvel na SCAR-ID no Porto e em scar-id.com<\/h6>\n<h6>Para informa\u00e7\u00f5es e medidas, p.f. contacte-nos:<\/h6>\n<h6><a href=\"mailto:info@scar-id.com\">info@scar-id.com<\/a>\u00a0\/ (+351) 22\u00a0203 3087<\/h6>\n","protected":false},"featured_media":24828,"template":"","meta":{"_uag_custom_page_level_css":""},"product_brand":[],"product_cat":[176],"product_tag":[],"class_list":{"0":"post-24867","1":"product","2":"type-product","3":"status-publish","4":"has-post-thumbnail","6":"product_cat-wek","8":"first","9":"outofstock","10":"taxable","11":"shipping-taxable","12":"purchasable","13":"product-type-simple"},"aioseo_notices":[],"uagb_featured_image_src":{"full":["https:\/\/scar-id.com\/wp-content\/uploads\/2023\/06\/scar-id-wek-coloured-barbed-wire-necklace.2.jpg",824,1138,false],"thumbnail":["https:\/\/scar-id.com\/wp-content\/uploads\/2023\/06\/scar-id-wek-coloured-barbed-wire-necklace.2-150x150.jpg",150,150,true],"medium":["https:\/\/scar-id.com\/wp-content\/uploads\/2023\/06\/scar-id-wek-coloured-barbed-wire-necklace.2-217x300.jpg",217,300,true],"medium_large":["https:\/\/scar-id.com\/wp-content\/uploads\/2023\/06\/scar-id-wek-coloured-barbed-wire-necklace.2-768x1061.jpg",768,1061,true],"large":["https:\/\/scar-id.com\/wp-content\/uploads\/2023\/06\/scar-id-wek-coloured-barbed-wire-necklace.2-741x1024.jpg",741,1024,true],"1536x1536":["https:\/\/scar-id.com\/wp-content\/uploads\/2023\/06\/scar-id-wek-coloured-barbed-wire-necklace.2.jpg",824,1138,false],"2048x2048":["https:\/\/scar-id.com\/wp-content\/uploads\/2023\/06\/scar-id-wek-coloured-barbed-wire-necklace.2.jpg",824,1138,false],"woocommerce_thumbnail":["https:\/\/scar-id.com\/wp-content\/uploads\/2023\/06\/scar-id-wek-coloured-barbed-wire-necklace.2-324x447.jpg",324,447,true],"woocommerce_single":["https:\/\/scar-id.com\/wp-content\/uploads\/2023\/06\/scar-id-wek-coloured-barbed-wire-necklace.2-416x575.jpg",416,575,true],"woocommerce_gallery_thumbnail":["https:\/\/scar-id.com\/wp-content\/uploads\/2023\/06\/scar-id-wek-coloured-barbed-wire-necklace.2-100x100.jpg",100,100,true]},"uagb_author_info":{"display_name":"scar-id","author_link":"https:\/\/scar-id.com\/pt-pt\/author\/"},"uagb_comment_info":0,"uagb_excerpt":"Fecho: 3D Printed PLA Azul Fio: PVC Colorido Tempo de produ\u00e7\u00e3o: 7 dias &nbsp; &nbsp; As pe\u00e7as seleccionadas de WEK s\u00e3o Desenhadas e Produzidas em Portugal Dispon\u00edvel na SCAR-ID no Porto e em scar-id.com Para informa\u00e7\u00f5es e medidas, p.f. contacte-nos: info@scar-id.com\u00a0\/ (+351) 22\u00a0203 3087","_links":{"self":[{"href":"https:\/\/scar-id.com\/pt-pt\/wp-json\/wp\/v2\/product\/24867","targetHints":{"allow":["GET"]}}],"collection":[{"href":"https:\/\/scar-id.com\/pt-pt\/wp-json\/wp\/v2\/product"}],"about":[{"href":"https:\/\/scar-id.com\/pt-pt\/wp-json\/wp\/v2\/types\/product"}],"wp:featuredmedia":[{"embeddable":true,"href":"https:\/\/scar-id.com\/pt-pt\/wp-json\/wp\/v2\/media\/24828"}],"wp:attachment":[{"href":"https:\/\/scar-id.com\/pt-pt\/wp-json\/wp\/v2\/media?parent=24867"}],"wp:term":[{"taxonomy":"product_brand","embeddable":true,"href":"https:\/\/scar-id.com\/pt-pt\/wp-json\/wp\/v2\/product_brand?post=24867"},{"taxonomy":"product_cat","embeddable":true,"href":"https:\/\/scar-id.com\/pt-pt\/wp-json\/wp\/v2\/product_cat?post=24867"},{"taxonomy":"product_tag","embeddable":true,"href":"https:\/\/scar-id.com\/pt-pt\/wp-json\/wp\/v2\/product_tag?post=24867"}],"curies":[{"name":"wp","href":"https:\/\/api.w.org\/{rel}","templated":true}]}}