{"id":25247,"date":"2023-08-23T11:06:45","date_gmt":"2023-08-23T11:06:45","guid":{"rendered":"https:\/\/scar-id.com\/produto\/yamaguki-dress-2\/"},"modified":"2023-08-24T15:01:41","modified_gmt":"2023-08-24T15:01:41","slug":"yamaguki-dress-2","status":"publish","type":"product","link":"https:\/\/scar-id.com\/pt-pt\/produto\/yamaguki-dress-2\/","title":{"rendered":"Vestido Yamaguki"},"content":{"rendered":"<!DOCTYPE html PUBLIC \"-\/\/W3C\/\/DTD HTML 4.0 Transitional\/\/EN\" \"http:\/\/www.w3.org\/TR\/REC-html40\/loose.dtd\">\n<html><body><p><img fetchpriority=\"high\" decoding=\"async\" class=\"alignnone size-full wp-image-25225\" src=\"https:\/\/scar-id.com\/wp-content\/uploads\/2023\/08\/scar-id-obi-black-yamaguki-dress-1.jpg\" alt=\"\" width=\"1400\" height=\"2100\" srcset=\"https:\/\/scar-id.com\/wp-content\/uploads\/2023\/08\/scar-id-obi-black-yamaguki-dress-1.jpg 1400w, https:\/\/scar-id.com\/wp-content\/uploads\/2023\/08\/scar-id-obi-black-yamaguki-dress-1-200x300.jpg 200w, https:\/\/scar-id.com\/wp-content\/uploads\/2023\/08\/scar-id-obi-black-yamaguki-dress-1-683x1024.jpg 683w, https:\/\/scar-id.com\/wp-content\/uploads\/2023\/08\/scar-id-obi-black-yamaguki-dress-1-768x1152.jpg 768w, https:\/\/scar-id.com\/wp-content\/uploads\/2023\/08\/scar-id-obi-black-yamaguki-dress-1-1024x1536.jpg 1024w, https:\/\/scar-id.com\/wp-content\/uploads\/2023\/08\/scar-id-obi-black-yamaguki-dress-1-1365x2048.jpg 1365w, https:\/\/scar-id.com\/wp-content\/uploads\/2023\/08\/scar-id-obi-black-yamaguki-dress-1-324x486.jpg 324w, https:\/\/scar-id.com\/wp-content\/uploads\/2023\/08\/scar-id-obi-black-yamaguki-dress-1-416x624.jpg 416w\" sizes=\"(max-width: 1400px) 100vw, 1400px\" \/> <img decoding=\"async\" class=\"alignnone size-full wp-image-25227\" src=\"https:\/\/scar-id.com\/wp-content\/uploads\/2023\/08\/scar-id-obi-black-yamaguki-dress-2.jpg\" alt=\"\" width=\"1400\" height=\"2100\" srcset=\"https:\/\/scar-id.com\/wp-content\/uploads\/2023\/08\/scar-id-obi-black-yamaguki-dress-2.jpg 1400w, https:\/\/scar-id.com\/wp-content\/uploads\/2023\/08\/scar-id-obi-black-yamaguki-dress-2-200x300.jpg 200w, https:\/\/scar-id.com\/wp-content\/uploads\/2023\/08\/scar-id-obi-black-yamaguki-dress-2-683x1024.jpg 683w, https:\/\/scar-id.com\/wp-content\/uploads\/2023\/08\/scar-id-obi-black-yamaguki-dress-2-768x1152.jpg 768w, https:\/\/scar-id.com\/wp-content\/uploads\/2023\/08\/scar-id-obi-black-yamaguki-dress-2-1024x1536.jpg 1024w, https:\/\/scar-id.com\/wp-content\/uploads\/2023\/08\/scar-id-obi-black-yamaguki-dress-2-1365x2048.jpg 1365w, https:\/\/scar-id.com\/wp-content\/uploads\/2023\/08\/scar-id-obi-black-yamaguki-dress-2-324x486.jpg 324w, https:\/\/scar-id.com\/wp-content\/uploads\/2023\/08\/scar-id-obi-black-yamaguki-dress-2-416x624.jpg 416w\" sizes=\"(max-width: 1400px) 100vw, 1400px\" \/> <img decoding=\"async\" class=\"alignnone size-full wp-image-25229\" src=\"https:\/\/scar-id.com\/wp-content\/uploads\/2023\/08\/scar-id-obi-black-yamaguki-dress-3.jpg\" alt=\"\" width=\"1400\" height=\"2100\" srcset=\"https:\/\/scar-id.com\/wp-content\/uploads\/2023\/08\/scar-id-obi-black-yamaguki-dress-3.jpg 1400w, https:\/\/scar-id.com\/wp-content\/uploads\/2023\/08\/scar-id-obi-black-yamaguki-dress-3-200x300.jpg 200w, https:\/\/scar-id.com\/wp-content\/uploads\/2023\/08\/scar-id-obi-black-yamaguki-dress-3-683x1024.jpg 683w, https:\/\/scar-id.com\/wp-content\/uploads\/2023\/08\/scar-id-obi-black-yamaguki-dress-3-768x1152.jpg 768w, https:\/\/scar-id.com\/wp-content\/uploads\/2023\/08\/scar-id-obi-black-yamaguki-dress-3-1024x1536.jpg 1024w, https:\/\/scar-id.com\/wp-content\/uploads\/2023\/08\/scar-id-obi-black-yamaguki-dress-3-1365x2048.jpg 1365w, https:\/\/scar-id.com\/wp-content\/uploads\/2023\/08\/scar-id-obi-black-yamaguki-dress-3-324x486.jpg 324w, https:\/\/scar-id.com\/wp-content\/uploads\/2023\/08\/scar-id-obi-black-yamaguki-dress-3-416x624.jpg 416w\" sizes=\"(max-width: 1400px) 100vw, 1400px\" \/> <img loading=\"lazy\" decoding=\"async\" class=\"alignnone size-full wp-image-25231\" src=\"https:\/\/scar-id.com\/wp-content\/uploads\/2023\/08\/scar-id-obi-black-yamaguki-dress-4.jpg\" alt=\"\" width=\"1400\" height=\"2100\" srcset=\"https:\/\/scar-id.com\/wp-content\/uploads\/2023\/08\/scar-id-obi-black-yamaguki-dress-4.jpg 1400w, https:\/\/scar-id.com\/wp-content\/uploads\/2023\/08\/scar-id-obi-black-yamaguki-dress-4-200x300.jpg 200w, https:\/\/scar-id.com\/wp-content\/uploads\/2023\/08\/scar-id-obi-black-yamaguki-dress-4-683x1024.jpg 683w, https:\/\/scar-id.com\/wp-content\/uploads\/2023\/08\/scar-id-obi-black-yamaguki-dress-4-768x1152.jpg 768w, https:\/\/scar-id.com\/wp-content\/uploads\/2023\/08\/scar-id-obi-black-yamaguki-dress-4-1024x1536.jpg 1024w, https:\/\/scar-id.com\/wp-content\/uploads\/2023\/08\/scar-id-obi-black-yamaguki-dress-4-1365x2048.jpg 1365w, https:\/\/scar-id.com\/wp-content\/uploads\/2023\/08\/scar-id-obi-black-yamaguki-dress-4-324x486.jpg 324w, https:\/\/scar-id.com\/wp-content\/uploads\/2023\/08\/scar-id-obi-black-yamaguki-dress-4-416x624.jpg 416w\" sizes=\"(max-width: 1400px) 100vw, 1400px\" \/> <img loading=\"lazy\" decoding=\"async\" class=\"alignnone size-full wp-image-25233\" src=\"https:\/\/scar-id.com\/wp-content\/uploads\/2023\/08\/scar-id-obi-black-yamaguki-dress-5.jpg\" alt=\"\" width=\"1400\" height=\"2100\" srcset=\"https:\/\/scar-id.com\/wp-content\/uploads\/2023\/08\/scar-id-obi-black-yamaguki-dress-5.jpg 1400w, https:\/\/scar-id.com\/wp-content\/uploads\/2023\/08\/scar-id-obi-black-yamaguki-dress-5-200x300.jpg 200w, https:\/\/scar-id.com\/wp-content\/uploads\/2023\/08\/scar-id-obi-black-yamaguki-dress-5-683x1024.jpg 683w, https:\/\/scar-id.com\/wp-content\/uploads\/2023\/08\/scar-id-obi-black-yamaguki-dress-5-768x1152.jpg 768w, https:\/\/scar-id.com\/wp-content\/uploads\/2023\/08\/scar-id-obi-black-yamaguki-dress-5-1024x1536.jpg 1024w, https:\/\/scar-id.com\/wp-content\/uploads\/2023\/08\/scar-id-obi-black-yamaguki-dress-5-1365x2048.jpg 1365w, https:\/\/scar-id.com\/wp-content\/uploads\/2023\/08\/scar-id-obi-black-yamaguki-dress-5-324x486.jpg 324w, https:\/\/scar-id.com\/wp-content\/uploads\/2023\/08\/scar-id-obi-black-yamaguki-dress-5-416x624.jpg 416w\" sizes=\"(max-width: 1400px) 100vw, 1400px\" \/>Y<\/p>\n<\/body><\/html>\n","protected":false},"excerpt":{"rendered":"<h6><strong>Descri\u00e7\u00e3o: <\/strong>Vestinho A-line bordado, em linho; forro assim\u00e9trico preto e bege; cinto aplicado na lateral<\/h6>\n<h6><strong>Material: <\/strong>100% Algod\u00e3o (exterior) + 100% Seda (forro)<\/h6>\n<h6><strong>Tamanho: <\/strong>\u00danico (Oversize Fit)<\/h6>\n<h6><strong>Comprimento:<\/strong> 112 cm<\/h6>\n<p>&nbsp;<\/p>\n<p>&nbsp;<\/p>\n<h6>Todas as pe\u00e7as OBI s\u00e3o<\/h6>\n<h6>Dessenhadas e produzidas em pequena escala, em Portugal<\/h6>\n<h6>Para informa\u00e7\u00f5es e contactos, p.f. contacte-nos<\/h6>\n<h6><a href=\"mailto:info@scar-id.com\">info@scar-id.com<\/a>\u00a0\/ (+351) 22\u00a0203 3087<\/h6>\n","protected":false},"featured_media":25236,"template":"","meta":{"_uag_custom_page_level_css":""},"product_brand":[],"product_cat":[161],"product_tag":[],"class_list":{"0":"post-25247","1":"product","2":"type-product","3":"status-publish","4":"has-post-thumbnail","6":"product_cat-obi","8":"first","9":"instock","10":"taxable","11":"shipping-taxable","12":"purchasable","13":"product-type-simple"},"aioseo_notices":[],"uagb_featured_image_src":{"full":["https:\/\/scar-id.com\/wp-content\/uploads\/2023\/08\/scar-id-obi-black-yamaguki-dress-1-1.jpg",824,1138,false],"thumbnail":["https:\/\/scar-id.com\/wp-content\/uploads\/2023\/08\/scar-id-obi-black-yamaguki-dress-1-1-150x150.jpg",150,150,true],"medium":["https:\/\/scar-id.com\/wp-content\/uploads\/2023\/08\/scar-id-obi-black-yamaguki-dress-1-1-217x300.jpg",217,300,true],"medium_large":["https:\/\/scar-id.com\/wp-content\/uploads\/2023\/08\/scar-id-obi-black-yamaguki-dress-1-1-768x1061.jpg",768,1061,true],"large":["https:\/\/scar-id.com\/wp-content\/uploads\/2023\/08\/scar-id-obi-black-yamaguki-dress-1-1-741x1024.jpg",741,1024,true],"1536x1536":["https:\/\/scar-id.com\/wp-content\/uploads\/2023\/08\/scar-id-obi-black-yamaguki-dress-1-1.jpg",824,1138,false],"2048x2048":["https:\/\/scar-id.com\/wp-content\/uploads\/2023\/08\/scar-id-obi-black-yamaguki-dress-1-1.jpg",824,1138,false],"woocommerce_thumbnail":["https:\/\/scar-id.com\/wp-content\/uploads\/2023\/08\/scar-id-obi-black-yamaguki-dress-1-1-324x447.jpg",324,447,true],"woocommerce_single":["https:\/\/scar-id.com\/wp-content\/uploads\/2023\/08\/scar-id-obi-black-yamaguki-dress-1-1-416x575.jpg",416,575,true],"woocommerce_gallery_thumbnail":["https:\/\/scar-id.com\/wp-content\/uploads\/2023\/08\/scar-id-obi-black-yamaguki-dress-1-1-100x100.jpg",100,100,true]},"uagb_author_info":{"display_name":"scar-id","author_link":"https:\/\/scar-id.com\/pt-pt\/author\/"},"uagb_comment_info":0,"uagb_excerpt":"Descri\u00e7\u00e3o: Vestinho A-line bordado, em linho; forro assim\u00e9trico preto e bege; cinto aplicado na lateral Material: 100% Algod\u00e3o (exterior) + 100% Seda (forro) Tamanho: \u00danico (Oversize Fit) Comprimento: 112 cm &nbsp; &nbsp; Todas as pe\u00e7as OBI s\u00e3o Dessenhadas e produzidas em pequena escala, em Portugal Para informa\u00e7\u00f5es e contactos, p.f. contacte-nos info@scar-id.com\u00a0\/ (+351) 22\u00a0203 3087","_links":{"self":[{"href":"https:\/\/scar-id.com\/pt-pt\/wp-json\/wp\/v2\/product\/25247","targetHints":{"allow":["GET"]}}],"collection":[{"href":"https:\/\/scar-id.com\/pt-pt\/wp-json\/wp\/v2\/product"}],"about":[{"href":"https:\/\/scar-id.com\/pt-pt\/wp-json\/wp\/v2\/types\/product"}],"wp:featuredmedia":[{"embeddable":true,"href":"https:\/\/scar-id.com\/pt-pt\/wp-json\/wp\/v2\/media\/25236"}],"wp:attachment":[{"href":"https:\/\/scar-id.com\/pt-pt\/wp-json\/wp\/v2\/media?parent=25247"}],"wp:term":[{"taxonomy":"product_brand","embeddable":true,"href":"https:\/\/scar-id.com\/pt-pt\/wp-json\/wp\/v2\/product_brand?post=25247"},{"taxonomy":"product_cat","embeddable":true,"href":"https:\/\/scar-id.com\/pt-pt\/wp-json\/wp\/v2\/product_cat?post=25247"},{"taxonomy":"product_tag","embeddable":true,"href":"https:\/\/scar-id.com\/pt-pt\/wp-json\/wp\/v2\/product_tag?post=25247"}],"curies":[{"name":"wp","href":"https:\/\/api.w.org\/{rel}","templated":true}]}}