{"id":25319,"date":"2023-08-24T14:33:38","date_gmt":"2023-08-24T14:33:38","guid":{"rendered":"https:\/\/scar-id.com\/produto\/knitwear-jacquard-cardigan\/"},"modified":"2023-08-24T15:11:43","modified_gmt":"2023-08-24T15:11:43","slug":"knitwear-jacquard-cardigan","status":"publish","type":"product","link":"https:\/\/scar-id.com\/pt-pt\/produto\/knitwear-jacquard-cardigan\/","title":{"rendered":"Cardigan em Malha Jacquard"},"content":{"rendered":"<!DOCTYPE html PUBLIC \"-\/\/W3C\/\/DTD HTML 4.0 Transitional\/\/EN\" \"http:\/\/www.w3.org\/TR\/REC-html40\/loose.dtd\">\n<html><body><p><img fetchpriority=\"high\" decoding=\"async\" class=\"alignnone size-full wp-image-25298\" src=\"https:\/\/scar-id.com\/wp-content\/uploads\/2023\/08\/scar-id-susana-bettencourt-Knitwear-Jacquard-Cardigan-1.jpg\" alt=\"\" width=\"1400\" height=\"2104\" srcset=\"https:\/\/scar-id.com\/wp-content\/uploads\/2023\/08\/scar-id-susana-bettencourt-Knitwear-Jacquard-Cardigan-1.jpg 1400w, https:\/\/scar-id.com\/wp-content\/uploads\/2023\/08\/scar-id-susana-bettencourt-Knitwear-Jacquard-Cardigan-1-200x300.jpg 200w, https:\/\/scar-id.com\/wp-content\/uploads\/2023\/08\/scar-id-susana-bettencourt-Knitwear-Jacquard-Cardigan-1-681x1024.jpg 681w, https:\/\/scar-id.com\/wp-content\/uploads\/2023\/08\/scar-id-susana-bettencourt-Knitwear-Jacquard-Cardigan-1-768x1154.jpg 768w, https:\/\/scar-id.com\/wp-content\/uploads\/2023\/08\/scar-id-susana-bettencourt-Knitwear-Jacquard-Cardigan-1-1022x1536.jpg 1022w, https:\/\/scar-id.com\/wp-content\/uploads\/2023\/08\/scar-id-susana-bettencourt-Knitwear-Jacquard-Cardigan-1-1363x2048.jpg 1363w, https:\/\/scar-id.com\/wp-content\/uploads\/2023\/08\/scar-id-susana-bettencourt-Knitwear-Jacquard-Cardigan-1-324x487.jpg 324w, https:\/\/scar-id.com\/wp-content\/uploads\/2023\/08\/scar-id-susana-bettencourt-Knitwear-Jacquard-Cardigan-1-416x625.jpg 416w\" sizes=\"(max-width: 1400px) 100vw, 1400px\" \/> <img decoding=\"async\" class=\"alignnone size-full wp-image-25300\" src=\"https:\/\/scar-id.com\/wp-content\/uploads\/2023\/08\/scar-id-susana-bettencourt-Knitwear-Jacquard-Cardigan-2.jpg\" alt=\"\" width=\"1400\" height=\"2104\" srcset=\"https:\/\/scar-id.com\/wp-content\/uploads\/2023\/08\/scar-id-susana-bettencourt-Knitwear-Jacquard-Cardigan-2.jpg 1400w, https:\/\/scar-id.com\/wp-content\/uploads\/2023\/08\/scar-id-susana-bettencourt-Knitwear-Jacquard-Cardigan-2-200x300.jpg 200w, https:\/\/scar-id.com\/wp-content\/uploads\/2023\/08\/scar-id-susana-bettencourt-Knitwear-Jacquard-Cardigan-2-681x1024.jpg 681w, https:\/\/scar-id.com\/wp-content\/uploads\/2023\/08\/scar-id-susana-bettencourt-Knitwear-Jacquard-Cardigan-2-768x1154.jpg 768w, https:\/\/scar-id.com\/wp-content\/uploads\/2023\/08\/scar-id-susana-bettencourt-Knitwear-Jacquard-Cardigan-2-1022x1536.jpg 1022w, https:\/\/scar-id.com\/wp-content\/uploads\/2023\/08\/scar-id-susana-bettencourt-Knitwear-Jacquard-Cardigan-2-1363x2048.jpg 1363w, https:\/\/scar-id.com\/wp-content\/uploads\/2023\/08\/scar-id-susana-bettencourt-Knitwear-Jacquard-Cardigan-2-324x487.jpg 324w, https:\/\/scar-id.com\/wp-content\/uploads\/2023\/08\/scar-id-susana-bettencourt-Knitwear-Jacquard-Cardigan-2-416x625.jpg 416w\" sizes=\"(max-width: 1400px) 100vw, 1400px\" \/> <img decoding=\"async\" class=\"alignnone size-full wp-image-25302\" src=\"https:\/\/scar-id.com\/wp-content\/uploads\/2023\/08\/scar-id-susana-bettencourt-Knitwear-Jacquard-Cardigan-3.jpg\" alt=\"\" width=\"1400\" height=\"2104\" srcset=\"https:\/\/scar-id.com\/wp-content\/uploads\/2023\/08\/scar-id-susana-bettencourt-Knitwear-Jacquard-Cardigan-3.jpg 1400w, https:\/\/scar-id.com\/wp-content\/uploads\/2023\/08\/scar-id-susana-bettencourt-Knitwear-Jacquard-Cardigan-3-200x300.jpg 200w, https:\/\/scar-id.com\/wp-content\/uploads\/2023\/08\/scar-id-susana-bettencourt-Knitwear-Jacquard-Cardigan-3-681x1024.jpg 681w, https:\/\/scar-id.com\/wp-content\/uploads\/2023\/08\/scar-id-susana-bettencourt-Knitwear-Jacquard-Cardigan-3-768x1154.jpg 768w, https:\/\/scar-id.com\/wp-content\/uploads\/2023\/08\/scar-id-susana-bettencourt-Knitwear-Jacquard-Cardigan-3-1022x1536.jpg 1022w, https:\/\/scar-id.com\/wp-content\/uploads\/2023\/08\/scar-id-susana-bettencourt-Knitwear-Jacquard-Cardigan-3-1363x2048.jpg 1363w, https:\/\/scar-id.com\/wp-content\/uploads\/2023\/08\/scar-id-susana-bettencourt-Knitwear-Jacquard-Cardigan-3-324x487.jpg 324w, https:\/\/scar-id.com\/wp-content\/uploads\/2023\/08\/scar-id-susana-bettencourt-Knitwear-Jacquard-Cardigan-3-416x625.jpg 416w\" sizes=\"(max-width: 1400px) 100vw, 1400px\" \/><\/p>\n<\/body><\/html>\n","protected":false},"excerpt":{"rendered":"<h6><strong>Descri\u00e7\u00e3o:<\/strong> Casaco aberto com padr\u00e3o branco e azul<\/h6>\n<h6><strong>Material: <\/strong>75% Algod\u00e3o +\u00a0 23% Viscose + 2%\u00a0 PBT<\/h6>\n<h6><\/h6>\n<p>&nbsp;<\/p>\n<p>&nbsp;<\/p>\n<h6>Todas as pe\u00e7as de Susana Bettencourt s\u00e3o<\/h6>\n<h6>Desenhadas e Produzidas em Portugal<\/h6>\n<h6>Para informa\u00e7\u00f5es, por favor contacte-nos:<\/h6>\n<h6><a href=\"mailto:info@scar-id.com\">info@scar-id.com<\/a>\u00a0\/ (+351) 22\u00a0203 3087<\/h6>\n<h6><\/h6>\n","protected":false},"featured_media":25305,"template":"","meta":{"_uag_custom_page_level_css":""},"product_brand":[],"product_cat":[172],"product_tag":[],"class_list":{"0":"post-25319","1":"product","2":"type-product","3":"status-publish","4":"has-post-thumbnail","6":"product_cat-susana-bettencourt","8":"first","9":"instock","10":"taxable","11":"shipping-taxable","12":"purchasable","13":"product-type-simple"},"aioseo_notices":[],"uagb_featured_image_src":{"full":["https:\/\/scar-id.com\/wp-content\/uploads\/2023\/08\/scar-id-susana-bettencourt-Knitwear-Jacquard-Cardigan-1-1.jpg",824,1138,false],"thumbnail":["https:\/\/scar-id.com\/wp-content\/uploads\/2023\/08\/scar-id-susana-bettencourt-Knitwear-Jacquard-Cardigan-1-1-150x150.jpg",150,150,true],"medium":["https:\/\/scar-id.com\/wp-content\/uploads\/2023\/08\/scar-id-susana-bettencourt-Knitwear-Jacquard-Cardigan-1-1-217x300.jpg",217,300,true],"medium_large":["https:\/\/scar-id.com\/wp-content\/uploads\/2023\/08\/scar-id-susana-bettencourt-Knitwear-Jacquard-Cardigan-1-1-768x1061.jpg",768,1061,true],"large":["https:\/\/scar-id.com\/wp-content\/uploads\/2023\/08\/scar-id-susana-bettencourt-Knitwear-Jacquard-Cardigan-1-1-741x1024.jpg",741,1024,true],"1536x1536":["https:\/\/scar-id.com\/wp-content\/uploads\/2023\/08\/scar-id-susana-bettencourt-Knitwear-Jacquard-Cardigan-1-1.jpg",824,1138,false],"2048x2048":["https:\/\/scar-id.com\/wp-content\/uploads\/2023\/08\/scar-id-susana-bettencourt-Knitwear-Jacquard-Cardigan-1-1.jpg",824,1138,false],"woocommerce_thumbnail":["https:\/\/scar-id.com\/wp-content\/uploads\/2023\/08\/scar-id-susana-bettencourt-Knitwear-Jacquard-Cardigan-1-1-324x447.jpg",324,447,true],"woocommerce_single":["https:\/\/scar-id.com\/wp-content\/uploads\/2023\/08\/scar-id-susana-bettencourt-Knitwear-Jacquard-Cardigan-1-1-416x575.jpg",416,575,true],"woocommerce_gallery_thumbnail":["https:\/\/scar-id.com\/wp-content\/uploads\/2023\/08\/scar-id-susana-bettencourt-Knitwear-Jacquard-Cardigan-1-1-100x100.jpg",100,100,true]},"uagb_author_info":{"display_name":"scar-id","author_link":"https:\/\/scar-id.com\/pt-pt\/author\/"},"uagb_comment_info":0,"uagb_excerpt":"Descri\u00e7\u00e3o: Casaco aberto com padr\u00e3o branco e azul Material: 75% Algod\u00e3o +\u00a0 23% Viscose + 2%\u00a0 PBT &nbsp; &nbsp; Todas as pe\u00e7as de Susana Bettencourt s\u00e3o Desenhadas e Produzidas em Portugal Para informa\u00e7\u00f5es, por favor contacte-nos: info@scar-id.com\u00a0\/ (+351) 22\u00a0203 3087","_links":{"self":[{"href":"https:\/\/scar-id.com\/pt-pt\/wp-json\/wp\/v2\/product\/25319","targetHints":{"allow":["GET"]}}],"collection":[{"href":"https:\/\/scar-id.com\/pt-pt\/wp-json\/wp\/v2\/product"}],"about":[{"href":"https:\/\/scar-id.com\/pt-pt\/wp-json\/wp\/v2\/types\/product"}],"wp:featuredmedia":[{"embeddable":true,"href":"https:\/\/scar-id.com\/pt-pt\/wp-json\/wp\/v2\/media\/25305"}],"wp:attachment":[{"href":"https:\/\/scar-id.com\/pt-pt\/wp-json\/wp\/v2\/media?parent=25319"}],"wp:term":[{"taxonomy":"product_brand","embeddable":true,"href":"https:\/\/scar-id.com\/pt-pt\/wp-json\/wp\/v2\/product_brand?post=25319"},{"taxonomy":"product_cat","embeddable":true,"href":"https:\/\/scar-id.com\/pt-pt\/wp-json\/wp\/v2\/product_cat?post=25319"},{"taxonomy":"product_tag","embeddable":true,"href":"https:\/\/scar-id.com\/pt-pt\/wp-json\/wp\/v2\/product_tag?post=25319"}],"curies":[{"name":"wp","href":"https:\/\/api.w.org\/{rel}","templated":true}]}}