{"id":26159,"date":"2023-11-10T15:40:14","date_gmt":"2023-11-10T15:40:14","guid":{"rendered":"https:\/\/scar-id.com\/produto\/livreto\/"},"modified":"2023-11-10T15:44:50","modified_gmt":"2023-11-10T15:44:50","slug":"livreto","status":"publish","type":"product","link":"https:\/\/scar-id.com\/pt-pt\/produto\/livreto\/","title":{"rendered":"Livreto"},"content":{"rendered":"<!DOCTYPE html PUBLIC \"-\/\/W3C\/\/DTD HTML 4.0 Transitional\/\/EN\" \"http:\/\/www.w3.org\/TR\/REC-html40\/loose.dtd\">\n<html><body><p><img fetchpriority=\"high\" decoding=\"async\" class=\"alignnone size-full wp-image-26155\" src=\"https:\/\/scar-id.com\/wp-content\/uploads\/2023\/11\/ANDRE-RAMOS-SCAR-ID-10-5-1.jpeg\" alt=\"\" width=\"1400\" height=\"1400\" srcset=\"https:\/\/scar-id.com\/wp-content\/uploads\/2023\/11\/ANDRE-RAMOS-SCAR-ID-10-5-1.jpeg 1400w, https:\/\/scar-id.com\/wp-content\/uploads\/2023\/11\/ANDRE-RAMOS-SCAR-ID-10-5-1-300x300.jpeg 300w, https:\/\/scar-id.com\/wp-content\/uploads\/2023\/11\/ANDRE-RAMOS-SCAR-ID-10-5-1-1024x1024.jpeg 1024w, https:\/\/scar-id.com\/wp-content\/uploads\/2023\/11\/ANDRE-RAMOS-SCAR-ID-10-5-1-150x150.jpeg 150w, https:\/\/scar-id.com\/wp-content\/uploads\/2023\/11\/ANDRE-RAMOS-SCAR-ID-10-5-1-768x768.jpeg 768w, https:\/\/scar-id.com\/wp-content\/uploads\/2023\/11\/ANDRE-RAMOS-SCAR-ID-10-5-1-324x324.jpeg 324w, https:\/\/scar-id.com\/wp-content\/uploads\/2023\/11\/ANDRE-RAMOS-SCAR-ID-10-5-1-416x416.jpeg 416w, https:\/\/scar-id.com\/wp-content\/uploads\/2023\/11\/ANDRE-RAMOS-SCAR-ID-10-5-1-100x100.jpeg 100w\" sizes=\"(max-width: 1400px) 100vw, 1400px\" \/> <img decoding=\"async\" class=\"alignnone size-full wp-image-26153\" src=\"https:\/\/scar-id.com\/wp-content\/uploads\/2023\/11\/ANDRE-RAMOS-SCAR-ID-10-4-1.jpeg\" alt=\"\" width=\"1400\" height=\"1400\" srcset=\"https:\/\/scar-id.com\/wp-content\/uploads\/2023\/11\/ANDRE-RAMOS-SCAR-ID-10-4-1.jpeg 1400w, https:\/\/scar-id.com\/wp-content\/uploads\/2023\/11\/ANDRE-RAMOS-SCAR-ID-10-4-1-300x300.jpeg 300w, https:\/\/scar-id.com\/wp-content\/uploads\/2023\/11\/ANDRE-RAMOS-SCAR-ID-10-4-1-1024x1024.jpeg 1024w, https:\/\/scar-id.com\/wp-content\/uploads\/2023\/11\/ANDRE-RAMOS-SCAR-ID-10-4-1-150x150.jpeg 150w, https:\/\/scar-id.com\/wp-content\/uploads\/2023\/11\/ANDRE-RAMOS-SCAR-ID-10-4-1-768x768.jpeg 768w, https:\/\/scar-id.com\/wp-content\/uploads\/2023\/11\/ANDRE-RAMOS-SCAR-ID-10-4-1-324x324.jpeg 324w, https:\/\/scar-id.com\/wp-content\/uploads\/2023\/11\/ANDRE-RAMOS-SCAR-ID-10-4-1-416x416.jpeg 416w, https:\/\/scar-id.com\/wp-content\/uploads\/2023\/11\/ANDRE-RAMOS-SCAR-ID-10-4-1-100x100.jpeg 100w\" sizes=\"(max-width: 1400px) 100vw, 1400px\" \/> <img decoding=\"async\" class=\"alignnone size-full wp-image-26151\" src=\"https:\/\/scar-id.com\/wp-content\/uploads\/2023\/11\/ANDRE-RAMOS-SCAR-ID-10-3-1.jpeg\" alt=\"\" width=\"1400\" height=\"1400\" srcset=\"https:\/\/scar-id.com\/wp-content\/uploads\/2023\/11\/ANDRE-RAMOS-SCAR-ID-10-3-1.jpeg 1400w, https:\/\/scar-id.com\/wp-content\/uploads\/2023\/11\/ANDRE-RAMOS-SCAR-ID-10-3-1-300x300.jpeg 300w, https:\/\/scar-id.com\/wp-content\/uploads\/2023\/11\/ANDRE-RAMOS-SCAR-ID-10-3-1-1024x1024.jpeg 1024w, https:\/\/scar-id.com\/wp-content\/uploads\/2023\/11\/ANDRE-RAMOS-SCAR-ID-10-3-1-150x150.jpeg 150w, https:\/\/scar-id.com\/wp-content\/uploads\/2023\/11\/ANDRE-RAMOS-SCAR-ID-10-3-1-768x768.jpeg 768w, https:\/\/scar-id.com\/wp-content\/uploads\/2023\/11\/ANDRE-RAMOS-SCAR-ID-10-3-1-324x324.jpeg 324w, https:\/\/scar-id.com\/wp-content\/uploads\/2023\/11\/ANDRE-RAMOS-SCAR-ID-10-3-1-416x416.jpeg 416w, https:\/\/scar-id.com\/wp-content\/uploads\/2023\/11\/ANDRE-RAMOS-SCAR-ID-10-3-1-100x100.jpeg 100w\" sizes=\"(max-width: 1400px) 100vw, 1400px\" \/> <img loading=\"lazy\" decoding=\"async\" class=\"alignnone size-full wp-image-26149\" src=\"https:\/\/scar-id.com\/wp-content\/uploads\/2023\/11\/ANDRE-RAMOS-SCAR-ID-10-2-1.jpeg\" alt=\"\" width=\"1400\" height=\"1400\" srcset=\"https:\/\/scar-id.com\/wp-content\/uploads\/2023\/11\/ANDRE-RAMOS-SCAR-ID-10-2-1.jpeg 1400w, https:\/\/scar-id.com\/wp-content\/uploads\/2023\/11\/ANDRE-RAMOS-SCAR-ID-10-2-1-300x300.jpeg 300w, https:\/\/scar-id.com\/wp-content\/uploads\/2023\/11\/ANDRE-RAMOS-SCAR-ID-10-2-1-1024x1024.jpeg 1024w, https:\/\/scar-id.com\/wp-content\/uploads\/2023\/11\/ANDRE-RAMOS-SCAR-ID-10-2-1-150x150.jpeg 150w, https:\/\/scar-id.com\/wp-content\/uploads\/2023\/11\/ANDRE-RAMOS-SCAR-ID-10-2-1-768x768.jpeg 768w, https:\/\/scar-id.com\/wp-content\/uploads\/2023\/11\/ANDRE-RAMOS-SCAR-ID-10-2-1-324x324.jpeg 324w, https:\/\/scar-id.com\/wp-content\/uploads\/2023\/11\/ANDRE-RAMOS-SCAR-ID-10-2-1-416x416.jpeg 416w, https:\/\/scar-id.com\/wp-content\/uploads\/2023\/11\/ANDRE-RAMOS-SCAR-ID-10-2-1-100x100.jpeg 100w\" sizes=\"(max-width: 1400px) 100vw, 1400px\" \/> <img loading=\"lazy\" decoding=\"async\" class=\"alignnone size-full wp-image-26147\" src=\"https:\/\/scar-id.com\/wp-content\/uploads\/2023\/11\/ANDRE-RAMOS-SCAR-ID-10-1-1.jpeg\" alt=\"\" width=\"1400\" height=\"1400\" srcset=\"https:\/\/scar-id.com\/wp-content\/uploads\/2023\/11\/ANDRE-RAMOS-SCAR-ID-10-1-1.jpeg 1400w, https:\/\/scar-id.com\/wp-content\/uploads\/2023\/11\/ANDRE-RAMOS-SCAR-ID-10-1-1-300x300.jpeg 300w, https:\/\/scar-id.com\/wp-content\/uploads\/2023\/11\/ANDRE-RAMOS-SCAR-ID-10-1-1-1024x1024.jpeg 1024w, https:\/\/scar-id.com\/wp-content\/uploads\/2023\/11\/ANDRE-RAMOS-SCAR-ID-10-1-1-150x150.jpeg 150w, https:\/\/scar-id.com\/wp-content\/uploads\/2023\/11\/ANDRE-RAMOS-SCAR-ID-10-1-1-768x768.jpeg 768w, https:\/\/scar-id.com\/wp-content\/uploads\/2023\/11\/ANDRE-RAMOS-SCAR-ID-10-1-1-324x324.jpeg 324w, https:\/\/scar-id.com\/wp-content\/uploads\/2023\/11\/ANDRE-RAMOS-SCAR-ID-10-1-1-416x416.jpeg 416w, https:\/\/scar-id.com\/wp-content\/uploads\/2023\/11\/ANDRE-RAMOS-SCAR-ID-10-1-1-100x100.jpeg 100w\" sizes=\"(max-width: 1400px) 100vw, 1400px\" \/><\/p>\n<\/body><\/html>\n","protected":false},"excerpt":{"rendered":"<h5><strong>Descri\u00e7\u00e3o:<\/strong> Livreto de 32 p\u00e1ginas. Um ensaio A5 sobre os 10 anos da SCAR-ID<\/h5>\n<h5><strong>L\u00edngua:<\/strong> Portugu\u00eas<\/h5>\n<h5><strong>Impresso sob encomenda:<\/strong> 7 dias para entrega<\/h5>\n<h5><\/h5>\n<h5><\/h5>\n<h5><\/h5>\n<p>&nbsp;<\/p>\n<p>&nbsp;<\/p>\n<h5>Esta pe\u00e7a \u00e9 o resultado do Open Call lan\u00e7ado para o <strong>10\u00ba anivers\u00e1rio da SCAR-ID<\/strong>.<\/h5>\n<h5>Para informa\u00e7\u00f5es e medidas, p.f. contacte-nos:<\/h5>\n<h5><a href=\"mailto:info@scar-id.com\">info@scar-id.com<\/a> \/ 222033087<\/h5>\n","protected":false},"featured_media":26158,"template":"","meta":{"_uag_custom_page_level_css":""},"product_brand":[],"product_cat":[430,462],"product_tag":[],"class_list":{"0":"post-26159","1":"product","2":"type-product","3":"status-publish","4":"has-post-thumbnail","6":"product_cat-andre-ramos-pt","7":"product_cat-scar-id-10-produtos","9":"first","10":"instock","11":"taxable","12":"shipping-taxable","13":"purchasable","14":"product-type-simple"},"aioseo_notices":[],"uagb_featured_image_src":{"full":["https:\/\/scar-id.com\/wp-content\/uploads\/2023\/11\/ANDRE-RAMOS-SCAR-ID-6-MINI.jpg",824,1138,false],"thumbnail":["https:\/\/scar-id.com\/wp-content\/uploads\/2023\/11\/ANDRE-RAMOS-SCAR-ID-6-MINI-150x150.jpg",150,150,true],"medium":["https:\/\/scar-id.com\/wp-content\/uploads\/2023\/11\/ANDRE-RAMOS-SCAR-ID-6-MINI-217x300.jpg",217,300,true],"medium_large":["https:\/\/scar-id.com\/wp-content\/uploads\/2023\/11\/ANDRE-RAMOS-SCAR-ID-6-MINI-768x1061.jpg",768,1061,true],"large":["https:\/\/scar-id.com\/wp-content\/uploads\/2023\/11\/ANDRE-RAMOS-SCAR-ID-6-MINI-741x1024.jpg",741,1024,true],"1536x1536":["https:\/\/scar-id.com\/wp-content\/uploads\/2023\/11\/ANDRE-RAMOS-SCAR-ID-6-MINI.jpg",824,1138,false],"2048x2048":["https:\/\/scar-id.com\/wp-content\/uploads\/2023\/11\/ANDRE-RAMOS-SCAR-ID-6-MINI.jpg",824,1138,false],"woocommerce_thumbnail":["https:\/\/scar-id.com\/wp-content\/uploads\/2023\/11\/ANDRE-RAMOS-SCAR-ID-6-MINI-324x447.jpg",324,447,true],"woocommerce_single":["https:\/\/scar-id.com\/wp-content\/uploads\/2023\/11\/ANDRE-RAMOS-SCAR-ID-6-MINI-416x575.jpg",416,575,true],"woocommerce_gallery_thumbnail":["https:\/\/scar-id.com\/wp-content\/uploads\/2023\/11\/ANDRE-RAMOS-SCAR-ID-6-MINI-100x100.jpg",100,100,true]},"uagb_author_info":{"display_name":"scar-id","author_link":"https:\/\/scar-id.com\/pt-pt\/author\/"},"uagb_comment_info":0,"uagb_excerpt":"Descri\u00e7\u00e3o: Livreto de 32 p\u00e1ginas. Um ensaio A5 sobre os 10 anos da SCAR-ID L\u00edngua: Portugu\u00eas Impresso sob encomenda: 7 dias para entrega &nbsp; &nbsp; Esta pe\u00e7a \u00e9 o resultado do Open Call lan\u00e7ado para o 10\u00ba anivers\u00e1rio da SCAR-ID. Para informa\u00e7\u00f5es e medidas, p.f. contacte-nos: info@scar-id.com \/ 222033087","_links":{"self":[{"href":"https:\/\/scar-id.com\/pt-pt\/wp-json\/wp\/v2\/product\/26159","targetHints":{"allow":["GET"]}}],"collection":[{"href":"https:\/\/scar-id.com\/pt-pt\/wp-json\/wp\/v2\/product"}],"about":[{"href":"https:\/\/scar-id.com\/pt-pt\/wp-json\/wp\/v2\/types\/product"}],"wp:featuredmedia":[{"embeddable":true,"href":"https:\/\/scar-id.com\/pt-pt\/wp-json\/wp\/v2\/media\/26158"}],"wp:attachment":[{"href":"https:\/\/scar-id.com\/pt-pt\/wp-json\/wp\/v2\/media?parent=26159"}],"wp:term":[{"taxonomy":"product_brand","embeddable":true,"href":"https:\/\/scar-id.com\/pt-pt\/wp-json\/wp\/v2\/product_brand?post=26159"},{"taxonomy":"product_cat","embeddable":true,"href":"https:\/\/scar-id.com\/pt-pt\/wp-json\/wp\/v2\/product_cat?post=26159"},{"taxonomy":"product_tag","embeddable":true,"href":"https:\/\/scar-id.com\/pt-pt\/wp-json\/wp\/v2\/product_tag?post=26159"}],"curies":[{"name":"wp","href":"https:\/\/api.w.org\/{rel}","templated":true}]}}