{"id":26269,"date":"2023-11-13T23:38:00","date_gmt":"2023-11-13T23:38:00","guid":{"rendered":"https:\/\/scar-id.com\/produto\/tdha-x-focus-wall-clock\/"},"modified":"2023-11-28T11:44:14","modified_gmt":"2023-11-28T11:44:14","slug":"tdha-x-focus-wall-clock","status":"publish","type":"product","link":"https:\/\/scar-id.com\/pt-pt\/produto\/tdha-x-focus-wall-clock\/","title":{"rendered":"TDHA x FOCUS Rel\u00f3gio de Parede"},"content":{"rendered":"<!DOCTYPE html PUBLIC \"-\/\/W3C\/\/DTD HTML 4.0 Transitional\/\/EN\" \"http:\/\/www.w3.org\/TR\/REC-html40\/loose.dtd\">\n<html><body><p><img fetchpriority=\"high\" decoding=\"async\" class=\"alignnone size-full wp-image-26031\" src=\"https:\/\/scar-id.com\/wp-content\/uploads\/2023\/11\/scar-id-se%CC%81rgio-barbosa-1jpg-copy.jpg\" alt=\"\" width=\"1400\" height=\"1390\"> <img decoding=\"async\" class=\"alignnone size-full wp-image-26033\" src=\"https:\/\/scar-id.com\/wp-content\/uploads\/2023\/11\/scar-id-se%CC%81rgio-barbosa-2-copy.jpg\" alt=\"\" width=\"1400\" height=\"2373\"><\/p>\n<\/body><\/html>\n","protected":false},"excerpt":{"rendered":"<h6><strong>Descri\u00e7\u00e3o:<\/strong> Rel\u00f3gio de parede em cer\u00e2mica com vidrado transparente e ponteiros naturais<\/h6>\n<p>&nbsp;<\/p>\n<h6><\/h6>\n<h6><\/h6>\n<h6><\/h6>\n<h6><\/h6>\n<h6>Esta pe\u00e7a \u00e9 o resultado de um Open que lan\u00e7\u00e1mos para o <strong>10\u00ba anivers\u00e1rio da SCAR-ID<\/strong><\/h6>\n<h6>Para mais informa\u00e7\u00f5es e medidas, p.f. contacte-nos:<\/h6>\n<h6>info@scar-id.com \/ 222033087<\/h6>\n","protected":false},"featured_media":26043,"template":"","meta":{"_uag_custom_page_level_css":""},"product_brand":[],"product_cat":[462,453],"product_tag":[],"class_list":{"0":"post-26269","1":"product","2":"type-product","3":"status-publish","4":"has-post-thumbnail","6":"product_cat-scar-id-10-produtos","7":"product_cat-sergio-flavio-pt","9":"first","10":"instock","11":"taxable","12":"shipping-taxable","13":"purchasable","14":"product-type-simple"},"aioseo_notices":[],"uagb_featured_image_src":{"full":["https:\/\/scar-id.com\/wp-content\/uploads\/2023\/11\/scar-id-se\u0301rgio-barbosa-1.jpg",824,1138,false],"thumbnail":["https:\/\/scar-id.com\/wp-content\/uploads\/2023\/11\/scar-id-se\u0301rgio-barbosa-1-150x150.jpg",150,150,true],"medium":["https:\/\/scar-id.com\/wp-content\/uploads\/2023\/11\/scar-id-se\u0301rgio-barbosa-1-217x300.jpg",217,300,true],"medium_large":["https:\/\/scar-id.com\/wp-content\/uploads\/2023\/11\/scar-id-se\u0301rgio-barbosa-1-768x1061.jpg",768,1061,true],"large":["https:\/\/scar-id.com\/wp-content\/uploads\/2023\/11\/scar-id-se\u0301rgio-barbosa-1-741x1024.jpg",741,1024,true],"1536x1536":["https:\/\/scar-id.com\/wp-content\/uploads\/2023\/11\/scar-id-se\u0301rgio-barbosa-1.jpg",824,1138,false],"2048x2048":["https:\/\/scar-id.com\/wp-content\/uploads\/2023\/11\/scar-id-se\u0301rgio-barbosa-1.jpg",824,1138,false],"woocommerce_thumbnail":["https:\/\/scar-id.com\/wp-content\/uploads\/2023\/11\/scar-id-se\u0301rgio-barbosa-1-324x447.jpg",324,447,true],"woocommerce_single":["https:\/\/scar-id.com\/wp-content\/uploads\/2023\/11\/scar-id-se\u0301rgio-barbosa-1-416x575.jpg",416,575,true],"woocommerce_gallery_thumbnail":["https:\/\/scar-id.com\/wp-content\/uploads\/2023\/11\/scar-id-se\u0301rgio-barbosa-1-100x100.jpg",100,100,true]},"uagb_author_info":{"display_name":"scar-id","author_link":"https:\/\/scar-id.com\/pt-pt\/author\/"},"uagb_comment_info":0,"uagb_excerpt":"Descri\u00e7\u00e3o: Rel\u00f3gio de parede em cer\u00e2mica com vidrado transparente e ponteiros naturais &nbsp; Esta pe\u00e7a \u00e9 o resultado de um Open que lan\u00e7\u00e1mos para o 10\u00ba anivers\u00e1rio da SCAR-ID Para mais informa\u00e7\u00f5es e medidas, p.f. contacte-nos: info@scar-id.com \/ 222033087","_links":{"self":[{"href":"https:\/\/scar-id.com\/pt-pt\/wp-json\/wp\/v2\/product\/26269","targetHints":{"allow":["GET"]}}],"collection":[{"href":"https:\/\/scar-id.com\/pt-pt\/wp-json\/wp\/v2\/product"}],"about":[{"href":"https:\/\/scar-id.com\/pt-pt\/wp-json\/wp\/v2\/types\/product"}],"wp:featuredmedia":[{"embeddable":true,"href":"https:\/\/scar-id.com\/pt-pt\/wp-json\/wp\/v2\/media\/26043"}],"wp:attachment":[{"href":"https:\/\/scar-id.com\/pt-pt\/wp-json\/wp\/v2\/media?parent=26269"}],"wp:term":[{"taxonomy":"product_brand","embeddable":true,"href":"https:\/\/scar-id.com\/pt-pt\/wp-json\/wp\/v2\/product_brand?post=26269"},{"taxonomy":"product_cat","embeddable":true,"href":"https:\/\/scar-id.com\/pt-pt\/wp-json\/wp\/v2\/product_cat?post=26269"},{"taxonomy":"product_tag","embeddable":true,"href":"https:\/\/scar-id.com\/pt-pt\/wp-json\/wp\/v2\/product_tag?post=26269"}],"curies":[{"name":"wp","href":"https:\/\/api.w.org\/{rel}","templated":true}]}}