{"id":26279,"date":"2023-11-13T23:18:22","date_gmt":"2023-11-13T23:18:22","guid":{"rendered":"https:\/\/scar-id.com\/produto\/pedrantil\/"},"modified":"2023-11-28T11:42:15","modified_gmt":"2023-11-28T11:42:15","slug":"pedrantil","status":"publish","type":"product","link":"https:\/\/scar-id.com\/pt-pt\/produto\/pedrantil\/","title":{"rendered":"Desenho Pedrantil"},"content":{"rendered":"<!DOCTYPE html PUBLIC \"-\/\/W3C\/\/DTD HTML 4.0 Transitional\/\/EN\" \"http:\/\/www.w3.org\/TR\/REC-html40\/loose.dtd\">\n<html><body><p><img fetchpriority=\"high\" decoding=\"async\" class=\"alignnone size-full wp-image-26195\" src=\"https:\/\/scar-id.com\/wp-content\/uploads\/2023\/11\/scar-id-helder-da-rocha-1-copy.jpg\" alt=\"\" width=\"1400\" height=\"1941\" srcset=\"https:\/\/scar-id.com\/wp-content\/uploads\/2023\/11\/scar-id-helder-da-rocha-1-copy.jpg 1400w, https:\/\/scar-id.com\/wp-content\/uploads\/2023\/11\/scar-id-helder-da-rocha-1-copy-216x300.jpg 216w, https:\/\/scar-id.com\/wp-content\/uploads\/2023\/11\/scar-id-helder-da-rocha-1-copy-739x1024.jpg 739w, https:\/\/scar-id.com\/wp-content\/uploads\/2023\/11\/scar-id-helder-da-rocha-1-copy-768x1065.jpg 768w, https:\/\/scar-id.com\/wp-content\/uploads\/2023\/11\/scar-id-helder-da-rocha-1-copy-1108x1536.jpg 1108w, https:\/\/scar-id.com\/wp-content\/uploads\/2023\/11\/scar-id-helder-da-rocha-1-copy-324x449.jpg 324w, https:\/\/scar-id.com\/wp-content\/uploads\/2023\/11\/scar-id-helder-da-rocha-1-copy-416x577.jpg 416w\" sizes=\"(max-width: 1400px) 100vw, 1400px\" \/><img decoding=\"async\" class=\"alignnone size-full wp-image-25740\" src=\"https:\/\/scar-id.com\/wp-content\/uploads\/2023\/11\/SCAR_ID_CATALOGO_10ANOS_185x240_final28.jpg\" alt=\"\" width=\"1400\" height=\"908\" srcset=\"https:\/\/scar-id.com\/wp-content\/uploads\/2023\/11\/SCAR_ID_CATALOGO_10ANOS_185x240_final28.jpg 1400w, https:\/\/scar-id.com\/wp-content\/uploads\/2023\/11\/SCAR_ID_CATALOGO_10ANOS_185x240_final28-300x195.jpg 300w, https:\/\/scar-id.com\/wp-content\/uploads\/2023\/11\/SCAR_ID_CATALOGO_10ANOS_185x240_final28-1024x664.jpg 1024w, https:\/\/scar-id.com\/wp-content\/uploads\/2023\/11\/SCAR_ID_CATALOGO_10ANOS_185x240_final28-768x498.jpg 768w, https:\/\/scar-id.com\/wp-content\/uploads\/2023\/11\/SCAR_ID_CATALOGO_10ANOS_185x240_final28-324x210.jpg 324w, https:\/\/scar-id.com\/wp-content\/uploads\/2023\/11\/SCAR_ID_CATALOGO_10ANOS_185x240_final28-416x270.jpg 416w\" sizes=\"(max-width: 1400px) 100vw, 1400px\" \/><\/p>\n<\/body><\/html>\n","protected":false},"excerpt":{"rendered":"<h6><strong>Descri\u00e7\u00e3o:<\/strong> Desenho sobre papel<\/h6>\n<h6><\/h6>\n<h6><\/h6>\n<h6>Esta pe\u00e7a \u00e9 o resultado de um Open que lan\u00e7\u00e1mos para o <strong>10\u00ba anivers\u00e1rio da SCAR-ID<\/strong><\/h6>\n<h6>Para mais informa\u00e7\u00f5es e medidas, p.f. contacte-nos:<\/h6>\n<h6>info@scar-id.com \/ 222033087<\/h6>\n","protected":false},"featured_media":26208,"template":"","meta":{"_uag_custom_page_level_css":""},"product_brand":[],"product_cat":[416,462],"product_tag":[],"class_list":{"0":"post-26279","1":"product","2":"type-product","3":"status-publish","4":"has-post-thumbnail","6":"product_cat-helder-da-rocha-pt","7":"product_cat-scar-id-10-produtos","9":"first","10":"instock","11":"taxable","12":"shipping-taxable","13":"purchasable","14":"product-type-simple"},"aioseo_notices":[],"uagb_featured_image_src":{"full":["https:\/\/scar-id.com\/wp-content\/uploads\/2023\/11\/scar-id-helder-da-rocha-1.jpg",824,1138,false],"thumbnail":["https:\/\/scar-id.com\/wp-content\/uploads\/2023\/11\/scar-id-helder-da-rocha-1-150x150.jpg",150,150,true],"medium":["https:\/\/scar-id.com\/wp-content\/uploads\/2023\/11\/scar-id-helder-da-rocha-1-217x300.jpg",217,300,true],"medium_large":["https:\/\/scar-id.com\/wp-content\/uploads\/2023\/11\/scar-id-helder-da-rocha-1-768x1061.jpg",768,1061,true],"large":["https:\/\/scar-id.com\/wp-content\/uploads\/2023\/11\/scar-id-helder-da-rocha-1-741x1024.jpg",741,1024,true],"1536x1536":["https:\/\/scar-id.com\/wp-content\/uploads\/2023\/11\/scar-id-helder-da-rocha-1.jpg",824,1138,false],"2048x2048":["https:\/\/scar-id.com\/wp-content\/uploads\/2023\/11\/scar-id-helder-da-rocha-1.jpg",824,1138,false],"woocommerce_thumbnail":["https:\/\/scar-id.com\/wp-content\/uploads\/2023\/11\/scar-id-helder-da-rocha-1-324x447.jpg",324,447,true],"woocommerce_single":["https:\/\/scar-id.com\/wp-content\/uploads\/2023\/11\/scar-id-helder-da-rocha-1-416x575.jpg",416,575,true],"woocommerce_gallery_thumbnail":["https:\/\/scar-id.com\/wp-content\/uploads\/2023\/11\/scar-id-helder-da-rocha-1-100x100.jpg",100,100,true]},"uagb_author_info":{"display_name":"scar-id","author_link":"https:\/\/scar-id.com\/pt-pt\/author\/"},"uagb_comment_info":0,"uagb_excerpt":"Descri\u00e7\u00e3o: Desenho sobre papel Esta pe\u00e7a \u00e9 o resultado de um Open que lan\u00e7\u00e1mos para o 10\u00ba anivers\u00e1rio da SCAR-ID Para mais informa\u00e7\u00f5es e medidas, p.f. contacte-nos: info@scar-id.com \/ 222033087","_links":{"self":[{"href":"https:\/\/scar-id.com\/pt-pt\/wp-json\/wp\/v2\/product\/26279","targetHints":{"allow":["GET"]}}],"collection":[{"href":"https:\/\/scar-id.com\/pt-pt\/wp-json\/wp\/v2\/product"}],"about":[{"href":"https:\/\/scar-id.com\/pt-pt\/wp-json\/wp\/v2\/types\/product"}],"wp:featuredmedia":[{"embeddable":true,"href":"https:\/\/scar-id.com\/pt-pt\/wp-json\/wp\/v2\/media\/26208"}],"wp:attachment":[{"href":"https:\/\/scar-id.com\/pt-pt\/wp-json\/wp\/v2\/media?parent=26279"}],"wp:term":[{"taxonomy":"product_brand","embeddable":true,"href":"https:\/\/scar-id.com\/pt-pt\/wp-json\/wp\/v2\/product_brand?post=26279"},{"taxonomy":"product_cat","embeddable":true,"href":"https:\/\/scar-id.com\/pt-pt\/wp-json\/wp\/v2\/product_cat?post=26279"},{"taxonomy":"product_tag","embeddable":true,"href":"https:\/\/scar-id.com\/pt-pt\/wp-json\/wp\/v2\/product_tag?post=26279"}],"curies":[{"name":"wp","href":"https:\/\/api.w.org\/{rel}","templated":true}]}}