{"id":26280,"date":"2023-11-13T23:17:56","date_gmt":"2023-11-13T23:17:56","guid":{"rendered":"https:\/\/scar-id.com\/produto\/tantz\/"},"modified":"2023-11-28T11:43:31","modified_gmt":"2023-11-28T11:43:31","slug":"tantz","status":"publish","type":"product","link":"https:\/\/scar-id.com\/pt-pt\/produto\/tantz\/","title":{"rendered":"TANTZ Candeeiro de Mesa"},"content":{"rendered":"<!DOCTYPE html PUBLIC \"-\/\/W3C\/\/DTD HTML 4.0 Transitional\/\/EN\" \"http:\/\/www.w3.org\/TR\/REC-html40\/loose.dtd\">\n<html><body><p><img fetchpriority=\"high\" decoding=\"async\" class=\"alignnone size-full wp-image-26193\" src=\"https:\/\/scar-id.com\/wp-content\/uploads\/2023\/11\/scar-id-IN-1-copy.jpg\" alt=\"\" width=\"1400\" height=\"1922\" srcset=\"https:\/\/scar-id.com\/wp-content\/uploads\/2023\/11\/scar-id-IN-1-copy.jpg 1400w, https:\/\/scar-id.com\/wp-content\/uploads\/2023\/11\/scar-id-IN-1-copy-219x300.jpg 219w, https:\/\/scar-id.com\/wp-content\/uploads\/2023\/11\/scar-id-IN-1-copy-746x1024.jpg 746w, https:\/\/scar-id.com\/wp-content\/uploads\/2023\/11\/scar-id-IN-1-copy-768x1054.jpg 768w, https:\/\/scar-id.com\/wp-content\/uploads\/2023\/11\/scar-id-IN-1-copy-1119x1536.jpg 1119w, https:\/\/scar-id.com\/wp-content\/uploads\/2023\/11\/scar-id-IN-1-copy-324x445.jpg 324w, https:\/\/scar-id.com\/wp-content\/uploads\/2023\/11\/scar-id-IN-1-copy-416x571.jpg 416w\" sizes=\"(max-width: 1400px) 100vw, 1400px\" \/> <img decoding=\"async\" class=\"alignnone size-full wp-image-26199\" src=\"https:\/\/scar-id.com\/wp-content\/uploads\/2023\/11\/scar-id-IN-2-copy.jpg\" alt=\"\" width=\"1400\" height=\"2038\" srcset=\"https:\/\/scar-id.com\/wp-content\/uploads\/2023\/11\/scar-id-IN-2-copy.jpg 1400w, https:\/\/scar-id.com\/wp-content\/uploads\/2023\/11\/scar-id-IN-2-copy-206x300.jpg 206w, https:\/\/scar-id.com\/wp-content\/uploads\/2023\/11\/scar-id-IN-2-copy-703x1024.jpg 703w, https:\/\/scar-id.com\/wp-content\/uploads\/2023\/11\/scar-id-IN-2-copy-768x1118.jpg 768w, https:\/\/scar-id.com\/wp-content\/uploads\/2023\/11\/scar-id-IN-2-copy-1055x1536.jpg 1055w, https:\/\/scar-id.com\/wp-content\/uploads\/2023\/11\/scar-id-IN-2-copy-324x472.jpg 324w, https:\/\/scar-id.com\/wp-content\/uploads\/2023\/11\/scar-id-IN-2-copy-416x606.jpg 416w\" sizes=\"(max-width: 1400px) 100vw, 1400px\" \/> <img decoding=\"async\" class=\"alignnone size-full wp-image-26203\" src=\"https:\/\/scar-id.com\/wp-content\/uploads\/2023\/11\/scar-id-IN-3-copy.jpg\" alt=\"\" width=\"1400\" height=\"2334\" srcset=\"https:\/\/scar-id.com\/wp-content\/uploads\/2023\/11\/scar-id-IN-3-copy.jpg 1400w, https:\/\/scar-id.com\/wp-content\/uploads\/2023\/11\/scar-id-IN-3-copy-180x300.jpg 180w, https:\/\/scar-id.com\/wp-content\/uploads\/2023\/11\/scar-id-IN-3-copy-614x1024.jpg 614w, https:\/\/scar-id.com\/wp-content\/uploads\/2023\/11\/scar-id-IN-3-copy-768x1280.jpg 768w, https:\/\/scar-id.com\/wp-content\/uploads\/2023\/11\/scar-id-IN-3-copy-921x1536.jpg 921w, https:\/\/scar-id.com\/wp-content\/uploads\/2023\/11\/scar-id-IN-3-copy-1228x2048.jpg 1228w, https:\/\/scar-id.com\/wp-content\/uploads\/2023\/11\/scar-id-IN-3-copy-324x540.jpg 324w, https:\/\/scar-id.com\/wp-content\/uploads\/2023\/11\/scar-id-IN-3-copy-416x694.jpg 416w\" sizes=\"(max-width: 1400px) 100vw, 1400px\" \/><img loading=\"lazy\" decoding=\"async\" class=\"alignnone size-full wp-image-25779\" src=\"https:\/\/scar-id.com\/wp-content\/uploads\/2023\/11\/SCAR_ID_CATALOGO_10ANOS_185x240_final29.jpg\" alt=\"\" width=\"1400\" height=\"908\" srcset=\"https:\/\/scar-id.com\/wp-content\/uploads\/2023\/11\/SCAR_ID_CATALOGO_10ANOS_185x240_final29.jpg 1400w, https:\/\/scar-id.com\/wp-content\/uploads\/2023\/11\/SCAR_ID_CATALOGO_10ANOS_185x240_final29-300x195.jpg 300w, https:\/\/scar-id.com\/wp-content\/uploads\/2023\/11\/SCAR_ID_CATALOGO_10ANOS_185x240_final29-1024x664.jpg 1024w, https:\/\/scar-id.com\/wp-content\/uploads\/2023\/11\/SCAR_ID_CATALOGO_10ANOS_185x240_final29-768x498.jpg 768w, https:\/\/scar-id.com\/wp-content\/uploads\/2023\/11\/SCAR_ID_CATALOGO_10ANOS_185x240_final29-324x210.jpg 324w, https:\/\/scar-id.com\/wp-content\/uploads\/2023\/11\/SCAR_ID_CATALOGO_10ANOS_185x240_final29-416x270.jpg 416w\" sizes=\"(max-width: 1400px) 100vw, 1400px\" \/><\/p>\n<\/body><\/html>\n","protected":false},"excerpt":{"rendered":"<h6>Esta pe\u00e7a \u00e9 o resultado de um Open que lan\u00e7\u00e1mos para o <strong>10\u00ba anivers\u00e1rio da SCAR-ID<\/strong><\/h6>\n<h6>Para mais informa\u00e7\u00f5es e medidas, p.f. contacte-nos:<\/h6>\n<h6>info@scar-id.com \/ 222033087<\/h6>\n","protected":false},"featured_media":26212,"template":"","meta":{"_uag_custom_page_level_css":""},"product_brand":[],"product_cat":[459,462],"product_tag":[],"class_list":{"0":"post-26280","1":"product","2":"type-product","3":"status-publish","4":"has-post-thumbnail","6":"product_cat-in-pt-pt-pt","7":"product_cat-scar-id-10-produtos","9":"first","10":"outofstock","11":"taxable","12":"shipping-taxable","13":"product-type-simple"},"aioseo_notices":[],"uagb_featured_image_src":{"full":["https:\/\/scar-id.com\/wp-content\/uploads\/2023\/11\/scar-id-IN-1.jpg",824,1138,false],"thumbnail":["https:\/\/scar-id.com\/wp-content\/uploads\/2023\/11\/scar-id-IN-1-150x150.jpg",150,150,true],"medium":["https:\/\/scar-id.com\/wp-content\/uploads\/2023\/11\/scar-id-IN-1-217x300.jpg",217,300,true],"medium_large":["https:\/\/scar-id.com\/wp-content\/uploads\/2023\/11\/scar-id-IN-1-768x1061.jpg",768,1061,true],"large":["https:\/\/scar-id.com\/wp-content\/uploads\/2023\/11\/scar-id-IN-1-741x1024.jpg",741,1024,true],"1536x1536":["https:\/\/scar-id.com\/wp-content\/uploads\/2023\/11\/scar-id-IN-1.jpg",824,1138,false],"2048x2048":["https:\/\/scar-id.com\/wp-content\/uploads\/2023\/11\/scar-id-IN-1.jpg",824,1138,false],"woocommerce_thumbnail":["https:\/\/scar-id.com\/wp-content\/uploads\/2023\/11\/scar-id-IN-1-324x447.jpg",324,447,true],"woocommerce_single":["https:\/\/scar-id.com\/wp-content\/uploads\/2023\/11\/scar-id-IN-1-416x575.jpg",416,575,true],"woocommerce_gallery_thumbnail":["https:\/\/scar-id.com\/wp-content\/uploads\/2023\/11\/scar-id-IN-1-100x100.jpg",100,100,true]},"uagb_author_info":{"display_name":"scar-id","author_link":"https:\/\/scar-id.com\/pt-pt\/author\/"},"uagb_comment_info":0,"uagb_excerpt":"Esta pe\u00e7a \u00e9 o resultado de um Open que lan\u00e7\u00e1mos para o 10\u00ba anivers\u00e1rio da SCAR-ID Para mais informa\u00e7\u00f5es e medidas, p.f. contacte-nos: info@scar-id.com \/ 222033087","_links":{"self":[{"href":"https:\/\/scar-id.com\/pt-pt\/wp-json\/wp\/v2\/product\/26280","targetHints":{"allow":["GET"]}}],"collection":[{"href":"https:\/\/scar-id.com\/pt-pt\/wp-json\/wp\/v2\/product"}],"about":[{"href":"https:\/\/scar-id.com\/pt-pt\/wp-json\/wp\/v2\/types\/product"}],"wp:featuredmedia":[{"embeddable":true,"href":"https:\/\/scar-id.com\/pt-pt\/wp-json\/wp\/v2\/media\/26212"}],"wp:attachment":[{"href":"https:\/\/scar-id.com\/pt-pt\/wp-json\/wp\/v2\/media?parent=26280"}],"wp:term":[{"taxonomy":"product_brand","embeddable":true,"href":"https:\/\/scar-id.com\/pt-pt\/wp-json\/wp\/v2\/product_brand?post=26280"},{"taxonomy":"product_cat","embeddable":true,"href":"https:\/\/scar-id.com\/pt-pt\/wp-json\/wp\/v2\/product_cat?post=26280"},{"taxonomy":"product_tag","embeddable":true,"href":"https:\/\/scar-id.com\/pt-pt\/wp-json\/wp\/v2\/product_tag?post=26280"}],"curies":[{"name":"wp","href":"https:\/\/api.w.org\/{rel}","templated":true}]}}