{"id":26289,"date":"2023-11-10T12:58:29","date_gmt":"2023-11-10T12:58:29","guid":{"rendered":"https:\/\/scar-id.com\/produto\/vinco\/"},"modified":"2023-11-28T11:47:55","modified_gmt":"2023-11-28T11:47:55","slug":"vinco","status":"publish","type":"product","link":"https:\/\/scar-id.com\/pt-pt\/produto\/vinco\/","title":{"rendered":"Vinco"},"content":{"rendered":"<!DOCTYPE html PUBLIC \"-\/\/W3C\/\/DTD HTML 4.0 Transitional\/\/EN\" \"http:\/\/www.w3.org\/TR\/REC-html40\/loose.dtd\">\n<html><body><p><img fetchpriority=\"high\" decoding=\"async\" class=\"alignnone size-full wp-image-26072\" src=\"https:\/\/scar-id.com\/wp-content\/uploads\/2023\/11\/scar-id-raquel-sa%CC%81-joa%CC%83o-pontes-1-copy.jpg\" alt=\"\" width=\"1400\" height=\"1714\"><img decoding=\"async\" class=\"alignnone size-full wp-image-26092\" src=\"https:\/\/scar-id.com\/wp-content\/uploads\/2023\/11\/scar-id-raquel-sa%CC%81-joa%CC%83o-pontes-2.jpg\" alt=\"\" width=\"1400\" height=\"2104\"> <img decoding=\"async\" class=\"alignnone size-full wp-image-26094\" src=\"https:\/\/scar-id.com\/wp-content\/uploads\/2023\/11\/scar-id-raquel-sa%CC%81-joa%CC%83o-pontes-3.jpg\" alt=\"\" width=\"1400\" height=\"2104\"><img loading=\"lazy\" decoding=\"async\" class=\"alignnone size-full wp-image-25750\" src=\"https:\/\/scar-id.com\/wp-content\/uploads\/2023\/11\/SCAR_ID_CATALOGO_10ANOS_185x240_final44.jpg\" alt=\"\" width=\"1400\" height=\"908\" srcset=\"https:\/\/scar-id.com\/wp-content\/uploads\/2023\/11\/SCAR_ID_CATALOGO_10ANOS_185x240_final44.jpg 1400w, https:\/\/scar-id.com\/wp-content\/uploads\/2023\/11\/SCAR_ID_CATALOGO_10ANOS_185x240_final44-300x195.jpg 300w, https:\/\/scar-id.com\/wp-content\/uploads\/2023\/11\/SCAR_ID_CATALOGO_10ANOS_185x240_final44-1024x664.jpg 1024w, https:\/\/scar-id.com\/wp-content\/uploads\/2023\/11\/SCAR_ID_CATALOGO_10ANOS_185x240_final44-768x498.jpg 768w, https:\/\/scar-id.com\/wp-content\/uploads\/2023\/11\/SCAR_ID_CATALOGO_10ANOS_185x240_final44-324x210.jpg 324w, https:\/\/scar-id.com\/wp-content\/uploads\/2023\/11\/SCAR_ID_CATALOGO_10ANOS_185x240_final44-416x270.jpg 416w\" sizes=\"(max-width: 1400px) 100vw, 1400px\" \/><\/p>\n<\/body><\/html>\n","protected":false},"excerpt":{"rendered":"<h5><span style=\"font-weight: 400;\"><strong>Description:<\/strong> Vinco is an exercise on shaping and fitting.<\/span><\/h5>\n<h5><span style=\"font-weight: 400;\">Three metal pieces are cut following a 2d pattern. The assembly takes place in three-dimensional space, in a gesture of precision and sensitivity. Without fasteners, screws or welding, gravity ensures assembly.<\/span><\/h5>\n<h5><span style=\"font-weight: 400;\">A delicate crease (&#8220;vinco&#8221;) allows the placement of a top &#8211; the concept finds function.<\/span><\/h5>\n<h5><span style=\"font-weight: 400;\">The structure is brass, steel, iron. The top is stone, ceramic, metal. The disassembled parts collapse to occupy the minimum thickness of the matter.<\/span><\/h5>\n<h5><span style=\"font-weight: 400;\">Vinco is the exploration of a concept in the encounter with functionality. A founding object for everyday poetry.<\/span><\/h5>\n<h5><\/h5>\n<h5><\/h5>\n<h5><\/h5>\n<h6><\/h6>\n<h6><\/h6>\n<h6>Esta pe\u00e7a \u00e9 o resultado de um Open que lan\u00e7\u00e1mos para o <strong>10\u00ba anivers\u00e1rio da SCAR-ID<\/strong><\/h6>\n<h6>Para mais informa\u00e7\u00f5es e medidas, p.f. contacte-nos:<\/h6>\n<h6>info@scar-id.com \/ 222033087<\/h6>\n","protected":false},"featured_media":26097,"template":"","meta":{"_uag_custom_page_level_css":""},"product_brand":[],"product_cat":[424,462],"product_tag":[],"class_list":{"0":"post-26289","1":"product","2":"type-product","3":"status-publish","4":"has-post-thumbnail","6":"product_cat-raquel-sa-joao-pontes-pt","7":"product_cat-scar-id-10-produtos","9":"first","10":"instock","11":"taxable","12":"shipping-taxable","13":"purchasable","14":"product-type-simple"},"aioseo_notices":[],"uagb_featured_image_src":{"full":["https:\/\/scar-id.com\/wp-content\/uploads\/2023\/11\/scar-id-raquel-sa\u0301-joa\u0303o-pontes-1.jpg",824,1138,false],"thumbnail":["https:\/\/scar-id.com\/wp-content\/uploads\/2023\/11\/scar-id-raquel-sa\u0301-joa\u0303o-pontes-1-150x150.jpg",150,150,true],"medium":["https:\/\/scar-id.com\/wp-content\/uploads\/2023\/11\/scar-id-raquel-sa\u0301-joa\u0303o-pontes-1-217x300.jpg",217,300,true],"medium_large":["https:\/\/scar-id.com\/wp-content\/uploads\/2023\/11\/scar-id-raquel-sa\u0301-joa\u0303o-pontes-1-768x1061.jpg",768,1061,true],"large":["https:\/\/scar-id.com\/wp-content\/uploads\/2023\/11\/scar-id-raquel-sa\u0301-joa\u0303o-pontes-1-741x1024.jpg",741,1024,true],"1536x1536":["https:\/\/scar-id.com\/wp-content\/uploads\/2023\/11\/scar-id-raquel-sa\u0301-joa\u0303o-pontes-1.jpg",824,1138,false],"2048x2048":["https:\/\/scar-id.com\/wp-content\/uploads\/2023\/11\/scar-id-raquel-sa\u0301-joa\u0303o-pontes-1.jpg",824,1138,false],"woocommerce_thumbnail":["https:\/\/scar-id.com\/wp-content\/uploads\/2023\/11\/scar-id-raquel-sa\u0301-joa\u0303o-pontes-1-324x447.jpg",324,447,true],"woocommerce_single":["https:\/\/scar-id.com\/wp-content\/uploads\/2023\/11\/scar-id-raquel-sa\u0301-joa\u0303o-pontes-1-416x575.jpg",416,575,true],"woocommerce_gallery_thumbnail":["https:\/\/scar-id.com\/wp-content\/uploads\/2023\/11\/scar-id-raquel-sa\u0301-joa\u0303o-pontes-1-100x100.jpg",100,100,true]},"uagb_author_info":{"display_name":"scar-id","author_link":"https:\/\/scar-id.com\/pt-pt\/author\/"},"uagb_comment_info":0,"uagb_excerpt":"Description: Vinco is an exercise on shaping and fitting. Three metal pieces are cut following a 2d pattern. The assembly takes place in three-dimensional space, in a gesture of precision and sensitivity. Without fasteners, screws or welding, gravity ensures assembly. A delicate crease (\"vinco\") allows the placement of a top - the concept finds function.&hellip;","_links":{"self":[{"href":"https:\/\/scar-id.com\/pt-pt\/wp-json\/wp\/v2\/product\/26289","targetHints":{"allow":["GET"]}}],"collection":[{"href":"https:\/\/scar-id.com\/pt-pt\/wp-json\/wp\/v2\/product"}],"about":[{"href":"https:\/\/scar-id.com\/pt-pt\/wp-json\/wp\/v2\/types\/product"}],"wp:featuredmedia":[{"embeddable":true,"href":"https:\/\/scar-id.com\/pt-pt\/wp-json\/wp\/v2\/media\/26097"}],"wp:attachment":[{"href":"https:\/\/scar-id.com\/pt-pt\/wp-json\/wp\/v2\/media?parent=26289"}],"wp:term":[{"taxonomy":"product_brand","embeddable":true,"href":"https:\/\/scar-id.com\/pt-pt\/wp-json\/wp\/v2\/product_brand?post=26289"},{"taxonomy":"product_cat","embeddable":true,"href":"https:\/\/scar-id.com\/pt-pt\/wp-json\/wp\/v2\/product_cat?post=26289"},{"taxonomy":"product_tag","embeddable":true,"href":"https:\/\/scar-id.com\/pt-pt\/wp-json\/wp\/v2\/product_tag?post=26289"}],"curies":[{"name":"wp","href":"https:\/\/api.w.org\/{rel}","templated":true}]}}