{"id":26290,"date":"2023-11-10T12:57:54","date_gmt":"2023-11-10T12:57:54","guid":{"rendered":"https:\/\/scar-id.com\/produto\/build-your-own\/"},"modified":"2023-11-28T18:26:06","modified_gmt":"2023-11-28T18:26:06","slug":"build-your-own","status":"publish","type":"product","link":"https:\/\/scar-id.com\/pt-pt\/produto\/build-your-own\/","title":{"rendered":"Build Your Own"},"content":{"rendered":"<!DOCTYPE html PUBLIC \"-\/\/W3C\/\/DTD HTML 4.0 Transitional\/\/EN\" \"http:\/\/www.w3.org\/TR\/REC-html40\/loose.dtd\">\n<html><body><p><img fetchpriority=\"high\" decoding=\"async\" class=\"alignnone size-full wp-image-26098\" src=\"https:\/\/scar-id.com\/wp-content\/uploads\/2023\/11\/scar-id-olga-marques-1-copy.jpg\" alt=\"\" width=\"1400\" height=\"1543\" srcset=\"https:\/\/scar-id.com\/wp-content\/uploads\/2023\/11\/scar-id-olga-marques-1-copy.jpg 1400w, https:\/\/scar-id.com\/wp-content\/uploads\/2023\/11\/scar-id-olga-marques-1-copy-272x300.jpg 272w, https:\/\/scar-id.com\/wp-content\/uploads\/2023\/11\/scar-id-olga-marques-1-copy-929x1024.jpg 929w, https:\/\/scar-id.com\/wp-content\/uploads\/2023\/11\/scar-id-olga-marques-1-copy-768x846.jpg 768w, https:\/\/scar-id.com\/wp-content\/uploads\/2023\/11\/scar-id-olga-marques-1-copy-1394x1536.jpg 1394w, https:\/\/scar-id.com\/wp-content\/uploads\/2023\/11\/scar-id-olga-marques-1-copy-324x357.jpg 324w, https:\/\/scar-id.com\/wp-content\/uploads\/2023\/11\/scar-id-olga-marques-1-copy-416x458.jpg 416w\" sizes=\"(max-width: 1400px) 100vw, 1400px\" \/> <img decoding=\"async\" class=\"alignnone size-full wp-image-26100\" src=\"https:\/\/scar-id.com\/wp-content\/uploads\/2023\/11\/scar-id-olga-marques-2-copy.jpg\" alt=\"\" width=\"1400\" height=\"2191\" srcset=\"https:\/\/scar-id.com\/wp-content\/uploads\/2023\/11\/scar-id-olga-marques-2-copy.jpg 1400w, https:\/\/scar-id.com\/wp-content\/uploads\/2023\/11\/scar-id-olga-marques-2-copy-192x300.jpg 192w, https:\/\/scar-id.com\/wp-content\/uploads\/2023\/11\/scar-id-olga-marques-2-copy-654x1024.jpg 654w, https:\/\/scar-id.com\/wp-content\/uploads\/2023\/11\/scar-id-olga-marques-2-copy-768x1202.jpg 768w, https:\/\/scar-id.com\/wp-content\/uploads\/2023\/11\/scar-id-olga-marques-2-copy-981x1536.jpg 981w, https:\/\/scar-id.com\/wp-content\/uploads\/2023\/11\/scar-id-olga-marques-2-copy-1309x2048.jpg 1309w, https:\/\/scar-id.com\/wp-content\/uploads\/2023\/11\/scar-id-olga-marques-2-copy-324x507.jpg 324w, https:\/\/scar-id.com\/wp-content\/uploads\/2023\/11\/scar-id-olga-marques-2-copy-416x651.jpg 416w\" sizes=\"(max-width: 1400px) 100vw, 1400px\" \/><img decoding=\"async\" class=\"alignnone size-full wp-image-25746\" src=\"https:\/\/scar-id.com\/wp-content\/uploads\/2023\/11\/SCAR_ID_CATALOGO_10ANOS_185x240_final39.jpg\" alt=\"\" width=\"1400\" height=\"908\" srcset=\"https:\/\/scar-id.com\/wp-content\/uploads\/2023\/11\/SCAR_ID_CATALOGO_10ANOS_185x240_final39.jpg 1400w, https:\/\/scar-id.com\/wp-content\/uploads\/2023\/11\/SCAR_ID_CATALOGO_10ANOS_185x240_final39-300x195.jpg 300w, https:\/\/scar-id.com\/wp-content\/uploads\/2023\/11\/SCAR_ID_CATALOGO_10ANOS_185x240_final39-1024x664.jpg 1024w, https:\/\/scar-id.com\/wp-content\/uploads\/2023\/11\/SCAR_ID_CATALOGO_10ANOS_185x240_final39-768x498.jpg 768w, https:\/\/scar-id.com\/wp-content\/uploads\/2023\/11\/SCAR_ID_CATALOGO_10ANOS_185x240_final39-324x210.jpg 324w, https:\/\/scar-id.com\/wp-content\/uploads\/2023\/11\/SCAR_ID_CATALOGO_10ANOS_185x240_final39-416x270.jpg 416w\" sizes=\"(max-width: 1400px) 100vw, 1400px\" \/><\/p>\n<\/body><\/html>\n","protected":false},"excerpt":{"rendered":"<h6><span style=\"font-weight: 400;\"><strong>Descri\u00e7\u00e3o: &#8220;<\/strong><\/span><span style=\"font-weight: 400;\">Marca e estilo pessoal n\u00e3o s\u00e3o constru\u00eddos da noite para o dia, \u00e9 um processo que entrela\u00e7a pensamentos com sentimentos e se expressa livremente.<\/span><\/h6>\n<h6><span style=\"font-weight: 400;\">Para celebrar a abordagem \u00fanica da SCAR-ID ao design e \u00e0 arte, com singularidade permitindo a constru\u00e7\u00e3o continua da identidade, a pulseira Build Your Own elogia o estilo pr\u00f3prio como a SCAR-ID faria, montando, misturando e combinando at\u00e9 encontrar o seu lugar, o seu estilo e a sua assinatura.<\/span><\/h6>\n<h6><span style=\"font-weight: 400;\">Se todas as montras t\u00eam a mesma apar\u00eancia, ficariam surpreendidos com a facilidade em reconhecer aquela aqui representada.<\/span><\/h6>\n<h6><span style=\"font-weight: 400;\">Compre local.<\/span><span style=\"font-weight: 400;\">&#8220;<\/span><\/h6>\n<h6><\/h6>\n<h6><\/h6>\n<h6><\/h6>\n<p>&nbsp;<\/p>\n<h6><\/h6>\n<h6>Esta pe\u00e7a \u00e9 o resultado de um Open que lan\u00e7\u00e1mos para o <strong>10\u00ba anivers\u00e1rio da SCAR-ID<\/strong><\/h6>\n<h6>Para mais informa\u00e7\u00f5es e medidas, p.f. contacte-nos:<\/h6>\n<h6>info@scar-id.com \/ 222033087<\/h6>\n","protected":false},"featured_media":26113,"template":"","meta":{"_uag_custom_page_level_css":""},"product_brand":[],"product_cat":[436,93,462],"product_tag":[],"class_list":{"0":"post-26290","1":"product","2":"type-product","3":"status-publish","4":"has-post-thumbnail","6":"product_cat-olga-marques-pt","7":"product_cat-pulseiras","8":"product_cat-scar-id-10-produtos","10":"first","11":"instock","12":"taxable","13":"shipping-taxable","14":"purchasable","15":"product-type-simple"},"aioseo_notices":[],"uagb_featured_image_src":{"full":["https:\/\/scar-id.com\/wp-content\/uploads\/2023\/11\/scar-id-olga-marques-1.jpg",824,1138,false],"thumbnail":["https:\/\/scar-id.com\/wp-content\/uploads\/2023\/11\/scar-id-olga-marques-1-150x150.jpg",150,150,true],"medium":["https:\/\/scar-id.com\/wp-content\/uploads\/2023\/11\/scar-id-olga-marques-1-217x300.jpg",217,300,true],"medium_large":["https:\/\/scar-id.com\/wp-content\/uploads\/2023\/11\/scar-id-olga-marques-1-768x1061.jpg",768,1061,true],"large":["https:\/\/scar-id.com\/wp-content\/uploads\/2023\/11\/scar-id-olga-marques-1-741x1024.jpg",741,1024,true],"1536x1536":["https:\/\/scar-id.com\/wp-content\/uploads\/2023\/11\/scar-id-olga-marques-1.jpg",824,1138,false],"2048x2048":["https:\/\/scar-id.com\/wp-content\/uploads\/2023\/11\/scar-id-olga-marques-1.jpg",824,1138,false],"woocommerce_thumbnail":["https:\/\/scar-id.com\/wp-content\/uploads\/2023\/11\/scar-id-olga-marques-1-324x447.jpg",324,447,true],"woocommerce_single":["https:\/\/scar-id.com\/wp-content\/uploads\/2023\/11\/scar-id-olga-marques-1-416x575.jpg",416,575,true],"woocommerce_gallery_thumbnail":["https:\/\/scar-id.com\/wp-content\/uploads\/2023\/11\/scar-id-olga-marques-1-100x100.jpg",100,100,true]},"uagb_author_info":{"display_name":"scar-id","author_link":"https:\/\/scar-id.com\/pt-pt\/author\/"},"uagb_comment_info":0,"uagb_excerpt":"Descri\u00e7\u00e3o: \"Marca e estilo pessoal n\u00e3o s\u00e3o constru\u00eddos da noite para o dia, \u00e9 um processo que entrela\u00e7a pensamentos com sentimentos e se expressa livremente. Para celebrar a abordagem \u00fanica da SCAR-ID ao design e \u00e0 arte, com singularidade permitindo a constru\u00e7\u00e3o continua da identidade, a pulseira Build Your Own elogia o estilo pr\u00f3prio como&hellip;","_links":{"self":[{"href":"https:\/\/scar-id.com\/pt-pt\/wp-json\/wp\/v2\/product\/26290","targetHints":{"allow":["GET"]}}],"collection":[{"href":"https:\/\/scar-id.com\/pt-pt\/wp-json\/wp\/v2\/product"}],"about":[{"href":"https:\/\/scar-id.com\/pt-pt\/wp-json\/wp\/v2\/types\/product"}],"wp:featuredmedia":[{"embeddable":true,"href":"https:\/\/scar-id.com\/pt-pt\/wp-json\/wp\/v2\/media\/26113"}],"wp:attachment":[{"href":"https:\/\/scar-id.com\/pt-pt\/wp-json\/wp\/v2\/media?parent=26290"}],"wp:term":[{"taxonomy":"product_brand","embeddable":true,"href":"https:\/\/scar-id.com\/pt-pt\/wp-json\/wp\/v2\/product_brand?post=26290"},{"taxonomy":"product_cat","embeddable":true,"href":"https:\/\/scar-id.com\/pt-pt\/wp-json\/wp\/v2\/product_cat?post=26290"},{"taxonomy":"product_tag","embeddable":true,"href":"https:\/\/scar-id.com\/pt-pt\/wp-json\/wp\/v2\/product_tag?post=26290"}],"curies":[{"name":"wp","href":"https:\/\/api.w.org\/{rel}","templated":true}]}}