{"id":26291,"date":"2023-11-10T12:57:31","date_gmt":"2023-11-10T12:57:31","guid":{"rendered":"https:\/\/scar-id.com\/produto\/comp\/"},"modified":"2023-11-28T18:23:40","modified_gmt":"2023-11-28T18:23:40","slug":"comp","status":"publish","type":"product","link":"https:\/\/scar-id.com\/pt-pt\/produto\/comp\/","title":{"rendered":"Comp."},"content":{"rendered":"<!DOCTYPE html PUBLIC \"-\/\/W3C\/\/DTD HTML 4.0 Transitional\/\/EN\" \"http:\/\/www.w3.org\/TR\/REC-html40\/loose.dtd\">\n<html><body><p><img fetchpriority=\"high\" decoding=\"async\" class=\"alignnone size-full wp-image-26102\" src=\"https:\/\/scar-id.com\/wp-content\/uploads\/2023\/11\/scar-id-OIA%CC%81-1-copy.jpg\" alt=\"\" width=\"1400\" height=\"788\"> <img decoding=\"async\" class=\"alignnone size-full wp-image-26104\" src=\"https:\/\/scar-id.com\/wp-content\/uploads\/2023\/11\/scar-id-OIA%CC%81-2-copy.jpg\" alt=\"\" width=\"1400\" height=\"1158\"> <img decoding=\"async\" class=\"alignnone size-full wp-image-26106\" src=\"https:\/\/scar-id.com\/wp-content\/uploads\/2023\/11\/scar-id-OIA%CC%81-3-copy.jpg\" alt=\"\" width=\"1400\" height=\"1000\"><img loading=\"lazy\" decoding=\"async\" class=\"alignnone size-full wp-image-26263\" src=\"https:\/\/scar-id.com\/wp-content\/uploads\/2023\/11\/SCAR_ID_CATALOGO_10ANOS_185x240_final38.jpg\" alt=\"\" width=\"1400\" height=\"908\" srcset=\"https:\/\/scar-id.com\/wp-content\/uploads\/2023\/11\/SCAR_ID_CATALOGO_10ANOS_185x240_final38.jpg 1400w, https:\/\/scar-id.com\/wp-content\/uploads\/2023\/11\/SCAR_ID_CATALOGO_10ANOS_185x240_final38-300x195.jpg 300w, https:\/\/scar-id.com\/wp-content\/uploads\/2023\/11\/SCAR_ID_CATALOGO_10ANOS_185x240_final38-1024x664.jpg 1024w, https:\/\/scar-id.com\/wp-content\/uploads\/2023\/11\/SCAR_ID_CATALOGO_10ANOS_185x240_final38-768x498.jpg 768w, https:\/\/scar-id.com\/wp-content\/uploads\/2023\/11\/SCAR_ID_CATALOGO_10ANOS_185x240_final38-324x210.jpg 324w, https:\/\/scar-id.com\/wp-content\/uploads\/2023\/11\/SCAR_ID_CATALOGO_10ANOS_185x240_final38-416x270.jpg 416w\" sizes=\"(max-width: 1400px) 100vw, 1400px\" \/><\/p>\n<\/body><\/html>\n","protected":false},"excerpt":{"rendered":"<h6><span style=\"font-weight: 400;\"><strong>Descri\u00e7\u00e3o: &#8220;<\/strong><\/span><span style=\"font-weight: 400;\">Comp. Cabide<\/span><\/h6>\n<h6><span style=\"font-weight: 400;\">Comp. traz versatilidade e novas funcionalidades aos cabides Hook da Oi\u00e1 Plast. \u00c9 um complemento mas n\u00e3o s\u00f3\u2026 Comp. foi desenhado para simplificar os usos mas tamb\u00e9m para trazer novas funcionalidades a uma pe\u00e7a que j\u00e1 existia. Com o seu rasgo central, adapta-se \u00e0s diferentes necessidades da vida quotidiana, permitindo a organiza\u00e7\u00e3o dos cabides Hook de forma pr\u00e1tica, simples e totalmente adapt\u00e1vel. Para complementar tem ainda uma prateleira para pequenos objetos, como fotografias, desenhos ou postais.<\/span><\/h6>\n<h6><span style=\"font-weight: 400;\">A simplicidade do seu desenho e a neutralidade do seu acabamento em madeira de carvalho, convida-nos a brincar com os diferentes tamanhos e cores dos cabides Hook, criando combina\u00e7\u00f5es \u00fanicas, que reflectem a personalidade e o dia-a-dia de cada um.<\/span><\/h6>\n<h6><span style=\"font-weight: 400;\">Feito com desperd\u00edcio de madeira de carvalho.<\/span> <span style=\"font-weight: 400;\">&#8220;<\/span><\/h6>\n<h6><\/h6>\n<h6><\/h6>\n<h6><\/h6>\n<h6><\/h6>\n<h6>Esta pe\u00e7a \u00e9 o resultado de um Open que lan\u00e7\u00e1mos para o <strong>10\u00ba anivers\u00e1rio da SCAR-ID<\/strong><\/h6>\n<h6>Para mais informa\u00e7\u00f5es e medidas, p.f. contacte-nos:<\/h6>\n<h6>info@scar-id.com \/ 222033087<\/h6>\n","protected":false},"featured_media":26115,"template":"","meta":{"_uag_custom_page_level_css":""},"product_brand":[],"product_cat":[384,462],"product_tag":[],"class_list":{"0":"post-26291","1":"product","2":"type-product","3":"status-publish","4":"has-post-thumbnail","6":"product_cat-oia-pt","7":"product_cat-scar-id-10-produtos","9":"first","10":"instock","11":"taxable","12":"shipping-taxable","13":"purchasable","14":"product-type-simple"},"aioseo_notices":[],"uagb_featured_image_src":{"full":["https:\/\/scar-id.com\/wp-content\/uploads\/2023\/11\/scar-id-OIA\u0301-1.jpg",824,1138,false],"thumbnail":["https:\/\/scar-id.com\/wp-content\/uploads\/2023\/11\/scar-id-OIA\u0301-1-150x150.jpg",150,150,true],"medium":["https:\/\/scar-id.com\/wp-content\/uploads\/2023\/11\/scar-id-OIA\u0301-1-217x300.jpg",217,300,true],"medium_large":["https:\/\/scar-id.com\/wp-content\/uploads\/2023\/11\/scar-id-OIA\u0301-1-768x1061.jpg",768,1061,true],"large":["https:\/\/scar-id.com\/wp-content\/uploads\/2023\/11\/scar-id-OIA\u0301-1-741x1024.jpg",741,1024,true],"1536x1536":["https:\/\/scar-id.com\/wp-content\/uploads\/2023\/11\/scar-id-OIA\u0301-1.jpg",824,1138,false],"2048x2048":["https:\/\/scar-id.com\/wp-content\/uploads\/2023\/11\/scar-id-OIA\u0301-1.jpg",824,1138,false],"woocommerce_thumbnail":["https:\/\/scar-id.com\/wp-content\/uploads\/2023\/11\/scar-id-OIA\u0301-1-324x447.jpg",324,447,true],"woocommerce_single":["https:\/\/scar-id.com\/wp-content\/uploads\/2023\/11\/scar-id-OIA\u0301-1-416x575.jpg",416,575,true],"woocommerce_gallery_thumbnail":["https:\/\/scar-id.com\/wp-content\/uploads\/2023\/11\/scar-id-OIA\u0301-1-100x100.jpg",100,100,true]},"uagb_author_info":{"display_name":"scar-id","author_link":"https:\/\/scar-id.com\/pt-pt\/author\/"},"uagb_comment_info":0,"uagb_excerpt":"Descri\u00e7\u00e3o: \"Comp. Cabide Comp. traz versatilidade e novas funcionalidades aos cabides Hook da Oi\u00e1 Plast. \u00c9 um complemento mas n\u00e3o s\u00f3\u2026 Comp. foi desenhado para simplificar os usos mas tamb\u00e9m para trazer novas funcionalidades a uma pe\u00e7a que j\u00e1 existia. Com o seu rasgo central, adapta-se \u00e0s diferentes necessidades da vida quotidiana, permitindo a organiza\u00e7\u00e3o&hellip;","_links":{"self":[{"href":"https:\/\/scar-id.com\/pt-pt\/wp-json\/wp\/v2\/product\/26291","targetHints":{"allow":["GET"]}}],"collection":[{"href":"https:\/\/scar-id.com\/pt-pt\/wp-json\/wp\/v2\/product"}],"about":[{"href":"https:\/\/scar-id.com\/pt-pt\/wp-json\/wp\/v2\/types\/product"}],"wp:featuredmedia":[{"embeddable":true,"href":"https:\/\/scar-id.com\/pt-pt\/wp-json\/wp\/v2\/media\/26115"}],"wp:attachment":[{"href":"https:\/\/scar-id.com\/pt-pt\/wp-json\/wp\/v2\/media?parent=26291"}],"wp:term":[{"taxonomy":"product_brand","embeddable":true,"href":"https:\/\/scar-id.com\/pt-pt\/wp-json\/wp\/v2\/product_brand?post=26291"},{"taxonomy":"product_cat","embeddable":true,"href":"https:\/\/scar-id.com\/pt-pt\/wp-json\/wp\/v2\/product_cat?post=26291"},{"taxonomy":"product_tag","embeddable":true,"href":"https:\/\/scar-id.com\/pt-pt\/wp-json\/wp\/v2\/product_tag?post=26291"}],"curies":[{"name":"wp","href":"https:\/\/api.w.org\/{rel}","templated":true}]}}