{"id":26300,"date":"2023-11-10T12:52:10","date_gmt":"2023-11-10T12:52:10","guid":{"rendered":"https:\/\/scar-id.com\/produto\/gossypium\/"},"modified":"2023-11-28T11:54:54","modified_gmt":"2023-11-28T11:54:54","slug":"gossypium","status":"publish","type":"product","link":"https:\/\/scar-id.com\/pt-pt\/produto\/gossypium\/","title":{"rendered":"Brincos Gossypium"},"content":{"rendered":"<!DOCTYPE html PUBLIC \"-\/\/W3C\/\/DTD HTML 4.0 Transitional\/\/EN\" \"http:\/\/www.w3.org\/TR\/REC-html40\/loose.dtd\">\n<html><body><p><img fetchpriority=\"high\" decoding=\"async\" class=\"alignnone size-full wp-image-26007\" src=\"https:\/\/scar-id.com\/wp-content\/uploads\/2023\/11\/scar-id-valeria-rossini-1-copy.jpg\" alt=\"\" width=\"1400\" height=\"2019\" srcset=\"https:\/\/scar-id.com\/wp-content\/uploads\/2023\/11\/scar-id-valeria-rossini-1-copy.jpg 1400w, https:\/\/scar-id.com\/wp-content\/uploads\/2023\/11\/scar-id-valeria-rossini-1-copy-208x300.jpg 208w, https:\/\/scar-id.com\/wp-content\/uploads\/2023\/11\/scar-id-valeria-rossini-1-copy-710x1024.jpg 710w, https:\/\/scar-id.com\/wp-content\/uploads\/2023\/11\/scar-id-valeria-rossini-1-copy-768x1108.jpg 768w, https:\/\/scar-id.com\/wp-content\/uploads\/2023\/11\/scar-id-valeria-rossini-1-copy-1065x1536.jpg 1065w, https:\/\/scar-id.com\/wp-content\/uploads\/2023\/11\/scar-id-valeria-rossini-1-copy-324x467.jpg 324w, https:\/\/scar-id.com\/wp-content\/uploads\/2023\/11\/scar-id-valeria-rossini-1-copy-416x600.jpg 416w\" sizes=\"(max-width: 1400px) 100vw, 1400px\" \/><img decoding=\"async\" class=\"alignnone size-full wp-image-25760\" src=\"https:\/\/scar-id.com\/wp-content\/uploads\/2023\/11\/SCAR_ID_CATALOGO_10ANOS_185x240_final57.jpg\" alt=\"\" width=\"1400\" height=\"908\" srcset=\"https:\/\/scar-id.com\/wp-content\/uploads\/2023\/11\/SCAR_ID_CATALOGO_10ANOS_185x240_final57.jpg 1400w, https:\/\/scar-id.com\/wp-content\/uploads\/2023\/11\/SCAR_ID_CATALOGO_10ANOS_185x240_final57-300x195.jpg 300w, https:\/\/scar-id.com\/wp-content\/uploads\/2023\/11\/SCAR_ID_CATALOGO_10ANOS_185x240_final57-1024x664.jpg 1024w, https:\/\/scar-id.com\/wp-content\/uploads\/2023\/11\/SCAR_ID_CATALOGO_10ANOS_185x240_final57-768x498.jpg 768w, https:\/\/scar-id.com\/wp-content\/uploads\/2023\/11\/SCAR_ID_CATALOGO_10ANOS_185x240_final57-324x210.jpg 324w, https:\/\/scar-id.com\/wp-content\/uploads\/2023\/11\/SCAR_ID_CATALOGO_10ANOS_185x240_final57-416x270.jpg 416w\" sizes=\"(max-width: 1400px) 100vw, 1400px\" \/><\/p>\n<\/body><\/html>\n","protected":false},"excerpt":{"rendered":"<h6><\/h6>\n<h6><\/h6>\n<h6>Esta pe\u00e7a \u00e9 o resultado de um Open que lan\u00e7\u00e1mos para o <strong>10\u00ba anivers\u00e1rio da SCAR-ID<\/strong><\/h6>\n<h6>Para mais informa\u00e7\u00f5es e medidas, p.f. contacte-nos:<\/h6>\n<h6>info@scar-id.com \/ 222033087<\/h6>\n","protected":false},"featured_media":26016,"template":"","meta":{"_uag_custom_page_level_css":""},"product_brand":[],"product_cat":[462,432],"product_tag":[],"class_list":{"0":"post-26300","1":"product","2":"type-product","3":"status-publish","4":"has-post-thumbnail","6":"product_cat-scar-id-10-produtos","7":"product_cat-valeria-rossini-pt","9":"first","10":"instock","11":"taxable","12":"shipping-taxable","13":"purchasable","14":"product-type-simple"},"aioseo_notices":[],"uagb_featured_image_src":{"full":["https:\/\/scar-id.com\/wp-content\/uploads\/2023\/11\/scar-id-valeria-rossini-1.jpg",824,1138,false],"thumbnail":["https:\/\/scar-id.com\/wp-content\/uploads\/2023\/11\/scar-id-valeria-rossini-1-150x150.jpg",150,150,true],"medium":["https:\/\/scar-id.com\/wp-content\/uploads\/2023\/11\/scar-id-valeria-rossini-1-217x300.jpg",217,300,true],"medium_large":["https:\/\/scar-id.com\/wp-content\/uploads\/2023\/11\/scar-id-valeria-rossini-1-768x1061.jpg",768,1061,true],"large":["https:\/\/scar-id.com\/wp-content\/uploads\/2023\/11\/scar-id-valeria-rossini-1-741x1024.jpg",741,1024,true],"1536x1536":["https:\/\/scar-id.com\/wp-content\/uploads\/2023\/11\/scar-id-valeria-rossini-1.jpg",824,1138,false],"2048x2048":["https:\/\/scar-id.com\/wp-content\/uploads\/2023\/11\/scar-id-valeria-rossini-1.jpg",824,1138,false],"woocommerce_thumbnail":["https:\/\/scar-id.com\/wp-content\/uploads\/2023\/11\/scar-id-valeria-rossini-1-324x447.jpg",324,447,true],"woocommerce_single":["https:\/\/scar-id.com\/wp-content\/uploads\/2023\/11\/scar-id-valeria-rossini-1-416x575.jpg",416,575,true],"woocommerce_gallery_thumbnail":["https:\/\/scar-id.com\/wp-content\/uploads\/2023\/11\/scar-id-valeria-rossini-1-100x100.jpg",100,100,true]},"uagb_author_info":{"display_name":"scar-id","author_link":"https:\/\/scar-id.com\/pt-pt\/author\/"},"uagb_comment_info":0,"uagb_excerpt":"Esta pe\u00e7a \u00e9 o resultado de um Open que lan\u00e7\u00e1mos para o 10\u00ba anivers\u00e1rio da SCAR-ID Para mais informa\u00e7\u00f5es e medidas, p.f. contacte-nos: info@scar-id.com \/ 222033087","_links":{"self":[{"href":"https:\/\/scar-id.com\/pt-pt\/wp-json\/wp\/v2\/product\/26300","targetHints":{"allow":["GET"]}}],"collection":[{"href":"https:\/\/scar-id.com\/pt-pt\/wp-json\/wp\/v2\/product"}],"about":[{"href":"https:\/\/scar-id.com\/pt-pt\/wp-json\/wp\/v2\/types\/product"}],"wp:featuredmedia":[{"embeddable":true,"href":"https:\/\/scar-id.com\/pt-pt\/wp-json\/wp\/v2\/media\/26016"}],"wp:attachment":[{"href":"https:\/\/scar-id.com\/pt-pt\/wp-json\/wp\/v2\/media?parent=26300"}],"wp:term":[{"taxonomy":"product_brand","embeddable":true,"href":"https:\/\/scar-id.com\/pt-pt\/wp-json\/wp\/v2\/product_brand?post=26300"},{"taxonomy":"product_cat","embeddable":true,"href":"https:\/\/scar-id.com\/pt-pt\/wp-json\/wp\/v2\/product_cat?post=26300"},{"taxonomy":"product_tag","embeddable":true,"href":"https:\/\/scar-id.com\/pt-pt\/wp-json\/wp\/v2\/product_tag?post=26300"}],"curies":[{"name":"wp","href":"https:\/\/api.w.org\/{rel}","templated":true}]}}