{"id":26450,"date":"2023-12-13T17:45:03","date_gmt":"2023-12-13T17:45:03","guid":{"rendered":"https:\/\/scar-id.com\/produto\/orquidia\/"},"modified":"2023-12-13T17:51:42","modified_gmt":"2023-12-13T17:51:42","slug":"orquidia","status":"publish","type":"product","link":"https:\/\/scar-id.com\/pt-pt\/produto\/orquidia\/","title":{"rendered":"Orqu\u00eddea"},"content":{"rendered":"<!DOCTYPE html PUBLIC \"-\/\/W3C\/\/DTD HTML 4.0 Transitional\/\/EN\" \"http:\/\/www.w3.org\/TR\/REC-html40\/loose.dtd\">\n<html><body><p><img fetchpriority=\"high\" decoding=\"async\" class=\"alignnone size-full wp-image-26440\" src=\"https:\/\/scar-id.com\/wp-content\/uploads\/2023\/11\/scar-id-sofia-gaspar-1.jpg\" alt=\"\" width=\"1400\" height=\"1992\" srcset=\"https:\/\/scar-id.com\/wp-content\/uploads\/2023\/11\/scar-id-sofia-gaspar-1.jpg 1400w, https:\/\/scar-id.com\/wp-content\/uploads\/2023\/11\/scar-id-sofia-gaspar-1-211x300.jpg 211w, https:\/\/scar-id.com\/wp-content\/uploads\/2023\/11\/scar-id-sofia-gaspar-1-720x1024.jpg 720w, https:\/\/scar-id.com\/wp-content\/uploads\/2023\/11\/scar-id-sofia-gaspar-1-768x1093.jpg 768w, https:\/\/scar-id.com\/wp-content\/uploads\/2023\/11\/scar-id-sofia-gaspar-1-1080x1536.jpg 1080w, https:\/\/scar-id.com\/wp-content\/uploads\/2023\/11\/scar-id-sofia-gaspar-1-324x461.jpg 324w, https:\/\/scar-id.com\/wp-content\/uploads\/2023\/11\/scar-id-sofia-gaspar-1-416x592.jpg 416w\" sizes=\"(max-width: 1400px) 100vw, 1400px\" \/> <img decoding=\"async\" class=\"alignnone size-full wp-image-26442\" src=\"https:\/\/scar-id.com\/wp-content\/uploads\/2023\/11\/scar-id-sofia-gaspar-2-scaled.jpg\" alt=\"\" width=\"2560\" height=\"2352\" srcset=\"https:\/\/scar-id.com\/wp-content\/uploads\/2023\/11\/scar-id-sofia-gaspar-2-scaled.jpg 2560w, https:\/\/scar-id.com\/wp-content\/uploads\/2023\/11\/scar-id-sofia-gaspar-2-300x276.jpg 300w, https:\/\/scar-id.com\/wp-content\/uploads\/2023\/11\/scar-id-sofia-gaspar-2-1024x941.jpg 1024w, https:\/\/scar-id.com\/wp-content\/uploads\/2023\/11\/scar-id-sofia-gaspar-2-768x706.jpg 768w, https:\/\/scar-id.com\/wp-content\/uploads\/2023\/11\/scar-id-sofia-gaspar-2-1536x1411.jpg 1536w, https:\/\/scar-id.com\/wp-content\/uploads\/2023\/11\/scar-id-sofia-gaspar-2-2048x1882.jpg 2048w, https:\/\/scar-id.com\/wp-content\/uploads\/2023\/11\/scar-id-sofia-gaspar-2-324x298.jpg 324w, https:\/\/scar-id.com\/wp-content\/uploads\/2023\/11\/scar-id-sofia-gaspar-2-416x382.jpg 416w\" sizes=\"(max-width: 2560px) 100vw, 2560px\" \/> <img decoding=\"async\" class=\"alignnone size-full wp-image-26444\" src=\"https:\/\/scar-id.com\/wp-content\/uploads\/2023\/11\/scar-id-sofia-gaspar-3.jpg\" alt=\"\" width=\"1400\" height=\"2178\" srcset=\"https:\/\/scar-id.com\/wp-content\/uploads\/2023\/11\/scar-id-sofia-gaspar-3.jpg 1400w, https:\/\/scar-id.com\/wp-content\/uploads\/2023\/11\/scar-id-sofia-gaspar-3-193x300.jpg 193w, https:\/\/scar-id.com\/wp-content\/uploads\/2023\/11\/scar-id-sofia-gaspar-3-658x1024.jpg 658w, https:\/\/scar-id.com\/wp-content\/uploads\/2023\/11\/scar-id-sofia-gaspar-3-768x1195.jpg 768w, https:\/\/scar-id.com\/wp-content\/uploads\/2023\/11\/scar-id-sofia-gaspar-3-987x1536.jpg 987w, https:\/\/scar-id.com\/wp-content\/uploads\/2023\/11\/scar-id-sofia-gaspar-3-1316x2048.jpg 1316w, https:\/\/scar-id.com\/wp-content\/uploads\/2023\/11\/scar-id-sofia-gaspar-3-324x504.jpg 324w, https:\/\/scar-id.com\/wp-content\/uploads\/2023\/11\/scar-id-sofia-gaspar-3-416x647.jpg 416w\" sizes=\"(max-width: 1400px) 100vw, 1400px\" \/><\/p>\n<\/body><\/html>\n","protected":false},"excerpt":{"rendered":"<h6><strong>Descri\u00e7\u00e3o:<\/strong> Individual de mesa + guardanapo<\/h6>\n<h6><strong>Texto: &#8220;<\/strong><span style=\"font-weight: 400;\">O desenho \u00e9 de Sofia, o bordado de Marlene, os tecidos da adalberto\u2026<\/span><\/h6>\n<h6><span style=\"font-weight: 400;\">Com linhas tamb\u00e9m se desenha\u2026<\/span><\/h6>\n<h6><span style=\"font-weight: 400;\">A ideia surge de uma simbiose entre o mundo profissional e o familiar, a mem\u00f3ria e o presente, o desenho e a arte do bordado.<\/span><\/h6>\n<h6><span style=\"font-weight: 400;\">Uma homenagem aos bordados da av\u00f3, tecendo com linha e cor a mem\u00f3ria de bem estar \u00e0 mesa.<\/span><\/h6>\n<h6><span style=\"font-weight: 400;\">O produto surge de um percurso de explora\u00e7\u00e3o entre o desenho e a vis\u00e3o do t\u00eaxtil como um suporte privilegiado para uma experi\u00eancia pl\u00e1stica que pode transformar o espa\u00e7o. Da\u00ed resulta a mancha de cor cheia e vibrante estampada sobre tecido \u00e0 qual se sobrep\u00f5e o bordado em linha preta que completa e complementa o desenho.<\/span><\/h6>\n<h6><span style=\"font-weight: 400;\">Da 1\u00aa s\u00e9rie resulta uma colabora\u00e7\u00e3o com Marlene, uma bordadeira, que permitiu atrav\u00e9s da linha criar um conjunto de mesa &#8211; guardanapos e individuais &#8211; em base de algod\u00e3o e linho, natural, preenchidos com a mancha de cor estampada.<\/span><\/h6>\n<h6><span style=\"font-weight: 400;\">Inspirando-me nas palavras de Sarah Affonso:<\/span><\/h6>\n<h6><span style=\"font-weight: 400;\">Ousei bordar e trocar o l\u00e1pis pela agulha, as tintas pela estampagem, o caderno pelo tecido&#8230;<\/span>&#8220;<\/h6>\n<h6><\/h6>\n<h6><\/h6>\n<h6><\/h6>\n<h6><\/h6>\n<h6><\/h6>\n<p>&nbsp;<\/p>\n<p>&nbsp;<\/p>\n<h6><\/h6>\n<h6><\/h6>\n<h6>Esta pe\u00e7a \u00e9 o resultado de um Open que lan\u00e7\u00e1mos para o <strong>10\u00ba anivers\u00e1rio da SCAR-ID<\/strong><\/h6>\n<h6>Para mais informa\u00e7\u00f5es e medidas, p.f. contacte-nos:<\/h6>\n<h6>info@scar-id.com \/ 222033087<\/h6>\n","protected":false},"featured_media":26449,"template":"","meta":{"_uag_custom_page_level_css":""},"product_brand":[],"product_cat":[462,434],"product_tag":[],"class_list":{"0":"post-26450","1":"product","2":"type-product","3":"status-publish","4":"has-post-thumbnail","6":"product_cat-scar-id-10-produtos","7":"product_cat-sofia-gaspar-pt","9":"first","10":"instock","11":"taxable","12":"shipping-taxable","13":"purchasable","14":"product-type-simple"},"aioseo_notices":[],"uagb_featured_image_src":{"full":["https:\/\/scar-id.com\/wp-content\/uploads\/2023\/11\/scar-id-sofia-gaspar-1-1.jpg",824,1138,false],"thumbnail":["https:\/\/scar-id.com\/wp-content\/uploads\/2023\/11\/scar-id-sofia-gaspar-1-1-150x150.jpg",150,150,true],"medium":["https:\/\/scar-id.com\/wp-content\/uploads\/2023\/11\/scar-id-sofia-gaspar-1-1-217x300.jpg",217,300,true],"medium_large":["https:\/\/scar-id.com\/wp-content\/uploads\/2023\/11\/scar-id-sofia-gaspar-1-1-768x1061.jpg",768,1061,true],"large":["https:\/\/scar-id.com\/wp-content\/uploads\/2023\/11\/scar-id-sofia-gaspar-1-1-741x1024.jpg",741,1024,true],"1536x1536":["https:\/\/scar-id.com\/wp-content\/uploads\/2023\/11\/scar-id-sofia-gaspar-1-1.jpg",824,1138,false],"2048x2048":["https:\/\/scar-id.com\/wp-content\/uploads\/2023\/11\/scar-id-sofia-gaspar-1-1.jpg",824,1138,false],"woocommerce_thumbnail":["https:\/\/scar-id.com\/wp-content\/uploads\/2023\/11\/scar-id-sofia-gaspar-1-1-324x447.jpg",324,447,true],"woocommerce_single":["https:\/\/scar-id.com\/wp-content\/uploads\/2023\/11\/scar-id-sofia-gaspar-1-1-416x575.jpg",416,575,true],"woocommerce_gallery_thumbnail":["https:\/\/scar-id.com\/wp-content\/uploads\/2023\/11\/scar-id-sofia-gaspar-1-1-100x100.jpg",100,100,true]},"uagb_author_info":{"display_name":"scar-id","author_link":"https:\/\/scar-id.com\/pt-pt\/author\/"},"uagb_comment_info":0,"uagb_excerpt":"Descri\u00e7\u00e3o: Individual de mesa + guardanapo Texto: \"O desenho \u00e9 de Sofia, o bordado de Marlene, os tecidos da adalberto\u2026 Com linhas tamb\u00e9m se desenha\u2026 A ideia surge de uma simbiose entre o mundo profissional e o familiar, a mem\u00f3ria e o presente, o desenho e a arte do bordado. Uma homenagem aos bordados da&hellip;","_links":{"self":[{"href":"https:\/\/scar-id.com\/pt-pt\/wp-json\/wp\/v2\/product\/26450","targetHints":{"allow":["GET"]}}],"collection":[{"href":"https:\/\/scar-id.com\/pt-pt\/wp-json\/wp\/v2\/product"}],"about":[{"href":"https:\/\/scar-id.com\/pt-pt\/wp-json\/wp\/v2\/types\/product"}],"wp:featuredmedia":[{"embeddable":true,"href":"https:\/\/scar-id.com\/pt-pt\/wp-json\/wp\/v2\/media\/26449"}],"wp:attachment":[{"href":"https:\/\/scar-id.com\/pt-pt\/wp-json\/wp\/v2\/media?parent=26450"}],"wp:term":[{"taxonomy":"product_brand","embeddable":true,"href":"https:\/\/scar-id.com\/pt-pt\/wp-json\/wp\/v2\/product_brand?post=26450"},{"taxonomy":"product_cat","embeddable":true,"href":"https:\/\/scar-id.com\/pt-pt\/wp-json\/wp\/v2\/product_cat?post=26450"},{"taxonomy":"product_tag","embeddable":true,"href":"https:\/\/scar-id.com\/pt-pt\/wp-json\/wp\/v2\/product_tag?post=26450"}],"curies":[{"name":"wp","href":"https:\/\/api.w.org\/{rel}","templated":true}]}}