{"id":26614,"date":"2024-03-15T15:58:42","date_gmt":"2024-03-15T15:58:42","guid":{"rendered":"https:\/\/scar-id.com\/produto\/id-earrings-70\/"},"modified":"2024-03-15T17:26:13","modified_gmt":"2024-03-15T17:26:13","slug":"id-earrings-70","status":"publish","type":"product","link":"https:\/\/scar-id.com\/pt-pt\/produto\/id-earrings-70\/","title":{"rendered":"Brincos ID 19"},"content":{"rendered":"<!DOCTYPE html PUBLIC \"-\/\/W3C\/\/DTD HTML 4.0 Transitional\/\/EN\" \"http:\/\/www.w3.org\/TR\/REC-html40\/loose.dtd\">\n<html><body><p><img fetchpriority=\"high\" decoding=\"async\" class=\"alignnone size-full wp-image-26569\" src=\"https:\/\/scar-id.com\/wp-content\/uploads\/2024\/03\/scar-id-ana-pina-id-02.019_1.jpg\" alt=\"\" width=\"1400\" height=\"1400\" srcset=\"https:\/\/scar-id.com\/wp-content\/uploads\/2024\/03\/scar-id-ana-pina-id-02.019_1.jpg 1400w, https:\/\/scar-id.com\/wp-content\/uploads\/2024\/03\/scar-id-ana-pina-id-02.019_1-300x300.jpg 300w, https:\/\/scar-id.com\/wp-content\/uploads\/2024\/03\/scar-id-ana-pina-id-02.019_1-1024x1024.jpg 1024w, https:\/\/scar-id.com\/wp-content\/uploads\/2024\/03\/scar-id-ana-pina-id-02.019_1-150x150.jpg 150w, https:\/\/scar-id.com\/wp-content\/uploads\/2024\/03\/scar-id-ana-pina-id-02.019_1-768x768.jpg 768w, https:\/\/scar-id.com\/wp-content\/uploads\/2024\/03\/scar-id-ana-pina-id-02.019_1-324x324.jpg 324w, https:\/\/scar-id.com\/wp-content\/uploads\/2024\/03\/scar-id-ana-pina-id-02.019_1-416x416.jpg 416w, https:\/\/scar-id.com\/wp-content\/uploads\/2024\/03\/scar-id-ana-pina-id-02.019_1-100x100.jpg 100w\" sizes=\"(max-width: 1400px) 100vw, 1400px\" \/> <img decoding=\"async\" class=\"alignnone size-full wp-image-26571\" src=\"https:\/\/scar-id.com\/wp-content\/uploads\/2024\/03\/scar-id-ana-pina-id-02.019_2.jpg\" alt=\"\" width=\"1400\" height=\"1050\" srcset=\"https:\/\/scar-id.com\/wp-content\/uploads\/2024\/03\/scar-id-ana-pina-id-02.019_2.jpg 1400w, https:\/\/scar-id.com\/wp-content\/uploads\/2024\/03\/scar-id-ana-pina-id-02.019_2-300x225.jpg 300w, https:\/\/scar-id.com\/wp-content\/uploads\/2024\/03\/scar-id-ana-pina-id-02.019_2-1024x768.jpg 1024w, https:\/\/scar-id.com\/wp-content\/uploads\/2024\/03\/scar-id-ana-pina-id-02.019_2-768x576.jpg 768w, https:\/\/scar-id.com\/wp-content\/uploads\/2024\/03\/scar-id-ana-pina-id-02.019_2-324x243.jpg 324w, https:\/\/scar-id.com\/wp-content\/uploads\/2024\/03\/scar-id-ana-pina-id-02.019_2-416x312.jpg 416w\" sizes=\"(max-width: 1400px) 100vw, 1400px\" \/><\/p>\n<\/body><\/html>\n","protected":false},"excerpt":{"rendered":"<h6><strong>Material:\u00a0<\/strong> Prata, a\u00e7o e acr\u00edlico (espeque e borboleta em prata)<\/h6>\n<h6><\/h6>\n<p>&nbsp;<\/p>\n<p>&nbsp;<\/p>\n<h6>Esta s\u00e9rie resulta da colec\u00e7\u00e3o ID collection,lan\u00e7ada no 10\u00ba anivers\u00e1rio da SCAR-ID<\/h6>\n<h6>Para informa\u00e7\u00f5es e medidas, p.f. contacte-nos:<\/h6>\n<h6>info@scar-id.com \/ 222033087<\/h6>\n","protected":false},"featured_media":26574,"template":"","meta":{"_uag_custom_page_level_css":""},"product_brand":[],"product_cat":[128],"product_tag":[],"class_list":{"0":"post-26614","1":"product","2":"type-product","3":"status-publish","4":"has-post-thumbnail","6":"product_cat-ana-pina","8":"first","9":"instock","10":"taxable","11":"shipping-taxable","12":"purchasable","13":"product-type-simple"},"aioseo_notices":[],"uagb_featured_image_src":{"full":["https:\/\/scar-id.com\/wp-content\/uploads\/2024\/03\/scar-id-ana-pina-id-02.019_1-1.jpg",824,1138,false],"thumbnail":["https:\/\/scar-id.com\/wp-content\/uploads\/2024\/03\/scar-id-ana-pina-id-02.019_1-1-150x150.jpg",150,150,true],"medium":["https:\/\/scar-id.com\/wp-content\/uploads\/2024\/03\/scar-id-ana-pina-id-02.019_1-1-217x300.jpg",217,300,true],"medium_large":["https:\/\/scar-id.com\/wp-content\/uploads\/2024\/03\/scar-id-ana-pina-id-02.019_1-1-768x1061.jpg",768,1061,true],"large":["https:\/\/scar-id.com\/wp-content\/uploads\/2024\/03\/scar-id-ana-pina-id-02.019_1-1-741x1024.jpg",741,1024,true],"1536x1536":["https:\/\/scar-id.com\/wp-content\/uploads\/2024\/03\/scar-id-ana-pina-id-02.019_1-1.jpg",824,1138,false],"2048x2048":["https:\/\/scar-id.com\/wp-content\/uploads\/2024\/03\/scar-id-ana-pina-id-02.019_1-1.jpg",824,1138,false],"woocommerce_thumbnail":["https:\/\/scar-id.com\/wp-content\/uploads\/2024\/03\/scar-id-ana-pina-id-02.019_1-1-324x447.jpg",324,447,true],"woocommerce_single":["https:\/\/scar-id.com\/wp-content\/uploads\/2024\/03\/scar-id-ana-pina-id-02.019_1-1-416x575.jpg",416,575,true],"woocommerce_gallery_thumbnail":["https:\/\/scar-id.com\/wp-content\/uploads\/2024\/03\/scar-id-ana-pina-id-02.019_1-1-100x100.jpg",100,100,true]},"uagb_author_info":{"display_name":"scar-id","author_link":"https:\/\/scar-id.com\/pt-pt\/author\/"},"uagb_comment_info":0,"uagb_excerpt":"Material:\u00a0 Prata, a\u00e7o e acr\u00edlico (espeque e borboleta em prata) &nbsp; &nbsp; Esta s\u00e9rie resulta da colec\u00e7\u00e3o ID collection,lan\u00e7ada no 10\u00ba anivers\u00e1rio da SCAR-ID Para informa\u00e7\u00f5es e medidas, p.f. contacte-nos: info@scar-id.com \/ 222033087","_links":{"self":[{"href":"https:\/\/scar-id.com\/pt-pt\/wp-json\/wp\/v2\/product\/26614","targetHints":{"allow":["GET"]}}],"collection":[{"href":"https:\/\/scar-id.com\/pt-pt\/wp-json\/wp\/v2\/product"}],"about":[{"href":"https:\/\/scar-id.com\/pt-pt\/wp-json\/wp\/v2\/types\/product"}],"wp:featuredmedia":[{"embeddable":true,"href":"https:\/\/scar-id.com\/pt-pt\/wp-json\/wp\/v2\/media\/26574"}],"wp:attachment":[{"href":"https:\/\/scar-id.com\/pt-pt\/wp-json\/wp\/v2\/media?parent=26614"}],"wp:term":[{"taxonomy":"product_brand","embeddable":true,"href":"https:\/\/scar-id.com\/pt-pt\/wp-json\/wp\/v2\/product_brand?post=26614"},{"taxonomy":"product_cat","embeddable":true,"href":"https:\/\/scar-id.com\/pt-pt\/wp-json\/wp\/v2\/product_cat?post=26614"},{"taxonomy":"product_tag","embeddable":true,"href":"https:\/\/scar-id.com\/pt-pt\/wp-json\/wp\/v2\/product_tag?post=26614"}],"curies":[{"name":"wp","href":"https:\/\/api.w.org\/{rel}","templated":true}]}}