{"id":26951,"date":"2024-05-04T15:29:25","date_gmt":"2024-05-04T15:29:25","guid":{"rendered":"https:\/\/scar-id.com\/produto\/lia-copy\/"},"modified":"2024-05-04T16:27:23","modified_gmt":"2024-05-04T16:27:23","slug":"lia-copy","status":"publish","type":"product","link":"https:\/\/scar-id.com\/pt-pt\/produto\/lia-copy\/","title":{"rendered":"Colar Mix Wave"},"content":{"rendered":"<!DOCTYPE html PUBLIC \"-\/\/W3C\/\/DTD HTML 4.0 Transitional\/\/EN\" \"http:\/\/www.w3.org\/TR\/REC-html40\/loose.dtd\">\n<html><body><p><img fetchpriority=\"high\" decoding=\"async\" class=\"alignnone size-full wp-image-26897\" src=\"https:\/\/scar-id.com\/wp-content\/uploads\/2024\/05\/scar-id-lia-goncalves-mix-wave-necklace-1.jpg\" alt=\"\" width=\"1400\" height=\"2100\" srcset=\"https:\/\/scar-id.com\/wp-content\/uploads\/2024\/05\/scar-id-lia-goncalves-mix-wave-necklace-1.jpg 1400w, https:\/\/scar-id.com\/wp-content\/uploads\/2024\/05\/scar-id-lia-goncalves-mix-wave-necklace-1-200x300.jpg 200w, https:\/\/scar-id.com\/wp-content\/uploads\/2024\/05\/scar-id-lia-goncalves-mix-wave-necklace-1-683x1024.jpg 683w, https:\/\/scar-id.com\/wp-content\/uploads\/2024\/05\/scar-id-lia-goncalves-mix-wave-necklace-1-768x1152.jpg 768w, https:\/\/scar-id.com\/wp-content\/uploads\/2024\/05\/scar-id-lia-goncalves-mix-wave-necklace-1-1024x1536.jpg 1024w, https:\/\/scar-id.com\/wp-content\/uploads\/2024\/05\/scar-id-lia-goncalves-mix-wave-necklace-1-1365x2048.jpg 1365w, https:\/\/scar-id.com\/wp-content\/uploads\/2024\/05\/scar-id-lia-goncalves-mix-wave-necklace-1-324x486.jpg 324w, https:\/\/scar-id.com\/wp-content\/uploads\/2024\/05\/scar-id-lia-goncalves-mix-wave-necklace-1-416x624.jpg 416w\" sizes=\"(max-width: 1400px) 100vw, 1400px\" \/> <img decoding=\"async\" class=\"alignnone size-full wp-image-26899\" src=\"https:\/\/scar-id.com\/wp-content\/uploads\/2024\/05\/scar-id-lia-goncalves-mix-wave-necklace-2.jpg\" alt=\"\" width=\"1400\" height=\"2100\" srcset=\"https:\/\/scar-id.com\/wp-content\/uploads\/2024\/05\/scar-id-lia-goncalves-mix-wave-necklace-2.jpg 1400w, https:\/\/scar-id.com\/wp-content\/uploads\/2024\/05\/scar-id-lia-goncalves-mix-wave-necklace-2-200x300.jpg 200w, https:\/\/scar-id.com\/wp-content\/uploads\/2024\/05\/scar-id-lia-goncalves-mix-wave-necklace-2-683x1024.jpg 683w, https:\/\/scar-id.com\/wp-content\/uploads\/2024\/05\/scar-id-lia-goncalves-mix-wave-necklace-2-768x1152.jpg 768w, https:\/\/scar-id.com\/wp-content\/uploads\/2024\/05\/scar-id-lia-goncalves-mix-wave-necklace-2-1024x1536.jpg 1024w, https:\/\/scar-id.com\/wp-content\/uploads\/2024\/05\/scar-id-lia-goncalves-mix-wave-necklace-2-1365x2048.jpg 1365w, https:\/\/scar-id.com\/wp-content\/uploads\/2024\/05\/scar-id-lia-goncalves-mix-wave-necklace-2-324x486.jpg 324w, https:\/\/scar-id.com\/wp-content\/uploads\/2024\/05\/scar-id-lia-goncalves-mix-wave-necklace-2-416x624.jpg 416w\" sizes=\"(max-width: 1400px) 100vw, 1400px\" \/> <img decoding=\"async\" class=\"alignnone size-full wp-image-26901\" src=\"https:\/\/scar-id.com\/wp-content\/uploads\/2024\/05\/scar-id-lia-goncalves-mix-wave-necklace-3.jpg\" alt=\"\" width=\"1400\" height=\"1881\" srcset=\"https:\/\/scar-id.com\/wp-content\/uploads\/2024\/05\/scar-id-lia-goncalves-mix-wave-necklace-3.jpg 1400w, https:\/\/scar-id.com\/wp-content\/uploads\/2024\/05\/scar-id-lia-goncalves-mix-wave-necklace-3-223x300.jpg 223w, https:\/\/scar-id.com\/wp-content\/uploads\/2024\/05\/scar-id-lia-goncalves-mix-wave-necklace-3-762x1024.jpg 762w, https:\/\/scar-id.com\/wp-content\/uploads\/2024\/05\/scar-id-lia-goncalves-mix-wave-necklace-3-768x1032.jpg 768w, https:\/\/scar-id.com\/wp-content\/uploads\/2024\/05\/scar-id-lia-goncalves-mix-wave-necklace-3-1143x1536.jpg 1143w, https:\/\/scar-id.com\/wp-content\/uploads\/2024\/05\/scar-id-lia-goncalves-mix-wave-necklace-3-324x435.jpg 324w, https:\/\/scar-id.com\/wp-content\/uploads\/2024\/05\/scar-id-lia-goncalves-mix-wave-necklace-3-416x559.jpg 416w\" sizes=\"(max-width: 1400px) 100vw, 1400px\" \/><\/p>\n<\/body><\/html>\n","protected":false},"excerpt":{"rendered":"<h6><strong>Material:<\/strong> Borracha e Prata (acabamento dourados)<\/h6>\n<p>&nbsp;<\/p>\n<p>&nbsp;<\/p>\n<p>&nbsp;<\/p>\n<h6>As pe\u00e7as seleccionadas de Lia Gon\u00e7alves est\u00e3o dispon\u00edveis na scar-id store e em scar-id.com<\/h6>\n<h6>Desenhado e Prodzido em Portugal<\/h6>\n<h6>Para informa\u00e7\u00f5es e medidas, p.f. contacte-nos:<\/h6>\n<h6><a href=\"mailto:info@scar-id.com\">info@scar-id.com<\/a>\u00a0\/ (+351) 22\u00a0203 3087<\/h6>\n","protected":false},"featured_media":26904,"template":"","meta":{"_uag_custom_page_level_css":""},"product_brand":[],"product_cat":[155],"product_tag":[],"class_list":{"0":"post-26951","1":"product","2":"type-product","3":"status-publish","4":"has-post-thumbnail","6":"product_cat-lia-goncalves","8":"first","9":"instock","10":"taxable","11":"shipping-taxable","12":"purchasable","13":"product-type-simple"},"aioseo_notices":[],"uagb_featured_image_src":{"full":["https:\/\/scar-id.com\/wp-content\/uploads\/2024\/05\/scar-id-lia-goncalves-mix-wave-necklace-2-1.jpg",824,1138,false],"thumbnail":["https:\/\/scar-id.com\/wp-content\/uploads\/2024\/05\/scar-id-lia-goncalves-mix-wave-necklace-2-1-150x150.jpg",150,150,true],"medium":["https:\/\/scar-id.com\/wp-content\/uploads\/2024\/05\/scar-id-lia-goncalves-mix-wave-necklace-2-1-217x300.jpg",217,300,true],"medium_large":["https:\/\/scar-id.com\/wp-content\/uploads\/2024\/05\/scar-id-lia-goncalves-mix-wave-necklace-2-1-768x1061.jpg",768,1061,true],"large":["https:\/\/scar-id.com\/wp-content\/uploads\/2024\/05\/scar-id-lia-goncalves-mix-wave-necklace-2-1-741x1024.jpg",741,1024,true],"1536x1536":["https:\/\/scar-id.com\/wp-content\/uploads\/2024\/05\/scar-id-lia-goncalves-mix-wave-necklace-2-1.jpg",824,1138,false],"2048x2048":["https:\/\/scar-id.com\/wp-content\/uploads\/2024\/05\/scar-id-lia-goncalves-mix-wave-necklace-2-1.jpg",824,1138,false],"woocommerce_thumbnail":["https:\/\/scar-id.com\/wp-content\/uploads\/2024\/05\/scar-id-lia-goncalves-mix-wave-necklace-2-1-324x447.jpg",324,447,true],"woocommerce_single":["https:\/\/scar-id.com\/wp-content\/uploads\/2024\/05\/scar-id-lia-goncalves-mix-wave-necklace-2-1-416x575.jpg",416,575,true],"woocommerce_gallery_thumbnail":["https:\/\/scar-id.com\/wp-content\/uploads\/2024\/05\/scar-id-lia-goncalves-mix-wave-necklace-2-1-100x100.jpg",100,100,true]},"uagb_author_info":{"display_name":"scar-id","author_link":"https:\/\/scar-id.com\/pt-pt\/author\/"},"uagb_comment_info":0,"uagb_excerpt":"Material: Borracha e Prata (acabamento dourados) &nbsp; &nbsp; &nbsp; As pe\u00e7as seleccionadas de Lia Gon\u00e7alves est\u00e3o dispon\u00edveis na scar-id store e em scar-id.com Desenhado e Prodzido em Portugal Para informa\u00e7\u00f5es e medidas, p.f. contacte-nos: info@scar-id.com\u00a0\/ (+351) 22\u00a0203 3087","_links":{"self":[{"href":"https:\/\/scar-id.com\/pt-pt\/wp-json\/wp\/v2\/product\/26951","targetHints":{"allow":["GET"]}}],"collection":[{"href":"https:\/\/scar-id.com\/pt-pt\/wp-json\/wp\/v2\/product"}],"about":[{"href":"https:\/\/scar-id.com\/pt-pt\/wp-json\/wp\/v2\/types\/product"}],"wp:featuredmedia":[{"embeddable":true,"href":"https:\/\/scar-id.com\/pt-pt\/wp-json\/wp\/v2\/media\/26904"}],"wp:attachment":[{"href":"https:\/\/scar-id.com\/pt-pt\/wp-json\/wp\/v2\/media?parent=26951"}],"wp:term":[{"taxonomy":"product_brand","embeddable":true,"href":"https:\/\/scar-id.com\/pt-pt\/wp-json\/wp\/v2\/product_brand?post=26951"},{"taxonomy":"product_cat","embeddable":true,"href":"https:\/\/scar-id.com\/pt-pt\/wp-json\/wp\/v2\/product_cat?post=26951"},{"taxonomy":"product_tag","embeddable":true,"href":"https:\/\/scar-id.com\/pt-pt\/wp-json\/wp\/v2\/product_tag?post=26951"}],"curies":[{"name":"wp","href":"https:\/\/api.w.org\/{rel}","templated":true}]}}