{"id":26955,"date":"2024-05-04T15:29:14","date_gmt":"2024-05-04T15:29:14","guid":{"rendered":"https:\/\/scar-id.com\/produto\/wave-necklace\/"},"modified":"2024-05-04T16:25:10","modified_gmt":"2024-05-04T16:25:10","slug":"wave-necklace","status":"publish","type":"product","link":"https:\/\/scar-id.com\/pt-pt\/produto\/wave-necklace\/","title":{"rendered":"Colar Wave"},"content":{"rendered":"<!DOCTYPE html PUBLIC \"-\/\/W3C\/\/DTD HTML 4.0 Transitional\/\/EN\" \"http:\/\/www.w3.org\/TR\/REC-html40\/loose.dtd\">\n<html><body><p><img fetchpriority=\"high\" decoding=\"async\" class=\"alignnone size-full wp-image-26933\" src=\"https:\/\/scar-id.com\/wp-content\/uploads\/2024\/05\/scar-id-lia-goncalves-wave-Necklace-1.jpg\" alt=\"\" width=\"1400\" height=\"1400\" srcset=\"https:\/\/scar-id.com\/wp-content\/uploads\/2024\/05\/scar-id-lia-goncalves-wave-Necklace-1.jpg 1400w, https:\/\/scar-id.com\/wp-content\/uploads\/2024\/05\/scar-id-lia-goncalves-wave-Necklace-1-300x300.jpg 300w, https:\/\/scar-id.com\/wp-content\/uploads\/2024\/05\/scar-id-lia-goncalves-wave-Necklace-1-1024x1024.jpg 1024w, https:\/\/scar-id.com\/wp-content\/uploads\/2024\/05\/scar-id-lia-goncalves-wave-Necklace-1-150x150.jpg 150w, https:\/\/scar-id.com\/wp-content\/uploads\/2024\/05\/scar-id-lia-goncalves-wave-Necklace-1-768x768.jpg 768w, https:\/\/scar-id.com\/wp-content\/uploads\/2024\/05\/scar-id-lia-goncalves-wave-Necklace-1-324x324.jpg 324w, https:\/\/scar-id.com\/wp-content\/uploads\/2024\/05\/scar-id-lia-goncalves-wave-Necklace-1-416x416.jpg 416w, https:\/\/scar-id.com\/wp-content\/uploads\/2024\/05\/scar-id-lia-goncalves-wave-Necklace-1-100x100.jpg 100w\" sizes=\"(max-width: 1400px) 100vw, 1400px\" \/> <img decoding=\"async\" class=\"alignnone size-full wp-image-26935\" src=\"https:\/\/scar-id.com\/wp-content\/uploads\/2024\/05\/scar-id-lia-goncalves-wave-Necklace-2.jpg\" alt=\"\" width=\"1400\" height=\"933\" srcset=\"https:\/\/scar-id.com\/wp-content\/uploads\/2024\/05\/scar-id-lia-goncalves-wave-Necklace-2.jpg 1400w, https:\/\/scar-id.com\/wp-content\/uploads\/2024\/05\/scar-id-lia-goncalves-wave-Necklace-2-300x200.jpg 300w, https:\/\/scar-id.com\/wp-content\/uploads\/2024\/05\/scar-id-lia-goncalves-wave-Necklace-2-1024x682.jpg 1024w, https:\/\/scar-id.com\/wp-content\/uploads\/2024\/05\/scar-id-lia-goncalves-wave-Necklace-2-768x512.jpg 768w, https:\/\/scar-id.com\/wp-content\/uploads\/2024\/05\/scar-id-lia-goncalves-wave-Necklace-2-324x216.jpg 324w, https:\/\/scar-id.com\/wp-content\/uploads\/2024\/05\/scar-id-lia-goncalves-wave-Necklace-2-416x277.jpg 416w\" sizes=\"(max-width: 1400px) 100vw, 1400px\" \/> <img decoding=\"async\" class=\"alignnone size-full wp-image-26937\" src=\"https:\/\/scar-id.com\/wp-content\/uploads\/2024\/05\/scar-id-lia-goncalves-wave-Necklace-3.jpg\" alt=\"\" width=\"1400\" height=\"1867\" srcset=\"https:\/\/scar-id.com\/wp-content\/uploads\/2024\/05\/scar-id-lia-goncalves-wave-Necklace-3.jpg 1400w, https:\/\/scar-id.com\/wp-content\/uploads\/2024\/05\/scar-id-lia-goncalves-wave-Necklace-3-225x300.jpg 225w, https:\/\/scar-id.com\/wp-content\/uploads\/2024\/05\/scar-id-lia-goncalves-wave-Necklace-3-768x1024.jpg 768w, https:\/\/scar-id.com\/wp-content\/uploads\/2024\/05\/scar-id-lia-goncalves-wave-Necklace-3-1152x1536.jpg 1152w, https:\/\/scar-id.com\/wp-content\/uploads\/2024\/05\/scar-id-lia-goncalves-wave-Necklace-3-324x432.jpg 324w, https:\/\/scar-id.com\/wp-content\/uploads\/2024\/05\/scar-id-lia-goncalves-wave-Necklace-3-416x555.jpg 416w\" sizes=\"(max-width: 1400px) 100vw, 1400px\" \/> <img loading=\"lazy\" decoding=\"async\" class=\"alignnone size-full wp-image-26939\" src=\"https:\/\/scar-id.com\/wp-content\/uploads\/2024\/05\/scar-id-lia-goncalves-wave-Necklace-4.jpg\" alt=\"\" width=\"1400\" height=\"2100\" srcset=\"https:\/\/scar-id.com\/wp-content\/uploads\/2024\/05\/scar-id-lia-goncalves-wave-Necklace-4.jpg 1400w, https:\/\/scar-id.com\/wp-content\/uploads\/2024\/05\/scar-id-lia-goncalves-wave-Necklace-4-200x300.jpg 200w, https:\/\/scar-id.com\/wp-content\/uploads\/2024\/05\/scar-id-lia-goncalves-wave-Necklace-4-683x1024.jpg 683w, https:\/\/scar-id.com\/wp-content\/uploads\/2024\/05\/scar-id-lia-goncalves-wave-Necklace-4-768x1152.jpg 768w, https:\/\/scar-id.com\/wp-content\/uploads\/2024\/05\/scar-id-lia-goncalves-wave-Necklace-4-1024x1536.jpg 1024w, https:\/\/scar-id.com\/wp-content\/uploads\/2024\/05\/scar-id-lia-goncalves-wave-Necklace-4-1365x2048.jpg 1365w, https:\/\/scar-id.com\/wp-content\/uploads\/2024\/05\/scar-id-lia-goncalves-wave-Necklace-4-324x486.jpg 324w, https:\/\/scar-id.com\/wp-content\/uploads\/2024\/05\/scar-id-lia-goncalves-wave-Necklace-4-416x624.jpg 416w\" sizes=\"(max-width: 1400px) 100vw, 1400px\" \/> <img loading=\"lazy\" decoding=\"async\" class=\"alignnone size-full wp-image-26941\" src=\"https:\/\/scar-id.com\/wp-content\/uploads\/2024\/05\/scar-id-lia-goncalves-wave-Necklace-5.jpg\" alt=\"\" width=\"1400\" height=\"2100\" srcset=\"https:\/\/scar-id.com\/wp-content\/uploads\/2024\/05\/scar-id-lia-goncalves-wave-Necklace-5.jpg 1400w, https:\/\/scar-id.com\/wp-content\/uploads\/2024\/05\/scar-id-lia-goncalves-wave-Necklace-5-200x300.jpg 200w, https:\/\/scar-id.com\/wp-content\/uploads\/2024\/05\/scar-id-lia-goncalves-wave-Necklace-5-683x1024.jpg 683w, https:\/\/scar-id.com\/wp-content\/uploads\/2024\/05\/scar-id-lia-goncalves-wave-Necklace-5-768x1152.jpg 768w, https:\/\/scar-id.com\/wp-content\/uploads\/2024\/05\/scar-id-lia-goncalves-wave-Necklace-5-1024x1536.jpg 1024w, https:\/\/scar-id.com\/wp-content\/uploads\/2024\/05\/scar-id-lia-goncalves-wave-Necklace-5-1365x2048.jpg 1365w, https:\/\/scar-id.com\/wp-content\/uploads\/2024\/05\/scar-id-lia-goncalves-wave-Necklace-5-324x486.jpg 324w, https:\/\/scar-id.com\/wp-content\/uploads\/2024\/05\/scar-id-lia-goncalves-wave-Necklace-5-416x624.jpg 416w\" sizes=\"(max-width: 1400px) 100vw, 1400px\" \/><\/p>\n<\/body><\/html>\n","protected":false},"excerpt":{"rendered":"<h6><strong>Material:<\/strong> Borracha e Prata (acabamento dourado)<\/h6>\n<p>&nbsp;<\/p>\n<p>&nbsp;<\/p>\n<p>&nbsp;<\/p>\n<h6>As pe\u00e7as seleccionadas de Lia Gon\u00e7alves est\u00e3o dispon\u00edveis na scar-id store e em scar-id.com<\/h6>\n<h6>Desenhado e Prodzido em Portugal<\/h6>\n<h6>Para informa\u00e7\u00f5es e medidas, p.f. contacte-nos:<\/h6>\n<h6><a href=\"mailto:info@scar-id.com\">info@scar-id.com<\/a>\u00a0\/ (+351) 22\u00a0203 3087<\/h6>\n","protected":false},"featured_media":26959,"template":"","meta":{"_uag_custom_page_level_css":""},"product_brand":[],"product_cat":[155],"product_tag":[],"class_list":{"0":"post-26955","1":"product","2":"type-product","3":"status-publish","4":"has-post-thumbnail","6":"product_cat-lia-goncalves","8":"first","9":"outofstock","10":"taxable","11":"shipping-taxable","12":"purchasable","13":"product-type-simple"},"aioseo_notices":[],"uagb_featured_image_src":{"full":["https:\/\/scar-id.com\/wp-content\/uploads\/2024\/05\/scar-id-lia-goncalves-wave-Necklace-3-2.jpg",824,1138,false],"thumbnail":["https:\/\/scar-id.com\/wp-content\/uploads\/2024\/05\/scar-id-lia-goncalves-wave-Necklace-3-2-150x150.jpg",150,150,true],"medium":["https:\/\/scar-id.com\/wp-content\/uploads\/2024\/05\/scar-id-lia-goncalves-wave-Necklace-3-2-217x300.jpg",217,300,true],"medium_large":["https:\/\/scar-id.com\/wp-content\/uploads\/2024\/05\/scar-id-lia-goncalves-wave-Necklace-3-2-768x1061.jpg",768,1061,true],"large":["https:\/\/scar-id.com\/wp-content\/uploads\/2024\/05\/scar-id-lia-goncalves-wave-Necklace-3-2-741x1024.jpg",741,1024,true],"1536x1536":["https:\/\/scar-id.com\/wp-content\/uploads\/2024\/05\/scar-id-lia-goncalves-wave-Necklace-3-2.jpg",824,1138,false],"2048x2048":["https:\/\/scar-id.com\/wp-content\/uploads\/2024\/05\/scar-id-lia-goncalves-wave-Necklace-3-2.jpg",824,1138,false],"woocommerce_thumbnail":["https:\/\/scar-id.com\/wp-content\/uploads\/2024\/05\/scar-id-lia-goncalves-wave-Necklace-3-2-324x447.jpg",324,447,true],"woocommerce_single":["https:\/\/scar-id.com\/wp-content\/uploads\/2024\/05\/scar-id-lia-goncalves-wave-Necklace-3-2-416x575.jpg",416,575,true],"woocommerce_gallery_thumbnail":["https:\/\/scar-id.com\/wp-content\/uploads\/2024\/05\/scar-id-lia-goncalves-wave-Necklace-3-2-100x100.jpg",100,100,true]},"uagb_author_info":{"display_name":"scar-id","author_link":"https:\/\/scar-id.com\/pt-pt\/author\/"},"uagb_comment_info":0,"uagb_excerpt":"Material: Borracha e Prata (acabamento dourado) &nbsp; &nbsp; &nbsp; As pe\u00e7as seleccionadas de Lia Gon\u00e7alves est\u00e3o dispon\u00edveis na scar-id store e em scar-id.com Desenhado e Prodzido em Portugal Para informa\u00e7\u00f5es e medidas, p.f. contacte-nos: info@scar-id.com\u00a0\/ (+351) 22\u00a0203 3087","_links":{"self":[{"href":"https:\/\/scar-id.com\/pt-pt\/wp-json\/wp\/v2\/product\/26955","targetHints":{"allow":["GET"]}}],"collection":[{"href":"https:\/\/scar-id.com\/pt-pt\/wp-json\/wp\/v2\/product"}],"about":[{"href":"https:\/\/scar-id.com\/pt-pt\/wp-json\/wp\/v2\/types\/product"}],"wp:featuredmedia":[{"embeddable":true,"href":"https:\/\/scar-id.com\/pt-pt\/wp-json\/wp\/v2\/media\/26959"}],"wp:attachment":[{"href":"https:\/\/scar-id.com\/pt-pt\/wp-json\/wp\/v2\/media?parent=26955"}],"wp:term":[{"taxonomy":"product_brand","embeddable":true,"href":"https:\/\/scar-id.com\/pt-pt\/wp-json\/wp\/v2\/product_brand?post=26955"},{"taxonomy":"product_cat","embeddable":true,"href":"https:\/\/scar-id.com\/pt-pt\/wp-json\/wp\/v2\/product_cat?post=26955"},{"taxonomy":"product_tag","embeddable":true,"href":"https:\/\/scar-id.com\/pt-pt\/wp-json\/wp\/v2\/product_tag?post=26955"}],"curies":[{"name":"wp","href":"https:\/\/api.w.org\/{rel}","templated":true}]}}