{"id":27108,"date":"2024-08-08T16:10:13","date_gmt":"2024-08-08T16:10:13","guid":{"rendered":"https:\/\/scar-id.com\/produto\/open-sleeve-jacket\/"},"modified":"2024-08-16T15:15:16","modified_gmt":"2024-08-16T15:15:16","slug":"open-sleeve-jacket","status":"publish","type":"product","link":"https:\/\/scar-id.com\/pt-pt\/produto\/open-sleeve-jacket\/","title":{"rendered":"Casaco Riscas"},"content":{"rendered":"<!DOCTYPE html PUBLIC \"-\/\/W3C\/\/DTD HTML 4.0 Transitional\/\/EN\" \"http:\/\/www.w3.org\/TR\/REC-html40\/loose.dtd\">\n<html><body><p><img fetchpriority=\"high\" decoding=\"async\" class=\"alignnone size-full wp-image-27040\" src=\"https:\/\/scar-id.com\/wp-content\/uploads\/2024\/08\/scar-id-buchinho-open-sleeve-jacket-2.jpg\" alt=\"\" width=\"1400\" height=\"1232\" srcset=\"https:\/\/scar-id.com\/wp-content\/uploads\/2024\/08\/scar-id-buchinho-open-sleeve-jacket-2.jpg 1400w, https:\/\/scar-id.com\/wp-content\/uploads\/2024\/08\/scar-id-buchinho-open-sleeve-jacket-2-300x264.jpg 300w, https:\/\/scar-id.com\/wp-content\/uploads\/2024\/08\/scar-id-buchinho-open-sleeve-jacket-2-1024x901.jpg 1024w, https:\/\/scar-id.com\/wp-content\/uploads\/2024\/08\/scar-id-buchinho-open-sleeve-jacket-2-768x676.jpg 768w, https:\/\/scar-id.com\/wp-content\/uploads\/2024\/08\/scar-id-buchinho-open-sleeve-jacket-2-324x285.jpg 324w, https:\/\/scar-id.com\/wp-content\/uploads\/2024\/08\/scar-id-buchinho-open-sleeve-jacket-2-416x366.jpg 416w\" sizes=\"(max-width: 1400px) 100vw, 1400px\" \/><img decoding=\"async\" class=\"alignnone size-full wp-image-27038\" src=\"https:\/\/scar-id.com\/wp-content\/uploads\/2024\/08\/scar-id-buchinho-open-sleeve-jacket-1.jpg\" alt=\"\" width=\"1400\" height=\"2099\" srcset=\"https:\/\/scar-id.com\/wp-content\/uploads\/2024\/08\/scar-id-buchinho-open-sleeve-jacket-1.jpg 1400w, https:\/\/scar-id.com\/wp-content\/uploads\/2024\/08\/scar-id-buchinho-open-sleeve-jacket-1-200x300.jpg 200w, https:\/\/scar-id.com\/wp-content\/uploads\/2024\/08\/scar-id-buchinho-open-sleeve-jacket-1-683x1024.jpg 683w, https:\/\/scar-id.com\/wp-content\/uploads\/2024\/08\/scar-id-buchinho-open-sleeve-jacket-1-768x1151.jpg 768w, https:\/\/scar-id.com\/wp-content\/uploads\/2024\/08\/scar-id-buchinho-open-sleeve-jacket-1-1024x1536.jpg 1024w, https:\/\/scar-id.com\/wp-content\/uploads\/2024\/08\/scar-id-buchinho-open-sleeve-jacket-1-1366x2048.jpg 1366w, https:\/\/scar-id.com\/wp-content\/uploads\/2024\/08\/scar-id-buchinho-open-sleeve-jacket-1-324x486.jpg 324w, https:\/\/scar-id.com\/wp-content\/uploads\/2024\/08\/scar-id-buchinho-open-sleeve-jacket-1-416x624.jpg 416w\" sizes=\"(max-width: 1400px) 100vw, 1400px\" \/> <img decoding=\"async\" class=\"alignnone size-full wp-image-27042\" src=\"https:\/\/scar-id.com\/wp-content\/uploads\/2024\/08\/scar-id-buchinho-open-sleeve-jacket-3.jpg\" alt=\"\" width=\"1400\" height=\"1297\" srcset=\"https:\/\/scar-id.com\/wp-content\/uploads\/2024\/08\/scar-id-buchinho-open-sleeve-jacket-3.jpg 1400w, https:\/\/scar-id.com\/wp-content\/uploads\/2024\/08\/scar-id-buchinho-open-sleeve-jacket-3-300x278.jpg 300w, https:\/\/scar-id.com\/wp-content\/uploads\/2024\/08\/scar-id-buchinho-open-sleeve-jacket-3-1024x949.jpg 1024w, https:\/\/scar-id.com\/wp-content\/uploads\/2024\/08\/scar-id-buchinho-open-sleeve-jacket-3-768x711.jpg 768w, https:\/\/scar-id.com\/wp-content\/uploads\/2024\/08\/scar-id-buchinho-open-sleeve-jacket-3-324x300.jpg 324w, https:\/\/scar-id.com\/wp-content\/uploads\/2024\/08\/scar-id-buchinho-open-sleeve-jacket-3-416x385.jpg 416w\" sizes=\"(max-width: 1400px) 100vw, 1400px\" \/><\/p>\n<\/body><\/html>\n","protected":false},"excerpt":{"rendered":"<h6><strong>Descri\u00e7\u00e3o: <\/strong>Casaco com bot\u00f5es nos ombros e mangas<\/h6>\n<h6><strong>Material:<\/strong> 51% Algod\u00e3o + 20% Poliamida + 17% Viscose<\/h6>\n<h6 class=\"p1\"><strong>Foro: <\/strong>100% Polyester<\/h6>\n<p>&nbsp;<\/p>\n<h6>Todas as pe\u00e7as seleccionadas de All Lu\u00eds Buchinho s\u00e3o<\/h6>\n<h6>desenhadas e produzidas em Portugal e est\u00e3o<\/h6>\n<h6>disponive\u00eds na SCAR-ID e em scar-id.com<\/h6>\n<h6>Para informa\u00e7\u00f5es e medidas, p.f. contacte-nos:<\/h6>\n<h6><a href=\"mailto:info@scar-id.com\">info@scar-id.com<\/a>\u00a0\/ (+351) 22\u00a0203 3087<\/h6>\n","protected":false},"featured_media":27045,"template":"","meta":{"_uag_custom_page_level_css":""},"product_brand":[],"product_cat":[466],"product_tag":[],"class_list":{"0":"post-27108","1":"product","2":"type-product","3":"status-publish","4":"has-post-thumbnail","6":"product_cat-luis-buchinho-pt-pt","8":"first","9":"instock","10":"sale","11":"taxable","12":"shipping-taxable","13":"purchasable","14":"product-type-simple"},"aioseo_notices":[],"uagb_featured_image_src":{"full":["https:\/\/scar-id.com\/wp-content\/uploads\/2024\/08\/scar-id-buchinho-open-sleeve-jacket-mini.jpg",824,1138,false],"thumbnail":["https:\/\/scar-id.com\/wp-content\/uploads\/2024\/08\/scar-id-buchinho-open-sleeve-jacket-mini-150x150.jpg",150,150,true],"medium":["https:\/\/scar-id.com\/wp-content\/uploads\/2024\/08\/scar-id-buchinho-open-sleeve-jacket-mini-217x300.jpg",217,300,true],"medium_large":["https:\/\/scar-id.com\/wp-content\/uploads\/2024\/08\/scar-id-buchinho-open-sleeve-jacket-mini-768x1061.jpg",768,1061,true],"large":["https:\/\/scar-id.com\/wp-content\/uploads\/2024\/08\/scar-id-buchinho-open-sleeve-jacket-mini-741x1024.jpg",741,1024,true],"1536x1536":["https:\/\/scar-id.com\/wp-content\/uploads\/2024\/08\/scar-id-buchinho-open-sleeve-jacket-mini.jpg",824,1138,false],"2048x2048":["https:\/\/scar-id.com\/wp-content\/uploads\/2024\/08\/scar-id-buchinho-open-sleeve-jacket-mini.jpg",824,1138,false],"woocommerce_thumbnail":["https:\/\/scar-id.com\/wp-content\/uploads\/2024\/08\/scar-id-buchinho-open-sleeve-jacket-mini-324x447.jpg",324,447,true],"woocommerce_single":["https:\/\/scar-id.com\/wp-content\/uploads\/2024\/08\/scar-id-buchinho-open-sleeve-jacket-mini-416x575.jpg",416,575,true],"woocommerce_gallery_thumbnail":["https:\/\/scar-id.com\/wp-content\/uploads\/2024\/08\/scar-id-buchinho-open-sleeve-jacket-mini-100x100.jpg",100,100,true]},"uagb_author_info":{"display_name":"scar-id","author_link":"https:\/\/scar-id.com\/pt-pt\/author\/"},"uagb_comment_info":0,"uagb_excerpt":"Descri\u00e7\u00e3o: Casaco com bot\u00f5es nos ombros e mangas Material: 51% Algod\u00e3o + 20% Poliamida + 17% Viscose Foro: 100% Polyester &nbsp; Todas as pe\u00e7as seleccionadas de All Lu\u00eds Buchinho s\u00e3o desenhadas e produzidas em Portugal e est\u00e3o disponive\u00eds na SCAR-ID e em scar-id.com Para informa\u00e7\u00f5es e medidas, p.f. contacte-nos: info@scar-id.com\u00a0\/ (+351) 22\u00a0203 3087","_links":{"self":[{"href":"https:\/\/scar-id.com\/pt-pt\/wp-json\/wp\/v2\/product\/27108","targetHints":{"allow":["GET"]}}],"collection":[{"href":"https:\/\/scar-id.com\/pt-pt\/wp-json\/wp\/v2\/product"}],"about":[{"href":"https:\/\/scar-id.com\/pt-pt\/wp-json\/wp\/v2\/types\/product"}],"wp:featuredmedia":[{"embeddable":true,"href":"https:\/\/scar-id.com\/pt-pt\/wp-json\/wp\/v2\/media\/27045"}],"wp:attachment":[{"href":"https:\/\/scar-id.com\/pt-pt\/wp-json\/wp\/v2\/media?parent=27108"}],"wp:term":[{"taxonomy":"product_brand","embeddable":true,"href":"https:\/\/scar-id.com\/pt-pt\/wp-json\/wp\/v2\/product_brand?post=27108"},{"taxonomy":"product_cat","embeddable":true,"href":"https:\/\/scar-id.com\/pt-pt\/wp-json\/wp\/v2\/product_cat?post=27108"},{"taxonomy":"product_tag","embeddable":true,"href":"https:\/\/scar-id.com\/pt-pt\/wp-json\/wp\/v2\/product_tag?post=27108"}],"curies":[{"name":"wp","href":"https:\/\/api.w.org\/{rel}","templated":true}]}}