{"id":27573,"date":"2025-03-08T18:18:27","date_gmt":"2025-03-08T18:18:27","guid":{"rendered":"https:\/\/scar-id.com\/produto\/assimetrias-necklace\/"},"modified":"2025-03-12T17:11:32","modified_gmt":"2025-03-12T17:11:32","slug":"assimetrias-necklace","status":"publish","type":"product","link":"https:\/\/scar-id.com\/pt-pt\/produto\/assimetrias-necklace\/","title":{"rendered":"Colar Assimetrias"},"content":{"rendered":"<!DOCTYPE html PUBLIC \"-\/\/W3C\/\/DTD HTML 4.0 Transitional\/\/EN\" \"http:\/\/www.w3.org\/TR\/REC-html40\/loose.dtd\">\n<html><body><p><img fetchpriority=\"high\" decoding=\"async\" class=\"alignnone size-full wp-image-27544\" src=\"https:\/\/scar-id.com\/wp-content\/uploads\/2025\/03\/scar-id-awa-ceramics-assimetrias-1-scaled.jpg\" alt=\"\" width=\"1284\" height=\"2560\" srcset=\"https:\/\/scar-id.com\/wp-content\/uploads\/2025\/03\/scar-id-awa-ceramics-assimetrias-1-scaled.jpg 1284w, https:\/\/scar-id.com\/wp-content\/uploads\/2025\/03\/scar-id-awa-ceramics-assimetrias-1-150x300.jpg 150w, https:\/\/scar-id.com\/wp-content\/uploads\/2025\/03\/scar-id-awa-ceramics-assimetrias-1-513x1024.jpg 513w, https:\/\/scar-id.com\/wp-content\/uploads\/2025\/03\/scar-id-awa-ceramics-assimetrias-1-768x1532.jpg 768w, https:\/\/scar-id.com\/wp-content\/uploads\/2025\/03\/scar-id-awa-ceramics-assimetrias-1-770x1536.jpg 770w, https:\/\/scar-id.com\/wp-content\/uploads\/2025\/03\/scar-id-awa-ceramics-assimetrias-1-1027x2048.jpg 1027w, https:\/\/scar-id.com\/wp-content\/uploads\/2025\/03\/scar-id-awa-ceramics-assimetrias-1-324x646.jpg 324w, https:\/\/scar-id.com\/wp-content\/uploads\/2025\/03\/scar-id-awa-ceramics-assimetrias-1-416x830.jpg 416w\" sizes=\"(max-width: 1284px) 100vw, 1284px\" \/> <img decoding=\"async\" class=\"alignnone size-full wp-image-27546\" src=\"https:\/\/scar-id.com\/wp-content\/uploads\/2025\/03\/scar-id-awa-ceramics-assimetrias-2.jpg\" alt=\"\" width=\"1400\" height=\"2054\" srcset=\"https:\/\/scar-id.com\/wp-content\/uploads\/2025\/03\/scar-id-awa-ceramics-assimetrias-2.jpg 1400w, https:\/\/scar-id.com\/wp-content\/uploads\/2025\/03\/scar-id-awa-ceramics-assimetrias-2-204x300.jpg 204w, https:\/\/scar-id.com\/wp-content\/uploads\/2025\/03\/scar-id-awa-ceramics-assimetrias-2-698x1024.jpg 698w, https:\/\/scar-id.com\/wp-content\/uploads\/2025\/03\/scar-id-awa-ceramics-assimetrias-2-768x1127.jpg 768w, https:\/\/scar-id.com\/wp-content\/uploads\/2025\/03\/scar-id-awa-ceramics-assimetrias-2-1047x1536.jpg 1047w, https:\/\/scar-id.com\/wp-content\/uploads\/2025\/03\/scar-id-awa-ceramics-assimetrias-2-1396x2048.jpg 1396w, https:\/\/scar-id.com\/wp-content\/uploads\/2025\/03\/scar-id-awa-ceramics-assimetrias-2-324x475.jpg 324w, https:\/\/scar-id.com\/wp-content\/uploads\/2025\/03\/scar-id-awa-ceramics-assimetrias-2-416x610.jpg 416w\" sizes=\"(max-width: 1400px) 100vw, 1400px\" \/><\/p>\n<\/body><\/html>\n","protected":false},"excerpt":{"rendered":"<h6><strong>Material:<\/strong> Porcelana e cord\u00e3o e fio de algod\u00e3o<\/h6>\n<p>&nbsp;<\/p>\n<h6>Todas as pe\u00e7as seleccionadas de AWA\u00a0 Ceramics selected est\u00e3o dispon\u00edveis na SCAR-ID e em scar-id.com<\/h6>\n<h6>Desenhado e Produzido em Portugal<\/h6>\n<h6>Para informa\u00e7\u00f5es e medidas, p.f. contacte-nos:<\/h6>\n<h6><a href=\"mailto:info@scar-id.com\">info@scar-id.com<\/a>\u00a0\/ (+351) 22\u00a0203 3087<\/h6>\n","protected":false},"featured_media":27549,"template":"","meta":{"_uag_custom_page_level_css":""},"product_brand":[],"product_cat":[468],"product_tag":[],"class_list":{"0":"post-27573","1":"product","2":"type-product","3":"status-publish","4":"has-post-thumbnail","6":"product_cat-awa-ceramics-pt","8":"first","9":"outofstock","10":"taxable","11":"shipping-taxable","12":"purchasable","13":"product-type-simple"},"aioseo_notices":[],"uagb_featured_image_src":{"full":["https:\/\/scar-id.com\/wp-content\/uploads\/2025\/03\/scar-id-awa-ceramics-assimetrias.jpg",824,1138,false],"thumbnail":["https:\/\/scar-id.com\/wp-content\/uploads\/2025\/03\/scar-id-awa-ceramics-assimetrias-150x150.jpg",150,150,true],"medium":["https:\/\/scar-id.com\/wp-content\/uploads\/2025\/03\/scar-id-awa-ceramics-assimetrias-217x300.jpg",217,300,true],"medium_large":["https:\/\/scar-id.com\/wp-content\/uploads\/2025\/03\/scar-id-awa-ceramics-assimetrias-768x1061.jpg",768,1061,true],"large":["https:\/\/scar-id.com\/wp-content\/uploads\/2025\/03\/scar-id-awa-ceramics-assimetrias-741x1024.jpg",741,1024,true],"1536x1536":["https:\/\/scar-id.com\/wp-content\/uploads\/2025\/03\/scar-id-awa-ceramics-assimetrias.jpg",824,1138,false],"2048x2048":["https:\/\/scar-id.com\/wp-content\/uploads\/2025\/03\/scar-id-awa-ceramics-assimetrias.jpg",824,1138,false],"woocommerce_thumbnail":["https:\/\/scar-id.com\/wp-content\/uploads\/2025\/03\/scar-id-awa-ceramics-assimetrias-324x447.jpg",324,447,true],"woocommerce_single":["https:\/\/scar-id.com\/wp-content\/uploads\/2025\/03\/scar-id-awa-ceramics-assimetrias-416x575.jpg",416,575,true],"woocommerce_gallery_thumbnail":["https:\/\/scar-id.com\/wp-content\/uploads\/2025\/03\/scar-id-awa-ceramics-assimetrias-100x100.jpg",100,100,true]},"uagb_author_info":{"display_name":"scar-id","author_link":"https:\/\/scar-id.com\/pt-pt\/author\/"},"uagb_comment_info":0,"uagb_excerpt":"Material: Porcelana e cord\u00e3o e fio de algod\u00e3o &nbsp; Todas as pe\u00e7as seleccionadas de AWA\u00a0 Ceramics selected est\u00e3o dispon\u00edveis na SCAR-ID e em scar-id.com Desenhado e Produzido em Portugal Para informa\u00e7\u00f5es e medidas, p.f. contacte-nos: info@scar-id.com\u00a0\/ (+351) 22\u00a0203 3087","_links":{"self":[{"href":"https:\/\/scar-id.com\/pt-pt\/wp-json\/wp\/v2\/product\/27573","targetHints":{"allow":["GET"]}}],"collection":[{"href":"https:\/\/scar-id.com\/pt-pt\/wp-json\/wp\/v2\/product"}],"about":[{"href":"https:\/\/scar-id.com\/pt-pt\/wp-json\/wp\/v2\/types\/product"}],"wp:featuredmedia":[{"embeddable":true,"href":"https:\/\/scar-id.com\/pt-pt\/wp-json\/wp\/v2\/media\/27549"}],"wp:attachment":[{"href":"https:\/\/scar-id.com\/pt-pt\/wp-json\/wp\/v2\/media?parent=27573"}],"wp:term":[{"taxonomy":"product_brand","embeddable":true,"href":"https:\/\/scar-id.com\/pt-pt\/wp-json\/wp\/v2\/product_brand?post=27573"},{"taxonomy":"product_cat","embeddable":true,"href":"https:\/\/scar-id.com\/pt-pt\/wp-json\/wp\/v2\/product_cat?post=27573"},{"taxonomy":"product_tag","embeddable":true,"href":"https:\/\/scar-id.com\/pt-pt\/wp-json\/wp\/v2\/product_tag?post=27573"}],"curies":[{"name":"wp","href":"https:\/\/api.w.org\/{rel}","templated":true}]}}