{"id":27577,"date":"2025-03-08T17:57:34","date_gmt":"2025-03-08T17:57:34","guid":{"rendered":"https:\/\/scar-id.com\/produto\/cotovelo-necklace\/"},"modified":"2025-03-12T17:11:05","modified_gmt":"2025-03-12T17:11:05","slug":"cotovelo-necklace","status":"publish","type":"product","link":"https:\/\/scar-id.com\/pt-pt\/produto\/cotovelo-necklace\/","title":{"rendered":"Colar Cotovelo"},"content":{"rendered":"<!DOCTYPE html PUBLIC \"-\/\/W3C\/\/DTD HTML 4.0 Transitional\/\/EN\" \"http:\/\/www.w3.org\/TR\/REC-html40\/loose.dtd\">\n<html><body><p><img fetchpriority=\"high\" decoding=\"async\" class=\"alignnone size-full wp-image-27515\" src=\"https:\/\/scar-id.com\/wp-content\/uploads\/2025\/03\/scar-id-awa-ceramics-dor-de-cotovelo-1-scaled.jpg\" alt=\"\" width=\"1306\" height=\"2560\" srcset=\"https:\/\/scar-id.com\/wp-content\/uploads\/2025\/03\/scar-id-awa-ceramics-dor-de-cotovelo-1-scaled.jpg 1306w, https:\/\/scar-id.com\/wp-content\/uploads\/2025\/03\/scar-id-awa-ceramics-dor-de-cotovelo-1-153x300.jpg 153w, https:\/\/scar-id.com\/wp-content\/uploads\/2025\/03\/scar-id-awa-ceramics-dor-de-cotovelo-1-522x1024.jpg 522w, https:\/\/scar-id.com\/wp-content\/uploads\/2025\/03\/scar-id-awa-ceramics-dor-de-cotovelo-1-768x1506.jpg 768w, https:\/\/scar-id.com\/wp-content\/uploads\/2025\/03\/scar-id-awa-ceramics-dor-de-cotovelo-1-783x1536.jpg 783w, https:\/\/scar-id.com\/wp-content\/uploads\/2025\/03\/scar-id-awa-ceramics-dor-de-cotovelo-1-1045x2048.jpg 1045w, https:\/\/scar-id.com\/wp-content\/uploads\/2025\/03\/scar-id-awa-ceramics-dor-de-cotovelo-1-324x635.jpg 324w, https:\/\/scar-id.com\/wp-content\/uploads\/2025\/03\/scar-id-awa-ceramics-dor-de-cotovelo-1-416x816.jpg 416w\" sizes=\"(max-width: 1306px) 100vw, 1306px\" \/> <img decoding=\"async\" class=\"alignnone size-full wp-image-27517\" src=\"https:\/\/scar-id.com\/wp-content\/uploads\/2025\/03\/scar-id-awa-ceramics-dor-de-cotovelo-2.jpg\" alt=\"\" width=\"1400\" height=\"1618\" srcset=\"https:\/\/scar-id.com\/wp-content\/uploads\/2025\/03\/scar-id-awa-ceramics-dor-de-cotovelo-2.jpg 1400w, https:\/\/scar-id.com\/wp-content\/uploads\/2025\/03\/scar-id-awa-ceramics-dor-de-cotovelo-2-260x300.jpg 260w, https:\/\/scar-id.com\/wp-content\/uploads\/2025\/03\/scar-id-awa-ceramics-dor-de-cotovelo-2-886x1024.jpg 886w, https:\/\/scar-id.com\/wp-content\/uploads\/2025\/03\/scar-id-awa-ceramics-dor-de-cotovelo-2-768x888.jpg 768w, https:\/\/scar-id.com\/wp-content\/uploads\/2025\/03\/scar-id-awa-ceramics-dor-de-cotovelo-2-1329x1536.jpg 1329w, https:\/\/scar-id.com\/wp-content\/uploads\/2025\/03\/scar-id-awa-ceramics-dor-de-cotovelo-2-324x374.jpg 324w, https:\/\/scar-id.com\/wp-content\/uploads\/2025\/03\/scar-id-awa-ceramics-dor-de-cotovelo-2-416x481.jpg 416w\" sizes=\"(max-width: 1400px) 100vw, 1400px\" \/><\/p>\n<\/body><\/html>\n","protected":false},"excerpt":{"rendered":"<h6><strong>Material:<\/strong> Porcelana e cord\u00e3o e fio de algod\u00e3o<\/h6>\n<p>&nbsp;<\/p>\n<h6>Todas as pe\u00e7as seleccionadas de AWA\u00a0 Ceramics selected est\u00e3o dispon\u00edveis na SCAR-ID e em scar-id.com<\/h6>\n<h6>Desenhado e Produzido em Portugal<\/h6>\n<h6>Para informa\u00e7\u00f5es e medidas, p.f. contacte-nos:<\/h6>\n<h6><a href=\"mailto:info@scar-id.com\">info@scar-id.com<\/a>\u00a0\/ (+351) 22\u00a0203 3087<\/h6>\n","protected":false},"featured_media":27520,"template":"","meta":{"_uag_custom_page_level_css":""},"product_brand":[],"product_cat":[468],"product_tag":[],"class_list":{"0":"post-27577","1":"product","2":"type-product","3":"status-publish","4":"has-post-thumbnail","6":"product_cat-awa-ceramics-pt","8":"first","9":"outofstock","10":"taxable","11":"shipping-taxable","12":"purchasable","13":"product-type-simple"},"aioseo_notices":[],"uagb_featured_image_src":{"full":["https:\/\/scar-id.com\/wp-content\/uploads\/2025\/03\/scar-id-awa-ceramics-dor-de-cotovelo.jpg",824,1138,false],"thumbnail":["https:\/\/scar-id.com\/wp-content\/uploads\/2025\/03\/scar-id-awa-ceramics-dor-de-cotovelo-150x150.jpg",150,150,true],"medium":["https:\/\/scar-id.com\/wp-content\/uploads\/2025\/03\/scar-id-awa-ceramics-dor-de-cotovelo-217x300.jpg",217,300,true],"medium_large":["https:\/\/scar-id.com\/wp-content\/uploads\/2025\/03\/scar-id-awa-ceramics-dor-de-cotovelo-768x1061.jpg",768,1061,true],"large":["https:\/\/scar-id.com\/wp-content\/uploads\/2025\/03\/scar-id-awa-ceramics-dor-de-cotovelo-741x1024.jpg",741,1024,true],"1536x1536":["https:\/\/scar-id.com\/wp-content\/uploads\/2025\/03\/scar-id-awa-ceramics-dor-de-cotovelo.jpg",824,1138,false],"2048x2048":["https:\/\/scar-id.com\/wp-content\/uploads\/2025\/03\/scar-id-awa-ceramics-dor-de-cotovelo.jpg",824,1138,false],"woocommerce_thumbnail":["https:\/\/scar-id.com\/wp-content\/uploads\/2025\/03\/scar-id-awa-ceramics-dor-de-cotovelo-324x447.jpg",324,447,true],"woocommerce_single":["https:\/\/scar-id.com\/wp-content\/uploads\/2025\/03\/scar-id-awa-ceramics-dor-de-cotovelo-416x575.jpg",416,575,true],"woocommerce_gallery_thumbnail":["https:\/\/scar-id.com\/wp-content\/uploads\/2025\/03\/scar-id-awa-ceramics-dor-de-cotovelo-100x100.jpg",100,100,true]},"uagb_author_info":{"display_name":"scar-id","author_link":"https:\/\/scar-id.com\/pt-pt\/author\/"},"uagb_comment_info":0,"uagb_excerpt":"Material: Porcelana e cord\u00e3o e fio de algod\u00e3o &nbsp; Todas as pe\u00e7as seleccionadas de AWA\u00a0 Ceramics selected est\u00e3o dispon\u00edveis na SCAR-ID e em scar-id.com Desenhado e Produzido em Portugal Para informa\u00e7\u00f5es e medidas, p.f. contacte-nos: info@scar-id.com\u00a0\/ (+351) 22\u00a0203 3087","_links":{"self":[{"href":"https:\/\/scar-id.com\/pt-pt\/wp-json\/wp\/v2\/product\/27577","targetHints":{"allow":["GET"]}}],"collection":[{"href":"https:\/\/scar-id.com\/pt-pt\/wp-json\/wp\/v2\/product"}],"about":[{"href":"https:\/\/scar-id.com\/pt-pt\/wp-json\/wp\/v2\/types\/product"}],"wp:featuredmedia":[{"embeddable":true,"href":"https:\/\/scar-id.com\/pt-pt\/wp-json\/wp\/v2\/media\/27520"}],"wp:attachment":[{"href":"https:\/\/scar-id.com\/pt-pt\/wp-json\/wp\/v2\/media?parent=27577"}],"wp:term":[{"taxonomy":"product_brand","embeddable":true,"href":"https:\/\/scar-id.com\/pt-pt\/wp-json\/wp\/v2\/product_brand?post=27577"},{"taxonomy":"product_cat","embeddable":true,"href":"https:\/\/scar-id.com\/pt-pt\/wp-json\/wp\/v2\/product_cat?post=27577"},{"taxonomy":"product_tag","embeddable":true,"href":"https:\/\/scar-id.com\/pt-pt\/wp-json\/wp\/v2\/product_tag?post=27577"}],"curies":[{"name":"wp","href":"https:\/\/api.w.org\/{rel}","templated":true}]}}