{"id":28094,"date":"2025-05-24T15:56:00","date_gmt":"2025-05-24T15:56:00","guid":{"rendered":"https:\/\/scar-id.com\/produto\/frontier-tray\/"},"modified":"2025-05-24T17:54:13","modified_gmt":"2025-05-24T17:54:13","slug":"frontier-tray","status":"publish","type":"product","link":"https:\/\/scar-id.com\/pt-pt\/produto\/frontier-tray\/","title":{"rendered":"Tabuleiro Frontier"},"content":{"rendered":"<!DOCTYPE html PUBLIC \"-\/\/W3C\/\/DTD HTML 4.0 Transitional\/\/EN\" \"http:\/\/www.w3.org\/TR\/REC-html40\/loose.dtd\">\n<html><body><p><img fetchpriority=\"high\" decoding=\"async\" class=\"alignnone size-full wp-image-28081\" src=\"https:\/\/scar-id.com\/wp-content\/uploads\/2025\/05\/3.jpg\" alt=\"\" width=\"1400\" height=\"933\" srcset=\"https:\/\/scar-id.com\/wp-content\/uploads\/2025\/05\/3.jpg 1400w, https:\/\/scar-id.com\/wp-content\/uploads\/2025\/05\/3-300x200.jpg 300w, https:\/\/scar-id.com\/wp-content\/uploads\/2025\/05\/3-1024x682.jpg 1024w, https:\/\/scar-id.com\/wp-content\/uploads\/2025\/05\/3-768x512.jpg 768w, https:\/\/scar-id.com\/wp-content\/uploads\/2025\/05\/3-324x216.jpg 324w, https:\/\/scar-id.com\/wp-content\/uploads\/2025\/05\/3-416x277.jpg 416w\" sizes=\"(max-width: 1400px) 100vw, 1400px\" \/> <img decoding=\"async\" class=\"alignnone size-full wp-image-28083\" src=\"https:\/\/scar-id.com\/wp-content\/uploads\/2025\/05\/11.jpg\" alt=\"\" width=\"1400\" height=\"933\" srcset=\"https:\/\/scar-id.com\/wp-content\/uploads\/2025\/05\/11.jpg 1400w, https:\/\/scar-id.com\/wp-content\/uploads\/2025\/05\/11-300x200.jpg 300w, https:\/\/scar-id.com\/wp-content\/uploads\/2025\/05\/11-1024x682.jpg 1024w, https:\/\/scar-id.com\/wp-content\/uploads\/2025\/05\/11-768x512.jpg 768w, https:\/\/scar-id.com\/wp-content\/uploads\/2025\/05\/11-324x216.jpg 324w, https:\/\/scar-id.com\/wp-content\/uploads\/2025\/05\/11-416x277.jpg 416w\" sizes=\"(max-width: 1400px) 100vw, 1400px\" \/> <img decoding=\"async\" class=\"alignnone size-full wp-image-28085\" src=\"https:\/\/scar-id.com\/wp-content\/uploads\/2025\/05\/20.jpg\" alt=\"\" width=\"1400\" height=\"933\" srcset=\"https:\/\/scar-id.com\/wp-content\/uploads\/2025\/05\/20.jpg 1400w, https:\/\/scar-id.com\/wp-content\/uploads\/2025\/05\/20-300x200.jpg 300w, https:\/\/scar-id.com\/wp-content\/uploads\/2025\/05\/20-1024x682.jpg 1024w, https:\/\/scar-id.com\/wp-content\/uploads\/2025\/05\/20-768x512.jpg 768w, https:\/\/scar-id.com\/wp-content\/uploads\/2025\/05\/20-324x216.jpg 324w, https:\/\/scar-id.com\/wp-content\/uploads\/2025\/05\/20-416x277.jpg 416w\" sizes=\"(max-width: 1400px) 100vw, 1400px\" \/> <img loading=\"lazy\" decoding=\"async\" class=\"alignnone size-full wp-image-28087\" src=\"https:\/\/scar-id.com\/wp-content\/uploads\/2025\/05\/36.jpg\" alt=\"\" width=\"1400\" height=\"933\" srcset=\"https:\/\/scar-id.com\/wp-content\/uploads\/2025\/05\/36.jpg 1400w, https:\/\/scar-id.com\/wp-content\/uploads\/2025\/05\/36-300x200.jpg 300w, https:\/\/scar-id.com\/wp-content\/uploads\/2025\/05\/36-1024x682.jpg 1024w, https:\/\/scar-id.com\/wp-content\/uploads\/2025\/05\/36-768x512.jpg 768w, https:\/\/scar-id.com\/wp-content\/uploads\/2025\/05\/36-324x216.jpg 324w, https:\/\/scar-id.com\/wp-content\/uploads\/2025\/05\/36-416x277.jpg 416w\" sizes=\"(max-width: 1400px) 100vw, 1400px\" \/> <img loading=\"lazy\" decoding=\"async\" class=\"alignnone size-full wp-image-28089\" src=\"https:\/\/scar-id.com\/wp-content\/uploads\/2025\/05\/91.jpg\" alt=\"\" width=\"1400\" height=\"933\" srcset=\"https:\/\/scar-id.com\/wp-content\/uploads\/2025\/05\/91.jpg 1400w, https:\/\/scar-id.com\/wp-content\/uploads\/2025\/05\/91-300x200.jpg 300w, https:\/\/scar-id.com\/wp-content\/uploads\/2025\/05\/91-1024x682.jpg 1024w, https:\/\/scar-id.com\/wp-content\/uploads\/2025\/05\/91-768x512.jpg 768w, https:\/\/scar-id.com\/wp-content\/uploads\/2025\/05\/91-324x216.jpg 324w, https:\/\/scar-id.com\/wp-content\/uploads\/2025\/05\/91-416x277.jpg 416w\" sizes=\"(max-width: 1400px) 100vw, 1400px\" \/><\/p>\n<\/body><\/html>\n","protected":false},"excerpt":{"rendered":"<h6><strong>Material:<\/strong> Alum\u00ednio e Carvalho<br \/>\n<strong>Descri\u00e7\u00e3o:<\/strong> Frontier \u00e9 um tabuleiro em madeira de carvalho com fundo de alum\u00ednio. O design apresenta uma parede de metal que mant\u00e9m os objetos no lugar. O corpo de madeira do tabuleiro \u00e9 inclinado na parte superior, permitindo que os artigos deslizem facilmente para uma utiliza\u00e7\u00e3o pr\u00e1tica.<br \/>\n<strong>Dimens\u00f5es:<\/strong> 200 x 100 x 25 e 0,4kg<\/h6>\n<h6><\/h6>\n<h6><\/h6>\n<h6>Todas as pe\u00e7as selecionadas do SEIS s\u00e3o<br \/>\nDesenhadas e produzidas em Portugal<br \/>\nPara informa\u00e7\u00f5es e medidas n\u00e3o hesite em contactar-nos:<br \/>\ninfo@scar-id.com\/ (+351) 22\u00a0203 3087<\/h6>\n<h6><\/h6>\n","protected":false},"featured_media":28092,"template":"","meta":{"_uag_custom_page_level_css":""},"product_brand":[],"product_cat":[475],"product_tag":[],"class_list":{"0":"post-28094","1":"product","2":"type-product","3":"status-publish","4":"has-post-thumbnail","6":"product_cat-seis-pt","8":"first","9":"instock","10":"sale","11":"taxable","12":"shipping-taxable","13":"purchasable","14":"product-type-simple"},"aioseo_notices":[],"uagb_featured_image_src":{"full":["https:\/\/scar-id.com\/wp-content\/uploads\/2025\/05\/TRAY.jpg",824,1138,false],"thumbnail":["https:\/\/scar-id.com\/wp-content\/uploads\/2025\/05\/TRAY-150x150.jpg",150,150,true],"medium":["https:\/\/scar-id.com\/wp-content\/uploads\/2025\/05\/TRAY-217x300.jpg",217,300,true],"medium_large":["https:\/\/scar-id.com\/wp-content\/uploads\/2025\/05\/TRAY-768x1061.jpg",768,1061,true],"large":["https:\/\/scar-id.com\/wp-content\/uploads\/2025\/05\/TRAY-741x1024.jpg",741,1024,true],"1536x1536":["https:\/\/scar-id.com\/wp-content\/uploads\/2025\/05\/TRAY.jpg",824,1138,false],"2048x2048":["https:\/\/scar-id.com\/wp-content\/uploads\/2025\/05\/TRAY.jpg",824,1138,false],"woocommerce_thumbnail":["https:\/\/scar-id.com\/wp-content\/uploads\/2025\/05\/TRAY-324x447.jpg",324,447,true],"woocommerce_single":["https:\/\/scar-id.com\/wp-content\/uploads\/2025\/05\/TRAY-416x575.jpg",416,575,true],"woocommerce_gallery_thumbnail":["https:\/\/scar-id.com\/wp-content\/uploads\/2025\/05\/TRAY-100x100.jpg",100,100,true]},"uagb_author_info":{"display_name":"scar-id","author_link":"https:\/\/scar-id.com\/pt-pt\/author\/"},"uagb_comment_info":0,"uagb_excerpt":"Material: Alum\u00ednio e Carvalho Descri\u00e7\u00e3o: Frontier \u00e9 um tabuleiro em madeira de carvalho com fundo de alum\u00ednio. O design apresenta uma parede de metal que mant\u00e9m os objetos no lugar. O corpo de madeira do tabuleiro \u00e9 inclinado na parte superior, permitindo que os artigos deslizem facilmente para uma utiliza\u00e7\u00e3o pr\u00e1tica. Dimens\u00f5es: 200 x 100&hellip;","_links":{"self":[{"href":"https:\/\/scar-id.com\/pt-pt\/wp-json\/wp\/v2\/product\/28094","targetHints":{"allow":["GET"]}}],"collection":[{"href":"https:\/\/scar-id.com\/pt-pt\/wp-json\/wp\/v2\/product"}],"about":[{"href":"https:\/\/scar-id.com\/pt-pt\/wp-json\/wp\/v2\/types\/product"}],"wp:featuredmedia":[{"embeddable":true,"href":"https:\/\/scar-id.com\/pt-pt\/wp-json\/wp\/v2\/media\/28092"}],"wp:attachment":[{"href":"https:\/\/scar-id.com\/pt-pt\/wp-json\/wp\/v2\/media?parent=28094"}],"wp:term":[{"taxonomy":"product_brand","embeddable":true,"href":"https:\/\/scar-id.com\/pt-pt\/wp-json\/wp\/v2\/product_brand?post=28094"},{"taxonomy":"product_cat","embeddable":true,"href":"https:\/\/scar-id.com\/pt-pt\/wp-json\/wp\/v2\/product_cat?post=28094"},{"taxonomy":"product_tag","embeddable":true,"href":"https:\/\/scar-id.com\/pt-pt\/wp-json\/wp\/v2\/product_tag?post=28094"}],"curies":[{"name":"wp","href":"https:\/\/api.w.org\/{rel}","templated":true}]}}