{"id":28602,"date":"2025-06-03T17:46:37","date_gmt":"2025-06-03T17:46:37","guid":{"rendered":"https:\/\/scar-id.com\/produto\/mares-05\/"},"modified":"2025-10-28T11:14:10","modified_gmt":"2025-10-28T11:14:10","slug":"mares-05","status":"publish","type":"product","link":"https:\/\/scar-id.com\/pt-pt\/produto\/mares-05\/","title":{"rendered":"Mar\u00e9s 05"},"content":{"rendered":"<!DOCTYPE html PUBLIC \"-\/\/W3C\/\/DTD HTML 4.0 Transitional\/\/EN\" \"http:\/\/www.w3.org\/TR\/REC-html40\/loose.dtd\">\n<html><body><p><img fetchpriority=\"high\" decoding=\"async\" class=\"alignnone size-full wp-image-28119\" src=\"https:\/\/scar-id.com\/wp-content\/uploads\/2025\/06\/scar-id-awa-ceramics-mares-05.jpg\" alt=\"\" width=\"1400\" height=\"1798\" srcset=\"https:\/\/scar-id.com\/wp-content\/uploads\/2025\/06\/scar-id-awa-ceramics-mares-05.jpg 1400w, https:\/\/scar-id.com\/wp-content\/uploads\/2025\/06\/scar-id-awa-ceramics-mares-05-234x300.jpg 234w, https:\/\/scar-id.com\/wp-content\/uploads\/2025\/06\/scar-id-awa-ceramics-mares-05-797x1024.jpg 797w, https:\/\/scar-id.com\/wp-content\/uploads\/2025\/06\/scar-id-awa-ceramics-mares-05-768x986.jpg 768w, https:\/\/scar-id.com\/wp-content\/uploads\/2025\/06\/scar-id-awa-ceramics-mares-05-1196x1536.jpg 1196w, https:\/\/scar-id.com\/wp-content\/uploads\/2025\/06\/scar-id-awa-ceramics-mares-05-324x416.jpg 324w, https:\/\/scar-id.com\/wp-content\/uploads\/2025\/06\/scar-id-awa-ceramics-mares-05-416x534.jpg 416w\" sizes=\"(max-width: 1400px) 100vw, 1400px\" \/><\/p>\n<\/body><\/html>\n","protected":false},"excerpt":{"rendered":"<h6><strong>Material:<\/strong> Porcelana<\/h6>\n<p>&nbsp;<\/p>\n<h6>As pe\u00e7as AWA\u00a0 Ceramics est\u00e3o dispon\u00edvel na SCAR-ID e em scar-id.com<\/h6>\n<h6>Desenhado e produzido em Portugal<\/h6>\n<h6>Para informa\u00e7\u00f5es e medidas, n\u00e3o hesite em nos contactar<\/h6>\n<h6><a href=\"mailto:info@scar-id.com\">info@scar-id.com<\/a>\u00a0\/ (+351) 22\u00a0203 3087<\/h6>\n","protected":false},"featured_media":28122,"template":"","meta":{"_uag_custom_page_level_css":""},"product_brand":[],"product_cat":[468],"product_tag":[],"class_list":{"0":"post-28602","1":"product","2":"type-product","3":"status-publish","4":"has-post-thumbnail","6":"product_cat-awa-ceramics-pt","8":"first","9":"outofstock","10":"taxable","11":"shipping-taxable","12":"purchasable","13":"product-type-simple"},"aioseo_notices":[],"uagb_featured_image_src":{"full":["https:\/\/scar-id.com\/wp-content\/uploads\/2025\/06\/scar-id-awa-ceramics-mares-05-mini.jpg",824,1138,false],"thumbnail":["https:\/\/scar-id.com\/wp-content\/uploads\/2025\/06\/scar-id-awa-ceramics-mares-05-mini-150x150.jpg",150,150,true],"medium":["https:\/\/scar-id.com\/wp-content\/uploads\/2025\/06\/scar-id-awa-ceramics-mares-05-mini-217x300.jpg",217,300,true],"medium_large":["https:\/\/scar-id.com\/wp-content\/uploads\/2025\/06\/scar-id-awa-ceramics-mares-05-mini-768x1061.jpg",768,1061,true],"large":["https:\/\/scar-id.com\/wp-content\/uploads\/2025\/06\/scar-id-awa-ceramics-mares-05-mini-741x1024.jpg",741,1024,true],"1536x1536":["https:\/\/scar-id.com\/wp-content\/uploads\/2025\/06\/scar-id-awa-ceramics-mares-05-mini.jpg",824,1138,false],"2048x2048":["https:\/\/scar-id.com\/wp-content\/uploads\/2025\/06\/scar-id-awa-ceramics-mares-05-mini.jpg",824,1138,false],"woocommerce_thumbnail":["https:\/\/scar-id.com\/wp-content\/uploads\/2025\/06\/scar-id-awa-ceramics-mares-05-mini-324x447.jpg",324,447,true],"woocommerce_single":["https:\/\/scar-id.com\/wp-content\/uploads\/2025\/06\/scar-id-awa-ceramics-mares-05-mini-416x575.jpg",416,575,true],"woocommerce_gallery_thumbnail":["https:\/\/scar-id.com\/wp-content\/uploads\/2025\/06\/scar-id-awa-ceramics-mares-05-mini-100x100.jpg",100,100,true]},"uagb_author_info":{"display_name":"scar-id","author_link":"https:\/\/scar-id.com\/pt-pt\/author\/"},"uagb_comment_info":0,"uagb_excerpt":"Material: Porcelana &nbsp; As pe\u00e7as AWA\u00a0 Ceramics est\u00e3o dispon\u00edvel na SCAR-ID e em scar-id.com Desenhado e produzido em Portugal Para informa\u00e7\u00f5es e medidas, n\u00e3o hesite em nos contactar info@scar-id.com\u00a0\/ (+351) 22\u00a0203 3087","_links":{"self":[{"href":"https:\/\/scar-id.com\/pt-pt\/wp-json\/wp\/v2\/product\/28602","targetHints":{"allow":["GET"]}}],"collection":[{"href":"https:\/\/scar-id.com\/pt-pt\/wp-json\/wp\/v2\/product"}],"about":[{"href":"https:\/\/scar-id.com\/pt-pt\/wp-json\/wp\/v2\/types\/product"}],"wp:featuredmedia":[{"embeddable":true,"href":"https:\/\/scar-id.com\/pt-pt\/wp-json\/wp\/v2\/media\/28122"}],"wp:attachment":[{"href":"https:\/\/scar-id.com\/pt-pt\/wp-json\/wp\/v2\/media?parent=28602"}],"wp:term":[{"taxonomy":"product_brand","embeddable":true,"href":"https:\/\/scar-id.com\/pt-pt\/wp-json\/wp\/v2\/product_brand?post=28602"},{"taxonomy":"product_cat","embeddable":true,"href":"https:\/\/scar-id.com\/pt-pt\/wp-json\/wp\/v2\/product_cat?post=28602"},{"taxonomy":"product_tag","embeddable":true,"href":"https:\/\/scar-id.com\/pt-pt\/wp-json\/wp\/v2\/product_tag?post=28602"}],"curies":[{"name":"wp","href":"https:\/\/api.w.org\/{rel}","templated":true}]}}