{"id":28622,"date":"2025-08-20T17:10:04","date_gmt":"2025-08-20T17:10:04","guid":{"rendered":"https:\/\/scar-id.com\/produto\/centerpiece-bowl\/"},"modified":"2025-10-28T15:09:04","modified_gmt":"2025-10-28T15:09:04","slug":"centerpiece-bowl","status":"publish","type":"product","link":"https:\/\/scar-id.com\/pt-pt\/produto\/centerpiece-bowl\/","title":{"rendered":"Centro de Mesa"},"content":{"rendered":"<!DOCTYPE html PUBLIC \"-\/\/W3C\/\/DTD HTML 4.0 Transitional\/\/EN\" \"http:\/\/www.w3.org\/TR\/REC-html40\/loose.dtd\">\n<html><body><p><img fetchpriority=\"high\" decoding=\"async\" class=\"alignnone size-full wp-image-28354\" src=\"https:\/\/scar-id.com\/wp-content\/uploads\/2025\/08\/scar-id-monica-santos-Ma-Centro-mesa-1.jpg\" alt=\"\" width=\"1400\" height=\"1893\" srcset=\"https:\/\/scar-id.com\/wp-content\/uploads\/2025\/08\/scar-id-monica-santos-Ma-Centro-mesa-1.jpg 1400w, https:\/\/scar-id.com\/wp-content\/uploads\/2025\/08\/scar-id-monica-santos-Ma-Centro-mesa-1-222x300.jpg 222w, https:\/\/scar-id.com\/wp-content\/uploads\/2025\/08\/scar-id-monica-santos-Ma-Centro-mesa-1-757x1024.jpg 757w, https:\/\/scar-id.com\/wp-content\/uploads\/2025\/08\/scar-id-monica-santos-Ma-Centro-mesa-1-768x1038.jpg 768w, https:\/\/scar-id.com\/wp-content\/uploads\/2025\/08\/scar-id-monica-santos-Ma-Centro-mesa-1-1136x1536.jpg 1136w, https:\/\/scar-id.com\/wp-content\/uploads\/2025\/08\/scar-id-monica-santos-Ma-Centro-mesa-1-324x438.jpg 324w, https:\/\/scar-id.com\/wp-content\/uploads\/2025\/08\/scar-id-monica-santos-Ma-Centro-mesa-1-416x562.jpg 416w\" sizes=\"(max-width: 1400px) 100vw, 1400px\" \/> <img decoding=\"async\" class=\"alignnone size-full wp-image-28356\" src=\"https:\/\/scar-id.com\/wp-content\/uploads\/2025\/08\/scar-id-monica-santos-Ma-Centro-mesa-2.jpg\" alt=\"\" width=\"1400\" height=\"1777\" srcset=\"https:\/\/scar-id.com\/wp-content\/uploads\/2025\/08\/scar-id-monica-santos-Ma-Centro-mesa-2.jpg 1400w, https:\/\/scar-id.com\/wp-content\/uploads\/2025\/08\/scar-id-monica-santos-Ma-Centro-mesa-2-236x300.jpg 236w, https:\/\/scar-id.com\/wp-content\/uploads\/2025\/08\/scar-id-monica-santos-Ma-Centro-mesa-2-807x1024.jpg 807w, https:\/\/scar-id.com\/wp-content\/uploads\/2025\/08\/scar-id-monica-santos-Ma-Centro-mesa-2-768x975.jpg 768w, https:\/\/scar-id.com\/wp-content\/uploads\/2025\/08\/scar-id-monica-santos-Ma-Centro-mesa-2-1210x1536.jpg 1210w, https:\/\/scar-id.com\/wp-content\/uploads\/2025\/08\/scar-id-monica-santos-Ma-Centro-mesa-2-324x411.jpg 324w, https:\/\/scar-id.com\/wp-content\/uploads\/2025\/08\/scar-id-monica-santos-Ma-Centro-mesa-2-416x528.jpg 416w\" sizes=\"(max-width: 1400px) 100vw, 1400px\" \/> <img decoding=\"async\" class=\"alignnone size-full wp-image-28358\" src=\"https:\/\/scar-id.com\/wp-content\/uploads\/2025\/08\/scar-id-monica-santos-Ma-Centro-mesa-3.jpg\" alt=\"\" width=\"1400\" height=\"1805\" srcset=\"https:\/\/scar-id.com\/wp-content\/uploads\/2025\/08\/scar-id-monica-santos-Ma-Centro-mesa-3.jpg 1400w, https:\/\/scar-id.com\/wp-content\/uploads\/2025\/08\/scar-id-monica-santos-Ma-Centro-mesa-3-233x300.jpg 233w, https:\/\/scar-id.com\/wp-content\/uploads\/2025\/08\/scar-id-monica-santos-Ma-Centro-mesa-3-794x1024.jpg 794w, https:\/\/scar-id.com\/wp-content\/uploads\/2025\/08\/scar-id-monica-santos-Ma-Centro-mesa-3-768x990.jpg 768w, https:\/\/scar-id.com\/wp-content\/uploads\/2025\/08\/scar-id-monica-santos-Ma-Centro-mesa-3-1191x1536.jpg 1191w, https:\/\/scar-id.com\/wp-content\/uploads\/2025\/08\/scar-id-monica-santos-Ma-Centro-mesa-3-324x418.jpg 324w, https:\/\/scar-id.com\/wp-content\/uploads\/2025\/08\/scar-id-monica-santos-Ma-Centro-mesa-3-416x536.jpg 416w\" sizes=\"(max-width: 1400px) 100vw, 1400px\" \/> <img loading=\"lazy\" decoding=\"async\" class=\"alignnone size-full wp-image-28360\" src=\"https:\/\/scar-id.com\/wp-content\/uploads\/2025\/08\/scar-id-monica-santos-Ma-Centro-mesa-4.jpg\" alt=\"\" width=\"1400\" height=\"2299\" srcset=\"https:\/\/scar-id.com\/wp-content\/uploads\/2025\/08\/scar-id-monica-santos-Ma-Centro-mesa-4.jpg 1400w, https:\/\/scar-id.com\/wp-content\/uploads\/2025\/08\/scar-id-monica-santos-Ma-Centro-mesa-4-183x300.jpg 183w, https:\/\/scar-id.com\/wp-content\/uploads\/2025\/08\/scar-id-monica-santos-Ma-Centro-mesa-4-624x1024.jpg 624w, https:\/\/scar-id.com\/wp-content\/uploads\/2025\/08\/scar-id-monica-santos-Ma-Centro-mesa-4-768x1261.jpg 768w, https:\/\/scar-id.com\/wp-content\/uploads\/2025\/08\/scar-id-monica-santos-Ma-Centro-mesa-4-935x1536.jpg 935w, https:\/\/scar-id.com\/wp-content\/uploads\/2025\/08\/scar-id-monica-santos-Ma-Centro-mesa-4-1247x2048.jpg 1247w, https:\/\/scar-id.com\/wp-content\/uploads\/2025\/08\/scar-id-monica-santos-Ma-Centro-mesa-4-324x532.jpg 324w, https:\/\/scar-id.com\/wp-content\/uploads\/2025\/08\/scar-id-monica-santos-Ma-Centro-mesa-4-416x683.jpg 416w\" sizes=\"(max-width: 1400px) 100vw, 1400px\" \/><\/p>\n<\/body><\/html>\n","protected":false},"excerpt":{"rendered":"<h6><strong>Material:<\/strong> Cer\u00e2mica<\/h6>\n<p>&nbsp;<\/p>\n<h6>Todas as pe\u00e7as de M\u00f3nica Santos est\u00e3o dispon\u00edveis na SCAR-ID e em\u00a0 scar-id.com<\/h6>\n<h6>Desenhado e Produzido em Portugal<\/h6>\n<h6>Para informa\u00e7\u00f5es e medidas p.f. contacte-nos<\/h6>\n<h6><a href=\"mailto:info@scar-id.com\">info@scar-id.com<\/a>\u00a0\/ (+351) 22\u00a0203 3087<\/h6>\n","protected":false},"featured_media":28363,"template":"","meta":{"_uag_custom_page_level_css":""},"product_brand":[],"product_cat":[473],"product_tag":[],"class_list":{"0":"post-28622","1":"product","2":"type-product","3":"status-publish","4":"has-post-thumbnail","6":"product_cat-monica-santos-pt","8":"first","9":"instock","10":"taxable","11":"shipping-taxable","12":"purchasable","13":"product-type-simple"},"aioseo_notices":[],"uagb_featured_image_src":{"full":["https:\/\/scar-id.com\/wp-content\/uploads\/2025\/08\/scar-id-monica-santos-Ma-Centro-mesa-mini.jpg",1400,2104,false],"thumbnail":["https:\/\/scar-id.com\/wp-content\/uploads\/2025\/08\/scar-id-monica-santos-Ma-Centro-mesa-mini-150x150.jpg",150,150,true],"medium":["https:\/\/scar-id.com\/wp-content\/uploads\/2025\/08\/scar-id-monica-santos-Ma-Centro-mesa-mini-200x300.jpg",200,300,true],"medium_large":["https:\/\/scar-id.com\/wp-content\/uploads\/2025\/08\/scar-id-monica-santos-Ma-Centro-mesa-mini-768x1154.jpg",768,1154,true],"large":["https:\/\/scar-id.com\/wp-content\/uploads\/2025\/08\/scar-id-monica-santos-Ma-Centro-mesa-mini-681x1024.jpg",681,1024,true],"1536x1536":["https:\/\/scar-id.com\/wp-content\/uploads\/2025\/08\/scar-id-monica-santos-Ma-Centro-mesa-mini-1022x1536.jpg",1022,1536,true],"2048x2048":["https:\/\/scar-id.com\/wp-content\/uploads\/2025\/08\/scar-id-monica-santos-Ma-Centro-mesa-mini-1363x2048.jpg",1363,2048,true],"woocommerce_thumbnail":["https:\/\/scar-id.com\/wp-content\/uploads\/2025\/08\/scar-id-monica-santos-Ma-Centro-mesa-mini-324x487.jpg",324,487,true],"woocommerce_single":["https:\/\/scar-id.com\/wp-content\/uploads\/2025\/08\/scar-id-monica-santos-Ma-Centro-mesa-mini-416x625.jpg",416,625,true],"woocommerce_gallery_thumbnail":["https:\/\/scar-id.com\/wp-content\/uploads\/2025\/08\/scar-id-monica-santos-Ma-Centro-mesa-mini-100x100.jpg",100,100,true]},"uagb_author_info":{"display_name":"scar-id","author_link":"https:\/\/scar-id.com\/pt-pt\/author\/"},"uagb_comment_info":0,"uagb_excerpt":"Material: Cer\u00e2mica &nbsp; Todas as pe\u00e7as de M\u00f3nica Santos est\u00e3o dispon\u00edveis na SCAR-ID e em\u00a0 scar-id.com Desenhado e Produzido em Portugal Para informa\u00e7\u00f5es e medidas p.f. contacte-nos info@scar-id.com\u00a0\/ (+351) 22\u00a0203 3087","_links":{"self":[{"href":"https:\/\/scar-id.com\/pt-pt\/wp-json\/wp\/v2\/product\/28622","targetHints":{"allow":["GET"]}}],"collection":[{"href":"https:\/\/scar-id.com\/pt-pt\/wp-json\/wp\/v2\/product"}],"about":[{"href":"https:\/\/scar-id.com\/pt-pt\/wp-json\/wp\/v2\/types\/product"}],"wp:featuredmedia":[{"embeddable":true,"href":"https:\/\/scar-id.com\/pt-pt\/wp-json\/wp\/v2\/media\/28363"}],"wp:attachment":[{"href":"https:\/\/scar-id.com\/pt-pt\/wp-json\/wp\/v2\/media?parent=28622"}],"wp:term":[{"taxonomy":"product_brand","embeddable":true,"href":"https:\/\/scar-id.com\/pt-pt\/wp-json\/wp\/v2\/product_brand?post=28622"},{"taxonomy":"product_cat","embeddable":true,"href":"https:\/\/scar-id.com\/pt-pt\/wp-json\/wp\/v2\/product_cat?post=28622"},{"taxonomy":"product_tag","embeddable":true,"href":"https:\/\/scar-id.com\/pt-pt\/wp-json\/wp\/v2\/product_tag?post=28622"}],"curies":[{"name":"wp","href":"https:\/\/api.w.org\/{rel}","templated":true}]}}