{"id":28632,"date":"2024-08-21T11:44:41","date_gmt":"2024-08-21T11:44:41","guid":{"rendered":"https:\/\/scar-id.com\/produto\/sildel-copy\/"},"modified":"2025-10-28T15:39:46","modified_gmt":"2025-10-28T15:39:46","slug":"sildel-copy","status":"publish","type":"product","link":"https:\/\/scar-id.com\/pt-pt\/produto\/sildel-copy\/","title":{"rendered":"Shale Coast"},"content":{"rendered":"<!DOCTYPE html PUBLIC \"-\/\/W3C\/\/DTD HTML 4.0 Transitional\/\/EN\" \"http:\/\/www.w3.org\/TR\/REC-html40\/loose.dtd\">\n<html><body><p><img fetchpriority=\"high\" decoding=\"async\" class=\"alignnone size-full wp-image-27126\" src=\"https:\/\/scar-id.com\/wp-content\/uploads\/2024\/08\/scar-id-sildel-shale-coast-1.jpg\" alt=\"\" width=\"1400\" height=\"933\" srcset=\"https:\/\/scar-id.com\/wp-content\/uploads\/2024\/08\/scar-id-sildel-shale-coast-1.jpg 1400w, https:\/\/scar-id.com\/wp-content\/uploads\/2024\/08\/scar-id-sildel-shale-coast-1-300x200.jpg 300w, https:\/\/scar-id.com\/wp-content\/uploads\/2024\/08\/scar-id-sildel-shale-coast-1-1024x682.jpg 1024w, https:\/\/scar-id.com\/wp-content\/uploads\/2024\/08\/scar-id-sildel-shale-coast-1-768x512.jpg 768w, https:\/\/scar-id.com\/wp-content\/uploads\/2024\/08\/scar-id-sildel-shale-coast-1-324x216.jpg 324w, https:\/\/scar-id.com\/wp-content\/uploads\/2024\/08\/scar-id-sildel-shale-coast-1-416x277.jpg 416w\" sizes=\"(max-width: 1400px) 100vw, 1400px\" \/> <img decoding=\"async\" class=\"alignnone size-full wp-image-27128\" src=\"https:\/\/scar-id.com\/wp-content\/uploads\/2024\/08\/scar-id-sildel-shale-coast-2.jpg\" alt=\"\" width=\"1400\" height=\"933\" srcset=\"https:\/\/scar-id.com\/wp-content\/uploads\/2024\/08\/scar-id-sildel-shale-coast-2.jpg 1400w, https:\/\/scar-id.com\/wp-content\/uploads\/2024\/08\/scar-id-sildel-shale-coast-2-300x200.jpg 300w, https:\/\/scar-id.com\/wp-content\/uploads\/2024\/08\/scar-id-sildel-shale-coast-2-1024x682.jpg 1024w, https:\/\/scar-id.com\/wp-content\/uploads\/2024\/08\/scar-id-sildel-shale-coast-2-768x512.jpg 768w, https:\/\/scar-id.com\/wp-content\/uploads\/2024\/08\/scar-id-sildel-shale-coast-2-324x216.jpg 324w, https:\/\/scar-id.com\/wp-content\/uploads\/2024\/08\/scar-id-sildel-shale-coast-2-416x277.jpg 416w\" sizes=\"(max-width: 1400px) 100vw, 1400px\" \/> <img decoding=\"async\" class=\"alignnone size-full wp-image-27130\" src=\"https:\/\/scar-id.com\/wp-content\/uploads\/2024\/08\/scar-id-sildel-shale-coast-3.jpg\" alt=\"\" width=\"1400\" height=\"933\" srcset=\"https:\/\/scar-id.com\/wp-content\/uploads\/2024\/08\/scar-id-sildel-shale-coast-3.jpg 1400w, https:\/\/scar-id.com\/wp-content\/uploads\/2024\/08\/scar-id-sildel-shale-coast-3-300x200.jpg 300w, https:\/\/scar-id.com\/wp-content\/uploads\/2024\/08\/scar-id-sildel-shale-coast-3-1024x682.jpg 1024w, https:\/\/scar-id.com\/wp-content\/uploads\/2024\/08\/scar-id-sildel-shale-coast-3-768x512.jpg 768w, https:\/\/scar-id.com\/wp-content\/uploads\/2024\/08\/scar-id-sildel-shale-coast-3-324x216.jpg 324w, https:\/\/scar-id.com\/wp-content\/uploads\/2024\/08\/scar-id-sildel-shale-coast-3-416x277.jpg 416w\" sizes=\"(max-width: 1400px) 100vw, 1400px\" \/> <img loading=\"lazy\" decoding=\"async\" class=\"alignnone size-full wp-image-27132\" src=\"https:\/\/scar-id.com\/wp-content\/uploads\/2024\/08\/scar-id-sildel-shale-coast-4.jpg\" alt=\"\" width=\"1400\" height=\"933\" srcset=\"https:\/\/scar-id.com\/wp-content\/uploads\/2024\/08\/scar-id-sildel-shale-coast-4.jpg 1400w, https:\/\/scar-id.com\/wp-content\/uploads\/2024\/08\/scar-id-sildel-shale-coast-4-300x200.jpg 300w, https:\/\/scar-id.com\/wp-content\/uploads\/2024\/08\/scar-id-sildel-shale-coast-4-1024x682.jpg 1024w, https:\/\/scar-id.com\/wp-content\/uploads\/2024\/08\/scar-id-sildel-shale-coast-4-768x512.jpg 768w, https:\/\/scar-id.com\/wp-content\/uploads\/2024\/08\/scar-id-sildel-shale-coast-4-324x216.jpg 324w, https:\/\/scar-id.com\/wp-content\/uploads\/2024\/08\/scar-id-sildel-shale-coast-4-416x277.jpg 416w\" sizes=\"(max-width: 1400px) 100vw, 1400px\" \/><\/p>\n<\/body><\/html>\n","protected":false},"excerpt":{"rendered":"<h6><strong>Material: <\/strong>Corti\u00e7a, cabo el\u00e9trico e metal<\/h6>\n<h6><strong>Colour:<\/strong> Corti\u00e7a, cabo cinzento<\/h6>\n<h6><strong>Dimens\u00f5es:<\/strong> W 31 x D 9 x H 14 cm<\/h6>\n<h6><\/h6>\n<p>&nbsp;<\/p>\n<p>&nbsp;<\/p>\n<h6>Todas as pe\u00e7as Sildel s\u00e3o<\/h6>\n<h6>Desenhadas e Produzidas em Portugal<\/h6>\n<h6>Para informa\u00e7\u00f5es e medidas, p.f. contacte-nos:<\/h6>\n<h6><a href=\"mailto:info@scar-id.com\">info@scar-id.com<\/a>\u00a0\/ (+351) 22\u00a0203 3087<\/h6>\n","protected":false},"featured_media":27135,"template":"","meta":{"_uag_custom_page_level_css":""},"product_brand":[],"product_cat":[465],"product_tag":[],"class_list":{"0":"post-28632","1":"product","2":"type-product","3":"status-publish","4":"has-post-thumbnail","6":"product_cat-sildel","8":"first","9":"instock","10":"taxable","11":"shipping-taxable","12":"purchasable","13":"product-type-simple"},"aioseo_notices":[],"uagb_featured_image_src":{"full":["https:\/\/scar-id.com\/wp-content\/uploads\/2024\/08\/scar-id-sildel-shale-coast-min.jpg",824,1138,false],"thumbnail":["https:\/\/scar-id.com\/wp-content\/uploads\/2024\/08\/scar-id-sildel-shale-coast-min-150x150.jpg",150,150,true],"medium":["https:\/\/scar-id.com\/wp-content\/uploads\/2024\/08\/scar-id-sildel-shale-coast-min-217x300.jpg",217,300,true],"medium_large":["https:\/\/scar-id.com\/wp-content\/uploads\/2024\/08\/scar-id-sildel-shale-coast-min-768x1061.jpg",768,1061,true],"large":["https:\/\/scar-id.com\/wp-content\/uploads\/2024\/08\/scar-id-sildel-shale-coast-min-741x1024.jpg",741,1024,true],"1536x1536":["https:\/\/scar-id.com\/wp-content\/uploads\/2024\/08\/scar-id-sildel-shale-coast-min.jpg",824,1138,false],"2048x2048":["https:\/\/scar-id.com\/wp-content\/uploads\/2024\/08\/scar-id-sildel-shale-coast-min.jpg",824,1138,false],"woocommerce_thumbnail":["https:\/\/scar-id.com\/wp-content\/uploads\/2024\/08\/scar-id-sildel-shale-coast-min-324x447.jpg",324,447,true],"woocommerce_single":["https:\/\/scar-id.com\/wp-content\/uploads\/2024\/08\/scar-id-sildel-shale-coast-min-416x575.jpg",416,575,true],"woocommerce_gallery_thumbnail":["https:\/\/scar-id.com\/wp-content\/uploads\/2024\/08\/scar-id-sildel-shale-coast-min-100x100.jpg",100,100,true]},"uagb_author_info":{"display_name":"scar-id","author_link":"https:\/\/scar-id.com\/pt-pt\/author\/"},"uagb_comment_info":0,"uagb_excerpt":"Material: Corti\u00e7a, cabo el\u00e9trico e metal Colour: Corti\u00e7a, cabo cinzento Dimens\u00f5es: W 31 x D 9 x H 14 cm &nbsp; &nbsp; Todas as pe\u00e7as Sildel s\u00e3o Desenhadas e Produzidas em Portugal Para informa\u00e7\u00f5es e medidas, p.f. contacte-nos: info@scar-id.com\u00a0\/ (+351) 22\u00a0203 3087","_links":{"self":[{"href":"https:\/\/scar-id.com\/pt-pt\/wp-json\/wp\/v2\/product\/28632","targetHints":{"allow":["GET"]}}],"collection":[{"href":"https:\/\/scar-id.com\/pt-pt\/wp-json\/wp\/v2\/product"}],"about":[{"href":"https:\/\/scar-id.com\/pt-pt\/wp-json\/wp\/v2\/types\/product"}],"wp:featuredmedia":[{"embeddable":true,"href":"https:\/\/scar-id.com\/pt-pt\/wp-json\/wp\/v2\/media\/27135"}],"wp:attachment":[{"href":"https:\/\/scar-id.com\/pt-pt\/wp-json\/wp\/v2\/media?parent=28632"}],"wp:term":[{"taxonomy":"product_brand","embeddable":true,"href":"https:\/\/scar-id.com\/pt-pt\/wp-json\/wp\/v2\/product_brand?post=28632"},{"taxonomy":"product_cat","embeddable":true,"href":"https:\/\/scar-id.com\/pt-pt\/wp-json\/wp\/v2\/product_cat?post=28632"},{"taxonomy":"product_tag","embeddable":true,"href":"https:\/\/scar-id.com\/pt-pt\/wp-json\/wp\/v2\/product_tag?post=28632"}],"curies":[{"name":"wp","href":"https:\/\/api.w.org\/{rel}","templated":true}]}}