{"id":28679,"date":"2025-08-20T17:39:51","date_gmt":"2025-08-20T17:39:51","guid":{"rendered":"https:\/\/scar-id.com\/produto\/wood-cup\/"},"modified":"2025-10-28T15:10:18","modified_gmt":"2025-10-28T15:10:18","slug":"wood-cup","status":"publish","type":"product","link":"https:\/\/scar-id.com\/pt-pt\/produto\/wood-cup\/","title":{"rendered":"Copo em Madeira"},"content":{"rendered":"<!DOCTYPE html PUBLIC \"-\/\/W3C\/\/DTD HTML 4.0 Transitional\/\/EN\" \"http:\/\/www.w3.org\/TR\/REC-html40\/loose.dtd\">\n<html><body><p><img fetchpriority=\"high\" decoding=\"async\" class=\"alignnone size-full wp-image-28391\" src=\"https:\/\/scar-id.com\/wp-content\/uploads\/2025\/08\/scar-id-monica-santos-Mono-Copo-cafe-madeira-1.jpg\" alt=\"\" width=\"1400\" height=\"1799\" srcset=\"https:\/\/scar-id.com\/wp-content\/uploads\/2025\/08\/scar-id-monica-santos-Mono-Copo-cafe-madeira-1.jpg 1400w, https:\/\/scar-id.com\/wp-content\/uploads\/2025\/08\/scar-id-monica-santos-Mono-Copo-cafe-madeira-1-233x300.jpg 233w, https:\/\/scar-id.com\/wp-content\/uploads\/2025\/08\/scar-id-monica-santos-Mono-Copo-cafe-madeira-1-797x1024.jpg 797w, https:\/\/scar-id.com\/wp-content\/uploads\/2025\/08\/scar-id-monica-santos-Mono-Copo-cafe-madeira-1-768x987.jpg 768w, https:\/\/scar-id.com\/wp-content\/uploads\/2025\/08\/scar-id-monica-santos-Mono-Copo-cafe-madeira-1-1195x1536.jpg 1195w, https:\/\/scar-id.com\/wp-content\/uploads\/2025\/08\/scar-id-monica-santos-Mono-Copo-cafe-madeira-1-324x416.jpg 324w, https:\/\/scar-id.com\/wp-content\/uploads\/2025\/08\/scar-id-monica-santos-Mono-Copo-cafe-madeira-1-416x535.jpg 416w\" sizes=\"(max-width: 1400px) 100vw, 1400px\" \/> <img decoding=\"async\" class=\"alignnone size-full wp-image-28393\" src=\"https:\/\/scar-id.com\/wp-content\/uploads\/2025\/08\/scar-id-monica-santos-Mono-Copo-cafe-madeira-2.jpg\" alt=\"\" width=\"1400\" height=\"1668\" srcset=\"https:\/\/scar-id.com\/wp-content\/uploads\/2025\/08\/scar-id-monica-santos-Mono-Copo-cafe-madeira-2.jpg 1400w, https:\/\/scar-id.com\/wp-content\/uploads\/2025\/08\/scar-id-monica-santos-Mono-Copo-cafe-madeira-2-252x300.jpg 252w, https:\/\/scar-id.com\/wp-content\/uploads\/2025\/08\/scar-id-monica-santos-Mono-Copo-cafe-madeira-2-859x1024.jpg 859w, https:\/\/scar-id.com\/wp-content\/uploads\/2025\/08\/scar-id-monica-santos-Mono-Copo-cafe-madeira-2-768x915.jpg 768w, https:\/\/scar-id.com\/wp-content\/uploads\/2025\/08\/scar-id-monica-santos-Mono-Copo-cafe-madeira-2-1289x1536.jpg 1289w, https:\/\/scar-id.com\/wp-content\/uploads\/2025\/08\/scar-id-monica-santos-Mono-Copo-cafe-madeira-2-324x386.jpg 324w, https:\/\/scar-id.com\/wp-content\/uploads\/2025\/08\/scar-id-monica-santos-Mono-Copo-cafe-madeira-2-416x496.jpg 416w\" sizes=\"(max-width: 1400px) 100vw, 1400px\" \/><\/p>\n<\/body><\/html>\n","protected":false},"excerpt":{"rendered":"<h6><strong>Material:<\/strong> Cer\u00e2mica<\/h6>\n<p>&nbsp;<\/p>\n<h6>Todas as pe\u00e7as de M\u00f3nica Santos est\u00e3o dispon\u00edveis na SCAR-ID e em\u00a0 scar-id.com<\/h6>\n<h6>Desenhado e Produzido em Portugal<\/h6>\n<h6>Para informa\u00e7\u00f5es e medidas p.f. contacte-nos<\/h6>\n<h6><a href=\"mailto:info@scar-id.com\">info@scar-id.com<\/a>\u00a0\/ (+351) 22\u00a0203 3087<\/h6>\n","protected":false},"featured_media":28396,"template":"","meta":{"_uag_custom_page_level_css":""},"product_brand":[],"product_cat":[473],"product_tag":[],"class_list":{"0":"post-28679","1":"product","2":"type-product","3":"status-publish","4":"has-post-thumbnail","6":"product_cat-monica-santos-pt","8":"first","9":"instock","10":"taxable","11":"shipping-taxable","12":"purchasable","13":"product-type-simple"},"aioseo_notices":[],"uagb_featured_image_src":{"full":["https:\/\/scar-id.com\/wp-content\/uploads\/2025\/08\/scar-id-monica-santos-wood-cup-mini.jpg",1400,2104,false],"thumbnail":["https:\/\/scar-id.com\/wp-content\/uploads\/2025\/08\/scar-id-monica-santos-wood-cup-mini-150x150.jpg",150,150,true],"medium":["https:\/\/scar-id.com\/wp-content\/uploads\/2025\/08\/scar-id-monica-santos-wood-cup-mini-200x300.jpg",200,300,true],"medium_large":["https:\/\/scar-id.com\/wp-content\/uploads\/2025\/08\/scar-id-monica-santos-wood-cup-mini-768x1154.jpg",768,1154,true],"large":["https:\/\/scar-id.com\/wp-content\/uploads\/2025\/08\/scar-id-monica-santos-wood-cup-mini-681x1024.jpg",681,1024,true],"1536x1536":["https:\/\/scar-id.com\/wp-content\/uploads\/2025\/08\/scar-id-monica-santos-wood-cup-mini-1022x1536.jpg",1022,1536,true],"2048x2048":["https:\/\/scar-id.com\/wp-content\/uploads\/2025\/08\/scar-id-monica-santos-wood-cup-mini-1363x2048.jpg",1363,2048,true],"woocommerce_thumbnail":["https:\/\/scar-id.com\/wp-content\/uploads\/2025\/08\/scar-id-monica-santos-wood-cup-mini-324x487.jpg",324,487,true],"woocommerce_single":["https:\/\/scar-id.com\/wp-content\/uploads\/2025\/08\/scar-id-monica-santos-wood-cup-mini-416x625.jpg",416,625,true],"woocommerce_gallery_thumbnail":["https:\/\/scar-id.com\/wp-content\/uploads\/2025\/08\/scar-id-monica-santos-wood-cup-mini-100x100.jpg",100,100,true]},"uagb_author_info":{"display_name":"scar-id","author_link":"https:\/\/scar-id.com\/pt-pt\/author\/"},"uagb_comment_info":0,"uagb_excerpt":"Material: Cer\u00e2mica &nbsp; Todas as pe\u00e7as de M\u00f3nica Santos est\u00e3o dispon\u00edveis na SCAR-ID e em\u00a0 scar-id.com Desenhado e Produzido em Portugal Para informa\u00e7\u00f5es e medidas p.f. contacte-nos info@scar-id.com\u00a0\/ (+351) 22\u00a0203 3087","_links":{"self":[{"href":"https:\/\/scar-id.com\/pt-pt\/wp-json\/wp\/v2\/product\/28679","targetHints":{"allow":["GET"]}}],"collection":[{"href":"https:\/\/scar-id.com\/pt-pt\/wp-json\/wp\/v2\/product"}],"about":[{"href":"https:\/\/scar-id.com\/pt-pt\/wp-json\/wp\/v2\/types\/product"}],"wp:featuredmedia":[{"embeddable":true,"href":"https:\/\/scar-id.com\/pt-pt\/wp-json\/wp\/v2\/media\/28396"}],"wp:attachment":[{"href":"https:\/\/scar-id.com\/pt-pt\/wp-json\/wp\/v2\/media?parent=28679"}],"wp:term":[{"taxonomy":"product_brand","embeddable":true,"href":"https:\/\/scar-id.com\/pt-pt\/wp-json\/wp\/v2\/product_brand?post=28679"},{"taxonomy":"product_cat","embeddable":true,"href":"https:\/\/scar-id.com\/pt-pt\/wp-json\/wp\/v2\/product_cat?post=28679"},{"taxonomy":"product_tag","embeddable":true,"href":"https:\/\/scar-id.com\/pt-pt\/wp-json\/wp\/v2\/product_tag?post=28679"}],"curies":[{"name":"wp","href":"https:\/\/api.w.org\/{rel}","templated":true}]}}