{"id":28681,"date":"2025-08-20T17:04:57","date_gmt":"2025-08-20T17:04:57","guid":{"rendered":"https:\/\/scar-id.com\/produto\/wood-kenzan\/"},"modified":"2025-10-28T15:17:37","modified_gmt":"2025-10-28T15:17:37","slug":"wood-kenzan","status":"publish","type":"product","link":"https:\/\/scar-id.com\/pt-pt\/produto\/wood-kenzan\/","title":{"rendered":"Kenzan em Madeira"},"content":{"rendered":"<!DOCTYPE html PUBLIC \"-\/\/W3C\/\/DTD HTML 4.0 Transitional\/\/EN\" \"http:\/\/www.w3.org\/TR\/REC-html40\/loose.dtd\">\n<html><body><p><img fetchpriority=\"high\" decoding=\"async\" class=\"alignnone size-full wp-image-28346\" src=\"https:\/\/scar-id.com\/wp-content\/uploads\/2025\/08\/scar-id-monica-santos-Kenzan-1.jpg\" alt=\"\" width=\"1400\" height=\"1938\" srcset=\"https:\/\/scar-id.com\/wp-content\/uploads\/2025\/08\/scar-id-monica-santos-Kenzan-1.jpg 1400w, https:\/\/scar-id.com\/wp-content\/uploads\/2025\/08\/scar-id-monica-santos-Kenzan-1-217x300.jpg 217w, https:\/\/scar-id.com\/wp-content\/uploads\/2025\/08\/scar-id-monica-santos-Kenzan-1-740x1024.jpg 740w, https:\/\/scar-id.com\/wp-content\/uploads\/2025\/08\/scar-id-monica-santos-Kenzan-1-768x1063.jpg 768w, https:\/\/scar-id.com\/wp-content\/uploads\/2025\/08\/scar-id-monica-santos-Kenzan-1-1110x1536.jpg 1110w, https:\/\/scar-id.com\/wp-content\/uploads\/2025\/08\/scar-id-monica-santos-Kenzan-1-324x449.jpg 324w, https:\/\/scar-id.com\/wp-content\/uploads\/2025\/08\/scar-id-monica-santos-Kenzan-1-416x576.jpg 416w\" sizes=\"(max-width: 1400px) 100vw, 1400px\" \/> <img decoding=\"async\" class=\"alignnone size-full wp-image-28348\" src=\"https:\/\/scar-id.com\/wp-content\/uploads\/2025\/08\/scar-id-monica-santos-Kenzan-2.jpg\" alt=\"\" width=\"2296\" height=\"3535\" srcset=\"https:\/\/scar-id.com\/wp-content\/uploads\/2025\/08\/scar-id-monica-santos-Kenzan-2.jpg 2296w, https:\/\/scar-id.com\/wp-content\/uploads\/2025\/08\/scar-id-monica-santos-Kenzan-2-195x300.jpg 195w, https:\/\/scar-id.com\/wp-content\/uploads\/2025\/08\/scar-id-monica-santos-Kenzan-2-665x1024.jpg 665w, https:\/\/scar-id.com\/wp-content\/uploads\/2025\/08\/scar-id-monica-santos-Kenzan-2-768x1182.jpg 768w, https:\/\/scar-id.com\/wp-content\/uploads\/2025\/08\/scar-id-monica-santos-Kenzan-2-998x1536.jpg 998w, https:\/\/scar-id.com\/wp-content\/uploads\/2025\/08\/scar-id-monica-santos-Kenzan-2-1330x2048.jpg 1330w, https:\/\/scar-id.com\/wp-content\/uploads\/2025\/08\/scar-id-monica-santos-Kenzan-2-324x499.jpg 324w, https:\/\/scar-id.com\/wp-content\/uploads\/2025\/08\/scar-id-monica-santos-Kenzan-2-416x640.jpg 416w\" sizes=\"(max-width: 2296px) 100vw, 2296px\" \/><\/p>\n<\/body><\/html>\n","protected":false},"excerpt":{"rendered":"<h6><strong>Material:<\/strong> Madeira<\/h6>\n<h6><strong>Detalhe:<\/strong> Base para pequenas flores<\/h6>\n<p>&nbsp;<\/p>\n<h6>Todas as pe\u00e7as de M\u00f3nica Santos est\u00e3o dispon\u00edveis na SCAR-ID e em\u00a0 scar-id.com<\/h6>\n<h6>Desenhado e Produzido em Portugal<\/h6>\n<h6>Para informa\u00e7\u00f5es e medidas p.f. contacte-nos<\/h6>\n<h6><a href=\"mailto:info@scar-id.com\">info@scar-id.com<\/a>\u00a0\/ (+351) 22\u00a0203 3087<\/h6>\n","protected":false},"featured_media":28351,"template":"","meta":{"_uag_custom_page_level_css":""},"product_brand":[],"product_cat":[473],"product_tag":[],"class_list":{"0":"post-28681","1":"product","2":"type-product","3":"status-publish","4":"has-post-thumbnail","6":"product_cat-monica-santos-pt","8":"first","9":"instock","10":"taxable","11":"shipping-taxable","12":"purchasable","13":"product-type-simple"},"aioseo_notices":[],"uagb_featured_image_src":{"full":["https:\/\/scar-id.com\/wp-content\/uploads\/2025\/08\/scar-id-monica-santos-Kenzan-mini.jpg",1400,2104,false],"thumbnail":["https:\/\/scar-id.com\/wp-content\/uploads\/2025\/08\/scar-id-monica-santos-Kenzan-mini-150x150.jpg",150,150,true],"medium":["https:\/\/scar-id.com\/wp-content\/uploads\/2025\/08\/scar-id-monica-santos-Kenzan-mini-200x300.jpg",200,300,true],"medium_large":["https:\/\/scar-id.com\/wp-content\/uploads\/2025\/08\/scar-id-monica-santos-Kenzan-mini-768x1154.jpg",768,1154,true],"large":["https:\/\/scar-id.com\/wp-content\/uploads\/2025\/08\/scar-id-monica-santos-Kenzan-mini-681x1024.jpg",681,1024,true],"1536x1536":["https:\/\/scar-id.com\/wp-content\/uploads\/2025\/08\/scar-id-monica-santos-Kenzan-mini-1022x1536.jpg",1022,1536,true],"2048x2048":["https:\/\/scar-id.com\/wp-content\/uploads\/2025\/08\/scar-id-monica-santos-Kenzan-mini-1363x2048.jpg",1363,2048,true],"woocommerce_thumbnail":["https:\/\/scar-id.com\/wp-content\/uploads\/2025\/08\/scar-id-monica-santos-Kenzan-mini-324x487.jpg",324,487,true],"woocommerce_single":["https:\/\/scar-id.com\/wp-content\/uploads\/2025\/08\/scar-id-monica-santos-Kenzan-mini-416x625.jpg",416,625,true],"woocommerce_gallery_thumbnail":["https:\/\/scar-id.com\/wp-content\/uploads\/2025\/08\/scar-id-monica-santos-Kenzan-mini-100x100.jpg",100,100,true]},"uagb_author_info":{"display_name":"scar-id","author_link":"https:\/\/scar-id.com\/pt-pt\/author\/"},"uagb_comment_info":0,"uagb_excerpt":"Material: Madeira Detalhe: Base para pequenas flores &nbsp; Todas as pe\u00e7as de M\u00f3nica Santos est\u00e3o dispon\u00edveis na SCAR-ID e em\u00a0 scar-id.com Desenhado e Produzido em Portugal Para informa\u00e7\u00f5es e medidas p.f. contacte-nos info@scar-id.com\u00a0\/ (+351) 22\u00a0203 3087","_links":{"self":[{"href":"https:\/\/scar-id.com\/pt-pt\/wp-json\/wp\/v2\/product\/28681","targetHints":{"allow":["GET"]}}],"collection":[{"href":"https:\/\/scar-id.com\/pt-pt\/wp-json\/wp\/v2\/product"}],"about":[{"href":"https:\/\/scar-id.com\/pt-pt\/wp-json\/wp\/v2\/types\/product"}],"wp:featuredmedia":[{"embeddable":true,"href":"https:\/\/scar-id.com\/pt-pt\/wp-json\/wp\/v2\/media\/28351"}],"wp:attachment":[{"href":"https:\/\/scar-id.com\/pt-pt\/wp-json\/wp\/v2\/media?parent=28681"}],"wp:term":[{"taxonomy":"product_brand","embeddable":true,"href":"https:\/\/scar-id.com\/pt-pt\/wp-json\/wp\/v2\/product_brand?post=28681"},{"taxonomy":"product_cat","embeddable":true,"href":"https:\/\/scar-id.com\/pt-pt\/wp-json\/wp\/v2\/product_cat?post=28681"},{"taxonomy":"product_tag","embeddable":true,"href":"https:\/\/scar-id.com\/pt-pt\/wp-json\/wp\/v2\/product_tag?post=28681"}],"curies":[{"name":"wp","href":"https:\/\/api.w.org\/{rel}","templated":true}]}}